{"id":2448,"date":"2025-06-30T02:09:53","date_gmt":"2025-06-30T02:09:53","guid":{"rendered":"https:\/\/gadlee.hk\/?post_type=product&#038;p=2448"},"modified":"2026-01-14T10:31:14","modified_gmt":"2026-01-14T10:31:14","slug":"gt55-handgefuhrte-scheuersaugmaschine","status":"publish","type":"product","link":"https:\/\/www.gadlee.hk\/de\/produkt\/gt55-handgefuhrte-scheuersaugmaschine\/","title":{"rendered":"GT55 Nachlauf-Scheuersaugmaschine"},"content":{"rendered":"<p><strong>LEISE, KOMPAKT, PRODUKTIV<\/strong><br \/>\nDie Scheuersaugmaschine GT55 bietet Ihnen ein neues Konzept der Reinigung. Der niedrige Ger\u00e4uschpegel erm\u00f6glicht die t\u00e4gliche Reinigung \u00fcberall, auch in l\u00e4rmsensiblen Bereichen wie Krankenh\u00e4usern, Wartezimmern, Besprechungsr\u00e4umen, Werkst\u00e4tten, Lagern, Logistikzentren und Superm\u00e4rkten. Der GT55 bietet eine gute Kombination aus Komfort, Produktivit\u00e4t und Leistung.<\/p>\n<h6>Hauptmerkmale:<\/h6>\n<ul>\n<li>ECO-Modus-System, bis zu 5 Arbeitsstunden.<\/li>\n<li>Das ger\u00e4uscharme Design macht die Maschine f\u00fcr eine Reihe von Umgebungen geeignet.<\/li>\n<li>Leistungsstarkes Traktionssystem. Variable Geschwindigkeit im Vorw\u00e4rts- und R\u00fcckw\u00e4rtsgang (Version BT50).<\/li>\n<li>Ausgestattet mit einem Wassersensor, der maximalen Schutz f\u00fcr die B\u00fcrste und das Saugsystem gew\u00e4hrleistet.<\/li>\n<li>Einfacher Zugang zum Tank und zu den Batterien f\u00fcr Reinigungs- und Wartungsarbeiten; f\u00fcr den Zugang zum B\u00fcrstendeck ist kein Werkzeug erforderlich.<\/li>\n<\/ul>","protected":false},"excerpt":{"rendered":"<p>Brauchen Sie Hilfe?<\/p>","protected":false},"featured_media":2449,"template":"","meta":[],"product_brand":[],"product_cat":[124,130],"product_tag":[],"class_list":{"0":"post-2448","1":"product","2":"type-product","3":"status-publish","4":"has-post-thumbnail","6":"product_cat-scrubber-dryers","7":"product_cat-walk-behind-scrubber-dryer","9":"first","10":"instock","11":"shipping-taxable","12":"product-type-simple"},"yoast_head":"<!-- This site is optimized with the Yoast SEO plugin v26.2 - https:\/\/yoast.com\/wordpress\/plugins\/seo\/ -->\n<title>GT55 Walk-behind Scrubber Dryer | Silent, Compact, and Productive<\/title>\n<meta name=\"description\" content=\"Discover the Gadlee GT55 walk-behind scrubber dryer \u2014 silent, compact, and productive. Its low noise design makes it suitable for hospitals, waiting rooms, offices\" \/>\n<meta name=\"robots\" content=\"index, follow, max-snippet:-1, max-image-preview:large, max-video-preview:-1\" \/>\n<link rel=\"canonical\" href=\"https:\/\/www.gadlee.hk\/de\/produkt\/gt55-handgefuhrte-scheuersaugmaschine\/\" \/>\n<meta property=\"og:locale\" content=\"de_DE\" \/>\n<meta property=\"og:type\" content=\"article\" \/>\n<meta property=\"og:title\" content=\"GT55 Walk-behind Scrubber Dryer | Silent, Compact, and Productive\" \/>\n<meta property=\"og:description\" content=\"Discover the Gadlee GT55 walk-behind scrubber dryer \u2014 silent, compact, and productive. Its low noise design makes it suitable for hospitals, waiting rooms, offices\" \/>\n<meta property=\"og:url\" content=\"https:\/\/www.gadlee.hk\/de\/produkt\/gt55-handgefuhrte-scheuersaugmaschine\/\" \/>\n<meta property=\"og:site_name\" content=\"Gadlee\" \/>\n<meta property=\"article:modified_time\" content=\"2026-01-14T10:31:14+00:00\" \/>\n<meta property=\"og:image\" content=\"https:\/\/www.gadlee.hk\/wp-content\/uploads\/2025\/06\/GT55-1.png\" \/>\n\t<meta property=\"og:image:width\" content=\"1200\" \/>\n\t<meta property=\"og:image:height\" content=\"800\" \/>\n\t<meta property=\"og:image:type\" content=\"image\/png\" \/>\n<meta name=\"twitter:card\" content=\"summary_large_image\" \/>\n<meta name=\"twitter:label1\" content=\"Est. reading time\" \/>\n\t<meta name=\"twitter:data1\" content=\"1 minute\" \/>\n<script type=\"application\/ld+json\" class=\"yoast-schema-graph\">{\"@context\":\"https:\/\/schema.org\",\"@graph\":[{\"@type\":\"WebPage\",\"@id\":\"https:\/\/www.gadlee.hk\/zh-hk\/product\/gt55-walk-behind-scrubber-dryer\/\",\"url\":\"https:\/\/www.gadlee.hk\/zh-hk\/product\/gt55-walk-behind-scrubber-dryer\/\",\"name\":\"GT55 Walk-behind Scrubber Dryer | Silent, Compact, and Productive\",\"isPartOf\":{\"@id\":\"https:\/\/www.gadlee.hk\/ja\/#website\"},\"primaryImageOfPage\":{\"@id\":\"https:\/\/www.gadlee.hk\/zh-hk\/product\/gt55-walk-behind-scrubber-dryer\/#primaryimage\"},\"image\":{\"@id\":\"https:\/\/www.gadlee.hk\/zh-hk\/product\/gt55-walk-behind-scrubber-dryer\/#primaryimage\"},\"thumbnailUrl\":\"https:\/\/www.gadlee.hk\/wp-content\/uploads\/2025\/06\/GT55-1.png\",\"datePublished\":\"2025-06-30T02:09:53+00:00\",\"dateModified\":\"2026-01-14T10:31:14+00:00\",\"description\":\"Discover the Gadlee GT55 walk-behind scrubber dryer \u2014 silent, compact, and productive. Its low noise design makes it suitable for hospitals, waiting rooms, offices\",\"breadcrumb\":{\"@id\":\"https:\/\/www.gadlee.hk\/zh-hk\/product\/gt55-walk-behind-scrubber-dryer\/#breadcrumb\"},\"inLanguage\":\"de-DE\",\"potentialAction\":[{\"@type\":\"ReadAction\",\"target\":[\"https:\/\/www.gadlee.hk\/zh-hk\/product\/gt55-walk-behind-scrubber-dryer\/\"]}]},{\"@type\":\"ImageObject\",\"inLanguage\":\"de-DE\",\"@id\":\"https:\/\/www.gadlee.hk\/zh-hk\/product\/gt55-walk-behind-scrubber-dryer\/#primaryimage\",\"url\":\"https:\/\/www.gadlee.hk\/wp-content\/uploads\/2025\/06\/GT55-1.png\",\"contentUrl\":\"https:\/\/www.gadlee.hk\/wp-content\/uploads\/2025\/06\/GT55-1.png\",\"width\":1200,\"height\":800},{\"@type\":\"BreadcrumbList\",\"@id\":\"https:\/\/www.gadlee.hk\/zh-hk\/product\/gt55-walk-behind-scrubber-dryer\/#breadcrumb\",\"itemListElement\":[{\"@type\":\"ListItem\",\"position\":1,\"name\":\"Home\",\"item\":\"https:\/\/www.gadlee.hk\/fr\/\"},{\"@type\":\"ListItem\",\"position\":2,\"name\":\"Products\",\"item\":\"https:\/\/www.gadlee.hk\/fr\/boutique\/\"},{\"@type\":\"ListItem\",\"position\":3,\"name\":\"GT55 Walk-Behind Scrubber Dryer\"}]},{\"@type\":\"WebSite\",\"@id\":\"https:\/\/www.gadlee.hk\/ja\/#website\",\"url\":\"https:\/\/www.gadlee.hk\/ja\/\",\"name\":\"Gadlee\",\"description\":\"Asia&#039;s leading manufacturer of professional cleaning machines\",\"publisher\":{\"@id\":\"https:\/\/www.gadlee.hk\/ja\/#organization\"},\"potentialAction\":[{\"@type\":\"SearchAction\",\"target\":{\"@type\":\"EntryPoint\",\"urlTemplate\":\"https:\/\/www.gadlee.hk\/ja\/?s={search_term_string}\"},\"query-input\":{\"@type\":\"PropertyValueSpecification\",\"valueRequired\":true,\"valueName\":\"search_term_string\"}}],\"inLanguage\":\"de-DE\"},{\"@type\":\"Organization\",\"@id\":\"https:\/\/www.gadlee.hk\/ja\/#organization\",\"name\":\"Gadlee\",\"url\":\"https:\/\/www.gadlee.hk\/ja\/\",\"logo\":{\"@type\":\"ImageObject\",\"inLanguage\":\"de-DE\",\"@id\":\"https:\/\/www.gadlee.hk\/ja\/#\/schema\/logo\/image\/\",\"url\":\"https:\/\/www.gadlee.hk\/wp-content\/uploads\/2025\/06\/logo.png\",\"contentUrl\":\"https:\/\/www.gadlee.hk\/wp-content\/uploads\/2025\/06\/logo.png\",\"width\":1578,\"height\":327,\"caption\":\"Gadlee\"},\"image\":{\"@id\":\"https:\/\/www.gadlee.hk\/ja\/#\/schema\/logo\/image\/\"}}]}<\/script>\n<!-- \/ Yoast SEO plugin. -->","yoast_head_json":{"title":"GT55 Walk-behind Scrubber Dryer | Silent, Compact, and Productive","description":"Discover the Gadlee GT55 walk-behind scrubber dryer \u2014 silent, compact, and productive. Its low noise design makes it suitable for hospitals, waiting rooms, offices","robots":{"index":"index","follow":"follow","max-snippet":"max-snippet:-1","max-image-preview":"max-image-preview:large","max-video-preview":"max-video-preview:-1"},"canonical":"https:\/\/www.gadlee.hk\/de\/produkt\/gt55-handgefuhrte-scheuersaugmaschine\/","og_locale":"de_DE","og_type":"article","og_title":"GT55 Walk-behind Scrubber Dryer | Silent, Compact, and Productive","og_description":"Discover the Gadlee GT55 walk-behind scrubber dryer \u2014 silent, compact, and productive. Its low noise design makes it suitable for hospitals, waiting rooms, offices","og_url":"https:\/\/www.gadlee.hk\/de\/produkt\/gt55-handgefuhrte-scheuersaugmaschine\/","og_site_name":"Gadlee","article_modified_time":"2026-01-14T10:31:14+00:00","og_image":[{"width":1200,"height":800,"url":"https:\/\/www.gadlee.hk\/wp-content\/uploads\/2025\/06\/GT55-1.png","type":"image\/png"}],"twitter_card":"summary_large_image","twitter_misc":{"Est. reading time":"1 minute"},"schema":{"@context":"https:\/\/schema.org","@graph":[{"@type":"WebPage","@id":"https:\/\/www.gadlee.hk\/zh-hk\/product\/gt55-walk-behind-scrubber-dryer\/","url":"https:\/\/www.gadlee.hk\/zh-hk\/product\/gt55-walk-behind-scrubber-dryer\/","name":"GT55 Walk-behind Scrubber Dryer | Silent, Compact, and Productive","isPartOf":{"@id":"https:\/\/www.gadlee.hk\/ja\/#website"},"primaryImageOfPage":{"@id":"https:\/\/www.gadlee.hk\/zh-hk\/product\/gt55-walk-behind-scrubber-dryer\/#primaryimage"},"image":{"@id":"https:\/\/www.gadlee.hk\/zh-hk\/product\/gt55-walk-behind-scrubber-dryer\/#primaryimage"},"thumbnailUrl":"https:\/\/www.gadlee.hk\/wp-content\/uploads\/2025\/06\/GT55-1.png","datePublished":"2025-06-30T02:09:53+00:00","dateModified":"2026-01-14T10:31:14+00:00","description":"Discover the Gadlee GT55 walk-behind scrubber dryer \u2014 silent, compact, and productive. Its low noise design makes it suitable for hospitals, waiting rooms, offices","breadcrumb":{"@id":"https:\/\/www.gadlee.hk\/zh-hk\/product\/gt55-walk-behind-scrubber-dryer\/#breadcrumb"},"inLanguage":"de-DE","potentialAction":[{"@type":"ReadAction","target":["https:\/\/www.gadlee.hk\/zh-hk\/product\/gt55-walk-behind-scrubber-dryer\/"]}]},{"@type":"ImageObject","inLanguage":"de-DE","@id":"https:\/\/www.gadlee.hk\/zh-hk\/product\/gt55-walk-behind-scrubber-dryer\/#primaryimage","url":"https:\/\/www.gadlee.hk\/wp-content\/uploads\/2025\/06\/GT55-1.png","contentUrl":"https:\/\/www.gadlee.hk\/wp-content\/uploads\/2025\/06\/GT55-1.png","width":1200,"height":800},{"@type":"BreadcrumbList","@id":"https:\/\/www.gadlee.hk\/zh-hk\/product\/gt55-walk-behind-scrubber-dryer\/#breadcrumb","itemListElement":[{"@type":"ListItem","position":1,"name":"Home","item":"https:\/\/www.gadlee.hk\/fr\/"},{"@type":"ListItem","position":2,"name":"Products","item":"https:\/\/www.gadlee.hk\/fr\/boutique\/"},{"@type":"ListItem","position":3,"name":"GT55 Walk-Behind Scrubber Dryer"}]},{"@type":"WebSite","@id":"https:\/\/www.gadlee.hk\/ja\/#website","url":"https:\/\/www.gadlee.hk\/ja\/","name":"Gadlee","description":"Asia&#039;s leading manufacturer of professional cleaning machines","publisher":{"@id":"https:\/\/www.gadlee.hk\/ja\/#organization"},"potentialAction":[{"@type":"SearchAction","target":{"@type":"EntryPoint","urlTemplate":"https:\/\/www.gadlee.hk\/ja\/?s={search_term_string}"},"query-input":{"@type":"PropertyValueSpecification","valueRequired":true,"valueName":"search_term_string"}}],"inLanguage":"de-DE"},{"@type":"Organization","@id":"https:\/\/www.gadlee.hk\/ja\/#organization","name":"Gadlee","url":"https:\/\/www.gadlee.hk\/ja\/","logo":{"@type":"ImageObject","inLanguage":"de-DE","@id":"https:\/\/www.gadlee.hk\/ja\/#\/schema\/logo\/image\/","url":"https:\/\/www.gadlee.hk\/wp-content\/uploads\/2025\/06\/logo.png","contentUrl":"https:\/\/www.gadlee.hk\/wp-content\/uploads\/2025\/06\/logo.png","width":1578,"height":327,"caption":"Gadlee"},"image":{"@id":"https:\/\/www.gadlee.hk\/ja\/#\/schema\/logo\/image\/"}}]}},"_links":{"self":[{"href":"https:\/\/www.gadlee.hk\/de\/wp-json\/wp\/v2\/product\/2448","targetHints":{"allow":["GET"]}}],"collection":[{"href":"https:\/\/www.gadlee.hk\/de\/wp-json\/wp\/v2\/product"}],"about":[{"href":"https:\/\/www.gadlee.hk\/de\/wp-json\/wp\/v2\/types\/product"}],"version-history":[{"count":4,"href":"https:\/\/www.gadlee.hk\/de\/wp-json\/wp\/v2\/product\/2448\/revisions"}],"predecessor-version":[{"id":5560,"href":"https:\/\/www.gadlee.hk\/de\/wp-json\/wp\/v2\/product\/2448\/revisions\/5560"}],"wp:featuredmedia":[{"embeddable":true,"href":"https:\/\/www.gadlee.hk\/de\/wp-json\/wp\/v2\/media\/2449"}],"wp:attachment":[{"href":"https:\/\/www.gadlee.hk\/de\/wp-json\/wp\/v2\/media?parent=2448"}],"wp:term":[{"taxonomy":"product_brand","embeddable":true,"href":"https:\/\/www.gadlee.hk\/de\/wp-json\/wp\/v2\/product_brand?post=2448"},{"taxonomy":"product_cat","embeddable":true,"href":"https:\/\/www.gadlee.hk\/de\/wp-json\/wp\/v2\/product_cat?post=2448"},{"taxonomy":"product_tag","embeddable":true,"href":"https:\/\/www.gadlee.hk\/de\/wp-json\/wp\/v2\/product_tag?post=2448"}],"curies":[{"name":"wp","href":"https:\/\/api.w.org\/{rel}","templated":true}]}}