{"id":2477,"date":"2025-06-30T02:27:08","date_gmt":"2025-06-30T02:27:08","guid":{"rendered":"https:\/\/gadlee.hk\/?post_type=product&#038;p=2477"},"modified":"2025-10-25T06:29:20","modified_gmt":"2025-10-25T06:29:20","slug":"gt110pro-aufsitz-scheuersaugmaschine","status":"publish","type":"product","link":"https:\/\/www.gadlee.hk\/de\/produkt\/gt110pro-aufsitz-scheuersaugmaschine\/","title":{"rendered":"GT110+Pro Aufsitz-Scheuersaugmaschine"},"content":{"rendered":"<p><strong>MEHR PRODUKTIVIT\u00c4T, MEHR LAUFZEIT, MEHR KOSTENEFFIZIENZ<\/strong><br \/>\nDie GT110+Pro ist eine professionelle Aufsitz-Scheuersaugmaschine f\u00fcr alle Anwendungen in der industriellen und gewerblichen Bodenreinigung. Sie ist speziell f\u00fcr die Unterhaltsreinigung von Fl\u00e4chen bis zu 5.500 m\u00b2\/h konzipiert. Ausgestattet mit dem ECO-Modus-System und superleisem Design, erm\u00f6glicht sie die Reinigung am Tag \u00fcberall.<\/p>\n<h6>Hauptmerkmale:<\/h6>\n<ul>\n<li>6,5 Stunden Non-Stop-Reinigung im ECO-Modus.<\/li>\n<li>Dank des ger\u00e4uscharmen Designs (60dBA@ECO-Modus) ist die Maschine f\u00fcr die Reinigung am Tag geeignet.<\/li>\n<li>Hohe Produktivit\u00e4t zum g\u00fcnstigen Preis. Reinigung gro\u00dfer Fl\u00e4chen mit optimaler Effizienz.<\/li>\n<li>Das leistungsstarke Traktionssystem bietet eine maximale Steigung von 20%.<\/li>\n<li>Sehr einfach zu bedienen mit einem intelligenten Bedienfeld und einem ONE-KEY START-Steuersystem.<\/li>\n<li>Besseres Ergebnis durch verbesserten B\u00fcrstendruck (bis zu 63 kg) und schnellere Trocknungszeiten.<\/li>\n<li>Ausgestattet mit dem EASE-DOSE-System.<\/li>\n<\/ul>","protected":false},"excerpt":{"rendered":"<p>Brauchen Sie Hilfe?<\/p>","protected":false},"featured_media":5355,"template":"","meta":[],"product_brand":[],"product_cat":[131,124],"product_tag":[],"class_list":{"0":"post-2477","1":"product","2":"type-product","3":"status-publish","4":"has-post-thumbnail","6":"product_cat-ride-on-scrubber-dryer","7":"product_cat-scrubber-dryers","9":"first","10":"instock","11":"shipping-taxable","12":"product-type-simple"},"yoast_head":"<!-- This site is optimized with the Yoast SEO plugin v26.2 - https:\/\/yoast.com\/wordpress\/plugins\/seo\/ -->\n<title>GT110+Pro Ride-On Scrubber Dryer - Gadlee<\/title>\n<meta name=\"description\" content=\"Advanced ride-on scrubber dryer designed for high-demand industrial and commercial environments.\" \/>\n<meta name=\"robots\" content=\"index, follow, max-snippet:-1, max-image-preview:large, max-video-preview:-1\" \/>\n<link rel=\"canonical\" href=\"https:\/\/www.gadlee.hk\/de\/produkt\/gt110pro-aufsitz-scheuersaugmaschine\/\" \/>\n<meta property=\"og:locale\" content=\"de_DE\" \/>\n<meta property=\"og:type\" content=\"article\" \/>\n<meta property=\"og:title\" content=\"GT110+Pro Ride-On Scrubber Dryer - Gadlee\" \/>\n<meta property=\"og:description\" content=\"Advanced ride-on scrubber dryer designed for high-demand industrial and commercial environments.\" \/>\n<meta property=\"og:url\" content=\"https:\/\/www.gadlee.hk\/de\/produkt\/gt110pro-aufsitz-scheuersaugmaschine\/\" \/>\n<meta property=\"og:site_name\" content=\"Gadlee\" \/>\n<meta property=\"article:modified_time\" content=\"2025-10-25T06:29:20+00:00\" \/>\n<meta property=\"og:image\" content=\"https:\/\/www.gadlee.hk\/wp-content\/uploads\/2025\/08\/GT110PRO-1.png\" \/>\n\t<meta property=\"og:image:width\" content=\"1200\" \/>\n\t<meta property=\"og:image:height\" content=\"800\" \/>\n\t<meta property=\"og:image:type\" content=\"image\/png\" \/>\n<meta name=\"twitter:card\" content=\"summary_large_image\" \/>\n<meta name=\"twitter:label1\" content=\"Est. reading time\" \/>\n\t<meta name=\"twitter:data1\" content=\"1 minute\" \/>\n<script type=\"application\/ld+json\" class=\"yoast-schema-graph\">{\"@context\":\"https:\/\/schema.org\",\"@graph\":[{\"@type\":\"WebPage\",\"@id\":\"https:\/\/www.gadlee.hk\/de\/produkt\/gt110pro-aufsitz-scheuersaugmaschine\/\",\"url\":\"https:\/\/www.gadlee.hk\/de\/produkt\/gt110pro-aufsitz-scheuersaugmaschine\/\",\"name\":\"GT110+Pro Ride-On Scrubber Dryer - Gadlee\",\"isPartOf\":{\"@id\":\"https:\/\/www.gadlee.hk\/ja\/#website\"},\"primaryImageOfPage\":{\"@id\":\"https:\/\/www.gadlee.hk\/de\/produkt\/gt110pro-aufsitz-scheuersaugmaschine\/#primaryimage\"},\"image\":{\"@id\":\"https:\/\/www.gadlee.hk\/de\/produkt\/gt110pro-aufsitz-scheuersaugmaschine\/#primaryimage\"},\"thumbnailUrl\":\"https:\/\/www.gadlee.hk\/wp-content\/uploads\/2025\/08\/GT110PRO-1.png\",\"datePublished\":\"2025-06-30T02:27:08+00:00\",\"dateModified\":\"2025-10-25T06:29:20+00:00\",\"description\":\"Advanced ride-on scrubber dryer designed for high-demand industrial and commercial environments.\",\"breadcrumb\":{\"@id\":\"https:\/\/www.gadlee.hk\/de\/produkt\/gt110pro-aufsitz-scheuersaugmaschine\/#breadcrumb\"},\"inLanguage\":\"de-DE\",\"potentialAction\":[{\"@type\":\"ReadAction\",\"target\":[\"https:\/\/www.gadlee.hk\/de\/produkt\/gt110pro-aufsitz-scheuersaugmaschine\/\"]}]},{\"@type\":\"ImageObject\",\"inLanguage\":\"de-DE\",\"@id\":\"https:\/\/www.gadlee.hk\/de\/produkt\/gt110pro-aufsitz-scheuersaugmaschine\/#primaryimage\",\"url\":\"https:\/\/www.gadlee.hk\/wp-content\/uploads\/2025\/08\/GT110PRO-1.png\",\"contentUrl\":\"https:\/\/www.gadlee.hk\/wp-content\/uploads\/2025\/08\/GT110PRO-1.png\",\"width\":1200,\"height\":800},{\"@type\":\"BreadcrumbList\",\"@id\":\"https:\/\/www.gadlee.hk\/de\/produkt\/gt110pro-aufsitz-scheuersaugmaschine\/#breadcrumb\",\"itemListElement\":[{\"@type\":\"ListItem\",\"position\":1,\"name\":\"Home\",\"item\":\"https:\/\/www.gadlee.hk\/fr\/\"},{\"@type\":\"ListItem\",\"position\":2,\"name\":\"Products\",\"item\":\"https:\/\/www.gadlee.hk\/fr\/boutique\/\"},{\"@type\":\"ListItem\",\"position\":3,\"name\":\"GT110+Pro Ride-On Scrubber Dryer\"}]},{\"@type\":\"WebSite\",\"@id\":\"https:\/\/www.gadlee.hk\/ja\/#website\",\"url\":\"https:\/\/www.gadlee.hk\/ja\/\",\"name\":\"Gadlee\",\"description\":\"Asia&#039;s leading manufacturer of professional cleaning machines\",\"publisher\":{\"@id\":\"https:\/\/www.gadlee.hk\/ja\/#organization\"},\"potentialAction\":[{\"@type\":\"SearchAction\",\"target\":{\"@type\":\"EntryPoint\",\"urlTemplate\":\"https:\/\/www.gadlee.hk\/ja\/?s={search_term_string}\"},\"query-input\":{\"@type\":\"PropertyValueSpecification\",\"valueRequired\":true,\"valueName\":\"search_term_string\"}}],\"inLanguage\":\"de-DE\"},{\"@type\":\"Organization\",\"@id\":\"https:\/\/www.gadlee.hk\/ja\/#organization\",\"name\":\"Gadlee\",\"url\":\"https:\/\/www.gadlee.hk\/ja\/\",\"logo\":{\"@type\":\"ImageObject\",\"inLanguage\":\"de-DE\",\"@id\":\"https:\/\/www.gadlee.hk\/ja\/#\/schema\/logo\/image\/\",\"url\":\"https:\/\/www.gadlee.hk\/wp-content\/uploads\/2025\/06\/logo.png\",\"contentUrl\":\"https:\/\/www.gadlee.hk\/wp-content\/uploads\/2025\/06\/logo.png\",\"width\":1578,\"height\":327,\"caption\":\"Gadlee\"},\"image\":{\"@id\":\"https:\/\/www.gadlee.hk\/ja\/#\/schema\/logo\/image\/\"}}]}<\/script>\n<!-- \/ Yoast SEO plugin. -->","yoast_head_json":{"title":"GT110+Pro Ride-On Scrubber Dryer - Gadlee","description":"Advanced ride-on scrubber dryer designed for high-demand industrial and commercial environments.","robots":{"index":"index","follow":"follow","max-snippet":"max-snippet:-1","max-image-preview":"max-image-preview:large","max-video-preview":"max-video-preview:-1"},"canonical":"https:\/\/www.gadlee.hk\/de\/produkt\/gt110pro-aufsitz-scheuersaugmaschine\/","og_locale":"de_DE","og_type":"article","og_title":"GT110+Pro Ride-On Scrubber Dryer - Gadlee","og_description":"Advanced ride-on scrubber dryer designed for high-demand industrial and commercial environments.","og_url":"https:\/\/www.gadlee.hk\/de\/produkt\/gt110pro-aufsitz-scheuersaugmaschine\/","og_site_name":"Gadlee","article_modified_time":"2025-10-25T06:29:20+00:00","og_image":[{"width":1200,"height":800,"url":"https:\/\/www.gadlee.hk\/wp-content\/uploads\/2025\/08\/GT110PRO-1.png","type":"image\/png"}],"twitter_card":"summary_large_image","twitter_misc":{"Est. reading time":"1 minute"},"schema":{"@context":"https:\/\/schema.org","@graph":[{"@type":"WebPage","@id":"https:\/\/www.gadlee.hk\/de\/produkt\/gt110pro-aufsitz-scheuersaugmaschine\/","url":"https:\/\/www.gadlee.hk\/de\/produkt\/gt110pro-aufsitz-scheuersaugmaschine\/","name":"GT110+Pro Ride-On Scrubber Dryer - Gadlee","isPartOf":{"@id":"https:\/\/www.gadlee.hk\/ja\/#website"},"primaryImageOfPage":{"@id":"https:\/\/www.gadlee.hk\/de\/produkt\/gt110pro-aufsitz-scheuersaugmaschine\/#primaryimage"},"image":{"@id":"https:\/\/www.gadlee.hk\/de\/produkt\/gt110pro-aufsitz-scheuersaugmaschine\/#primaryimage"},"thumbnailUrl":"https:\/\/www.gadlee.hk\/wp-content\/uploads\/2025\/08\/GT110PRO-1.png","datePublished":"2025-06-30T02:27:08+00:00","dateModified":"2025-10-25T06:29:20+00:00","description":"Advanced ride-on scrubber dryer designed for high-demand industrial and commercial environments.","breadcrumb":{"@id":"https:\/\/www.gadlee.hk\/de\/produkt\/gt110pro-aufsitz-scheuersaugmaschine\/#breadcrumb"},"inLanguage":"de-DE","potentialAction":[{"@type":"ReadAction","target":["https:\/\/www.gadlee.hk\/de\/produkt\/gt110pro-aufsitz-scheuersaugmaschine\/"]}]},{"@type":"ImageObject","inLanguage":"de-DE","@id":"https:\/\/www.gadlee.hk\/de\/produkt\/gt110pro-aufsitz-scheuersaugmaschine\/#primaryimage","url":"https:\/\/www.gadlee.hk\/wp-content\/uploads\/2025\/08\/GT110PRO-1.png","contentUrl":"https:\/\/www.gadlee.hk\/wp-content\/uploads\/2025\/08\/GT110PRO-1.png","width":1200,"height":800},{"@type":"BreadcrumbList","@id":"https:\/\/www.gadlee.hk\/de\/produkt\/gt110pro-aufsitz-scheuersaugmaschine\/#breadcrumb","itemListElement":[{"@type":"ListItem","position":1,"name":"Home","item":"https:\/\/www.gadlee.hk\/fr\/"},{"@type":"ListItem","position":2,"name":"Products","item":"https:\/\/www.gadlee.hk\/fr\/boutique\/"},{"@type":"ListItem","position":3,"name":"GT110+Pro Ride-On Scrubber Dryer"}]},{"@type":"WebSite","@id":"https:\/\/www.gadlee.hk\/ja\/#website","url":"https:\/\/www.gadlee.hk\/ja\/","name":"Gadlee","description":"Asia&#039;s leading manufacturer of professional cleaning machines","publisher":{"@id":"https:\/\/www.gadlee.hk\/ja\/#organization"},"potentialAction":[{"@type":"SearchAction","target":{"@type":"EntryPoint","urlTemplate":"https:\/\/www.gadlee.hk\/ja\/?s={search_term_string}"},"query-input":{"@type":"PropertyValueSpecification","valueRequired":true,"valueName":"search_term_string"}}],"inLanguage":"de-DE"},{"@type":"Organization","@id":"https:\/\/www.gadlee.hk\/ja\/#organization","name":"Gadlee","url":"https:\/\/www.gadlee.hk\/ja\/","logo":{"@type":"ImageObject","inLanguage":"de-DE","@id":"https:\/\/www.gadlee.hk\/ja\/#\/schema\/logo\/image\/","url":"https:\/\/www.gadlee.hk\/wp-content\/uploads\/2025\/06\/logo.png","contentUrl":"https:\/\/www.gadlee.hk\/wp-content\/uploads\/2025\/06\/logo.png","width":1578,"height":327,"caption":"Gadlee"},"image":{"@id":"https:\/\/www.gadlee.hk\/ja\/#\/schema\/logo\/image\/"}}]}},"_links":{"self":[{"href":"https:\/\/www.gadlee.hk\/de\/wp-json\/wp\/v2\/product\/2477","targetHints":{"allow":["GET"]}}],"collection":[{"href":"https:\/\/www.gadlee.hk\/de\/wp-json\/wp\/v2\/product"}],"about":[{"href":"https:\/\/www.gadlee.hk\/de\/wp-json\/wp\/v2\/types\/product"}],"version-history":[{"count":3,"href":"https:\/\/www.gadlee.hk\/de\/wp-json\/wp\/v2\/product\/2477\/revisions"}],"predecessor-version":[{"id":5559,"href":"https:\/\/www.gadlee.hk\/de\/wp-json\/wp\/v2\/product\/2477\/revisions\/5559"}],"wp:featuredmedia":[{"embeddable":true,"href":"https:\/\/www.gadlee.hk\/de\/wp-json\/wp\/v2\/media\/5355"}],"wp:attachment":[{"href":"https:\/\/www.gadlee.hk\/de\/wp-json\/wp\/v2\/media?parent=2477"}],"wp:term":[{"taxonomy":"product_brand","embeddable":true,"href":"https:\/\/www.gadlee.hk\/de\/wp-json\/wp\/v2\/product_brand?post=2477"},{"taxonomy":"product_cat","embeddable":true,"href":"https:\/\/www.gadlee.hk\/de\/wp-json\/wp\/v2\/product_cat?post=2477"},{"taxonomy":"product_tag","embeddable":true,"href":"https:\/\/www.gadlee.hk\/de\/wp-json\/wp\/v2\/product_tag?post=2477"}],"curies":[{"name":"wp","href":"https:\/\/api.w.org\/{rel}","templated":true}]}}