{"id":2494,"date":"2025-06-30T02:29:48","date_gmt":"2025-06-30T02:29:48","guid":{"rendered":"https:\/\/gadlee.hk\/?post_type=product&#038;p=2494"},"modified":"2025-10-25T06:29:10","modified_gmt":"2025-10-25T06:29:10","slug":"gt180-75rs-aufsitz-scheuersaugmaschine","status":"publish","type":"product","link":"https:\/\/www.gadlee.hk\/de\/produkt\/gt180-75rs-aufsitz-scheuersaugmaschine\/","title":{"rendered":"Aufsitz-Scheuersaugmaschine GT180 75RS"},"content":{"rendered":"<p class=\" translation-block\">Die Aufsitz-Scheuersaugmaschinen der Baureihe GT180 sind kompakt und stabil und eignen sich daher ideal f\u00fcr alle Scheueraufgaben. Sie k\u00f6nnen mit verschiedenen B\u00fcrsten, Pads und anderen Optionen konfiguriert werden, um die genauen Kundenanforderungen zu erf\u00fcllen.<br>\r\nDie GT180-Reihe eignet sich gut f\u00fcr schwere gewerbliche Anwendungen wie Einkaufszentren und Flughafenterminals sowie f\u00fcr industrielle Anwendungen wie Lagerhallen und Laderampen.<\/p>\n<h6>Hauptmerkmale:<\/h6>\n<ul>\n<li>2 Modelle mit Reinigungswegen von 95 cm und 75 cm; das Modell mit 75 cm ist mit zwei zylindrischen B\u00fcrsten und einem Kehrsystem ausgestattet.<\/li>\n<li>Gro\u00dfes Batteriefach f\u00fcr Batterien mit bis zu 330 Ah (bis zu 5 Stunden Betriebszeit).<\/li>\n<li>Einstellbarer Schrubbdruck f\u00fcr eine breite Palette von Reinigungsanwendungen, vom t\u00e4glichen Schrubben bis zur Restaurierung.<\/li>\n<li>ONE-KEY-Steuerung und ein On-Board-Diagnosesystem.<\/li>\n<li>Kombiniertes Schrubb- und Kehrsystem mit Schmutzbeh\u00e4lter (Version 75 RS).<\/li>\n<li>Ausgestattet mit einem Wassersensor, der maximalen Schutz f\u00fcr die B\u00fcrste und das Saugsystem gew\u00e4hrleistet.<\/li>\n<\/ul>","protected":false},"excerpt":{"rendered":"<p>Brauchen Sie Hilfe?<\/p>","protected":false},"featured_media":3640,"template":"","meta":[],"product_brand":[],"product_cat":[131,124],"product_tag":[],"class_list":{"0":"post-2494","1":"product","2":"type-product","3":"status-publish","4":"has-post-thumbnail","6":"product_cat-ride-on-scrubber-dryer","7":"product_cat-scrubber-dryers","9":"first","10":"instock","11":"shipping-taxable","12":"product-type-simple"},"yoast_head":"<!-- This site is optimized with the Yoast SEO plugin v26.2 - https:\/\/yoast.com\/wordpress\/plugins\/seo\/ -->\n<title>GT180 75RS Ride-On Scrubber Dryer - Gadlee<\/title>\n<meta name=\"description\" content=\"Efficient ride-on scrubber with large tank capacity for extended cleaning in wide facilities.\" \/>\n<meta name=\"robots\" content=\"index, follow, max-snippet:-1, max-image-preview:large, max-video-preview:-1\" \/>\n<link rel=\"canonical\" href=\"https:\/\/www.gadlee.hk\/de\/produkt\/gt180-75rs-aufsitz-scheuersaugmaschine\/\" \/>\n<meta property=\"og:locale\" content=\"de_DE\" \/>\n<meta property=\"og:type\" content=\"article\" \/>\n<meta property=\"og:title\" content=\"GT180 75RS Ride-On Scrubber Dryer - Gadlee\" \/>\n<meta property=\"og:description\" content=\"Efficient ride-on scrubber with large tank capacity for extended cleaning in wide facilities.\" \/>\n<meta property=\"og:url\" content=\"https:\/\/www.gadlee.hk\/de\/produkt\/gt180-75rs-aufsitz-scheuersaugmaschine\/\" \/>\n<meta property=\"og:site_name\" content=\"Gadlee\" \/>\n<meta property=\"article:modified_time\" content=\"2025-10-25T06:29:10+00:00\" \/>\n<meta property=\"og:image\" content=\"https:\/\/www.gadlee.hk\/wp-content\/uploads\/2025\/06\/GT180-75RS-1-1.png\" \/>\n\t<meta property=\"og:image:width\" content=\"1200\" \/>\n\t<meta property=\"og:image:height\" content=\"800\" \/>\n\t<meta property=\"og:image:type\" content=\"image\/png\" \/>\n<meta name=\"twitter:card\" content=\"summary_large_image\" \/>\n<meta name=\"twitter:label1\" content=\"Est. reading time\" \/>\n\t<meta name=\"twitter:data1\" content=\"1 minute\" \/>\n<script type=\"application\/ld+json\" class=\"yoast-schema-graph\">{\"@context\":\"https:\/\/schema.org\",\"@graph\":[{\"@type\":\"WebPage\",\"@id\":\"https:\/\/www.gadlee.hk\/product\/gt180-75rs-ride-on-scrubber-dryer\/\",\"url\":\"https:\/\/www.gadlee.hk\/product\/gt180-75rs-ride-on-scrubber-dryer\/\",\"name\":\"GT180 75RS Ride-On Scrubber Dryer - Gadlee\",\"isPartOf\":{\"@id\":\"https:\/\/www.gadlee.hk\/ja\/#website\"},\"primaryImageOfPage\":{\"@id\":\"https:\/\/www.gadlee.hk\/product\/gt180-75rs-ride-on-scrubber-dryer\/#primaryimage\"},\"image\":{\"@id\":\"https:\/\/www.gadlee.hk\/product\/gt180-75rs-ride-on-scrubber-dryer\/#primaryimage\"},\"thumbnailUrl\":\"https:\/\/www.gadlee.hk\/wp-content\/uploads\/2025\/06\/GT180-75RS-1-1.png\",\"datePublished\":\"2025-06-30T02:29:48+00:00\",\"dateModified\":\"2025-10-25T06:29:10+00:00\",\"description\":\"Efficient ride-on scrubber with large tank capacity for extended cleaning in wide facilities.\",\"breadcrumb\":{\"@id\":\"https:\/\/www.gadlee.hk\/product\/gt180-75rs-ride-on-scrubber-dryer\/#breadcrumb\"},\"inLanguage\":\"de-DE\",\"potentialAction\":[{\"@type\":\"ReadAction\",\"target\":[\"https:\/\/www.gadlee.hk\/product\/gt180-75rs-ride-on-scrubber-dryer\/\"]}]},{\"@type\":\"ImageObject\",\"inLanguage\":\"de-DE\",\"@id\":\"https:\/\/www.gadlee.hk\/product\/gt180-75rs-ride-on-scrubber-dryer\/#primaryimage\",\"url\":\"https:\/\/www.gadlee.hk\/wp-content\/uploads\/2025\/06\/GT180-75RS-1-1.png\",\"contentUrl\":\"https:\/\/www.gadlee.hk\/wp-content\/uploads\/2025\/06\/GT180-75RS-1-1.png\",\"width\":1200,\"height\":800,\"caption\":\"Gadlee GT180-75RS ride-on scrubber\"},{\"@type\":\"BreadcrumbList\",\"@id\":\"https:\/\/www.gadlee.hk\/product\/gt180-75rs-ride-on-scrubber-dryer\/#breadcrumb\",\"itemListElement\":[{\"@type\":\"ListItem\",\"position\":1,\"name\":\"Home\",\"item\":\"https:\/\/www.gadlee.hk\/fr\/\"},{\"@type\":\"ListItem\",\"position\":2,\"name\":\"Products\",\"item\":\"https:\/\/www.gadlee.hk\/fr\/boutique\/\"},{\"@type\":\"ListItem\",\"position\":3,\"name\":\"GT180 75RS Ride-On Scrubber Dryer\"}]},{\"@type\":\"WebSite\",\"@id\":\"https:\/\/www.gadlee.hk\/ja\/#website\",\"url\":\"https:\/\/www.gadlee.hk\/ja\/\",\"name\":\"Gadlee\",\"description\":\"Asia&#039;s leading manufacturer of professional cleaning machines\",\"publisher\":{\"@id\":\"https:\/\/www.gadlee.hk\/ja\/#organization\"},\"potentialAction\":[{\"@type\":\"SearchAction\",\"target\":{\"@type\":\"EntryPoint\",\"urlTemplate\":\"https:\/\/www.gadlee.hk\/ja\/?s={search_term_string}\"},\"query-input\":{\"@type\":\"PropertyValueSpecification\",\"valueRequired\":true,\"valueName\":\"search_term_string\"}}],\"inLanguage\":\"de-DE\"},{\"@type\":\"Organization\",\"@id\":\"https:\/\/www.gadlee.hk\/ja\/#organization\",\"name\":\"Gadlee\",\"url\":\"https:\/\/www.gadlee.hk\/ja\/\",\"logo\":{\"@type\":\"ImageObject\",\"inLanguage\":\"de-DE\",\"@id\":\"https:\/\/www.gadlee.hk\/ja\/#\/schema\/logo\/image\/\",\"url\":\"https:\/\/www.gadlee.hk\/wp-content\/uploads\/2025\/06\/logo.png\",\"contentUrl\":\"https:\/\/www.gadlee.hk\/wp-content\/uploads\/2025\/06\/logo.png\",\"width\":1578,\"height\":327,\"caption\":\"Gadlee\"},\"image\":{\"@id\":\"https:\/\/www.gadlee.hk\/ja\/#\/schema\/logo\/image\/\"}}]}<\/script>\n<!-- \/ Yoast SEO plugin. -->","yoast_head_json":{"title":"GT180 75RS Ride-On Scrubber Dryer - Gadlee","description":"Efficient ride-on scrubber with large tank capacity for extended cleaning in wide facilities.","robots":{"index":"index","follow":"follow","max-snippet":"max-snippet:-1","max-image-preview":"max-image-preview:large","max-video-preview":"max-video-preview:-1"},"canonical":"https:\/\/www.gadlee.hk\/de\/produkt\/gt180-75rs-aufsitz-scheuersaugmaschine\/","og_locale":"de_DE","og_type":"article","og_title":"GT180 75RS Ride-On Scrubber Dryer - Gadlee","og_description":"Efficient ride-on scrubber with large tank capacity for extended cleaning in wide facilities.","og_url":"https:\/\/www.gadlee.hk\/de\/produkt\/gt180-75rs-aufsitz-scheuersaugmaschine\/","og_site_name":"Gadlee","article_modified_time":"2025-10-25T06:29:10+00:00","og_image":[{"width":1200,"height":800,"url":"https:\/\/www.gadlee.hk\/wp-content\/uploads\/2025\/06\/GT180-75RS-1-1.png","type":"image\/png"}],"twitter_card":"summary_large_image","twitter_misc":{"Est. reading time":"1 minute"},"schema":{"@context":"https:\/\/schema.org","@graph":[{"@type":"WebPage","@id":"https:\/\/www.gadlee.hk\/product\/gt180-75rs-ride-on-scrubber-dryer\/","url":"https:\/\/www.gadlee.hk\/product\/gt180-75rs-ride-on-scrubber-dryer\/","name":"GT180 75RS Ride-On Scrubber Dryer - Gadlee","isPartOf":{"@id":"https:\/\/www.gadlee.hk\/ja\/#website"},"primaryImageOfPage":{"@id":"https:\/\/www.gadlee.hk\/product\/gt180-75rs-ride-on-scrubber-dryer\/#primaryimage"},"image":{"@id":"https:\/\/www.gadlee.hk\/product\/gt180-75rs-ride-on-scrubber-dryer\/#primaryimage"},"thumbnailUrl":"https:\/\/www.gadlee.hk\/wp-content\/uploads\/2025\/06\/GT180-75RS-1-1.png","datePublished":"2025-06-30T02:29:48+00:00","dateModified":"2025-10-25T06:29:10+00:00","description":"Efficient ride-on scrubber with large tank capacity for extended cleaning in wide facilities.","breadcrumb":{"@id":"https:\/\/www.gadlee.hk\/product\/gt180-75rs-ride-on-scrubber-dryer\/#breadcrumb"},"inLanguage":"de-DE","potentialAction":[{"@type":"ReadAction","target":["https:\/\/www.gadlee.hk\/product\/gt180-75rs-ride-on-scrubber-dryer\/"]}]},{"@type":"ImageObject","inLanguage":"de-DE","@id":"https:\/\/www.gadlee.hk\/product\/gt180-75rs-ride-on-scrubber-dryer\/#primaryimage","url":"https:\/\/www.gadlee.hk\/wp-content\/uploads\/2025\/06\/GT180-75RS-1-1.png","contentUrl":"https:\/\/www.gadlee.hk\/wp-content\/uploads\/2025\/06\/GT180-75RS-1-1.png","width":1200,"height":800,"caption":"Gadlee GT180-75RS ride-on scrubber"},{"@type":"BreadcrumbList","@id":"https:\/\/www.gadlee.hk\/product\/gt180-75rs-ride-on-scrubber-dryer\/#breadcrumb","itemListElement":[{"@type":"ListItem","position":1,"name":"Home","item":"https:\/\/www.gadlee.hk\/fr\/"},{"@type":"ListItem","position":2,"name":"Products","item":"https:\/\/www.gadlee.hk\/fr\/boutique\/"},{"@type":"ListItem","position":3,"name":"GT180 75RS Ride-On Scrubber Dryer"}]},{"@type":"WebSite","@id":"https:\/\/www.gadlee.hk\/ja\/#website","url":"https:\/\/www.gadlee.hk\/ja\/","name":"Gadlee","description":"Asia&#039;s leading manufacturer of professional cleaning machines","publisher":{"@id":"https:\/\/www.gadlee.hk\/ja\/#organization"},"potentialAction":[{"@type":"SearchAction","target":{"@type":"EntryPoint","urlTemplate":"https:\/\/www.gadlee.hk\/ja\/?s={search_term_string}"},"query-input":{"@type":"PropertyValueSpecification","valueRequired":true,"valueName":"search_term_string"}}],"inLanguage":"de-DE"},{"@type":"Organization","@id":"https:\/\/www.gadlee.hk\/ja\/#organization","name":"Gadlee","url":"https:\/\/www.gadlee.hk\/ja\/","logo":{"@type":"ImageObject","inLanguage":"de-DE","@id":"https:\/\/www.gadlee.hk\/ja\/#\/schema\/logo\/image\/","url":"https:\/\/www.gadlee.hk\/wp-content\/uploads\/2025\/06\/logo.png","contentUrl":"https:\/\/www.gadlee.hk\/wp-content\/uploads\/2025\/06\/logo.png","width":1578,"height":327,"caption":"Gadlee"},"image":{"@id":"https:\/\/www.gadlee.hk\/ja\/#\/schema\/logo\/image\/"}}]}},"_links":{"self":[{"href":"https:\/\/www.gadlee.hk\/de\/wp-json\/wp\/v2\/product\/2494","targetHints":{"allow":["GET"]}}],"collection":[{"href":"https:\/\/www.gadlee.hk\/de\/wp-json\/wp\/v2\/product"}],"about":[{"href":"https:\/\/www.gadlee.hk\/de\/wp-json\/wp\/v2\/types\/product"}],"version-history":[{"count":3,"href":"https:\/\/www.gadlee.hk\/de\/wp-json\/wp\/v2\/product\/2494\/revisions"}],"predecessor-version":[{"id":5537,"href":"https:\/\/www.gadlee.hk\/de\/wp-json\/wp\/v2\/product\/2494\/revisions\/5537"}],"wp:featuredmedia":[{"embeddable":true,"href":"https:\/\/www.gadlee.hk\/de\/wp-json\/wp\/v2\/media\/3640"}],"wp:attachment":[{"href":"https:\/\/www.gadlee.hk\/de\/wp-json\/wp\/v2\/media?parent=2494"}],"wp:term":[{"taxonomy":"product_brand","embeddable":true,"href":"https:\/\/www.gadlee.hk\/de\/wp-json\/wp\/v2\/product_brand?post=2494"},{"taxonomy":"product_cat","embeddable":true,"href":"https:\/\/www.gadlee.hk\/de\/wp-json\/wp\/v2\/product_cat?post=2494"},{"taxonomy":"product_tag","embeddable":true,"href":"https:\/\/www.gadlee.hk\/de\/wp-json\/wp\/v2\/product_tag?post=2494"}],"curies":[{"name":"wp","href":"https:\/\/api.w.org\/{rel}","templated":true}]}}