{"id":2508,"date":"2025-06-30T02:34:20","date_gmt":"2025-06-30T02:34:20","guid":{"rendered":"https:\/\/gadlee.hk\/?post_type=product&#038;p=2508"},"modified":"2025-10-25T06:28:44","modified_gmt":"2025-10-25T06:28:44","slug":"gt260-aufsitz-scheuersaugmaschine","status":"publish","type":"product","link":"https:\/\/www.gadlee.hk\/de\/produkt\/gt260-aufsitz-scheuersaugmaschine\/","title":{"rendered":"GT260 Aufsitz-Scheuersaugmaschine"},"content":{"rendered":"<p><strong>MEHR PRODUKTIVIT\u00c4T, MEHR LEISTUNG, MEHR ZUVERL\u00c4SSIGKEIT<\/strong><br \/>\nDie Gadlee GT260 ist eine Aufsitz-Scheuersaugmaschine der n\u00e4chsten Generation mit der Gr\u00f6\u00dfe, Geschwindigkeit und Technologie, die f\u00fcr die Reinigung gro\u00dfer Innenbereiche erforderlich ist. Dieses Modell ist die ideale L\u00f6sung f\u00fcr Unternehmen, Industrien und Reinigungsfirmen, die mit gro\u00dfen Innenbereichen wie Produktionsst\u00e4tten, Lagerhallen, Superm\u00e4rkten, Flugh\u00e4fen, Parkh\u00e4usern und anderen logistischen Zentren zu tun haben.<br \/>\nDie GT260 deckt alle industriellen und gewerblichen Bodenreinigungsanwendungen ab. Er ist speziell f\u00fcr schwere Aufgaben und die t\u00e4gliche Unterhaltsreinigung konzipiert.<\/p>\n<h6>Hauptmerkmale:<\/h6>\n<ul>\n<li>Hervorragende Reinigungsergebnisse durch verbesserten B\u00fcrstendruck (bis zu 120 kg) und schnellere Trocknungszeiten.<\/li>\n<li>2 Hauptscheibenb\u00fcrsten+1 Seitenb\u00fcrste f\u00fcr beste Reinigungsleistung auch in den Ecken.<\/li>\n<li>6 Stunden ununterbrochene Reinigung im ECO-Modus.<\/li>\n<li>Hohe Produktivit\u00e4t bei hoher Wertsch\u00f6pfung, Reinigung gro\u00dfer Fl\u00e4chen mit optimaler Effizienz.<\/li>\n<li>Das leistungsstarke Traktionssystem bietet eine maximale Steigung von 25%.<\/li>\n<li>Sehr einfach zu bedienen mit einem intelligenten Bedienfeld und einem ONE-KEY-Steuersystem.<\/li>\n<li>Ausgestattet mit dem EASE-DOSE-System.<\/li>\n<\/ul>","protected":false},"excerpt":{"rendered":"<p>Brauchen Sie Hilfe?<\/p>","protected":false},"featured_media":2509,"template":"","meta":[],"product_brand":[],"product_cat":[131,124],"product_tag":[],"class_list":{"0":"post-2508","1":"product","2":"type-product","3":"status-publish","4":"has-post-thumbnail","6":"product_cat-ride-on-scrubber-dryer","7":"product_cat-scrubber-dryers","9":"first","10":"instock","11":"shipping-taxable","12":"product-type-simple"},"yoast_head":"<!-- This site is optimized with the Yoast SEO plugin v26.2 - https:\/\/yoast.com\/wordpress\/plugins\/seo\/ -->\n<title>GT260 Ride-On Scrubber Dryer - Gadlee<\/title>\n<meta name=\"description\" content=\"Heavy-duty scrubber dryer delivering maximum coverage, cleaning efficiency, and durability.\" \/>\n<meta name=\"robots\" content=\"index, follow, max-snippet:-1, max-image-preview:large, max-video-preview:-1\" \/>\n<link rel=\"canonical\" href=\"https:\/\/www.gadlee.hk\/de\/produkt\/gt260-aufsitz-scheuersaugmaschine\/\" \/>\n<meta property=\"og:locale\" content=\"de_DE\" \/>\n<meta property=\"og:type\" content=\"article\" \/>\n<meta property=\"og:title\" content=\"GT260 Ride-On Scrubber Dryer - Gadlee\" \/>\n<meta property=\"og:description\" content=\"Heavy-duty scrubber dryer delivering maximum coverage, cleaning efficiency, and durability.\" \/>\n<meta property=\"og:url\" content=\"https:\/\/www.gadlee.hk\/de\/produkt\/gt260-aufsitz-scheuersaugmaschine\/\" \/>\n<meta property=\"og:site_name\" content=\"Gadlee\" \/>\n<meta property=\"article:modified_time\" content=\"2025-10-25T06:28:44+00:00\" \/>\n<meta property=\"og:image\" content=\"https:\/\/www.gadlee.hk\/wp-content\/uploads\/2025\/06\/GT260-1.png\" \/>\n\t<meta property=\"og:image:width\" content=\"1200\" \/>\n\t<meta property=\"og:image:height\" content=\"800\" \/>\n\t<meta property=\"og:image:type\" content=\"image\/png\" \/>\n<meta name=\"twitter:card\" content=\"summary_large_image\" \/>\n<meta name=\"twitter:label1\" content=\"Est. reading time\" \/>\n\t<meta name=\"twitter:data1\" content=\"1 minute\" \/>\n<script type=\"application\/ld+json\" class=\"yoast-schema-graph\">{\"@context\":\"https:\/\/schema.org\",\"@graph\":[{\"@type\":\"WebPage\",\"@id\":\"https:\/\/www.gadlee.hk\/ja\/product\/gt260%e3%82%b9%e3%82%af%e3%83%a9%e3%83%96%e3%83%89%e3%83%a9%e3%82%a4%e3%83%a4%e3%83%bc\/\",\"url\":\"https:\/\/www.gadlee.hk\/ja\/product\/gt260%e3%82%b9%e3%82%af%e3%83%a9%e3%83%96%e3%83%89%e3%83%a9%e3%82%a4%e3%83%a4%e3%83%bc\/\",\"name\":\"GT260 Ride-On Scrubber Dryer - Gadlee\",\"isPartOf\":{\"@id\":\"https:\/\/www.gadlee.hk\/ja\/#website\"},\"primaryImageOfPage\":{\"@id\":\"https:\/\/www.gadlee.hk\/ja\/product\/gt260%e3%82%b9%e3%82%af%e3%83%a9%e3%83%96%e3%83%89%e3%83%a9%e3%82%a4%e3%83%a4%e3%83%bc\/#primaryimage\"},\"image\":{\"@id\":\"https:\/\/www.gadlee.hk\/ja\/product\/gt260%e3%82%b9%e3%82%af%e3%83%a9%e3%83%96%e3%83%89%e3%83%a9%e3%82%a4%e3%83%a4%e3%83%bc\/#primaryimage\"},\"thumbnailUrl\":\"https:\/\/www.gadlee.hk\/wp-content\/uploads\/2025\/06\/GT260-1.png\",\"datePublished\":\"2025-06-30T02:34:20+00:00\",\"dateModified\":\"2025-10-25T06:28:44+00:00\",\"description\":\"Heavy-duty scrubber dryer delivering maximum coverage, cleaning efficiency, and durability.\",\"breadcrumb\":{\"@id\":\"https:\/\/www.gadlee.hk\/ja\/product\/gt260%e3%82%b9%e3%82%af%e3%83%a9%e3%83%96%e3%83%89%e3%83%a9%e3%82%a4%e3%83%a4%e3%83%bc\/#breadcrumb\"},\"inLanguage\":\"de-DE\",\"potentialAction\":[{\"@type\":\"ReadAction\",\"target\":[\"https:\/\/www.gadlee.hk\/ja\/product\/gt260%e3%82%b9%e3%82%af%e3%83%a9%e3%83%96%e3%83%89%e3%83%a9%e3%82%a4%e3%83%a4%e3%83%bc\/\"]}]},{\"@type\":\"ImageObject\",\"inLanguage\":\"de-DE\",\"@id\":\"https:\/\/www.gadlee.hk\/ja\/product\/gt260%e3%82%b9%e3%82%af%e3%83%a9%e3%83%96%e3%83%89%e3%83%a9%e3%82%a4%e3%83%a4%e3%83%bc\/#primaryimage\",\"url\":\"https:\/\/www.gadlee.hk\/wp-content\/uploads\/2025\/06\/GT260-1.png\",\"contentUrl\":\"https:\/\/www.gadlee.hk\/wp-content\/uploads\/2025\/06\/GT260-1.png\",\"width\":1200,\"height\":800},{\"@type\":\"BreadcrumbList\",\"@id\":\"https:\/\/www.gadlee.hk\/ja\/product\/gt260%e3%82%b9%e3%82%af%e3%83%a9%e3%83%96%e3%83%89%e3%83%a9%e3%82%a4%e3%83%a4%e3%83%bc\/#breadcrumb\",\"itemListElement\":[{\"@type\":\"ListItem\",\"position\":1,\"name\":\"Home\",\"item\":\"https:\/\/www.gadlee.hk\/fr\/\"},{\"@type\":\"ListItem\",\"position\":2,\"name\":\"Products\",\"item\":\"https:\/\/www.gadlee.hk\/fr\/boutique\/\"},{\"@type\":\"ListItem\",\"position\":3,\"name\":\"GT260 Ride-On Scrubber Dryer\"}]},{\"@type\":\"WebSite\",\"@id\":\"https:\/\/www.gadlee.hk\/ja\/#website\",\"url\":\"https:\/\/www.gadlee.hk\/ja\/\",\"name\":\"Gadlee\",\"description\":\"Asia&#039;s leading manufacturer of professional cleaning machines\",\"publisher\":{\"@id\":\"https:\/\/www.gadlee.hk\/ja\/#organization\"},\"potentialAction\":[{\"@type\":\"SearchAction\",\"target\":{\"@type\":\"EntryPoint\",\"urlTemplate\":\"https:\/\/www.gadlee.hk\/ja\/?s={search_term_string}\"},\"query-input\":{\"@type\":\"PropertyValueSpecification\",\"valueRequired\":true,\"valueName\":\"search_term_string\"}}],\"inLanguage\":\"de-DE\"},{\"@type\":\"Organization\",\"@id\":\"https:\/\/www.gadlee.hk\/ja\/#organization\",\"name\":\"Gadlee\",\"url\":\"https:\/\/www.gadlee.hk\/ja\/\",\"logo\":{\"@type\":\"ImageObject\",\"inLanguage\":\"de-DE\",\"@id\":\"https:\/\/www.gadlee.hk\/ja\/#\/schema\/logo\/image\/\",\"url\":\"https:\/\/www.gadlee.hk\/wp-content\/uploads\/2025\/06\/logo.png\",\"contentUrl\":\"https:\/\/www.gadlee.hk\/wp-content\/uploads\/2025\/06\/logo.png\",\"width\":1578,\"height\":327,\"caption\":\"Gadlee\"},\"image\":{\"@id\":\"https:\/\/www.gadlee.hk\/ja\/#\/schema\/logo\/image\/\"}}]}<\/script>\n<!-- \/ Yoast SEO plugin. -->","yoast_head_json":{"title":"GT260 Ride-On Scrubber Dryer - Gadlee","description":"Heavy-duty scrubber dryer delivering maximum coverage, cleaning efficiency, and durability.","robots":{"index":"index","follow":"follow","max-snippet":"max-snippet:-1","max-image-preview":"max-image-preview:large","max-video-preview":"max-video-preview:-1"},"canonical":"https:\/\/www.gadlee.hk\/de\/produkt\/gt260-aufsitz-scheuersaugmaschine\/","og_locale":"de_DE","og_type":"article","og_title":"GT260 Ride-On Scrubber Dryer - Gadlee","og_description":"Heavy-duty scrubber dryer delivering maximum coverage, cleaning efficiency, and durability.","og_url":"https:\/\/www.gadlee.hk\/de\/produkt\/gt260-aufsitz-scheuersaugmaschine\/","og_site_name":"Gadlee","article_modified_time":"2025-10-25T06:28:44+00:00","og_image":[{"width":1200,"height":800,"url":"https:\/\/www.gadlee.hk\/wp-content\/uploads\/2025\/06\/GT260-1.png","type":"image\/png"}],"twitter_card":"summary_large_image","twitter_misc":{"Est. reading time":"1 minute"},"schema":{"@context":"https:\/\/schema.org","@graph":[{"@type":"WebPage","@id":"https:\/\/www.gadlee.hk\/ja\/product\/gt260%e3%82%b9%e3%82%af%e3%83%a9%e3%83%96%e3%83%89%e3%83%a9%e3%82%a4%e3%83%a4%e3%83%bc\/","url":"https:\/\/www.gadlee.hk\/ja\/product\/gt260%e3%82%b9%e3%82%af%e3%83%a9%e3%83%96%e3%83%89%e3%83%a9%e3%82%a4%e3%83%a4%e3%83%bc\/","name":"GT260 Ride-On Scrubber Dryer - Gadlee","isPartOf":{"@id":"https:\/\/www.gadlee.hk\/ja\/#website"},"primaryImageOfPage":{"@id":"https:\/\/www.gadlee.hk\/ja\/product\/gt260%e3%82%b9%e3%82%af%e3%83%a9%e3%83%96%e3%83%89%e3%83%a9%e3%82%a4%e3%83%a4%e3%83%bc\/#primaryimage"},"image":{"@id":"https:\/\/www.gadlee.hk\/ja\/product\/gt260%e3%82%b9%e3%82%af%e3%83%a9%e3%83%96%e3%83%89%e3%83%a9%e3%82%a4%e3%83%a4%e3%83%bc\/#primaryimage"},"thumbnailUrl":"https:\/\/www.gadlee.hk\/wp-content\/uploads\/2025\/06\/GT260-1.png","datePublished":"2025-06-30T02:34:20+00:00","dateModified":"2025-10-25T06:28:44+00:00","description":"Heavy-duty scrubber dryer delivering maximum coverage, cleaning efficiency, and durability.","breadcrumb":{"@id":"https:\/\/www.gadlee.hk\/ja\/product\/gt260%e3%82%b9%e3%82%af%e3%83%a9%e3%83%96%e3%83%89%e3%83%a9%e3%82%a4%e3%83%a4%e3%83%bc\/#breadcrumb"},"inLanguage":"de-DE","potentialAction":[{"@type":"ReadAction","target":["https:\/\/www.gadlee.hk\/ja\/product\/gt260%e3%82%b9%e3%82%af%e3%83%a9%e3%83%96%e3%83%89%e3%83%a9%e3%82%a4%e3%83%a4%e3%83%bc\/"]}]},{"@type":"ImageObject","inLanguage":"de-DE","@id":"https:\/\/www.gadlee.hk\/ja\/product\/gt260%e3%82%b9%e3%82%af%e3%83%a9%e3%83%96%e3%83%89%e3%83%a9%e3%82%a4%e3%83%a4%e3%83%bc\/#primaryimage","url":"https:\/\/www.gadlee.hk\/wp-content\/uploads\/2025\/06\/GT260-1.png","contentUrl":"https:\/\/www.gadlee.hk\/wp-content\/uploads\/2025\/06\/GT260-1.png","width":1200,"height":800},{"@type":"BreadcrumbList","@id":"https:\/\/www.gadlee.hk\/ja\/product\/gt260%e3%82%b9%e3%82%af%e3%83%a9%e3%83%96%e3%83%89%e3%83%a9%e3%82%a4%e3%83%a4%e3%83%bc\/#breadcrumb","itemListElement":[{"@type":"ListItem","position":1,"name":"Home","item":"https:\/\/www.gadlee.hk\/fr\/"},{"@type":"ListItem","position":2,"name":"Products","item":"https:\/\/www.gadlee.hk\/fr\/boutique\/"},{"@type":"ListItem","position":3,"name":"GT260 Ride-On Scrubber Dryer"}]},{"@type":"WebSite","@id":"https:\/\/www.gadlee.hk\/ja\/#website","url":"https:\/\/www.gadlee.hk\/ja\/","name":"Gadlee","description":"Asia&#039;s leading manufacturer of professional cleaning machines","publisher":{"@id":"https:\/\/www.gadlee.hk\/ja\/#organization"},"potentialAction":[{"@type":"SearchAction","target":{"@type":"EntryPoint","urlTemplate":"https:\/\/www.gadlee.hk\/ja\/?s={search_term_string}"},"query-input":{"@type":"PropertyValueSpecification","valueRequired":true,"valueName":"search_term_string"}}],"inLanguage":"de-DE"},{"@type":"Organization","@id":"https:\/\/www.gadlee.hk\/ja\/#organization","name":"Gadlee","url":"https:\/\/www.gadlee.hk\/ja\/","logo":{"@type":"ImageObject","inLanguage":"de-DE","@id":"https:\/\/www.gadlee.hk\/ja\/#\/schema\/logo\/image\/","url":"https:\/\/www.gadlee.hk\/wp-content\/uploads\/2025\/06\/logo.png","contentUrl":"https:\/\/www.gadlee.hk\/wp-content\/uploads\/2025\/06\/logo.png","width":1578,"height":327,"caption":"Gadlee"},"image":{"@id":"https:\/\/www.gadlee.hk\/ja\/#\/schema\/logo\/image\/"}}]}},"_links":{"self":[{"href":"https:\/\/www.gadlee.hk\/de\/wp-json\/wp\/v2\/product\/2508","targetHints":{"allow":["GET"]}}],"collection":[{"href":"https:\/\/www.gadlee.hk\/de\/wp-json\/wp\/v2\/product"}],"about":[{"href":"https:\/\/www.gadlee.hk\/de\/wp-json\/wp\/v2\/types\/product"}],"version-history":[{"count":3,"href":"https:\/\/www.gadlee.hk\/de\/wp-json\/wp\/v2\/product\/2508\/revisions"}],"predecessor-version":[{"id":5561,"href":"https:\/\/www.gadlee.hk\/de\/wp-json\/wp\/v2\/product\/2508\/revisions\/5561"}],"wp:featuredmedia":[{"embeddable":true,"href":"https:\/\/www.gadlee.hk\/de\/wp-json\/wp\/v2\/media\/2509"}],"wp:attachment":[{"href":"https:\/\/www.gadlee.hk\/de\/wp-json\/wp\/v2\/media?parent=2508"}],"wp:term":[{"taxonomy":"product_brand","embeddable":true,"href":"https:\/\/www.gadlee.hk\/de\/wp-json\/wp\/v2\/product_brand?post=2508"},{"taxonomy":"product_cat","embeddable":true,"href":"https:\/\/www.gadlee.hk\/de\/wp-json\/wp\/v2\/product_cat?post=2508"},{"taxonomy":"product_tag","embeddable":true,"href":"https:\/\/www.gadlee.hk\/de\/wp-json\/wp\/v2\/product_tag?post=2508"}],"curies":[{"name":"wp","href":"https:\/\/api.w.org\/{rel}","templated":true}]}}