{"id":3081,"date":"2025-07-07T07:35:22","date_gmt":"2025-07-07T07:35:22","guid":{"rendered":"https:\/\/gadlee.hk\/?post_type=product&#038;p=3081"},"modified":"2025-10-25T06:28:35","modified_gmt":"2025-10-25T06:28:35","slug":"gts1200-aufsitzkehrmaschine","status":"publish","type":"product","link":"https:\/\/www.gadlee.hk\/de\/produkt\/gts1200-aufsitzkehrmaschine\/","title":{"rendered":"Aufsitz-Kehrmaschine GTS1200"},"content":{"rendered":"<p class=\" translation-block\">Die GTS1200 ist eine kompakte Aufsitzkehrmaschine, die sich f\u00fcr das Kehren mittelgro\u00dfer Fl\u00e4chen eignet. Die \u00fcberwiegende Mehrheit der professionellen Aufsitz-Kehrarbeiten erfordert eine Maschine, die kompakt, wendig und zuverl\u00e4ssig ist.<br>\r\nDie GTS1200 steht f\u00fcr Einfachheit und Robustheit in ihrer durchdachten Form.<br>\r\nEmpfohlen f\u00fcr Fabriken, Lagerhallen, Parkh\u00e4user und Au\u00dfenbereiche wie Parks und G\u00e4rten.<\/p>\n<h6>Hauptmerkmale:<\/h6>\n<ul>\n<li>Bis zu 5 Stunden ununterbrochenes Arbeiten.<\/li>\n<li>Theoretische Produktivit\u00e4tsrate von 7200 m\u00b2\/h.<\/li>\n<li>Steigrate bis zu 16%.<\/li>\n<li>4 m\u00b2 mikrofeiner Hochleistungs-Polyesterfilter (PTFE) mit elektrischem Filterr\u00fcttler.<\/li>\n<li>Gro\u00dfe Klappe und ein 70-Liter-Beh\u00e4lter zum einfachen Aufsammeln von Schmutz und gro\u00dfen Abf\u00e4llen.<\/li>\n<li>Robuste Konstruktion mit Vollstahlgeh\u00e4use und -rahmen.<\/li>\n<\/ul>","protected":false},"excerpt":{"rendered":"<p>Brauchen Sie Hilfe?<\/p>","protected":false},"featured_media":3175,"template":"","meta":[],"product_brand":[],"product_cat":[132,128],"product_tag":[],"class_list":{"0":"post-3081","1":"product","2":"type-product","3":"status-publish","4":"has-post-thumbnail","6":"product_cat-ride-on-sweeper","7":"product_cat-sweepers","9":"first","10":"instock","11":"shipping-taxable","12":"product-type-simple"},"yoast_head":"<!-- This site is optimized with the Yoast SEO plugin v26.2 - https:\/\/yoast.com\/wordpress\/plugins\/seo\/ -->\n<title>GTS1200 Ride-On Sweeper - Gadlee<\/title>\n<meta name=\"description\" content=\"Compact and efficient ride-on sweeper designed for small to medium industrial and commercial areas.\" \/>\n<meta name=\"robots\" content=\"index, follow, max-snippet:-1, max-image-preview:large, max-video-preview:-1\" \/>\n<link rel=\"canonical\" href=\"https:\/\/www.gadlee.hk\/de\/produkt\/gts1200-aufsitzkehrmaschine\/\" \/>\n<meta property=\"og:locale\" content=\"de_DE\" \/>\n<meta property=\"og:type\" content=\"article\" \/>\n<meta property=\"og:title\" content=\"GTS1200 Ride-On Sweeper - Gadlee\" \/>\n<meta property=\"og:description\" content=\"Compact and efficient ride-on sweeper designed for small to medium industrial and commercial areas.\" \/>\n<meta property=\"og:url\" content=\"https:\/\/www.gadlee.hk\/de\/produkt\/gts1200-aufsitzkehrmaschine\/\" \/>\n<meta property=\"og:site_name\" content=\"Gadlee\" \/>\n<meta property=\"article:modified_time\" content=\"2025-10-25T06:28:35+00:00\" \/>\n<meta property=\"og:image\" content=\"https:\/\/www.gadlee.hk\/wp-content\/uploads\/2025\/07\/GTS1200-1-1.png\" \/>\n\t<meta property=\"og:image:width\" content=\"1200\" \/>\n\t<meta property=\"og:image:height\" content=\"800\" \/>\n\t<meta property=\"og:image:type\" content=\"image\/png\" \/>\n<meta name=\"twitter:card\" content=\"summary_large_image\" \/>\n<meta name=\"twitter:label1\" content=\"Est. reading time\" \/>\n\t<meta name=\"twitter:data1\" content=\"1 minute\" \/>\n<script type=\"application\/ld+json\" class=\"yoast-schema-graph\">{\"@context\":\"https:\/\/schema.org\",\"@graph\":[{\"@type\":\"WebPage\",\"@id\":\"https:\/\/www.gadlee.hk\/de\/produkt\/gts1200-aufsitzkehrmaschine\/\",\"url\":\"https:\/\/www.gadlee.hk\/de\/produkt\/gts1200-aufsitzkehrmaschine\/\",\"name\":\"GTS1200 Ride-On Sweeper - Gadlee\",\"isPartOf\":{\"@id\":\"https:\/\/www.gadlee.hk\/ja\/#website\"},\"primaryImageOfPage\":{\"@id\":\"https:\/\/www.gadlee.hk\/de\/produkt\/gts1200-aufsitzkehrmaschine\/#primaryimage\"},\"image\":{\"@id\":\"https:\/\/www.gadlee.hk\/de\/produkt\/gts1200-aufsitzkehrmaschine\/#primaryimage\"},\"thumbnailUrl\":\"https:\/\/www.gadlee.hk\/wp-content\/uploads\/2025\/07\/GTS1200-1-1.png\",\"datePublished\":\"2025-07-07T07:35:22+00:00\",\"dateModified\":\"2025-10-25T06:28:35+00:00\",\"description\":\"Compact and efficient ride-on sweeper designed for small to medium industrial and commercial areas.\",\"breadcrumb\":{\"@id\":\"https:\/\/www.gadlee.hk\/de\/produkt\/gts1200-aufsitzkehrmaschine\/#breadcrumb\"},\"inLanguage\":\"de-DE\",\"potentialAction\":[{\"@type\":\"ReadAction\",\"target\":[\"https:\/\/www.gadlee.hk\/de\/produkt\/gts1200-aufsitzkehrmaschine\/\"]}]},{\"@type\":\"ImageObject\",\"inLanguage\":\"de-DE\",\"@id\":\"https:\/\/www.gadlee.hk\/de\/produkt\/gts1200-aufsitzkehrmaschine\/#primaryimage\",\"url\":\"https:\/\/www.gadlee.hk\/wp-content\/uploads\/2025\/07\/GTS1200-1-1.png\",\"contentUrl\":\"https:\/\/www.gadlee.hk\/wp-content\/uploads\/2025\/07\/GTS1200-1-1.png\",\"width\":1200,\"height\":800},{\"@type\":\"BreadcrumbList\",\"@id\":\"https:\/\/www.gadlee.hk\/de\/produkt\/gts1200-aufsitzkehrmaschine\/#breadcrumb\",\"itemListElement\":[{\"@type\":\"ListItem\",\"position\":1,\"name\":\"Home\",\"item\":\"https:\/\/www.gadlee.hk\/fr\/\"},{\"@type\":\"ListItem\",\"position\":2,\"name\":\"Products\",\"item\":\"https:\/\/www.gadlee.hk\/fr\/boutique\/\"},{\"@type\":\"ListItem\",\"position\":3,\"name\":\"GTS1200 Ride-On Sweeper\"}]},{\"@type\":\"WebSite\",\"@id\":\"https:\/\/www.gadlee.hk\/ja\/#website\",\"url\":\"https:\/\/www.gadlee.hk\/ja\/\",\"name\":\"Gadlee\",\"description\":\"Asia&#039;s leading manufacturer of professional cleaning machines\",\"publisher\":{\"@id\":\"https:\/\/www.gadlee.hk\/ja\/#organization\"},\"potentialAction\":[{\"@type\":\"SearchAction\",\"target\":{\"@type\":\"EntryPoint\",\"urlTemplate\":\"https:\/\/www.gadlee.hk\/ja\/?s={search_term_string}\"},\"query-input\":{\"@type\":\"PropertyValueSpecification\",\"valueRequired\":true,\"valueName\":\"search_term_string\"}}],\"inLanguage\":\"de-DE\"},{\"@type\":\"Organization\",\"@id\":\"https:\/\/www.gadlee.hk\/ja\/#organization\",\"name\":\"Gadlee\",\"url\":\"https:\/\/www.gadlee.hk\/ja\/\",\"logo\":{\"@type\":\"ImageObject\",\"inLanguage\":\"de-DE\",\"@id\":\"https:\/\/www.gadlee.hk\/ja\/#\/schema\/logo\/image\/\",\"url\":\"https:\/\/www.gadlee.hk\/wp-content\/uploads\/2025\/06\/logo.png\",\"contentUrl\":\"https:\/\/www.gadlee.hk\/wp-content\/uploads\/2025\/06\/logo.png\",\"width\":1578,\"height\":327,\"caption\":\"Gadlee\"},\"image\":{\"@id\":\"https:\/\/www.gadlee.hk\/ja\/#\/schema\/logo\/image\/\"}}]}<\/script>\n<!-- \/ Yoast SEO plugin. -->","yoast_head_json":{"title":"GTS1200 Ride-On Sweeper - Gadlee","description":"Compact and efficient ride-on sweeper designed for small to medium industrial and commercial areas.","robots":{"index":"index","follow":"follow","max-snippet":"max-snippet:-1","max-image-preview":"max-image-preview:large","max-video-preview":"max-video-preview:-1"},"canonical":"https:\/\/www.gadlee.hk\/de\/produkt\/gts1200-aufsitzkehrmaschine\/","og_locale":"de_DE","og_type":"article","og_title":"GTS1200 Ride-On Sweeper - Gadlee","og_description":"Compact and efficient ride-on sweeper designed for small to medium industrial and commercial areas.","og_url":"https:\/\/www.gadlee.hk\/de\/produkt\/gts1200-aufsitzkehrmaschine\/","og_site_name":"Gadlee","article_modified_time":"2025-10-25T06:28:35+00:00","og_image":[{"width":1200,"height":800,"url":"https:\/\/www.gadlee.hk\/wp-content\/uploads\/2025\/07\/GTS1200-1-1.png","type":"image\/png"}],"twitter_card":"summary_large_image","twitter_misc":{"Est. reading time":"1 minute"},"schema":{"@context":"https:\/\/schema.org","@graph":[{"@type":"WebPage","@id":"https:\/\/www.gadlee.hk\/de\/produkt\/gts1200-aufsitzkehrmaschine\/","url":"https:\/\/www.gadlee.hk\/de\/produkt\/gts1200-aufsitzkehrmaschine\/","name":"GTS1200 Ride-On Sweeper - Gadlee","isPartOf":{"@id":"https:\/\/www.gadlee.hk\/ja\/#website"},"primaryImageOfPage":{"@id":"https:\/\/www.gadlee.hk\/de\/produkt\/gts1200-aufsitzkehrmaschine\/#primaryimage"},"image":{"@id":"https:\/\/www.gadlee.hk\/de\/produkt\/gts1200-aufsitzkehrmaschine\/#primaryimage"},"thumbnailUrl":"https:\/\/www.gadlee.hk\/wp-content\/uploads\/2025\/07\/GTS1200-1-1.png","datePublished":"2025-07-07T07:35:22+00:00","dateModified":"2025-10-25T06:28:35+00:00","description":"Compact and efficient ride-on sweeper designed for small to medium industrial and commercial areas.","breadcrumb":{"@id":"https:\/\/www.gadlee.hk\/de\/produkt\/gts1200-aufsitzkehrmaschine\/#breadcrumb"},"inLanguage":"de-DE","potentialAction":[{"@type":"ReadAction","target":["https:\/\/www.gadlee.hk\/de\/produkt\/gts1200-aufsitzkehrmaschine\/"]}]},{"@type":"ImageObject","inLanguage":"de-DE","@id":"https:\/\/www.gadlee.hk\/de\/produkt\/gts1200-aufsitzkehrmaschine\/#primaryimage","url":"https:\/\/www.gadlee.hk\/wp-content\/uploads\/2025\/07\/GTS1200-1-1.png","contentUrl":"https:\/\/www.gadlee.hk\/wp-content\/uploads\/2025\/07\/GTS1200-1-1.png","width":1200,"height":800},{"@type":"BreadcrumbList","@id":"https:\/\/www.gadlee.hk\/de\/produkt\/gts1200-aufsitzkehrmaschine\/#breadcrumb","itemListElement":[{"@type":"ListItem","position":1,"name":"Home","item":"https:\/\/www.gadlee.hk\/fr\/"},{"@type":"ListItem","position":2,"name":"Products","item":"https:\/\/www.gadlee.hk\/fr\/boutique\/"},{"@type":"ListItem","position":3,"name":"GTS1200 Ride-On Sweeper"}]},{"@type":"WebSite","@id":"https:\/\/www.gadlee.hk\/ja\/#website","url":"https:\/\/www.gadlee.hk\/ja\/","name":"Gadlee","description":"Asia&#039;s leading manufacturer of professional cleaning machines","publisher":{"@id":"https:\/\/www.gadlee.hk\/ja\/#organization"},"potentialAction":[{"@type":"SearchAction","target":{"@type":"EntryPoint","urlTemplate":"https:\/\/www.gadlee.hk\/ja\/?s={search_term_string}"},"query-input":{"@type":"PropertyValueSpecification","valueRequired":true,"valueName":"search_term_string"}}],"inLanguage":"de-DE"},{"@type":"Organization","@id":"https:\/\/www.gadlee.hk\/ja\/#organization","name":"Gadlee","url":"https:\/\/www.gadlee.hk\/ja\/","logo":{"@type":"ImageObject","inLanguage":"de-DE","@id":"https:\/\/www.gadlee.hk\/ja\/#\/schema\/logo\/image\/","url":"https:\/\/www.gadlee.hk\/wp-content\/uploads\/2025\/06\/logo.png","contentUrl":"https:\/\/www.gadlee.hk\/wp-content\/uploads\/2025\/06\/logo.png","width":1578,"height":327,"caption":"Gadlee"},"image":{"@id":"https:\/\/www.gadlee.hk\/ja\/#\/schema\/logo\/image\/"}}]}},"_links":{"self":[{"href":"https:\/\/www.gadlee.hk\/de\/wp-json\/wp\/v2\/product\/3081","targetHints":{"allow":["GET"]}}],"collection":[{"href":"https:\/\/www.gadlee.hk\/de\/wp-json\/wp\/v2\/product"}],"about":[{"href":"https:\/\/www.gadlee.hk\/de\/wp-json\/wp\/v2\/types\/product"}],"version-history":[{"count":4,"href":"https:\/\/www.gadlee.hk\/de\/wp-json\/wp\/v2\/product\/3081\/revisions"}],"predecessor-version":[{"id":4380,"href":"https:\/\/www.gadlee.hk\/de\/wp-json\/wp\/v2\/product\/3081\/revisions\/4380"}],"wp:featuredmedia":[{"embeddable":true,"href":"https:\/\/www.gadlee.hk\/de\/wp-json\/wp\/v2\/media\/3175"}],"wp:attachment":[{"href":"https:\/\/www.gadlee.hk\/de\/wp-json\/wp\/v2\/media?parent=3081"}],"wp:term":[{"taxonomy":"product_brand","embeddable":true,"href":"https:\/\/www.gadlee.hk\/de\/wp-json\/wp\/v2\/product_brand?post=3081"},{"taxonomy":"product_cat","embeddable":true,"href":"https:\/\/www.gadlee.hk\/de\/wp-json\/wp\/v2\/product_cat?post=3081"},{"taxonomy":"product_tag","embeddable":true,"href":"https:\/\/www.gadlee.hk\/de\/wp-json\/wp\/v2\/product_tag?post=3081"}],"curies":[{"name":"wp","href":"https:\/\/api.w.org\/{rel}","templated":true}]}}