{"id":3090,"date":"2025-07-07T07:45:03","date_gmt":"2025-07-07T07:45:03","guid":{"rendered":"https:\/\/gadlee.hk\/?post_type=product&#038;p=3090"},"modified":"2025-10-25T06:28:26","modified_gmt":"2025-10-25T06:28:26","slug":"gts1450-aufsitzkehrmaschine","status":"publish","type":"product","link":"https:\/\/www.gadlee.hk\/de\/produkt\/gts1450-aufsitzkehrmaschine\/","title":{"rendered":"GTS1450 Aufsitz-Kehrmaschine"},"content":{"rendered":"<p>Die GTS1450 ist eine mittelgro\u00dfe, leistungsstarke Aufsitzkehrmaschine mit einer Reinigungskapazit\u00e4t von bis zu 10.875 m\u00b2 pro Stunde. Die Maschine ist mit einem hochbelastbaren PTFE-Filtersystem ausgestattet. Sie eignet sich ideal f\u00fcr Kehrarbeiten im Freien und in Geb\u00e4uden, z. B. auf Parkpl\u00e4tzen, Gehwegen, Bahnh\u00f6fen, Verladestellen, Lagerhallen und in der Industrie.<\/p>\n<h6>Hauptmerkmale:<\/h6>\n<ul>\n<li>Theoretische Produktivit\u00e4tsrate von 10.875 m\u00b2 pro Stunde.<\/li>\n<li>5 m\u00b2 mikrofeiner Hochleistungs-Polyesterfilter (PTFE) mit einem elektrischen Filterr\u00fcttler.<\/li>\n<li>On-Board-Diagnose-System.<\/li>\n<li>Fassungsverm\u00f6gen des Trichters bis zu 135 Liter.<\/li>\n<li>Steiggeschwindigkeit bis zu 25%.<\/li>\n<li>Optionale \u00dcberdachung.<\/li>\n<\/ul>","protected":false},"excerpt":{"rendered":"<p>Brauchen Sie Hilfe?<\/p>","protected":false},"featured_media":3091,"template":"","meta":[],"product_brand":[],"product_cat":[132,128],"product_tag":[],"class_list":{"0":"post-3090","1":"product","2":"type-product","3":"status-publish","4":"has-post-thumbnail","6":"product_cat-ride-on-sweeper","7":"product_cat-sweepers","9":"first","10":"instock","11":"shipping-taxable","12":"product-type-simple"},"yoast_head":"<!-- This site is optimized with the Yoast SEO plugin v26.2 - https:\/\/yoast.com\/wordpress\/plugins\/seo\/ -->\n<title>GTS1450 Ride-On Sweeper - Gadlee<\/title>\n<meta name=\"description\" content=\"High-performance sweeper offering powerful suction and excellent dust control for large facilities.\" \/>\n<meta name=\"robots\" content=\"index, follow, max-snippet:-1, max-image-preview:large, max-video-preview:-1\" \/>\n<link rel=\"canonical\" href=\"https:\/\/www.gadlee.hk\/de\/produkt\/gts1450-aufsitzkehrmaschine\/\" \/>\n<meta property=\"og:locale\" content=\"de_DE\" \/>\n<meta property=\"og:type\" content=\"article\" \/>\n<meta property=\"og:title\" content=\"GTS1450 Ride-On Sweeper - Gadlee\" \/>\n<meta property=\"og:description\" content=\"High-performance sweeper offering powerful suction and excellent dust control for large facilities.\" \/>\n<meta property=\"og:url\" content=\"https:\/\/www.gadlee.hk\/de\/produkt\/gts1450-aufsitzkehrmaschine\/\" \/>\n<meta property=\"og:site_name\" content=\"Gadlee\" \/>\n<meta property=\"article:modified_time\" content=\"2025-10-25T06:28:26+00:00\" \/>\n<meta property=\"og:image\" content=\"https:\/\/www.gadlee.hk\/wp-content\/uploads\/2025\/07\/GTS1450-1.png\" \/>\n\t<meta property=\"og:image:width\" content=\"1200\" \/>\n\t<meta property=\"og:image:height\" content=\"800\" \/>\n\t<meta property=\"og:image:type\" content=\"image\/png\" \/>\n<meta name=\"twitter:card\" content=\"summary_large_image\" \/>\n<meta name=\"twitter:label1\" content=\"Est. reading time\" \/>\n\t<meta name=\"twitter:data1\" content=\"1 minute\" \/>\n<script type=\"application\/ld+json\" class=\"yoast-schema-graph\">{\"@context\":\"https:\/\/schema.org\",\"@graph\":[{\"@type\":\"WebPage\",\"@id\":\"https:\/\/www.gadlee.hk\/fr\/produit\/balayeuse-autoportee-gts1450\/\",\"url\":\"https:\/\/www.gadlee.hk\/fr\/produit\/balayeuse-autoportee-gts1450\/\",\"name\":\"GTS1450 Ride-On Sweeper - Gadlee\",\"isPartOf\":{\"@id\":\"https:\/\/www.gadlee.hk\/ja\/#website\"},\"primaryImageOfPage\":{\"@id\":\"https:\/\/www.gadlee.hk\/fr\/produit\/balayeuse-autoportee-gts1450\/#primaryimage\"},\"image\":{\"@id\":\"https:\/\/www.gadlee.hk\/fr\/produit\/balayeuse-autoportee-gts1450\/#primaryimage\"},\"thumbnailUrl\":\"https:\/\/www.gadlee.hk\/wp-content\/uploads\/2025\/07\/GTS1450-1.png\",\"datePublished\":\"2025-07-07T07:45:03+00:00\",\"dateModified\":\"2025-10-25T06:28:26+00:00\",\"description\":\"High-performance sweeper offering powerful suction and excellent dust control for large facilities.\",\"breadcrumb\":{\"@id\":\"https:\/\/www.gadlee.hk\/fr\/produit\/balayeuse-autoportee-gts1450\/#breadcrumb\"},\"inLanguage\":\"de-DE\",\"potentialAction\":[{\"@type\":\"ReadAction\",\"target\":[\"https:\/\/www.gadlee.hk\/fr\/produit\/balayeuse-autoportee-gts1450\/\"]}]},{\"@type\":\"ImageObject\",\"inLanguage\":\"de-DE\",\"@id\":\"https:\/\/www.gadlee.hk\/fr\/produit\/balayeuse-autoportee-gts1450\/#primaryimage\",\"url\":\"https:\/\/www.gadlee.hk\/wp-content\/uploads\/2025\/07\/GTS1450-1.png\",\"contentUrl\":\"https:\/\/www.gadlee.hk\/wp-content\/uploads\/2025\/07\/GTS1450-1.png\",\"width\":1200,\"height\":800},{\"@type\":\"BreadcrumbList\",\"@id\":\"https:\/\/www.gadlee.hk\/fr\/produit\/balayeuse-autoportee-gts1450\/#breadcrumb\",\"itemListElement\":[{\"@type\":\"ListItem\",\"position\":1,\"name\":\"Home\",\"item\":\"https:\/\/www.gadlee.hk\/fr\/\"},{\"@type\":\"ListItem\",\"position\":2,\"name\":\"Products\",\"item\":\"https:\/\/www.gadlee.hk\/fr\/boutique\/\"},{\"@type\":\"ListItem\",\"position\":3,\"name\":\"GTS1450 Ride-On Sweeper\"}]},{\"@type\":\"WebSite\",\"@id\":\"https:\/\/www.gadlee.hk\/ja\/#website\",\"url\":\"https:\/\/www.gadlee.hk\/ja\/\",\"name\":\"Gadlee\",\"description\":\"Asia&#039;s leading manufacturer of professional cleaning machines\",\"publisher\":{\"@id\":\"https:\/\/www.gadlee.hk\/ja\/#organization\"},\"potentialAction\":[{\"@type\":\"SearchAction\",\"target\":{\"@type\":\"EntryPoint\",\"urlTemplate\":\"https:\/\/www.gadlee.hk\/ja\/?s={search_term_string}\"},\"query-input\":{\"@type\":\"PropertyValueSpecification\",\"valueRequired\":true,\"valueName\":\"search_term_string\"}}],\"inLanguage\":\"de-DE\"},{\"@type\":\"Organization\",\"@id\":\"https:\/\/www.gadlee.hk\/ja\/#organization\",\"name\":\"Gadlee\",\"url\":\"https:\/\/www.gadlee.hk\/ja\/\",\"logo\":{\"@type\":\"ImageObject\",\"inLanguage\":\"de-DE\",\"@id\":\"https:\/\/www.gadlee.hk\/ja\/#\/schema\/logo\/image\/\",\"url\":\"https:\/\/www.gadlee.hk\/wp-content\/uploads\/2025\/06\/logo.png\",\"contentUrl\":\"https:\/\/www.gadlee.hk\/wp-content\/uploads\/2025\/06\/logo.png\",\"width\":1578,\"height\":327,\"caption\":\"Gadlee\"},\"image\":{\"@id\":\"https:\/\/www.gadlee.hk\/ja\/#\/schema\/logo\/image\/\"}}]}<\/script>\n<!-- \/ Yoast SEO plugin. -->","yoast_head_json":{"title":"GTS1450 Ride-On Sweeper - Gadlee","description":"High-performance sweeper offering powerful suction and excellent dust control for large facilities.","robots":{"index":"index","follow":"follow","max-snippet":"max-snippet:-1","max-image-preview":"max-image-preview:large","max-video-preview":"max-video-preview:-1"},"canonical":"https:\/\/www.gadlee.hk\/de\/produkt\/gts1450-aufsitzkehrmaschine\/","og_locale":"de_DE","og_type":"article","og_title":"GTS1450 Ride-On Sweeper - Gadlee","og_description":"High-performance sweeper offering powerful suction and excellent dust control for large facilities.","og_url":"https:\/\/www.gadlee.hk\/de\/produkt\/gts1450-aufsitzkehrmaschine\/","og_site_name":"Gadlee","article_modified_time":"2025-10-25T06:28:26+00:00","og_image":[{"width":1200,"height":800,"url":"https:\/\/www.gadlee.hk\/wp-content\/uploads\/2025\/07\/GTS1450-1.png","type":"image\/png"}],"twitter_card":"summary_large_image","twitter_misc":{"Est. reading time":"1 minute"},"schema":{"@context":"https:\/\/schema.org","@graph":[{"@type":"WebPage","@id":"https:\/\/www.gadlee.hk\/fr\/produit\/balayeuse-autoportee-gts1450\/","url":"https:\/\/www.gadlee.hk\/fr\/produit\/balayeuse-autoportee-gts1450\/","name":"GTS1450 Ride-On Sweeper - Gadlee","isPartOf":{"@id":"https:\/\/www.gadlee.hk\/ja\/#website"},"primaryImageOfPage":{"@id":"https:\/\/www.gadlee.hk\/fr\/produit\/balayeuse-autoportee-gts1450\/#primaryimage"},"image":{"@id":"https:\/\/www.gadlee.hk\/fr\/produit\/balayeuse-autoportee-gts1450\/#primaryimage"},"thumbnailUrl":"https:\/\/www.gadlee.hk\/wp-content\/uploads\/2025\/07\/GTS1450-1.png","datePublished":"2025-07-07T07:45:03+00:00","dateModified":"2025-10-25T06:28:26+00:00","description":"High-performance sweeper offering powerful suction and excellent dust control for large facilities.","breadcrumb":{"@id":"https:\/\/www.gadlee.hk\/fr\/produit\/balayeuse-autoportee-gts1450\/#breadcrumb"},"inLanguage":"de-DE","potentialAction":[{"@type":"ReadAction","target":["https:\/\/www.gadlee.hk\/fr\/produit\/balayeuse-autoportee-gts1450\/"]}]},{"@type":"ImageObject","inLanguage":"de-DE","@id":"https:\/\/www.gadlee.hk\/fr\/produit\/balayeuse-autoportee-gts1450\/#primaryimage","url":"https:\/\/www.gadlee.hk\/wp-content\/uploads\/2025\/07\/GTS1450-1.png","contentUrl":"https:\/\/www.gadlee.hk\/wp-content\/uploads\/2025\/07\/GTS1450-1.png","width":1200,"height":800},{"@type":"BreadcrumbList","@id":"https:\/\/www.gadlee.hk\/fr\/produit\/balayeuse-autoportee-gts1450\/#breadcrumb","itemListElement":[{"@type":"ListItem","position":1,"name":"Home","item":"https:\/\/www.gadlee.hk\/fr\/"},{"@type":"ListItem","position":2,"name":"Products","item":"https:\/\/www.gadlee.hk\/fr\/boutique\/"},{"@type":"ListItem","position":3,"name":"GTS1450 Ride-On Sweeper"}]},{"@type":"WebSite","@id":"https:\/\/www.gadlee.hk\/ja\/#website","url":"https:\/\/www.gadlee.hk\/ja\/","name":"Gadlee","description":"Asia&#039;s leading manufacturer of professional cleaning machines","publisher":{"@id":"https:\/\/www.gadlee.hk\/ja\/#organization"},"potentialAction":[{"@type":"SearchAction","target":{"@type":"EntryPoint","urlTemplate":"https:\/\/www.gadlee.hk\/ja\/?s={search_term_string}"},"query-input":{"@type":"PropertyValueSpecification","valueRequired":true,"valueName":"search_term_string"}}],"inLanguage":"de-DE"},{"@type":"Organization","@id":"https:\/\/www.gadlee.hk\/ja\/#organization","name":"Gadlee","url":"https:\/\/www.gadlee.hk\/ja\/","logo":{"@type":"ImageObject","inLanguage":"de-DE","@id":"https:\/\/www.gadlee.hk\/ja\/#\/schema\/logo\/image\/","url":"https:\/\/www.gadlee.hk\/wp-content\/uploads\/2025\/06\/logo.png","contentUrl":"https:\/\/www.gadlee.hk\/wp-content\/uploads\/2025\/06\/logo.png","width":1578,"height":327,"caption":"Gadlee"},"image":{"@id":"https:\/\/www.gadlee.hk\/ja\/#\/schema\/logo\/image\/"}}]}},"_links":{"self":[{"href":"https:\/\/www.gadlee.hk\/de\/wp-json\/wp\/v2\/product\/3090","targetHints":{"allow":["GET"]}}],"collection":[{"href":"https:\/\/www.gadlee.hk\/de\/wp-json\/wp\/v2\/product"}],"about":[{"href":"https:\/\/www.gadlee.hk\/de\/wp-json\/wp\/v2\/types\/product"}],"version-history":[{"count":3,"href":"https:\/\/www.gadlee.hk\/de\/wp-json\/wp\/v2\/product\/3090\/revisions"}],"predecessor-version":[{"id":4381,"href":"https:\/\/www.gadlee.hk\/de\/wp-json\/wp\/v2\/product\/3090\/revisions\/4381"}],"wp:featuredmedia":[{"embeddable":true,"href":"https:\/\/www.gadlee.hk\/de\/wp-json\/wp\/v2\/media\/3091"}],"wp:attachment":[{"href":"https:\/\/www.gadlee.hk\/de\/wp-json\/wp\/v2\/media?parent=3090"}],"wp:term":[{"taxonomy":"product_brand","embeddable":true,"href":"https:\/\/www.gadlee.hk\/de\/wp-json\/wp\/v2\/product_brand?post=3090"},{"taxonomy":"product_cat","embeddable":true,"href":"https:\/\/www.gadlee.hk\/de\/wp-json\/wp\/v2\/product_cat?post=3090"},{"taxonomy":"product_tag","embeddable":true,"href":"https:\/\/www.gadlee.hk\/de\/wp-json\/wp\/v2\/product_tag?post=3090"}],"curies":[{"name":"wp","href":"https:\/\/api.w.org\/{rel}","templated":true}]}}