{"id":4555,"date":"2025-07-31T13:47:55","date_gmt":"2025-07-31T13:47:55","guid":{"rendered":"https:\/\/gadlee.hk\/?post_type=product&#038;p=4555"},"modified":"2025-10-25T06:25:38","modified_gmt":"2025-10-25T06:25:38","slug":"gtv-10d","status":"publish","type":"product","link":"https:\/\/www.gadlee.hk\/de\/produkt\/gtv-10d\/","title":{"rendered":"GTV-10D"},"content":{"rendered":"<p>GTV Kommerzieller Staubsauger<\/p>\n<h6><strong>Hauptmerkmale:<\/strong><\/h6>\n<ul>\n<li>Lichtdurchl\u00e4ssiger Kunststoffk\u00f6rper, s\u00e4ure- und laugenbest\u00e4ndig, korrosionsbest\u00e4ndig, kollisionssicher.<\/li>\n<li>Leiser Motor, starke Saugkraft.<\/li>\n<li>Unzerbrechliches und hitzebest\u00e4ndiges Handst\u00fcck, langlebig und antistatisch.<\/li>\n<li>Fass mit gro\u00dfem Fassungsverm\u00f6gen, ausgestattet mit einem Abflussrohr.<\/li>\n<li>Das mitgelieferte Zubeh\u00f6r ist vollst\u00e4ndig, leicht zu kombinieren und langlebig.<\/li>\n<li>Breites Roulette und verst\u00e4rktes Chassis, flexibel und stabil.<\/li>\n<li>Geeignet f\u00fcr gro\u00dfe Werkst\u00e4tten, Fabriken, Einkaufszentren und verschiedene Reinigungsbetriebe.<\/li>\n<\/ul>","protected":false},"excerpt":{"rendered":"<p>GTV Commercial Vacuum Cleaner Main Features: Translucent plastic barrel body, anti-acid, anti-alkali, non-corrosion, anti-collision. Quiet motor, strong suction. Unbreakable and heat-resistant handpiece, durable and anti-static. Large-capacity barrel, equipped with sewage<\/p>","protected":false},"featured_media":4556,"template":"","meta":[],"product_brand":[],"product_cat":[147],"product_tag":[],"class_list":{"0":"post-4555","1":"product","2":"type-product","3":"status-publish","4":"has-post-thumbnail","6":"product_cat-commercial-vacuum","8":"first","9":"instock","10":"shipping-taxable","11":"product-type-simple"},"yoast_head":"<!-- This site is optimized with the Yoast SEO plugin v26.2 - https:\/\/yoast.com\/wordpress\/plugins\/seo\/ -->\n<title>GTV-10D - Gadlee<\/title>\n<meta name=\"description\" content=\"Compact and powerful dry vacuum cleaner ideal for hotels, offices, and small spaces.\" \/>\n<meta name=\"robots\" content=\"index, follow, max-snippet:-1, max-image-preview:large, max-video-preview:-1\" \/>\n<link rel=\"canonical\" href=\"https:\/\/www.gadlee.hk\/de\/produkt\/gtv-10d\/\" \/>\n<meta property=\"og:locale\" content=\"de_DE\" \/>\n<meta property=\"og:type\" content=\"article\" \/>\n<meta property=\"og:title\" content=\"GTV-10D - Gadlee\" \/>\n<meta property=\"og:description\" content=\"Compact and powerful dry vacuum cleaner ideal for hotels, offices, and small spaces.\" \/>\n<meta property=\"og:url\" content=\"https:\/\/www.gadlee.hk\/de\/produkt\/gtv-10d\/\" \/>\n<meta property=\"og:site_name\" content=\"Gadlee\" \/>\n<meta property=\"article:modified_time\" content=\"2025-10-25T06:25:38+00:00\" \/>\n<meta property=\"og:image\" content=\"https:\/\/www.gadlee.hk\/wp-content\/uploads\/2025\/07\/GTV-10D\u5546\u7528\u5438\u5c18\u5668.png\" \/>\n\t<meta property=\"og:image:width\" content=\"1200\" \/>\n\t<meta property=\"og:image:height\" content=\"800\" \/>\n\t<meta property=\"og:image:type\" content=\"image\/png\" \/>\n<meta name=\"twitter:card\" content=\"summary_large_image\" \/>\n<meta name=\"twitter:label1\" content=\"Est. reading time\" \/>\n\t<meta name=\"twitter:data1\" content=\"1 minute\" \/>\n<script type=\"application\/ld+json\" class=\"yoast-schema-graph\">{\"@context\":\"https:\/\/schema.org\",\"@graph\":[{\"@type\":\"WebPage\",\"@id\":\"https:\/\/www.gadlee.hk\/product\/gtv-10d\/\",\"url\":\"https:\/\/www.gadlee.hk\/product\/gtv-10d\/\",\"name\":\"GTV-10D - Gadlee\",\"isPartOf\":{\"@id\":\"https:\/\/www.gadlee.hk\/ja\/#website\"},\"primaryImageOfPage\":{\"@id\":\"https:\/\/www.gadlee.hk\/product\/gtv-10d\/#primaryimage\"},\"image\":{\"@id\":\"https:\/\/www.gadlee.hk\/product\/gtv-10d\/#primaryimage\"},\"thumbnailUrl\":\"https:\/\/www.gadlee.hk\/wp-content\/uploads\/2025\/07\/GTV-10D\u5546\u7528\u5438\u5c18\u5668.png\",\"datePublished\":\"2025-07-31T13:47:55+00:00\",\"dateModified\":\"2025-10-25T06:25:38+00:00\",\"description\":\"Compact and powerful dry vacuum cleaner ideal for hotels, offices, and small spaces.\",\"breadcrumb\":{\"@id\":\"https:\/\/www.gadlee.hk\/product\/gtv-10d\/#breadcrumb\"},\"inLanguage\":\"de-DE\",\"potentialAction\":[{\"@type\":\"ReadAction\",\"target\":[\"https:\/\/www.gadlee.hk\/product\/gtv-10d\/\"]}]},{\"@type\":\"ImageObject\",\"inLanguage\":\"de-DE\",\"@id\":\"https:\/\/www.gadlee.hk\/product\/gtv-10d\/#primaryimage\",\"url\":\"https:\/\/www.gadlee.hk\/wp-content\/uploads\/2025\/07\/GTV-10D\u5546\u7528\u5438\u5c18\u5668.png\",\"contentUrl\":\"https:\/\/www.gadlee.hk\/wp-content\/uploads\/2025\/07\/GTV-10D\u5546\u7528\u5438\u5c18\u5668.png\",\"width\":1200,\"height\":800},{\"@type\":\"BreadcrumbList\",\"@id\":\"https:\/\/www.gadlee.hk\/product\/gtv-10d\/#breadcrumb\",\"itemListElement\":[{\"@type\":\"ListItem\",\"position\":1,\"name\":\"Home\",\"item\":\"https:\/\/www.gadlee.hk\/fr\/\"},{\"@type\":\"ListItem\",\"position\":2,\"name\":\"Products\",\"item\":\"https:\/\/www.gadlee.hk\/fr\/boutique\/\"},{\"@type\":\"ListItem\",\"position\":3,\"name\":\"GTV-10D\"}]},{\"@type\":\"WebSite\",\"@id\":\"https:\/\/www.gadlee.hk\/ja\/#website\",\"url\":\"https:\/\/www.gadlee.hk\/ja\/\",\"name\":\"Gadlee\",\"description\":\"Asia&#039;s leading manufacturer of professional cleaning machines\",\"publisher\":{\"@id\":\"https:\/\/www.gadlee.hk\/ja\/#organization\"},\"potentialAction\":[{\"@type\":\"SearchAction\",\"target\":{\"@type\":\"EntryPoint\",\"urlTemplate\":\"https:\/\/www.gadlee.hk\/ja\/?s={search_term_string}\"},\"query-input\":{\"@type\":\"PropertyValueSpecification\",\"valueRequired\":true,\"valueName\":\"search_term_string\"}}],\"inLanguage\":\"de-DE\"},{\"@type\":\"Organization\",\"@id\":\"https:\/\/www.gadlee.hk\/ja\/#organization\",\"name\":\"Gadlee\",\"url\":\"https:\/\/www.gadlee.hk\/ja\/\",\"logo\":{\"@type\":\"ImageObject\",\"inLanguage\":\"de-DE\",\"@id\":\"https:\/\/www.gadlee.hk\/ja\/#\/schema\/logo\/image\/\",\"url\":\"https:\/\/www.gadlee.hk\/wp-content\/uploads\/2025\/06\/logo.png\",\"contentUrl\":\"https:\/\/www.gadlee.hk\/wp-content\/uploads\/2025\/06\/logo.png\",\"width\":1578,\"height\":327,\"caption\":\"Gadlee\"},\"image\":{\"@id\":\"https:\/\/www.gadlee.hk\/ja\/#\/schema\/logo\/image\/\"}}]}<\/script>\n<!-- \/ Yoast SEO plugin. -->","yoast_head_json":{"title":"GTV-10D - Gadlee","description":"Compact and powerful dry vacuum cleaner ideal for hotels, offices, and small spaces.","robots":{"index":"index","follow":"follow","max-snippet":"max-snippet:-1","max-image-preview":"max-image-preview:large","max-video-preview":"max-video-preview:-1"},"canonical":"https:\/\/www.gadlee.hk\/de\/produkt\/gtv-10d\/","og_locale":"de_DE","og_type":"article","og_title":"GTV-10D - Gadlee","og_description":"Compact and powerful dry vacuum cleaner ideal for hotels, offices, and small spaces.","og_url":"https:\/\/www.gadlee.hk\/de\/produkt\/gtv-10d\/","og_site_name":"Gadlee","article_modified_time":"2025-10-25T06:25:38+00:00","og_image":[{"width":1200,"height":800,"url":"https:\/\/www.gadlee.hk\/wp-content\/uploads\/2025\/07\/GTV-10D\u5546\u7528\u5438\u5c18\u5668.png","type":"image\/png"}],"twitter_card":"summary_large_image","twitter_misc":{"Est. reading time":"1 minute"},"schema":{"@context":"https:\/\/schema.org","@graph":[{"@type":"WebPage","@id":"https:\/\/www.gadlee.hk\/product\/gtv-10d\/","url":"https:\/\/www.gadlee.hk\/product\/gtv-10d\/","name":"GTV-10D - Gadlee","isPartOf":{"@id":"https:\/\/www.gadlee.hk\/ja\/#website"},"primaryImageOfPage":{"@id":"https:\/\/www.gadlee.hk\/product\/gtv-10d\/#primaryimage"},"image":{"@id":"https:\/\/www.gadlee.hk\/product\/gtv-10d\/#primaryimage"},"thumbnailUrl":"https:\/\/www.gadlee.hk\/wp-content\/uploads\/2025\/07\/GTV-10D\u5546\u7528\u5438\u5c18\u5668.png","datePublished":"2025-07-31T13:47:55+00:00","dateModified":"2025-10-25T06:25:38+00:00","description":"Compact and powerful dry vacuum cleaner ideal for hotels, offices, and small spaces.","breadcrumb":{"@id":"https:\/\/www.gadlee.hk\/product\/gtv-10d\/#breadcrumb"},"inLanguage":"de-DE","potentialAction":[{"@type":"ReadAction","target":["https:\/\/www.gadlee.hk\/product\/gtv-10d\/"]}]},{"@type":"ImageObject","inLanguage":"de-DE","@id":"https:\/\/www.gadlee.hk\/product\/gtv-10d\/#primaryimage","url":"https:\/\/www.gadlee.hk\/wp-content\/uploads\/2025\/07\/GTV-10D\u5546\u7528\u5438\u5c18\u5668.png","contentUrl":"https:\/\/www.gadlee.hk\/wp-content\/uploads\/2025\/07\/GTV-10D\u5546\u7528\u5438\u5c18\u5668.png","width":1200,"height":800},{"@type":"BreadcrumbList","@id":"https:\/\/www.gadlee.hk\/product\/gtv-10d\/#breadcrumb","itemListElement":[{"@type":"ListItem","position":1,"name":"Home","item":"https:\/\/www.gadlee.hk\/fr\/"},{"@type":"ListItem","position":2,"name":"Products","item":"https:\/\/www.gadlee.hk\/fr\/boutique\/"},{"@type":"ListItem","position":3,"name":"GTV-10D"}]},{"@type":"WebSite","@id":"https:\/\/www.gadlee.hk\/ja\/#website","url":"https:\/\/www.gadlee.hk\/ja\/","name":"Gadlee","description":"Asia&#039;s leading manufacturer of professional cleaning machines","publisher":{"@id":"https:\/\/www.gadlee.hk\/ja\/#organization"},"potentialAction":[{"@type":"SearchAction","target":{"@type":"EntryPoint","urlTemplate":"https:\/\/www.gadlee.hk\/ja\/?s={search_term_string}"},"query-input":{"@type":"PropertyValueSpecification","valueRequired":true,"valueName":"search_term_string"}}],"inLanguage":"de-DE"},{"@type":"Organization","@id":"https:\/\/www.gadlee.hk\/ja\/#organization","name":"Gadlee","url":"https:\/\/www.gadlee.hk\/ja\/","logo":{"@type":"ImageObject","inLanguage":"de-DE","@id":"https:\/\/www.gadlee.hk\/ja\/#\/schema\/logo\/image\/","url":"https:\/\/www.gadlee.hk\/wp-content\/uploads\/2025\/06\/logo.png","contentUrl":"https:\/\/www.gadlee.hk\/wp-content\/uploads\/2025\/06\/logo.png","width":1578,"height":327,"caption":"Gadlee"},"image":{"@id":"https:\/\/www.gadlee.hk\/ja\/#\/schema\/logo\/image\/"}}]}},"_links":{"self":[{"href":"https:\/\/www.gadlee.hk\/de\/wp-json\/wp\/v2\/product\/4555","targetHints":{"allow":["GET"]}}],"collection":[{"href":"https:\/\/www.gadlee.hk\/de\/wp-json\/wp\/v2\/product"}],"about":[{"href":"https:\/\/www.gadlee.hk\/de\/wp-json\/wp\/v2\/types\/product"}],"version-history":[{"count":5,"href":"https:\/\/www.gadlee.hk\/de\/wp-json\/wp\/v2\/product\/4555\/revisions"}],"predecessor-version":[{"id":5738,"href":"https:\/\/www.gadlee.hk\/de\/wp-json\/wp\/v2\/product\/4555\/revisions\/5738"}],"wp:featuredmedia":[{"embeddable":true,"href":"https:\/\/www.gadlee.hk\/de\/wp-json\/wp\/v2\/media\/4556"}],"wp:attachment":[{"href":"https:\/\/www.gadlee.hk\/de\/wp-json\/wp\/v2\/media?parent=4555"}],"wp:term":[{"taxonomy":"product_brand","embeddable":true,"href":"https:\/\/www.gadlee.hk\/de\/wp-json\/wp\/v2\/product_brand?post=4555"},{"taxonomy":"product_cat","embeddable":true,"href":"https:\/\/www.gadlee.hk\/de\/wp-json\/wp\/v2\/product_cat?post=4555"},{"taxonomy":"product_tag","embeddable":true,"href":"https:\/\/www.gadlee.hk\/de\/wp-json\/wp\/v2\/product_tag?post=4555"}],"curies":[{"name":"wp","href":"https:\/\/api.w.org\/{rel}","templated":true}]}}