{"id":4625,"date":"2025-08-03T04:11:18","date_gmt":"2025-08-03T04:11:18","guid":{"rendered":"https:\/\/gadlee.hk\/?post_type=product&#038;p=4625"},"modified":"2025-12-17T00:44:47","modified_gmt":"2025-12-17T00:44:47","slug":"gtc-350esc","status":"publish","type":"product","link":"https:\/\/www.gadlee.hk\/de\/produkt\/gtc-350esc\/","title":{"rendered":"GTC-350ESC"},"content":{"rendered":"<p>Die Gadlee GTC-350ESC Base ist eine kompakte Maschine zur Reinigung von Fahrtreppen und Fahrsteigen. Sie kann im Trockenmodus zum Kehren oder mit einer Reinigungsl\u00f6sung zum Waschen verwendet werden.<\/p>\n<p>Nachdem die gesamte Fl\u00e4che gekehrt wurde, gibt die Maschine eine Reinigungsl\u00f6sung aus ihren Edelstahltanks ab und entfernt so hartn\u00e4ckigen Schmutz und Verkrustungen in den Rillen.<\/p>\n<h6><strong><b>Hauptmerkmale:<\/b><\/strong><\/h6>\n<ul>\n<li>Dies ist die einzige Maschine mit zwei Funktionen, bei der der Waschgang durch einfaches Umdrehen des Griffs umgekehrt werden kann.<\/li>\n<li>Wird mit einem kompakten Wagen f\u00fcr den einfachen Transport geliefert.<\/li>\n<li>Leichtes Gewicht und einfach zu handhaben.<\/li>\n<\/ul>","protected":false},"excerpt":{"rendered":"<p>The Gadlee GTC-350ESC Base is a compact machine for cleaning any moving escalator or mobile walkway. It can be used in dry mode for sweeping, or with a detergent solution<\/p>","protected":false},"featured_media":4626,"template":"","meta":[],"product_brand":[],"product_cat":[137],"product_tag":[],"class_list":{"0":"post-4625","1":"product","2":"type-product","3":"status-publish","4":"has-post-thumbnail","6":"product_cat-escalator-cleaning-machine","8":"first","9":"instock","10":"shipping-taxable","11":"product-type-simple"},"yoast_head":"<!-- This site is optimized with the Yoast SEO plugin v26.2 - https:\/\/yoast.com\/wordpress\/plugins\/seo\/ -->\n<title>GTC-350ESC - Gadlee<\/title>\n<meta name=\"description\" content=\"Battery-powered sweeper designed for efficient dust and debris removal.\" \/>\n<meta name=\"robots\" content=\"index, follow, max-snippet:-1, max-image-preview:large, max-video-preview:-1\" \/>\n<link rel=\"canonical\" href=\"https:\/\/www.gadlee.hk\/de\/produkt\/gtc-350esc\/\" \/>\n<meta property=\"og:locale\" content=\"de_DE\" \/>\n<meta property=\"og:type\" content=\"article\" \/>\n<meta property=\"og:title\" content=\"GTC-350ESC - Gadlee\" \/>\n<meta property=\"og:description\" content=\"Battery-powered sweeper designed for efficient dust and debris removal.\" \/>\n<meta property=\"og:url\" content=\"https:\/\/www.gadlee.hk\/de\/produkt\/gtc-350esc\/\" \/>\n<meta property=\"og:site_name\" content=\"Gadlee\" \/>\n<meta property=\"article:modified_time\" content=\"2025-12-17T00:44:47+00:00\" \/>\n<meta property=\"og:image\" content=\"https:\/\/www.gadlee.hk\/wp-content\/uploads\/2025\/08\/GTC-350ESC-1.png\" \/>\n\t<meta property=\"og:image:width\" content=\"1200\" \/>\n\t<meta property=\"og:image:height\" content=\"800\" \/>\n\t<meta property=\"og:image:type\" content=\"image\/png\" \/>\n<meta name=\"twitter:card\" content=\"summary_large_image\" \/>\n<meta name=\"twitter:label1\" content=\"Est. reading time\" \/>\n\t<meta name=\"twitter:data1\" content=\"1 minute\" \/>\n<script type=\"application\/ld+json\" class=\"yoast-schema-graph\">{\"@context\":\"https:\/\/schema.org\",\"@graph\":[{\"@type\":\"WebPage\",\"@id\":\"https:\/\/www.gadlee.hk\/de\/produkt\/gtc-350esc\/\",\"url\":\"https:\/\/www.gadlee.hk\/de\/produkt\/gtc-350esc\/\",\"name\":\"GTC-350ESC - Gadlee\",\"isPartOf\":{\"@id\":\"https:\/\/www.gadlee.hk\/ja\/#website\"},\"primaryImageOfPage\":{\"@id\":\"https:\/\/www.gadlee.hk\/de\/produkt\/gtc-350esc\/#primaryimage\"},\"image\":{\"@id\":\"https:\/\/www.gadlee.hk\/de\/produkt\/gtc-350esc\/#primaryimage\"},\"thumbnailUrl\":\"https:\/\/www.gadlee.hk\/wp-content\/uploads\/2025\/08\/GTC-350ESC-1.png\",\"datePublished\":\"2025-08-03T04:11:18+00:00\",\"dateModified\":\"2025-12-17T00:44:47+00:00\",\"description\":\"Battery-powered sweeper designed for efficient dust and debris removal.\",\"breadcrumb\":{\"@id\":\"https:\/\/www.gadlee.hk\/de\/produkt\/gtc-350esc\/#breadcrumb\"},\"inLanguage\":\"de-DE\",\"potentialAction\":[{\"@type\":\"ReadAction\",\"target\":[\"https:\/\/www.gadlee.hk\/de\/produkt\/gtc-350esc\/\"]}]},{\"@type\":\"ImageObject\",\"inLanguage\":\"de-DE\",\"@id\":\"https:\/\/www.gadlee.hk\/de\/produkt\/gtc-350esc\/#primaryimage\",\"url\":\"https:\/\/www.gadlee.hk\/wp-content\/uploads\/2025\/08\/GTC-350ESC-1.png\",\"contentUrl\":\"https:\/\/www.gadlee.hk\/wp-content\/uploads\/2025\/08\/GTC-350ESC-1.png\",\"width\":1200,\"height\":800,\"caption\":\"Gadlee GTC-350ESC Base\"},{\"@type\":\"BreadcrumbList\",\"@id\":\"https:\/\/www.gadlee.hk\/de\/produkt\/gtc-350esc\/#breadcrumb\",\"itemListElement\":[{\"@type\":\"ListItem\",\"position\":1,\"name\":\"Home\",\"item\":\"https:\/\/www.gadlee.hk\/fr\/\"},{\"@type\":\"ListItem\",\"position\":2,\"name\":\"Products\",\"item\":\"https:\/\/www.gadlee.hk\/fr\/boutique\/\"},{\"@type\":\"ListItem\",\"position\":3,\"name\":\"GTC-350ESC\"}]},{\"@type\":\"WebSite\",\"@id\":\"https:\/\/www.gadlee.hk\/ja\/#website\",\"url\":\"https:\/\/www.gadlee.hk\/ja\/\",\"name\":\"Gadlee\",\"description\":\"Asia&#039;s leading manufacturer of professional cleaning machines\",\"publisher\":{\"@id\":\"https:\/\/www.gadlee.hk\/ja\/#organization\"},\"potentialAction\":[{\"@type\":\"SearchAction\",\"target\":{\"@type\":\"EntryPoint\",\"urlTemplate\":\"https:\/\/www.gadlee.hk\/ja\/?s={search_term_string}\"},\"query-input\":{\"@type\":\"PropertyValueSpecification\",\"valueRequired\":true,\"valueName\":\"search_term_string\"}}],\"inLanguage\":\"de-DE\"},{\"@type\":\"Organization\",\"@id\":\"https:\/\/www.gadlee.hk\/ja\/#organization\",\"name\":\"Gadlee\",\"url\":\"https:\/\/www.gadlee.hk\/ja\/\",\"logo\":{\"@type\":\"ImageObject\",\"inLanguage\":\"de-DE\",\"@id\":\"https:\/\/www.gadlee.hk\/ja\/#\/schema\/logo\/image\/\",\"url\":\"https:\/\/www.gadlee.hk\/wp-content\/uploads\/2025\/06\/logo.png\",\"contentUrl\":\"https:\/\/www.gadlee.hk\/wp-content\/uploads\/2025\/06\/logo.png\",\"width\":1578,\"height\":327,\"caption\":\"Gadlee\"},\"image\":{\"@id\":\"https:\/\/www.gadlee.hk\/ja\/#\/schema\/logo\/image\/\"}}]}<\/script>\n<!-- \/ Yoast SEO plugin. -->","yoast_head_json":{"title":"GTC-350ESC - Gadlee","description":"Battery-powered sweeper designed for efficient dust and debris removal.","robots":{"index":"index","follow":"follow","max-snippet":"max-snippet:-1","max-image-preview":"max-image-preview:large","max-video-preview":"max-video-preview:-1"},"canonical":"https:\/\/www.gadlee.hk\/de\/produkt\/gtc-350esc\/","og_locale":"de_DE","og_type":"article","og_title":"GTC-350ESC - Gadlee","og_description":"Battery-powered sweeper designed for efficient dust and debris removal.","og_url":"https:\/\/www.gadlee.hk\/de\/produkt\/gtc-350esc\/","og_site_name":"Gadlee","article_modified_time":"2025-12-17T00:44:47+00:00","og_image":[{"width":1200,"height":800,"url":"https:\/\/www.gadlee.hk\/wp-content\/uploads\/2025\/08\/GTC-350ESC-1.png","type":"image\/png"}],"twitter_card":"summary_large_image","twitter_misc":{"Est. reading time":"1 minute"},"schema":{"@context":"https:\/\/schema.org","@graph":[{"@type":"WebPage","@id":"https:\/\/www.gadlee.hk\/de\/produkt\/gtc-350esc\/","url":"https:\/\/www.gadlee.hk\/de\/produkt\/gtc-350esc\/","name":"GTC-350ESC - Gadlee","isPartOf":{"@id":"https:\/\/www.gadlee.hk\/ja\/#website"},"primaryImageOfPage":{"@id":"https:\/\/www.gadlee.hk\/de\/produkt\/gtc-350esc\/#primaryimage"},"image":{"@id":"https:\/\/www.gadlee.hk\/de\/produkt\/gtc-350esc\/#primaryimage"},"thumbnailUrl":"https:\/\/www.gadlee.hk\/wp-content\/uploads\/2025\/08\/GTC-350ESC-1.png","datePublished":"2025-08-03T04:11:18+00:00","dateModified":"2025-12-17T00:44:47+00:00","description":"Battery-powered sweeper designed for efficient dust and debris removal.","breadcrumb":{"@id":"https:\/\/www.gadlee.hk\/de\/produkt\/gtc-350esc\/#breadcrumb"},"inLanguage":"de-DE","potentialAction":[{"@type":"ReadAction","target":["https:\/\/www.gadlee.hk\/de\/produkt\/gtc-350esc\/"]}]},{"@type":"ImageObject","inLanguage":"de-DE","@id":"https:\/\/www.gadlee.hk\/de\/produkt\/gtc-350esc\/#primaryimage","url":"https:\/\/www.gadlee.hk\/wp-content\/uploads\/2025\/08\/GTC-350ESC-1.png","contentUrl":"https:\/\/www.gadlee.hk\/wp-content\/uploads\/2025\/08\/GTC-350ESC-1.png","width":1200,"height":800,"caption":"Gadlee GTC-350ESC Base"},{"@type":"BreadcrumbList","@id":"https:\/\/www.gadlee.hk\/de\/produkt\/gtc-350esc\/#breadcrumb","itemListElement":[{"@type":"ListItem","position":1,"name":"Home","item":"https:\/\/www.gadlee.hk\/fr\/"},{"@type":"ListItem","position":2,"name":"Products","item":"https:\/\/www.gadlee.hk\/fr\/boutique\/"},{"@type":"ListItem","position":3,"name":"GTC-350ESC"}]},{"@type":"WebSite","@id":"https:\/\/www.gadlee.hk\/ja\/#website","url":"https:\/\/www.gadlee.hk\/ja\/","name":"Gadlee","description":"Asia&#039;s leading manufacturer of professional cleaning machines","publisher":{"@id":"https:\/\/www.gadlee.hk\/ja\/#organization"},"potentialAction":[{"@type":"SearchAction","target":{"@type":"EntryPoint","urlTemplate":"https:\/\/www.gadlee.hk\/ja\/?s={search_term_string}"},"query-input":{"@type":"PropertyValueSpecification","valueRequired":true,"valueName":"search_term_string"}}],"inLanguage":"de-DE"},{"@type":"Organization","@id":"https:\/\/www.gadlee.hk\/ja\/#organization","name":"Gadlee","url":"https:\/\/www.gadlee.hk\/ja\/","logo":{"@type":"ImageObject","inLanguage":"de-DE","@id":"https:\/\/www.gadlee.hk\/ja\/#\/schema\/logo\/image\/","url":"https:\/\/www.gadlee.hk\/wp-content\/uploads\/2025\/06\/logo.png","contentUrl":"https:\/\/www.gadlee.hk\/wp-content\/uploads\/2025\/06\/logo.png","width":1578,"height":327,"caption":"Gadlee"},"image":{"@id":"https:\/\/www.gadlee.hk\/ja\/#\/schema\/logo\/image\/"}}]}},"_links":{"self":[{"href":"https:\/\/www.gadlee.hk\/de\/wp-json\/wp\/v2\/product\/4625","targetHints":{"allow":["GET"]}}],"collection":[{"href":"https:\/\/www.gadlee.hk\/de\/wp-json\/wp\/v2\/product"}],"about":[{"href":"https:\/\/www.gadlee.hk\/de\/wp-json\/wp\/v2\/types\/product"}],"version-history":[{"count":3,"href":"https:\/\/www.gadlee.hk\/de\/wp-json\/wp\/v2\/product\/4625\/revisions"}],"predecessor-version":[{"id":5744,"href":"https:\/\/www.gadlee.hk\/de\/wp-json\/wp\/v2\/product\/4625\/revisions\/5744"}],"wp:featuredmedia":[{"embeddable":true,"href":"https:\/\/www.gadlee.hk\/de\/wp-json\/wp\/v2\/media\/4626"}],"wp:attachment":[{"href":"https:\/\/www.gadlee.hk\/de\/wp-json\/wp\/v2\/media?parent=4625"}],"wp:term":[{"taxonomy":"product_brand","embeddable":true,"href":"https:\/\/www.gadlee.hk\/de\/wp-json\/wp\/v2\/product_brand?post=4625"},{"taxonomy":"product_cat","embeddable":true,"href":"https:\/\/www.gadlee.hk\/de\/wp-json\/wp\/v2\/product_cat?post=4625"},{"taxonomy":"product_tag","embeddable":true,"href":"https:\/\/www.gadlee.hk\/de\/wp-json\/wp\/v2\/product_tag?post=4625"}],"curies":[{"name":"wp","href":"https:\/\/api.w.org\/{rel}","templated":true}]}}