{"id":4725,"date":"2025-08-03T10:00:51","date_gmt":"2025-08-03T10:00:51","guid":{"rendered":"https:\/\/gadlee.hk\/?post_type=product&#038;p=4725"},"modified":"2025-10-25T06:08:49","modified_gmt":"2025-10-25T06:08:49","slug":"306-omni-scrub-cleaner","status":"publish","type":"product","link":"https:\/\/www.gadlee.hk\/de\/produkt\/306-omni-scrub-cleaner\/","title":{"rendered":"306 Omni-scrub Reiniger"},"content":{"rendered":"<p>Der Omni Scrub Reiniger wurde speziell f\u00fcr die Reinigung von \u00fcberall entwickelt. Er enth\u00e4lt leistungsstarke Reinigungsmittel, die helfen, Fett und Schmutz zu zersetzen und die Reinigung noch schneller machen. Er ist ein umweltfreundlicher Reiniger mit neutralem pH-Wert und enth\u00e4lt keine Bleichmittel, L\u00f6sungsmittel, S\u00e4uren oder starke Laugen.<\/p>","protected":false},"excerpt":{"rendered":"<p>Netto Inhalt: 1 gal \/ 3.78 L<\/p>","protected":false},"featured_media":4726,"template":"","meta":[],"product_brand":[],"product_cat":[153],"product_tag":[],"class_list":{"0":"post-4725","1":"product","2":"type-product","3":"status-publish","4":"has-post-thumbnail","6":"product_cat-degreaser-series","8":"first","9":"instock","10":"shipping-taxable","11":"product-type-simple"},"yoast_head":"<!-- This site is optimized with the Yoast SEO plugin v26.2 - https:\/\/yoast.com\/wordpress\/plugins\/seo\/ -->\n<title>306 Omni-scrub Cleaner - Gadlee<\/title>\n<meta name=\"description\" content=\"Multipurpose cleaner suitable for various surfaces and applications.\" \/>\n<meta name=\"robots\" content=\"index, follow, max-snippet:-1, max-image-preview:large, max-video-preview:-1\" \/>\n<link rel=\"canonical\" href=\"https:\/\/www.gadlee.hk\/de\/produkt\/306-omni-scrub-cleaner\/\" \/>\n<meta property=\"og:locale\" content=\"de_DE\" \/>\n<meta property=\"og:type\" content=\"article\" \/>\n<meta property=\"og:title\" content=\"306 Omni-scrub Cleaner - Gadlee\" \/>\n<meta property=\"og:description\" content=\"Multipurpose cleaner suitable for various surfaces and applications.\" \/>\n<meta property=\"og:url\" content=\"https:\/\/www.gadlee.hk\/de\/produkt\/306-omni-scrub-cleaner\/\" \/>\n<meta property=\"og:site_name\" content=\"Gadlee\" \/>\n<meta property=\"article:modified_time\" content=\"2025-10-25T06:08:49+00:00\" \/>\n<meta property=\"og:image\" content=\"https:\/\/www.gadlee.hk\/wp-content\/uploads\/2025\/08\/306-Omni-scrub-Cleaner.png\" \/>\n\t<meta property=\"og:image:width\" content=\"1200\" \/>\n\t<meta property=\"og:image:height\" content=\"800\" \/>\n\t<meta property=\"og:image:type\" content=\"image\/png\" \/>\n<meta name=\"twitter:card\" content=\"summary_large_image\" \/>\n<meta name=\"twitter:label1\" content=\"Est. reading time\" \/>\n\t<meta name=\"twitter:data1\" content=\"1 minute\" \/>\n<script type=\"application\/ld+json\" class=\"yoast-schema-graph\">{\"@context\":\"https:\/\/schema.org\",\"@graph\":[{\"@type\":\"WebPage\",\"@id\":\"https:\/\/www.gadlee.hk\/de\/produkt\/306-omni-scrub-cleaner\/\",\"url\":\"https:\/\/www.gadlee.hk\/de\/produkt\/306-omni-scrub-cleaner\/\",\"name\":\"306 Omni-scrub Cleaner - Gadlee\",\"isPartOf\":{\"@id\":\"https:\/\/www.gadlee.hk\/ja\/#website\"},\"primaryImageOfPage\":{\"@id\":\"https:\/\/www.gadlee.hk\/de\/produkt\/306-omni-scrub-cleaner\/#primaryimage\"},\"image\":{\"@id\":\"https:\/\/www.gadlee.hk\/de\/produkt\/306-omni-scrub-cleaner\/#primaryimage\"},\"thumbnailUrl\":\"https:\/\/www.gadlee.hk\/wp-content\/uploads\/2025\/08\/306-Omni-scrub-Cleaner.png\",\"datePublished\":\"2025-08-03T10:00:51+00:00\",\"dateModified\":\"2025-10-25T06:08:49+00:00\",\"description\":\"Multipurpose cleaner suitable for various surfaces and applications.\",\"breadcrumb\":{\"@id\":\"https:\/\/www.gadlee.hk\/de\/produkt\/306-omni-scrub-cleaner\/#breadcrumb\"},\"inLanguage\":\"de-DE\",\"potentialAction\":[{\"@type\":\"ReadAction\",\"target\":[\"https:\/\/www.gadlee.hk\/de\/produkt\/306-omni-scrub-cleaner\/\"]}]},{\"@type\":\"ImageObject\",\"inLanguage\":\"de-DE\",\"@id\":\"https:\/\/www.gadlee.hk\/de\/produkt\/306-omni-scrub-cleaner\/#primaryimage\",\"url\":\"https:\/\/www.gadlee.hk\/wp-content\/uploads\/2025\/08\/306-Omni-scrub-Cleaner.png\",\"contentUrl\":\"https:\/\/www.gadlee.hk\/wp-content\/uploads\/2025\/08\/306-Omni-scrub-Cleaner.png\",\"width\":1200,\"height\":800},{\"@type\":\"BreadcrumbList\",\"@id\":\"https:\/\/www.gadlee.hk\/de\/produkt\/306-omni-scrub-cleaner\/#breadcrumb\",\"itemListElement\":[{\"@type\":\"ListItem\",\"position\":1,\"name\":\"Home\",\"item\":\"https:\/\/www.gadlee.hk\/fr\/\"},{\"@type\":\"ListItem\",\"position\":2,\"name\":\"Products\",\"item\":\"https:\/\/www.gadlee.hk\/fr\/boutique\/\"},{\"@type\":\"ListItem\",\"position\":3,\"name\":\"306 Omni-scrub Cleaner\"}]},{\"@type\":\"WebSite\",\"@id\":\"https:\/\/www.gadlee.hk\/ja\/#website\",\"url\":\"https:\/\/www.gadlee.hk\/ja\/\",\"name\":\"Gadlee\",\"description\":\"Asia&#039;s leading manufacturer of professional cleaning machines\",\"publisher\":{\"@id\":\"https:\/\/www.gadlee.hk\/ja\/#organization\"},\"potentialAction\":[{\"@type\":\"SearchAction\",\"target\":{\"@type\":\"EntryPoint\",\"urlTemplate\":\"https:\/\/www.gadlee.hk\/ja\/?s={search_term_string}\"},\"query-input\":{\"@type\":\"PropertyValueSpecification\",\"valueRequired\":true,\"valueName\":\"search_term_string\"}}],\"inLanguage\":\"de-DE\"},{\"@type\":\"Organization\",\"@id\":\"https:\/\/www.gadlee.hk\/ja\/#organization\",\"name\":\"Gadlee\",\"url\":\"https:\/\/www.gadlee.hk\/ja\/\",\"logo\":{\"@type\":\"ImageObject\",\"inLanguage\":\"de-DE\",\"@id\":\"https:\/\/www.gadlee.hk\/ja\/#\/schema\/logo\/image\/\",\"url\":\"https:\/\/www.gadlee.hk\/wp-content\/uploads\/2025\/06\/logo.png\",\"contentUrl\":\"https:\/\/www.gadlee.hk\/wp-content\/uploads\/2025\/06\/logo.png\",\"width\":1578,\"height\":327,\"caption\":\"Gadlee\"},\"image\":{\"@id\":\"https:\/\/www.gadlee.hk\/ja\/#\/schema\/logo\/image\/\"}}]}<\/script>\n<!-- \/ Yoast SEO plugin. -->","yoast_head_json":{"title":"306 Omni-scrub Cleaner - Gadlee","description":"Multipurpose cleaner suitable for various surfaces and applications.","robots":{"index":"index","follow":"follow","max-snippet":"max-snippet:-1","max-image-preview":"max-image-preview:large","max-video-preview":"max-video-preview:-1"},"canonical":"https:\/\/www.gadlee.hk\/de\/produkt\/306-omni-scrub-cleaner\/","og_locale":"de_DE","og_type":"article","og_title":"306 Omni-scrub Cleaner - Gadlee","og_description":"Multipurpose cleaner suitable for various surfaces and applications.","og_url":"https:\/\/www.gadlee.hk\/de\/produkt\/306-omni-scrub-cleaner\/","og_site_name":"Gadlee","article_modified_time":"2025-10-25T06:08:49+00:00","og_image":[{"width":1200,"height":800,"url":"https:\/\/www.gadlee.hk\/wp-content\/uploads\/2025\/08\/306-Omni-scrub-Cleaner.png","type":"image\/png"}],"twitter_card":"summary_large_image","twitter_misc":{"Est. reading time":"1 minute"},"schema":{"@context":"https:\/\/schema.org","@graph":[{"@type":"WebPage","@id":"https:\/\/www.gadlee.hk\/de\/produkt\/306-omni-scrub-cleaner\/","url":"https:\/\/www.gadlee.hk\/de\/produkt\/306-omni-scrub-cleaner\/","name":"306 Omni-scrub Cleaner - Gadlee","isPartOf":{"@id":"https:\/\/www.gadlee.hk\/ja\/#website"},"primaryImageOfPage":{"@id":"https:\/\/www.gadlee.hk\/de\/produkt\/306-omni-scrub-cleaner\/#primaryimage"},"image":{"@id":"https:\/\/www.gadlee.hk\/de\/produkt\/306-omni-scrub-cleaner\/#primaryimage"},"thumbnailUrl":"https:\/\/www.gadlee.hk\/wp-content\/uploads\/2025\/08\/306-Omni-scrub-Cleaner.png","datePublished":"2025-08-03T10:00:51+00:00","dateModified":"2025-10-25T06:08:49+00:00","description":"Multipurpose cleaner suitable for various surfaces and applications.","breadcrumb":{"@id":"https:\/\/www.gadlee.hk\/de\/produkt\/306-omni-scrub-cleaner\/#breadcrumb"},"inLanguage":"de-DE","potentialAction":[{"@type":"ReadAction","target":["https:\/\/www.gadlee.hk\/de\/produkt\/306-omni-scrub-cleaner\/"]}]},{"@type":"ImageObject","inLanguage":"de-DE","@id":"https:\/\/www.gadlee.hk\/de\/produkt\/306-omni-scrub-cleaner\/#primaryimage","url":"https:\/\/www.gadlee.hk\/wp-content\/uploads\/2025\/08\/306-Omni-scrub-Cleaner.png","contentUrl":"https:\/\/www.gadlee.hk\/wp-content\/uploads\/2025\/08\/306-Omni-scrub-Cleaner.png","width":1200,"height":800},{"@type":"BreadcrumbList","@id":"https:\/\/www.gadlee.hk\/de\/produkt\/306-omni-scrub-cleaner\/#breadcrumb","itemListElement":[{"@type":"ListItem","position":1,"name":"Home","item":"https:\/\/www.gadlee.hk\/fr\/"},{"@type":"ListItem","position":2,"name":"Products","item":"https:\/\/www.gadlee.hk\/fr\/boutique\/"},{"@type":"ListItem","position":3,"name":"306 Omni-scrub Cleaner"}]},{"@type":"WebSite","@id":"https:\/\/www.gadlee.hk\/ja\/#website","url":"https:\/\/www.gadlee.hk\/ja\/","name":"Gadlee","description":"Asia&#039;s leading manufacturer of professional cleaning machines","publisher":{"@id":"https:\/\/www.gadlee.hk\/ja\/#organization"},"potentialAction":[{"@type":"SearchAction","target":{"@type":"EntryPoint","urlTemplate":"https:\/\/www.gadlee.hk\/ja\/?s={search_term_string}"},"query-input":{"@type":"PropertyValueSpecification","valueRequired":true,"valueName":"search_term_string"}}],"inLanguage":"de-DE"},{"@type":"Organization","@id":"https:\/\/www.gadlee.hk\/ja\/#organization","name":"Gadlee","url":"https:\/\/www.gadlee.hk\/ja\/","logo":{"@type":"ImageObject","inLanguage":"de-DE","@id":"https:\/\/www.gadlee.hk\/ja\/#\/schema\/logo\/image\/","url":"https:\/\/www.gadlee.hk\/wp-content\/uploads\/2025\/06\/logo.png","contentUrl":"https:\/\/www.gadlee.hk\/wp-content\/uploads\/2025\/06\/logo.png","width":1578,"height":327,"caption":"Gadlee"},"image":{"@id":"https:\/\/www.gadlee.hk\/ja\/#\/schema\/logo\/image\/"}}]}},"_links":{"self":[{"href":"https:\/\/www.gadlee.hk\/de\/wp-json\/wp\/v2\/product\/4725","targetHints":{"allow":["GET"]}}],"collection":[{"href":"https:\/\/www.gadlee.hk\/de\/wp-json\/wp\/v2\/product"}],"about":[{"href":"https:\/\/www.gadlee.hk\/de\/wp-json\/wp\/v2\/types\/product"}],"version-history":[{"count":2,"href":"https:\/\/www.gadlee.hk\/de\/wp-json\/wp\/v2\/product\/4725\/revisions"}],"predecessor-version":[{"id":5178,"href":"https:\/\/www.gadlee.hk\/de\/wp-json\/wp\/v2\/product\/4725\/revisions\/5178"}],"wp:featuredmedia":[{"embeddable":true,"href":"https:\/\/www.gadlee.hk\/de\/wp-json\/wp\/v2\/media\/4726"}],"wp:attachment":[{"href":"https:\/\/www.gadlee.hk\/de\/wp-json\/wp\/v2\/media?parent=4725"}],"wp:term":[{"taxonomy":"product_brand","embeddable":true,"href":"https:\/\/www.gadlee.hk\/de\/wp-json\/wp\/v2\/product_brand?post=4725"},{"taxonomy":"product_cat","embeddable":true,"href":"https:\/\/www.gadlee.hk\/de\/wp-json\/wp\/v2\/product_cat?post=4725"},{"taxonomy":"product_tag","embeddable":true,"href":"https:\/\/www.gadlee.hk\/de\/wp-json\/wp\/v2\/product_tag?post=4725"}],"curies":[{"name":"wp","href":"https:\/\/api.w.org\/{rel}","templated":true}]}}