{"id":4731,"date":"2025-08-03T10:05:23","date_gmt":"2025-08-03T10:05:23","guid":{"rendered":"https:\/\/gadlee.hk\/?post_type=product&#038;p=4731"},"modified":"2025-10-25T06:08:39","modified_gmt":"2025-10-25T06:08:39","slug":"308-concentrated-flool-cleaner","status":"publish","type":"product","link":"https:\/\/www.gadlee.hk\/de\/produkt\/308-concentrated-flool-cleaner\/","title":{"rendered":"308 Concentrated Floor Cleaner"},"content":{"rendered":"<p>Ein Bodenreiniger, der speziell f\u00fcr die professionelle Reinigung entwickelt wurde. Er bietet eine exzellente Reinigungswirkung, w\u00e4hrend die urspr\u00fcngliche Farbe des Bodens erhalten bleibt. Er ist schaumarm, rutschfest und erfordert kein erneutes Nachsp\u00fclen. Er eignet sich f\u00fcr die professionelle Reinigung in verschiedenen Bereichen wie Hotels, Restaurants und K\u00fcchen.<\/p>","protected":false},"excerpt":{"rendered":"<p>Netto Inhalt: 1 gal \/ 3.78 L<\/p>","protected":false},"featured_media":4732,"template":"","meta":[],"product_brand":[],"product_cat":[153],"product_tag":[],"class_list":{"0":"post-4731","1":"product","2":"type-product","3":"status-publish","4":"has-post-thumbnail","6":"product_cat-degreaser-series","8":"first","9":"instock","10":"shipping-taxable","11":"product-type-simple"},"yoast_head":"<!-- This site is optimized with the Yoast SEO plugin v26.2 - https:\/\/yoast.com\/wordpress\/plugins\/seo\/ -->\n<title>308 Concentrated Floor Cleaner - Gadlee<\/title>\n<meta name=\"description\" content=\"Concentrated formula for daily floor cleaning and long-lasting shine.\" \/>\n<meta name=\"robots\" content=\"index, follow, max-snippet:-1, max-image-preview:large, max-video-preview:-1\" \/>\n<link rel=\"canonical\" href=\"https:\/\/www.gadlee.hk\/de\/produkt\/308-concentrated-flool-cleaner\/\" \/>\n<meta property=\"og:locale\" content=\"de_DE\" \/>\n<meta property=\"og:type\" content=\"article\" \/>\n<meta property=\"og:title\" content=\"308 Concentrated Floor Cleaner - Gadlee\" \/>\n<meta property=\"og:description\" content=\"Concentrated formula for daily floor cleaning and long-lasting shine.\" \/>\n<meta property=\"og:url\" content=\"https:\/\/www.gadlee.hk\/de\/produkt\/308-concentrated-flool-cleaner\/\" \/>\n<meta property=\"og:site_name\" content=\"Gadlee\" \/>\n<meta property=\"article:modified_time\" content=\"2025-10-25T06:08:39+00:00\" \/>\n<meta property=\"og:image\" content=\"https:\/\/www.gadlee.hk\/wp-content\/uploads\/2025\/08\/308-Concentrated-Flool-Cleaner.png\" \/>\n\t<meta property=\"og:image:width\" content=\"1200\" \/>\n\t<meta property=\"og:image:height\" content=\"800\" \/>\n\t<meta property=\"og:image:type\" content=\"image\/png\" \/>\n<meta name=\"twitter:card\" content=\"summary_large_image\" \/>\n<meta name=\"twitter:label1\" content=\"Est. reading time\" \/>\n\t<meta name=\"twitter:data1\" content=\"1 minute\" \/>\n<script type=\"application\/ld+json\" class=\"yoast-schema-graph\">{\"@context\":\"https:\/\/schema.org\",\"@graph\":[{\"@type\":\"WebPage\",\"@id\":\"https:\/\/www.gadlee.hk\/fr\/produit\/308-concentrated-flool-cleaner\/\",\"url\":\"https:\/\/www.gadlee.hk\/fr\/produit\/308-concentrated-flool-cleaner\/\",\"name\":\"308 Concentrated Floor Cleaner - Gadlee\",\"isPartOf\":{\"@id\":\"https:\/\/www.gadlee.hk\/ja\/#website\"},\"primaryImageOfPage\":{\"@id\":\"https:\/\/www.gadlee.hk\/fr\/produit\/308-concentrated-flool-cleaner\/#primaryimage\"},\"image\":{\"@id\":\"https:\/\/www.gadlee.hk\/fr\/produit\/308-concentrated-flool-cleaner\/#primaryimage\"},\"thumbnailUrl\":\"https:\/\/www.gadlee.hk\/wp-content\/uploads\/2025\/08\/308-Concentrated-Flool-Cleaner.png\",\"datePublished\":\"2025-08-03T10:05:23+00:00\",\"dateModified\":\"2025-10-25T06:08:39+00:00\",\"description\":\"Concentrated formula for daily floor cleaning and long-lasting shine.\",\"breadcrumb\":{\"@id\":\"https:\/\/www.gadlee.hk\/fr\/produit\/308-concentrated-flool-cleaner\/#breadcrumb\"},\"inLanguage\":\"de-DE\",\"potentialAction\":[{\"@type\":\"ReadAction\",\"target\":[\"https:\/\/www.gadlee.hk\/fr\/produit\/308-concentrated-flool-cleaner\/\"]}]},{\"@type\":\"ImageObject\",\"inLanguage\":\"de-DE\",\"@id\":\"https:\/\/www.gadlee.hk\/fr\/produit\/308-concentrated-flool-cleaner\/#primaryimage\",\"url\":\"https:\/\/www.gadlee.hk\/wp-content\/uploads\/2025\/08\/308-Concentrated-Flool-Cleaner.png\",\"contentUrl\":\"https:\/\/www.gadlee.hk\/wp-content\/uploads\/2025\/08\/308-Concentrated-Flool-Cleaner.png\",\"width\":1200,\"height\":800},{\"@type\":\"BreadcrumbList\",\"@id\":\"https:\/\/www.gadlee.hk\/fr\/produit\/308-concentrated-flool-cleaner\/#breadcrumb\",\"itemListElement\":[{\"@type\":\"ListItem\",\"position\":1,\"name\":\"Home\",\"item\":\"https:\/\/www.gadlee.hk\/fr\/\"},{\"@type\":\"ListItem\",\"position\":2,\"name\":\"Products\",\"item\":\"https:\/\/www.gadlee.hk\/fr\/boutique\/\"},{\"@type\":\"ListItem\",\"position\":3,\"name\":\"308 Concentrated Floor Cleaner\"}]},{\"@type\":\"WebSite\",\"@id\":\"https:\/\/www.gadlee.hk\/ja\/#website\",\"url\":\"https:\/\/www.gadlee.hk\/ja\/\",\"name\":\"Gadlee\",\"description\":\"Asia&#039;s leading manufacturer of professional cleaning machines\",\"publisher\":{\"@id\":\"https:\/\/www.gadlee.hk\/ja\/#organization\"},\"potentialAction\":[{\"@type\":\"SearchAction\",\"target\":{\"@type\":\"EntryPoint\",\"urlTemplate\":\"https:\/\/www.gadlee.hk\/ja\/?s={search_term_string}\"},\"query-input\":{\"@type\":\"PropertyValueSpecification\",\"valueRequired\":true,\"valueName\":\"search_term_string\"}}],\"inLanguage\":\"de-DE\"},{\"@type\":\"Organization\",\"@id\":\"https:\/\/www.gadlee.hk\/ja\/#organization\",\"name\":\"Gadlee\",\"url\":\"https:\/\/www.gadlee.hk\/ja\/\",\"logo\":{\"@type\":\"ImageObject\",\"inLanguage\":\"de-DE\",\"@id\":\"https:\/\/www.gadlee.hk\/ja\/#\/schema\/logo\/image\/\",\"url\":\"https:\/\/www.gadlee.hk\/wp-content\/uploads\/2025\/06\/logo.png\",\"contentUrl\":\"https:\/\/www.gadlee.hk\/wp-content\/uploads\/2025\/06\/logo.png\",\"width\":1578,\"height\":327,\"caption\":\"Gadlee\"},\"image\":{\"@id\":\"https:\/\/www.gadlee.hk\/ja\/#\/schema\/logo\/image\/\"}}]}<\/script>\n<!-- \/ Yoast SEO plugin. -->","yoast_head_json":{"title":"308 Concentrated Floor Cleaner - Gadlee","description":"Concentrated formula for daily floor cleaning and long-lasting shine.","robots":{"index":"index","follow":"follow","max-snippet":"max-snippet:-1","max-image-preview":"max-image-preview:large","max-video-preview":"max-video-preview:-1"},"canonical":"https:\/\/www.gadlee.hk\/de\/produkt\/308-concentrated-flool-cleaner\/","og_locale":"de_DE","og_type":"article","og_title":"308 Concentrated Floor Cleaner - Gadlee","og_description":"Concentrated formula for daily floor cleaning and long-lasting shine.","og_url":"https:\/\/www.gadlee.hk\/de\/produkt\/308-concentrated-flool-cleaner\/","og_site_name":"Gadlee","article_modified_time":"2025-10-25T06:08:39+00:00","og_image":[{"width":1200,"height":800,"url":"https:\/\/www.gadlee.hk\/wp-content\/uploads\/2025\/08\/308-Concentrated-Flool-Cleaner.png","type":"image\/png"}],"twitter_card":"summary_large_image","twitter_misc":{"Est. reading time":"1 minute"},"schema":{"@context":"https:\/\/schema.org","@graph":[{"@type":"WebPage","@id":"https:\/\/www.gadlee.hk\/fr\/produit\/308-concentrated-flool-cleaner\/","url":"https:\/\/www.gadlee.hk\/fr\/produit\/308-concentrated-flool-cleaner\/","name":"308 Concentrated Floor Cleaner - Gadlee","isPartOf":{"@id":"https:\/\/www.gadlee.hk\/ja\/#website"},"primaryImageOfPage":{"@id":"https:\/\/www.gadlee.hk\/fr\/produit\/308-concentrated-flool-cleaner\/#primaryimage"},"image":{"@id":"https:\/\/www.gadlee.hk\/fr\/produit\/308-concentrated-flool-cleaner\/#primaryimage"},"thumbnailUrl":"https:\/\/www.gadlee.hk\/wp-content\/uploads\/2025\/08\/308-Concentrated-Flool-Cleaner.png","datePublished":"2025-08-03T10:05:23+00:00","dateModified":"2025-10-25T06:08:39+00:00","description":"Concentrated formula for daily floor cleaning and long-lasting shine.","breadcrumb":{"@id":"https:\/\/www.gadlee.hk\/fr\/produit\/308-concentrated-flool-cleaner\/#breadcrumb"},"inLanguage":"de-DE","potentialAction":[{"@type":"ReadAction","target":["https:\/\/www.gadlee.hk\/fr\/produit\/308-concentrated-flool-cleaner\/"]}]},{"@type":"ImageObject","inLanguage":"de-DE","@id":"https:\/\/www.gadlee.hk\/fr\/produit\/308-concentrated-flool-cleaner\/#primaryimage","url":"https:\/\/www.gadlee.hk\/wp-content\/uploads\/2025\/08\/308-Concentrated-Flool-Cleaner.png","contentUrl":"https:\/\/www.gadlee.hk\/wp-content\/uploads\/2025\/08\/308-Concentrated-Flool-Cleaner.png","width":1200,"height":800},{"@type":"BreadcrumbList","@id":"https:\/\/www.gadlee.hk\/fr\/produit\/308-concentrated-flool-cleaner\/#breadcrumb","itemListElement":[{"@type":"ListItem","position":1,"name":"Home","item":"https:\/\/www.gadlee.hk\/fr\/"},{"@type":"ListItem","position":2,"name":"Products","item":"https:\/\/www.gadlee.hk\/fr\/boutique\/"},{"@type":"ListItem","position":3,"name":"308 Concentrated Floor Cleaner"}]},{"@type":"WebSite","@id":"https:\/\/www.gadlee.hk\/ja\/#website","url":"https:\/\/www.gadlee.hk\/ja\/","name":"Gadlee","description":"Asia&#039;s leading manufacturer of professional cleaning machines","publisher":{"@id":"https:\/\/www.gadlee.hk\/ja\/#organization"},"potentialAction":[{"@type":"SearchAction","target":{"@type":"EntryPoint","urlTemplate":"https:\/\/www.gadlee.hk\/ja\/?s={search_term_string}"},"query-input":{"@type":"PropertyValueSpecification","valueRequired":true,"valueName":"search_term_string"}}],"inLanguage":"de-DE"},{"@type":"Organization","@id":"https:\/\/www.gadlee.hk\/ja\/#organization","name":"Gadlee","url":"https:\/\/www.gadlee.hk\/ja\/","logo":{"@type":"ImageObject","inLanguage":"de-DE","@id":"https:\/\/www.gadlee.hk\/ja\/#\/schema\/logo\/image\/","url":"https:\/\/www.gadlee.hk\/wp-content\/uploads\/2025\/06\/logo.png","contentUrl":"https:\/\/www.gadlee.hk\/wp-content\/uploads\/2025\/06\/logo.png","width":1578,"height":327,"caption":"Gadlee"},"image":{"@id":"https:\/\/www.gadlee.hk\/ja\/#\/schema\/logo\/image\/"}}]}},"_links":{"self":[{"href":"https:\/\/www.gadlee.hk\/de\/wp-json\/wp\/v2\/product\/4731","targetHints":{"allow":["GET"]}}],"collection":[{"href":"https:\/\/www.gadlee.hk\/de\/wp-json\/wp\/v2\/product"}],"about":[{"href":"https:\/\/www.gadlee.hk\/de\/wp-json\/wp\/v2\/types\/product"}],"version-history":[{"count":4,"href":"https:\/\/www.gadlee.hk\/de\/wp-json\/wp\/v2\/product\/4731\/revisions"}],"predecessor-version":[{"id":5666,"href":"https:\/\/www.gadlee.hk\/de\/wp-json\/wp\/v2\/product\/4731\/revisions\/5666"}],"wp:featuredmedia":[{"embeddable":true,"href":"https:\/\/www.gadlee.hk\/de\/wp-json\/wp\/v2\/media\/4732"}],"wp:attachment":[{"href":"https:\/\/www.gadlee.hk\/de\/wp-json\/wp\/v2\/media?parent=4731"}],"wp:term":[{"taxonomy":"product_brand","embeddable":true,"href":"https:\/\/www.gadlee.hk\/de\/wp-json\/wp\/v2\/product_brand?post=4731"},{"taxonomy":"product_cat","embeddable":true,"href":"https:\/\/www.gadlee.hk\/de\/wp-json\/wp\/v2\/product_cat?post=4731"},{"taxonomy":"product_tag","embeddable":true,"href":"https:\/\/www.gadlee.hk\/de\/wp-json\/wp\/v2\/product_tag?post=4731"}],"curies":[{"name":"wp","href":"https:\/\/api.w.org\/{rel}","templated":true}]}}