{"id":4751,"date":"2025-08-03T10:10:24","date_gmt":"2025-08-03T10:10:24","guid":{"rendered":"https:\/\/gadlee.hk\/?post_type=product&#038;p=4751"},"modified":"2025-10-25T06:05:39","modified_gmt":"2025-10-25T06:05:39","slug":"s101-strong-industrial-degreaser","status":"publish","type":"product","link":"https:\/\/www.gadlee.hk\/de\/produkt\/s101-strong-industrial-degreaser\/","title":{"rendered":"S101 Starker Industrie-Entfetter"},"content":{"rendered":"<p>Starke Formel zur Entfernung von starkem Schmutz, \u00d6l und Fett, f\u00fcr eine Tiefenreinigung. Schnelle Wirkung zur Aufl\u00f6sung von \u00d6l und Fett. Stabile und effektive Leistung. Sicher und umweltfreundlich.<\/p>","protected":false},"excerpt":{"rendered":"<p>Brauchen Sie Hilfe?<\/p>","protected":false},"featured_media":4752,"template":"","meta":[],"product_brand":[],"product_cat":[153],"product_tag":[],"class_list":{"0":"post-4751","1":"product","2":"type-product","3":"status-publish","4":"has-post-thumbnail","6":"product_cat-degreaser-series","8":"first","9":"instock","10":"shipping-taxable","11":"product-type-simple"},"yoast_head":"<!-- This site is optimized with the Yoast SEO plugin v26.2 - https:\/\/yoast.com\/wordpress\/plugins\/seo\/ -->\n<title>S101 Strong Industrial Degreaser - Gadlee<\/title>\n<meta name=\"description\" content=\"Designed for industrial use, removes oil, grease, and tough grime.\" \/>\n<meta name=\"robots\" content=\"index, follow, max-snippet:-1, max-image-preview:large, max-video-preview:-1\" \/>\n<link rel=\"canonical\" href=\"https:\/\/www.gadlee.hk\/de\/produkt\/s101-strong-industrial-degreaser\/\" \/>\n<meta property=\"og:locale\" content=\"de_DE\" \/>\n<meta property=\"og:type\" content=\"article\" \/>\n<meta property=\"og:title\" content=\"S101 Strong Industrial Degreaser - Gadlee\" \/>\n<meta property=\"og:description\" content=\"Designed for industrial use, removes oil, grease, and tough grime.\" \/>\n<meta property=\"og:url\" content=\"https:\/\/www.gadlee.hk\/de\/produkt\/s101-strong-industrial-degreaser\/\" \/>\n<meta property=\"og:site_name\" content=\"Gadlee\" \/>\n<meta property=\"article:modified_time\" content=\"2025-10-25T06:05:39+00:00\" \/>\n<meta property=\"og:image\" content=\"https:\/\/www.gadlee.hk\/wp-content\/uploads\/2025\/08\/S101-Strong-Industrial-Degreaser.png\" \/>\n\t<meta property=\"og:image:width\" content=\"1200\" \/>\n\t<meta property=\"og:image:height\" content=\"800\" \/>\n\t<meta property=\"og:image:type\" content=\"image\/png\" \/>\n<meta name=\"twitter:card\" content=\"summary_large_image\" \/>\n<meta name=\"twitter:label1\" content=\"Est. reading time\" \/>\n\t<meta name=\"twitter:data1\" content=\"1 minute\" \/>\n<script type=\"application\/ld+json\" class=\"yoast-schema-graph\">{\"@context\":\"https:\/\/schema.org\",\"@graph\":[{\"@type\":\"WebPage\",\"@id\":\"https:\/\/www.gadlee.hk\/zh-hk\/product\/s101-strong-industrial-degreaser\/\",\"url\":\"https:\/\/www.gadlee.hk\/zh-hk\/product\/s101-strong-industrial-degreaser\/\",\"name\":\"S101 Strong Industrial Degreaser - Gadlee\",\"isPartOf\":{\"@id\":\"https:\/\/www.gadlee.hk\/ja\/#website\"},\"primaryImageOfPage\":{\"@id\":\"https:\/\/www.gadlee.hk\/zh-hk\/product\/s101-strong-industrial-degreaser\/#primaryimage\"},\"image\":{\"@id\":\"https:\/\/www.gadlee.hk\/zh-hk\/product\/s101-strong-industrial-degreaser\/#primaryimage\"},\"thumbnailUrl\":\"https:\/\/www.gadlee.hk\/wp-content\/uploads\/2025\/08\/S101-Strong-Industrial-Degreaser.png\",\"datePublished\":\"2025-08-03T10:10:24+00:00\",\"dateModified\":\"2025-10-25T06:05:39+00:00\",\"description\":\"Designed for industrial use, removes oil, grease, and tough grime.\",\"breadcrumb\":{\"@id\":\"https:\/\/www.gadlee.hk\/zh-hk\/product\/s101-strong-industrial-degreaser\/#breadcrumb\"},\"inLanguage\":\"de-DE\",\"potentialAction\":[{\"@type\":\"ReadAction\",\"target\":[\"https:\/\/www.gadlee.hk\/zh-hk\/product\/s101-strong-industrial-degreaser\/\"]}]},{\"@type\":\"ImageObject\",\"inLanguage\":\"de-DE\",\"@id\":\"https:\/\/www.gadlee.hk\/zh-hk\/product\/s101-strong-industrial-degreaser\/#primaryimage\",\"url\":\"https:\/\/www.gadlee.hk\/wp-content\/uploads\/2025\/08\/S101-Strong-Industrial-Degreaser.png\",\"contentUrl\":\"https:\/\/www.gadlee.hk\/wp-content\/uploads\/2025\/08\/S101-Strong-Industrial-Degreaser.png\",\"width\":1200,\"height\":800},{\"@type\":\"BreadcrumbList\",\"@id\":\"https:\/\/www.gadlee.hk\/zh-hk\/product\/s101-strong-industrial-degreaser\/#breadcrumb\",\"itemListElement\":[{\"@type\":\"ListItem\",\"position\":1,\"name\":\"Home\",\"item\":\"https:\/\/www.gadlee.hk\/fr\/\"},{\"@type\":\"ListItem\",\"position\":2,\"name\":\"Products\",\"item\":\"https:\/\/www.gadlee.hk\/fr\/boutique\/\"},{\"@type\":\"ListItem\",\"position\":3,\"name\":\"S101 Strong Industrial Degreaser\"}]},{\"@type\":\"WebSite\",\"@id\":\"https:\/\/www.gadlee.hk\/ja\/#website\",\"url\":\"https:\/\/www.gadlee.hk\/ja\/\",\"name\":\"Gadlee\",\"description\":\"Asia&#039;s leading manufacturer of professional cleaning machines\",\"publisher\":{\"@id\":\"https:\/\/www.gadlee.hk\/ja\/#organization\"},\"potentialAction\":[{\"@type\":\"SearchAction\",\"target\":{\"@type\":\"EntryPoint\",\"urlTemplate\":\"https:\/\/www.gadlee.hk\/ja\/?s={search_term_string}\"},\"query-input\":{\"@type\":\"PropertyValueSpecification\",\"valueRequired\":true,\"valueName\":\"search_term_string\"}}],\"inLanguage\":\"de-DE\"},{\"@type\":\"Organization\",\"@id\":\"https:\/\/www.gadlee.hk\/ja\/#organization\",\"name\":\"Gadlee\",\"url\":\"https:\/\/www.gadlee.hk\/ja\/\",\"logo\":{\"@type\":\"ImageObject\",\"inLanguage\":\"de-DE\",\"@id\":\"https:\/\/www.gadlee.hk\/ja\/#\/schema\/logo\/image\/\",\"url\":\"https:\/\/www.gadlee.hk\/wp-content\/uploads\/2025\/06\/logo.png\",\"contentUrl\":\"https:\/\/www.gadlee.hk\/wp-content\/uploads\/2025\/06\/logo.png\",\"width\":1578,\"height\":327,\"caption\":\"Gadlee\"},\"image\":{\"@id\":\"https:\/\/www.gadlee.hk\/ja\/#\/schema\/logo\/image\/\"}}]}<\/script>\n<!-- \/ Yoast SEO plugin. -->","yoast_head_json":{"title":"S101 Strong Industrial Degreaser - Gadlee","description":"Designed for industrial use, removes oil, grease, and tough grime.","robots":{"index":"index","follow":"follow","max-snippet":"max-snippet:-1","max-image-preview":"max-image-preview:large","max-video-preview":"max-video-preview:-1"},"canonical":"https:\/\/www.gadlee.hk\/de\/produkt\/s101-strong-industrial-degreaser\/","og_locale":"de_DE","og_type":"article","og_title":"S101 Strong Industrial Degreaser - Gadlee","og_description":"Designed for industrial use, removes oil, grease, and tough grime.","og_url":"https:\/\/www.gadlee.hk\/de\/produkt\/s101-strong-industrial-degreaser\/","og_site_name":"Gadlee","article_modified_time":"2025-10-25T06:05:39+00:00","og_image":[{"width":1200,"height":800,"url":"https:\/\/www.gadlee.hk\/wp-content\/uploads\/2025\/08\/S101-Strong-Industrial-Degreaser.png","type":"image\/png"}],"twitter_card":"summary_large_image","twitter_misc":{"Est. reading time":"1 minute"},"schema":{"@context":"https:\/\/schema.org","@graph":[{"@type":"WebPage","@id":"https:\/\/www.gadlee.hk\/zh-hk\/product\/s101-strong-industrial-degreaser\/","url":"https:\/\/www.gadlee.hk\/zh-hk\/product\/s101-strong-industrial-degreaser\/","name":"S101 Strong Industrial Degreaser - Gadlee","isPartOf":{"@id":"https:\/\/www.gadlee.hk\/ja\/#website"},"primaryImageOfPage":{"@id":"https:\/\/www.gadlee.hk\/zh-hk\/product\/s101-strong-industrial-degreaser\/#primaryimage"},"image":{"@id":"https:\/\/www.gadlee.hk\/zh-hk\/product\/s101-strong-industrial-degreaser\/#primaryimage"},"thumbnailUrl":"https:\/\/www.gadlee.hk\/wp-content\/uploads\/2025\/08\/S101-Strong-Industrial-Degreaser.png","datePublished":"2025-08-03T10:10:24+00:00","dateModified":"2025-10-25T06:05:39+00:00","description":"Designed for industrial use, removes oil, grease, and tough grime.","breadcrumb":{"@id":"https:\/\/www.gadlee.hk\/zh-hk\/product\/s101-strong-industrial-degreaser\/#breadcrumb"},"inLanguage":"de-DE","potentialAction":[{"@type":"ReadAction","target":["https:\/\/www.gadlee.hk\/zh-hk\/product\/s101-strong-industrial-degreaser\/"]}]},{"@type":"ImageObject","inLanguage":"de-DE","@id":"https:\/\/www.gadlee.hk\/zh-hk\/product\/s101-strong-industrial-degreaser\/#primaryimage","url":"https:\/\/www.gadlee.hk\/wp-content\/uploads\/2025\/08\/S101-Strong-Industrial-Degreaser.png","contentUrl":"https:\/\/www.gadlee.hk\/wp-content\/uploads\/2025\/08\/S101-Strong-Industrial-Degreaser.png","width":1200,"height":800},{"@type":"BreadcrumbList","@id":"https:\/\/www.gadlee.hk\/zh-hk\/product\/s101-strong-industrial-degreaser\/#breadcrumb","itemListElement":[{"@type":"ListItem","position":1,"name":"Home","item":"https:\/\/www.gadlee.hk\/fr\/"},{"@type":"ListItem","position":2,"name":"Products","item":"https:\/\/www.gadlee.hk\/fr\/boutique\/"},{"@type":"ListItem","position":3,"name":"S101 Strong Industrial Degreaser"}]},{"@type":"WebSite","@id":"https:\/\/www.gadlee.hk\/ja\/#website","url":"https:\/\/www.gadlee.hk\/ja\/","name":"Gadlee","description":"Asia&#039;s leading manufacturer of professional cleaning machines","publisher":{"@id":"https:\/\/www.gadlee.hk\/ja\/#organization"},"potentialAction":[{"@type":"SearchAction","target":{"@type":"EntryPoint","urlTemplate":"https:\/\/www.gadlee.hk\/ja\/?s={search_term_string}"},"query-input":{"@type":"PropertyValueSpecification","valueRequired":true,"valueName":"search_term_string"}}],"inLanguage":"de-DE"},{"@type":"Organization","@id":"https:\/\/www.gadlee.hk\/ja\/#organization","name":"Gadlee","url":"https:\/\/www.gadlee.hk\/ja\/","logo":{"@type":"ImageObject","inLanguage":"de-DE","@id":"https:\/\/www.gadlee.hk\/ja\/#\/schema\/logo\/image\/","url":"https:\/\/www.gadlee.hk\/wp-content\/uploads\/2025\/06\/logo.png","contentUrl":"https:\/\/www.gadlee.hk\/wp-content\/uploads\/2025\/06\/logo.png","width":1578,"height":327,"caption":"Gadlee"},"image":{"@id":"https:\/\/www.gadlee.hk\/ja\/#\/schema\/logo\/image\/"}}]}},"_links":{"self":[{"href":"https:\/\/www.gadlee.hk\/de\/wp-json\/wp\/v2\/product\/4751","targetHints":{"allow":["GET"]}}],"collection":[{"href":"https:\/\/www.gadlee.hk\/de\/wp-json\/wp\/v2\/product"}],"about":[{"href":"https:\/\/www.gadlee.hk\/de\/wp-json\/wp\/v2\/types\/product"}],"version-history":[{"count":1,"href":"https:\/\/www.gadlee.hk\/de\/wp-json\/wp\/v2\/product\/4751\/revisions"}],"predecessor-version":[{"id":4756,"href":"https:\/\/www.gadlee.hk\/de\/wp-json\/wp\/v2\/product\/4751\/revisions\/4756"}],"wp:featuredmedia":[{"embeddable":true,"href":"https:\/\/www.gadlee.hk\/de\/wp-json\/wp\/v2\/media\/4752"}],"wp:attachment":[{"href":"https:\/\/www.gadlee.hk\/de\/wp-json\/wp\/v2\/media?parent=4751"}],"wp:term":[{"taxonomy":"product_brand","embeddable":true,"href":"https:\/\/www.gadlee.hk\/de\/wp-json\/wp\/v2\/product_brand?post=4751"},{"taxonomy":"product_cat","embeddable":true,"href":"https:\/\/www.gadlee.hk\/de\/wp-json\/wp\/v2\/product_cat?post=4751"},{"taxonomy":"product_tag","embeddable":true,"href":"https:\/\/www.gadlee.hk\/de\/wp-json\/wp\/v2\/product_tag?post=4751"}],"curies":[{"name":"wp","href":"https:\/\/api.w.org\/{rel}","templated":true}]}}