{"id":4817,"date":"2025-08-03T14:52:28","date_gmt":"2025-08-03T14:52:28","guid":{"rendered":"https:\/\/gadlee.hk\/?post_type=product&#038;p=4817"},"modified":"2025-10-25T04:11:16","modified_gmt":"2025-10-25T04:11:16","slug":"805-behandlung-von-statischem-staub","status":"publish","type":"product","link":"https:\/\/www.gadlee.hk\/de\/produkt\/805-behandlung-von-statischem-staub\/","title":{"rendered":"805 Statische Staubbehandlung"},"content":{"rendered":"<p>Spr\u00fchen Sie ein wenig Static Dust Treatment auf den Wischmopp und sehen Sie, wie er den Staub wie ein Magnet aufnimmt und festh\u00e4lt. Es ist schnelltrocknend, aber nicht rutschig und nimmt Staub schnell von allen Oberfl\u00e4chen auf. Ideal f\u00fcr die Pflege aller Arten von Bodenbel\u00e4gen: Holz, Vinyl, Terrazzo, Beton, Steinfliesen und synthetische Sportb\u00f6den.<\/p>","protected":false},"excerpt":{"rendered":"<p>Netto Inhalt: 1 \u00d7 1 gal \/ 3,78 L<\/p>","protected":false},"featured_media":4818,"template":"","meta":[],"product_brand":[],"product_cat":[157],"product_tag":[],"class_list":{"0":"post-4817","1":"product","2":"type-product","3":"status-publish","4":"has-post-thumbnail","6":"product_cat-special-cleaning-series","8":"first","9":"instock","10":"shipping-taxable","11":"product-type-simple"},"yoast_head":"<!-- This site is optimized with the Yoast SEO plugin v26.2 - https:\/\/yoast.com\/wordpress\/plugins\/seo\/ -->\n<title>805 Static Dust Treatment - Gadlee<\/title>\n<meta name=\"description\" content=\"Reduces static buildup and controls dust on electronic and hard surfaces.\" \/>\n<meta name=\"robots\" content=\"index, follow, max-snippet:-1, max-image-preview:large, max-video-preview:-1\" \/>\n<link rel=\"canonical\" href=\"https:\/\/www.gadlee.hk\/de\/produkt\/805-behandlung-von-statischem-staub\/\" \/>\n<meta property=\"og:locale\" content=\"de_DE\" \/>\n<meta property=\"og:type\" content=\"article\" \/>\n<meta property=\"og:title\" content=\"805 Static Dust Treatment - Gadlee\" \/>\n<meta property=\"og:description\" content=\"Reduces static buildup and controls dust on electronic and hard surfaces.\" \/>\n<meta property=\"og:url\" content=\"https:\/\/www.gadlee.hk\/de\/produkt\/805-behandlung-von-statischem-staub\/\" \/>\n<meta property=\"og:site_name\" content=\"Gadlee\" \/>\n<meta property=\"article:modified_time\" content=\"2025-10-25T04:11:16+00:00\" \/>\n<meta property=\"og:image\" content=\"https:\/\/www.gadlee.hk\/wp-content\/uploads\/2025\/08\/805-Static-Dust-Treatment.png\" \/>\n\t<meta property=\"og:image:width\" content=\"1200\" \/>\n\t<meta property=\"og:image:height\" content=\"800\" \/>\n\t<meta property=\"og:image:type\" content=\"image\/png\" \/>\n<meta name=\"twitter:card\" content=\"summary_large_image\" \/>\n<meta name=\"twitter:label1\" content=\"Est. reading time\" \/>\n\t<meta name=\"twitter:data1\" content=\"1 minute\" \/>\n<script type=\"application\/ld+json\" class=\"yoast-schema-graph\">{\"@context\":\"https:\/\/schema.org\",\"@graph\":[{\"@type\":\"WebPage\",\"@id\":\"https:\/\/www.gadlee.hk\/ja\/product\/805-static-dust-treatment\/\",\"url\":\"https:\/\/www.gadlee.hk\/ja\/product\/805-static-dust-treatment\/\",\"name\":\"805 Static Dust Treatment - Gadlee\",\"isPartOf\":{\"@id\":\"https:\/\/www.gadlee.hk\/ja\/#website\"},\"primaryImageOfPage\":{\"@id\":\"https:\/\/www.gadlee.hk\/ja\/product\/805-static-dust-treatment\/#primaryimage\"},\"image\":{\"@id\":\"https:\/\/www.gadlee.hk\/ja\/product\/805-static-dust-treatment\/#primaryimage\"},\"thumbnailUrl\":\"https:\/\/www.gadlee.hk\/wp-content\/uploads\/2025\/08\/805-Static-Dust-Treatment.png\",\"datePublished\":\"2025-08-03T14:52:28+00:00\",\"dateModified\":\"2025-10-25T04:11:16+00:00\",\"description\":\"Reduces static buildup and controls dust on electronic and hard surfaces.\",\"breadcrumb\":{\"@id\":\"https:\/\/www.gadlee.hk\/ja\/product\/805-static-dust-treatment\/#breadcrumb\"},\"inLanguage\":\"de-DE\",\"potentialAction\":[{\"@type\":\"ReadAction\",\"target\":[\"https:\/\/www.gadlee.hk\/ja\/product\/805-static-dust-treatment\/\"]}]},{\"@type\":\"ImageObject\",\"inLanguage\":\"de-DE\",\"@id\":\"https:\/\/www.gadlee.hk\/ja\/product\/805-static-dust-treatment\/#primaryimage\",\"url\":\"https:\/\/www.gadlee.hk\/wp-content\/uploads\/2025\/08\/805-Static-Dust-Treatment.png\",\"contentUrl\":\"https:\/\/www.gadlee.hk\/wp-content\/uploads\/2025\/08\/805-Static-Dust-Treatment.png\",\"width\":1200,\"height\":800},{\"@type\":\"BreadcrumbList\",\"@id\":\"https:\/\/www.gadlee.hk\/ja\/product\/805-static-dust-treatment\/#breadcrumb\",\"itemListElement\":[{\"@type\":\"ListItem\",\"position\":1,\"name\":\"Home\",\"item\":\"https:\/\/www.gadlee.hk\/fr\/\"},{\"@type\":\"ListItem\",\"position\":2,\"name\":\"Products\",\"item\":\"https:\/\/www.gadlee.hk\/fr\/boutique\/\"},{\"@type\":\"ListItem\",\"position\":3,\"name\":\"805 Static Dust Treatment\"}]},{\"@type\":\"WebSite\",\"@id\":\"https:\/\/www.gadlee.hk\/ja\/#website\",\"url\":\"https:\/\/www.gadlee.hk\/ja\/\",\"name\":\"Gadlee\",\"description\":\"Asia&#039;s leading manufacturer of professional cleaning machines\",\"publisher\":{\"@id\":\"https:\/\/www.gadlee.hk\/ja\/#organization\"},\"potentialAction\":[{\"@type\":\"SearchAction\",\"target\":{\"@type\":\"EntryPoint\",\"urlTemplate\":\"https:\/\/www.gadlee.hk\/ja\/?s={search_term_string}\"},\"query-input\":{\"@type\":\"PropertyValueSpecification\",\"valueRequired\":true,\"valueName\":\"search_term_string\"}}],\"inLanguage\":\"de-DE\"},{\"@type\":\"Organization\",\"@id\":\"https:\/\/www.gadlee.hk\/ja\/#organization\",\"name\":\"Gadlee\",\"url\":\"https:\/\/www.gadlee.hk\/ja\/\",\"logo\":{\"@type\":\"ImageObject\",\"inLanguage\":\"de-DE\",\"@id\":\"https:\/\/www.gadlee.hk\/ja\/#\/schema\/logo\/image\/\",\"url\":\"https:\/\/www.gadlee.hk\/wp-content\/uploads\/2025\/06\/logo.png\",\"contentUrl\":\"https:\/\/www.gadlee.hk\/wp-content\/uploads\/2025\/06\/logo.png\",\"width\":1578,\"height\":327,\"caption\":\"Gadlee\"},\"image\":{\"@id\":\"https:\/\/www.gadlee.hk\/ja\/#\/schema\/logo\/image\/\"}}]}<\/script>\n<!-- \/ Yoast SEO plugin. -->","yoast_head_json":{"title":"805 Static Dust Treatment - Gadlee","description":"Reduces static buildup and controls dust on electronic and hard surfaces.","robots":{"index":"index","follow":"follow","max-snippet":"max-snippet:-1","max-image-preview":"max-image-preview:large","max-video-preview":"max-video-preview:-1"},"canonical":"https:\/\/www.gadlee.hk\/de\/produkt\/805-behandlung-von-statischem-staub\/","og_locale":"de_DE","og_type":"article","og_title":"805 Static Dust Treatment - Gadlee","og_description":"Reduces static buildup and controls dust on electronic and hard surfaces.","og_url":"https:\/\/www.gadlee.hk\/de\/produkt\/805-behandlung-von-statischem-staub\/","og_site_name":"Gadlee","article_modified_time":"2025-10-25T04:11:16+00:00","og_image":[{"width":1200,"height":800,"url":"https:\/\/www.gadlee.hk\/wp-content\/uploads\/2025\/08\/805-Static-Dust-Treatment.png","type":"image\/png"}],"twitter_card":"summary_large_image","twitter_misc":{"Est. reading time":"1 minute"},"schema":{"@context":"https:\/\/schema.org","@graph":[{"@type":"WebPage","@id":"https:\/\/www.gadlee.hk\/ja\/product\/805-static-dust-treatment\/","url":"https:\/\/www.gadlee.hk\/ja\/product\/805-static-dust-treatment\/","name":"805 Static Dust Treatment - Gadlee","isPartOf":{"@id":"https:\/\/www.gadlee.hk\/ja\/#website"},"primaryImageOfPage":{"@id":"https:\/\/www.gadlee.hk\/ja\/product\/805-static-dust-treatment\/#primaryimage"},"image":{"@id":"https:\/\/www.gadlee.hk\/ja\/product\/805-static-dust-treatment\/#primaryimage"},"thumbnailUrl":"https:\/\/www.gadlee.hk\/wp-content\/uploads\/2025\/08\/805-Static-Dust-Treatment.png","datePublished":"2025-08-03T14:52:28+00:00","dateModified":"2025-10-25T04:11:16+00:00","description":"Reduces static buildup and controls dust on electronic and hard surfaces.","breadcrumb":{"@id":"https:\/\/www.gadlee.hk\/ja\/product\/805-static-dust-treatment\/#breadcrumb"},"inLanguage":"de-DE","potentialAction":[{"@type":"ReadAction","target":["https:\/\/www.gadlee.hk\/ja\/product\/805-static-dust-treatment\/"]}]},{"@type":"ImageObject","inLanguage":"de-DE","@id":"https:\/\/www.gadlee.hk\/ja\/product\/805-static-dust-treatment\/#primaryimage","url":"https:\/\/www.gadlee.hk\/wp-content\/uploads\/2025\/08\/805-Static-Dust-Treatment.png","contentUrl":"https:\/\/www.gadlee.hk\/wp-content\/uploads\/2025\/08\/805-Static-Dust-Treatment.png","width":1200,"height":800},{"@type":"BreadcrumbList","@id":"https:\/\/www.gadlee.hk\/ja\/product\/805-static-dust-treatment\/#breadcrumb","itemListElement":[{"@type":"ListItem","position":1,"name":"Home","item":"https:\/\/www.gadlee.hk\/fr\/"},{"@type":"ListItem","position":2,"name":"Products","item":"https:\/\/www.gadlee.hk\/fr\/boutique\/"},{"@type":"ListItem","position":3,"name":"805 Static Dust Treatment"}]},{"@type":"WebSite","@id":"https:\/\/www.gadlee.hk\/ja\/#website","url":"https:\/\/www.gadlee.hk\/ja\/","name":"Gadlee","description":"Asia&#039;s leading manufacturer of professional cleaning machines","publisher":{"@id":"https:\/\/www.gadlee.hk\/ja\/#organization"},"potentialAction":[{"@type":"SearchAction","target":{"@type":"EntryPoint","urlTemplate":"https:\/\/www.gadlee.hk\/ja\/?s={search_term_string}"},"query-input":{"@type":"PropertyValueSpecification","valueRequired":true,"valueName":"search_term_string"}}],"inLanguage":"de-DE"},{"@type":"Organization","@id":"https:\/\/www.gadlee.hk\/ja\/#organization","name":"Gadlee","url":"https:\/\/www.gadlee.hk\/ja\/","logo":{"@type":"ImageObject","inLanguage":"de-DE","@id":"https:\/\/www.gadlee.hk\/ja\/#\/schema\/logo\/image\/","url":"https:\/\/www.gadlee.hk\/wp-content\/uploads\/2025\/06\/logo.png","contentUrl":"https:\/\/www.gadlee.hk\/wp-content\/uploads\/2025\/06\/logo.png","width":1578,"height":327,"caption":"Gadlee"},"image":{"@id":"https:\/\/www.gadlee.hk\/ja\/#\/schema\/logo\/image\/"}}]}},"_links":{"self":[{"href":"https:\/\/www.gadlee.hk\/de\/wp-json\/wp\/v2\/product\/4817","targetHints":{"allow":["GET"]}}],"collection":[{"href":"https:\/\/www.gadlee.hk\/de\/wp-json\/wp\/v2\/product"}],"about":[{"href":"https:\/\/www.gadlee.hk\/de\/wp-json\/wp\/v2\/types\/product"}],"version-history":[{"count":2,"href":"https:\/\/www.gadlee.hk\/de\/wp-json\/wp\/v2\/product\/4817\/revisions"}],"predecessor-version":[{"id":5190,"href":"https:\/\/www.gadlee.hk\/de\/wp-json\/wp\/v2\/product\/4817\/revisions\/5190"}],"wp:featuredmedia":[{"embeddable":true,"href":"https:\/\/www.gadlee.hk\/de\/wp-json\/wp\/v2\/media\/4818"}],"wp:attachment":[{"href":"https:\/\/www.gadlee.hk\/de\/wp-json\/wp\/v2\/media?parent=4817"}],"wp:term":[{"taxonomy":"product_brand","embeddable":true,"href":"https:\/\/www.gadlee.hk\/de\/wp-json\/wp\/v2\/product_brand?post=4817"},{"taxonomy":"product_cat","embeddable":true,"href":"https:\/\/www.gadlee.hk\/de\/wp-json\/wp\/v2\/product_cat?post=4817"},{"taxonomy":"product_tag","embeddable":true,"href":"https:\/\/www.gadlee.hk\/de\/wp-json\/wp\/v2\/product_tag?post=4817"}],"curies":[{"name":"wp","href":"https:\/\/api.w.org\/{rel}","templated":true}]}}