{"id":4846,"date":"2025-08-03T15:09:41","date_gmt":"2025-08-03T15:09:41","guid":{"rendered":"https:\/\/gadlee.hk\/?post_type=product&#038;p=4846"},"modified":"2025-10-25T04:10:24","modified_gmt":"2025-10-25T04:10:24","slug":"902-naturlicher-geruchsneutralisator","status":"publish","type":"product","link":"https:\/\/www.gadlee.hk\/de\/produkt\/902-naturlicher-geruchsneutralisator\/","title":{"rendered":"902 Nat\u00fcrlicher Geruchsneutralisator"},"content":{"rendered":"<p>Natural Odour Neutralizer Spray beseitigt und reduziert Ger\u00fcche in der Luft, indem es Geruchsmolek\u00fcle in geruchsneutrale Verbindungen umwandelt Die nat\u00fcrliche und organische Formel dieses Produkts enth\u00e4lt Extrakte aus einer Vielzahl von Pflanzen, darunter Minze, Orange, Zitronengras, Sandelholz, Ylangylang, etc. \u00c4u\u00dferst sicher in der Anwendung und ungiftig.<\/p>","protected":false},"excerpt":{"rendered":"<p>Netto Inhalt: 650 mL \/ 0.17 gal<br \/>\nNetto Inhalt: 1 gal \/ 3.78 L<\/p>","protected":false},"featured_media":4847,"template":"","meta":[],"product_brand":[],"product_cat":[158],"product_tag":[],"class_list":{"0":"post-4846","1":"product","2":"type-product","3":"status-publish","4":"has-post-thumbnail","6":"product_cat-odour-control-series","8":"first","9":"instock","10":"shipping-taxable","11":"product-type-simple"},"yoast_head":"<!-- This site is optimized with the Yoast SEO plugin v26.2 - https:\/\/yoast.com\/wordpress\/plugins\/seo\/ -->\n<title>902 Natural Odour Neutralizer - Gadlee<\/title>\n<meta name=\"description\" content=\"Neutralizes odours naturally without masking scents.\" \/>\n<meta name=\"robots\" content=\"index, follow, max-snippet:-1, max-image-preview:large, max-video-preview:-1\" \/>\n<link rel=\"canonical\" href=\"https:\/\/www.gadlee.hk\/de\/produkt\/902-naturlicher-geruchsneutralisator\/\" \/>\n<meta property=\"og:locale\" content=\"de_DE\" \/>\n<meta property=\"og:type\" content=\"article\" \/>\n<meta property=\"og:title\" content=\"902 Natural Odour Neutralizer - Gadlee\" \/>\n<meta property=\"og:description\" content=\"Neutralizes odours naturally without masking scents.\" \/>\n<meta property=\"og:url\" content=\"https:\/\/www.gadlee.hk\/de\/produkt\/902-naturlicher-geruchsneutralisator\/\" \/>\n<meta property=\"og:site_name\" content=\"Gadlee\" \/>\n<meta property=\"article:modified_time\" content=\"2025-10-25T04:10:24+00:00\" \/>\n<meta property=\"og:image\" content=\"https:\/\/www.gadlee.hk\/wp-content\/uploads\/2025\/08\/902-Natural-Odour-Neutralizer-650.png\" \/>\n\t<meta property=\"og:image:width\" content=\"1200\" \/>\n\t<meta property=\"og:image:height\" content=\"800\" \/>\n\t<meta property=\"og:image:type\" content=\"image\/png\" \/>\n<meta name=\"twitter:card\" content=\"summary_large_image\" \/>\n<meta name=\"twitter:label1\" content=\"Est. reading time\" \/>\n\t<meta name=\"twitter:data1\" content=\"1 minute\" \/>\n<script type=\"application\/ld+json\" class=\"yoast-schema-graph\">{\"@context\":\"https:\/\/schema.org\",\"@graph\":[{\"@type\":\"WebPage\",\"@id\":\"https:\/\/www.gadlee.hk\/es\/producto\/902-natural-odour-neutralizer\/\",\"url\":\"https:\/\/www.gadlee.hk\/es\/producto\/902-natural-odour-neutralizer\/\",\"name\":\"902 Natural Odour Neutralizer - Gadlee\",\"isPartOf\":{\"@id\":\"https:\/\/www.gadlee.hk\/ja\/#website\"},\"primaryImageOfPage\":{\"@id\":\"https:\/\/www.gadlee.hk\/es\/producto\/902-natural-odour-neutralizer\/#primaryimage\"},\"image\":{\"@id\":\"https:\/\/www.gadlee.hk\/es\/producto\/902-natural-odour-neutralizer\/#primaryimage\"},\"thumbnailUrl\":\"https:\/\/www.gadlee.hk\/wp-content\/uploads\/2025\/08\/902-Natural-Odour-Neutralizer-650.png\",\"datePublished\":\"2025-08-03T15:09:41+00:00\",\"dateModified\":\"2025-10-25T04:10:24+00:00\",\"description\":\"Neutralizes odours naturally without masking scents.\",\"breadcrumb\":{\"@id\":\"https:\/\/www.gadlee.hk\/es\/producto\/902-natural-odour-neutralizer\/#breadcrumb\"},\"inLanguage\":\"de-DE\",\"potentialAction\":[{\"@type\":\"ReadAction\",\"target\":[\"https:\/\/www.gadlee.hk\/es\/producto\/902-natural-odour-neutralizer\/\"]}]},{\"@type\":\"ImageObject\",\"inLanguage\":\"de-DE\",\"@id\":\"https:\/\/www.gadlee.hk\/es\/producto\/902-natural-odour-neutralizer\/#primaryimage\",\"url\":\"https:\/\/www.gadlee.hk\/wp-content\/uploads\/2025\/08\/902-Natural-Odour-Neutralizer-650.png\",\"contentUrl\":\"https:\/\/www.gadlee.hk\/wp-content\/uploads\/2025\/08\/902-Natural-Odour-Neutralizer-650.png\",\"width\":1200,\"height\":800},{\"@type\":\"BreadcrumbList\",\"@id\":\"https:\/\/www.gadlee.hk\/es\/producto\/902-natural-odour-neutralizer\/#breadcrumb\",\"itemListElement\":[{\"@type\":\"ListItem\",\"position\":1,\"name\":\"Home\",\"item\":\"https:\/\/www.gadlee.hk\/fr\/\"},{\"@type\":\"ListItem\",\"position\":2,\"name\":\"Products\",\"item\":\"https:\/\/www.gadlee.hk\/fr\/boutique\/\"},{\"@type\":\"ListItem\",\"position\":3,\"name\":\"902 Natural Odour Neutralizer\"}]},{\"@type\":\"WebSite\",\"@id\":\"https:\/\/www.gadlee.hk\/ja\/#website\",\"url\":\"https:\/\/www.gadlee.hk\/ja\/\",\"name\":\"Gadlee\",\"description\":\"Asia&#039;s leading manufacturer of professional cleaning machines\",\"publisher\":{\"@id\":\"https:\/\/www.gadlee.hk\/ja\/#organization\"},\"potentialAction\":[{\"@type\":\"SearchAction\",\"target\":{\"@type\":\"EntryPoint\",\"urlTemplate\":\"https:\/\/www.gadlee.hk\/ja\/?s={search_term_string}\"},\"query-input\":{\"@type\":\"PropertyValueSpecification\",\"valueRequired\":true,\"valueName\":\"search_term_string\"}}],\"inLanguage\":\"de-DE\"},{\"@type\":\"Organization\",\"@id\":\"https:\/\/www.gadlee.hk\/ja\/#organization\",\"name\":\"Gadlee\",\"url\":\"https:\/\/www.gadlee.hk\/ja\/\",\"logo\":{\"@type\":\"ImageObject\",\"inLanguage\":\"de-DE\",\"@id\":\"https:\/\/www.gadlee.hk\/ja\/#\/schema\/logo\/image\/\",\"url\":\"https:\/\/www.gadlee.hk\/wp-content\/uploads\/2025\/06\/logo.png\",\"contentUrl\":\"https:\/\/www.gadlee.hk\/wp-content\/uploads\/2025\/06\/logo.png\",\"width\":1578,\"height\":327,\"caption\":\"Gadlee\"},\"image\":{\"@id\":\"https:\/\/www.gadlee.hk\/ja\/#\/schema\/logo\/image\/\"}}]}<\/script>\n<!-- \/ Yoast SEO plugin. -->","yoast_head_json":{"title":"902 Natural Odour Neutralizer - Gadlee","description":"Neutralizes odours naturally without masking scents.","robots":{"index":"index","follow":"follow","max-snippet":"max-snippet:-1","max-image-preview":"max-image-preview:large","max-video-preview":"max-video-preview:-1"},"canonical":"https:\/\/www.gadlee.hk\/de\/produkt\/902-naturlicher-geruchsneutralisator\/","og_locale":"de_DE","og_type":"article","og_title":"902 Natural Odour Neutralizer - Gadlee","og_description":"Neutralizes odours naturally without masking scents.","og_url":"https:\/\/www.gadlee.hk\/de\/produkt\/902-naturlicher-geruchsneutralisator\/","og_site_name":"Gadlee","article_modified_time":"2025-10-25T04:10:24+00:00","og_image":[{"width":1200,"height":800,"url":"https:\/\/www.gadlee.hk\/wp-content\/uploads\/2025\/08\/902-Natural-Odour-Neutralizer-650.png","type":"image\/png"}],"twitter_card":"summary_large_image","twitter_misc":{"Est. reading time":"1 minute"},"schema":{"@context":"https:\/\/schema.org","@graph":[{"@type":"WebPage","@id":"https:\/\/www.gadlee.hk\/es\/producto\/902-natural-odour-neutralizer\/","url":"https:\/\/www.gadlee.hk\/es\/producto\/902-natural-odour-neutralizer\/","name":"902 Natural Odour Neutralizer - Gadlee","isPartOf":{"@id":"https:\/\/www.gadlee.hk\/ja\/#website"},"primaryImageOfPage":{"@id":"https:\/\/www.gadlee.hk\/es\/producto\/902-natural-odour-neutralizer\/#primaryimage"},"image":{"@id":"https:\/\/www.gadlee.hk\/es\/producto\/902-natural-odour-neutralizer\/#primaryimage"},"thumbnailUrl":"https:\/\/www.gadlee.hk\/wp-content\/uploads\/2025\/08\/902-Natural-Odour-Neutralizer-650.png","datePublished":"2025-08-03T15:09:41+00:00","dateModified":"2025-10-25T04:10:24+00:00","description":"Neutralizes odours naturally without masking scents.","breadcrumb":{"@id":"https:\/\/www.gadlee.hk\/es\/producto\/902-natural-odour-neutralizer\/#breadcrumb"},"inLanguage":"de-DE","potentialAction":[{"@type":"ReadAction","target":["https:\/\/www.gadlee.hk\/es\/producto\/902-natural-odour-neutralizer\/"]}]},{"@type":"ImageObject","inLanguage":"de-DE","@id":"https:\/\/www.gadlee.hk\/es\/producto\/902-natural-odour-neutralizer\/#primaryimage","url":"https:\/\/www.gadlee.hk\/wp-content\/uploads\/2025\/08\/902-Natural-Odour-Neutralizer-650.png","contentUrl":"https:\/\/www.gadlee.hk\/wp-content\/uploads\/2025\/08\/902-Natural-Odour-Neutralizer-650.png","width":1200,"height":800},{"@type":"BreadcrumbList","@id":"https:\/\/www.gadlee.hk\/es\/producto\/902-natural-odour-neutralizer\/#breadcrumb","itemListElement":[{"@type":"ListItem","position":1,"name":"Home","item":"https:\/\/www.gadlee.hk\/fr\/"},{"@type":"ListItem","position":2,"name":"Products","item":"https:\/\/www.gadlee.hk\/fr\/boutique\/"},{"@type":"ListItem","position":3,"name":"902 Natural Odour Neutralizer"}]},{"@type":"WebSite","@id":"https:\/\/www.gadlee.hk\/ja\/#website","url":"https:\/\/www.gadlee.hk\/ja\/","name":"Gadlee","description":"Asia&#039;s leading manufacturer of professional cleaning machines","publisher":{"@id":"https:\/\/www.gadlee.hk\/ja\/#organization"},"potentialAction":[{"@type":"SearchAction","target":{"@type":"EntryPoint","urlTemplate":"https:\/\/www.gadlee.hk\/ja\/?s={search_term_string}"},"query-input":{"@type":"PropertyValueSpecification","valueRequired":true,"valueName":"search_term_string"}}],"inLanguage":"de-DE"},{"@type":"Organization","@id":"https:\/\/www.gadlee.hk\/ja\/#organization","name":"Gadlee","url":"https:\/\/www.gadlee.hk\/ja\/","logo":{"@type":"ImageObject","inLanguage":"de-DE","@id":"https:\/\/www.gadlee.hk\/ja\/#\/schema\/logo\/image\/","url":"https:\/\/www.gadlee.hk\/wp-content\/uploads\/2025\/06\/logo.png","contentUrl":"https:\/\/www.gadlee.hk\/wp-content\/uploads\/2025\/06\/logo.png","width":1578,"height":327,"caption":"Gadlee"},"image":{"@id":"https:\/\/www.gadlee.hk\/ja\/#\/schema\/logo\/image\/"}}]}},"_links":{"self":[{"href":"https:\/\/www.gadlee.hk\/de\/wp-json\/wp\/v2\/product\/4846","targetHints":{"allow":["GET"]}}],"collection":[{"href":"https:\/\/www.gadlee.hk\/de\/wp-json\/wp\/v2\/product"}],"about":[{"href":"https:\/\/www.gadlee.hk\/de\/wp-json\/wp\/v2\/types\/product"}],"version-history":[{"count":2,"href":"https:\/\/www.gadlee.hk\/de\/wp-json\/wp\/v2\/product\/4846\/revisions"}],"predecessor-version":[{"id":5195,"href":"https:\/\/www.gadlee.hk\/de\/wp-json\/wp\/v2\/product\/4846\/revisions\/5195"}],"wp:featuredmedia":[{"embeddable":true,"href":"https:\/\/www.gadlee.hk\/de\/wp-json\/wp\/v2\/media\/4847"}],"wp:attachment":[{"href":"https:\/\/www.gadlee.hk\/de\/wp-json\/wp\/v2\/media?parent=4846"}],"wp:term":[{"taxonomy":"product_brand","embeddable":true,"href":"https:\/\/www.gadlee.hk\/de\/wp-json\/wp\/v2\/product_brand?post=4846"},{"taxonomy":"product_cat","embeddable":true,"href":"https:\/\/www.gadlee.hk\/de\/wp-json\/wp\/v2\/product_cat?post=4846"},{"taxonomy":"product_tag","embeddable":true,"href":"https:\/\/www.gadlee.hk\/de\/wp-json\/wp\/v2\/product_tag?post=4846"}],"curies":[{"name":"wp","href":"https:\/\/api.w.org\/{rel}","templated":true}]}}