{"id":6224,"date":"2026-02-14T07:49:22","date_gmt":"2026-02-14T07:49:22","guid":{"rendered":"https:\/\/www.gadlee.hk\/"},"modified":"2026-03-06T13:34:56","modified_gmt":"2026-03-06T13:34:56","slug":"gt50-walk-behind-scrubber-dryer-2","status":"publish","type":"product","link":"https:\/\/www.gadlee.hk\/de\/produkt\/gt50-walk-behind-scrubber-dryer-2\/","title":{"rendered":"GT50+ Walk-Behind Scheuersaugmaschine"},"content":{"rendered":"<p class=\" translation-block\"><strong>EINFACH, ZUVERL\u00c4SSIG, KOSTENEFFIZIENT<\/strong><br>\nDer GT50+ Nachl\u00e4ufer-Scheuersaugautomat wurde entwickelt, um die Produktivit\u00e4t zu steigern und Ihre gesamten Reinigungskosten zu senken. Die Vorteile des GT50+ ergeben sich aus der besonders einfachen Bedienung sowie einer Reihe von Funktionen, die eine Tagesreinigung erm\u00f6glichen und den effizientesten Einsatz von Wasser und Reinigungsmitteln gew\u00e4hrleisten.<br>\nDer GT50+ ist ein einfacher, zuverl\u00e4ssiger und kosteneffizienter Scheuersaugautomat und die professionelle Wahl f\u00fcr Reinigungsunternehmen, Krankenh\u00e4user, Schulen, B\u00fcros, Superm\u00e4rkte, Einzelhandel, Sportzentren, Restaurants, Hotels und Produktionsbereiche.<\/p>\n<p>Hauptmerkmale:<\/p>\n<ul>\n<li>Einfache Bedienung dank ONE-KEY-START-System zur Aktivierung aller Scheuerfunktionen.<\/li>\n<li>ECO-Modus-System: erm\u00f6glicht eine Arbeitszeit von bis zu 5 Stunden, optimiert den Energieverbrauch und verl\u00e4ngert die Einsatzzyklen.<\/li>\n<li>EASE-DOSE-System (optional) verhindert die \u00dcberdosierung von Chemikalien \u2013 schont die Umwelt und reduziert die Gesamtreinigungskosten.<\/li>\n<li>Leistungsstarkes Fahrantriebssystem. Stufenlos regelbare Geschwindigkeit vorw\u00e4rts und r\u00fcckw\u00e4rts (BT-Version).<\/li>\n<li>Ausgestattet mit einem Wassersensor f\u00fcr einen umfassenden Schutz von B\u00fcrste und Saugsystem.<\/li>\n<li>Einfacher Zugang zu Tanks und Batterien f\u00fcr Reinigung und Wartung; kein Werkzeug erforderlich f\u00fcr den Zugang zum B\u00fcrstendeck.<\/li>\n<\/ul>","protected":false},"excerpt":{"rendered":"<p>Brauchen Sie Hilfe?<\/p>","protected":false},"featured_media":6248,"template":"","meta":[],"product_brand":[],"product_cat":[124,130],"product_tag":[],"class_list":{"0":"post-6224","1":"product","2":"type-product","3":"status-publish","4":"has-post-thumbnail","6":"product_cat-scrubber-dryers","7":"product_cat-walk-behind-scrubber-dryer","9":"first","10":"instock","11":"shipping-taxable","12":"product-type-simple"},"yoast_head":"<!-- This site is optimized with the Yoast SEO plugin v26.2 - https:\/\/yoast.com\/wordpress\/plugins\/seo\/ -->\n<title>GT50+ Walk-Behind Scrubber Dryer - Gadlee<\/title>\n<meta name=\"description\" content=\"Do you need help?\" \/>\n<meta name=\"robots\" content=\"index, follow, max-snippet:-1, max-image-preview:large, max-video-preview:-1\" \/>\n<link rel=\"canonical\" href=\"https:\/\/www.gadlee.hk\/de\/produkt\/gt50-walk-behind-scrubber-dryer-2\/\" \/>\n<meta property=\"og:locale\" content=\"de_DE\" \/>\n<meta property=\"og:type\" content=\"article\" \/>\n<meta property=\"og:title\" content=\"GT50+ Walk-Behind Scrubber Dryer - Gadlee\" \/>\n<meta property=\"og:description\" content=\"Do you need help?\" \/>\n<meta property=\"og:url\" content=\"https:\/\/www.gadlee.hk\/de\/produkt\/gt50-walk-behind-scrubber-dryer-2\/\" \/>\n<meta property=\"og:site_name\" content=\"Gadlee\" \/>\n<meta property=\"article:modified_time\" content=\"2026-03-06T13:34:56+00:00\" \/>\n<meta property=\"og:image\" content=\"https:\/\/www.gadlee.hk\/wp-content\/uploads\/2026\/02\/GT50-1-1.png\" \/>\n\t<meta property=\"og:image:width\" content=\"1200\" \/>\n\t<meta property=\"og:image:height\" content=\"800\" \/>\n\t<meta property=\"og:image:type\" content=\"image\/png\" \/>\n<meta name=\"twitter:card\" content=\"summary_large_image\" \/>\n<meta name=\"twitter:label1\" content=\"Est. reading time\" \/>\n\t<meta name=\"twitter:data1\" content=\"1 minute\" \/>\n<script type=\"application\/ld+json\" class=\"yoast-schema-graph\">{\"@context\":\"https:\/\/schema.org\",\"@graph\":[{\"@type\":\"WebPage\",\"@id\":\"https:\/\/www.gadlee.hk\/es\/producto\/gt50-walk-behind-scrubber-dryer-2\/\",\"url\":\"https:\/\/www.gadlee.hk\/es\/producto\/gt50-walk-behind-scrubber-dryer-2\/\",\"name\":\"GT50+ Walk-Behind Scrubber Dryer - Gadlee\",\"isPartOf\":{\"@id\":\"https:\/\/www.gadlee.hk\/ja\/#website\"},\"primaryImageOfPage\":{\"@id\":\"https:\/\/www.gadlee.hk\/es\/producto\/gt50-walk-behind-scrubber-dryer-2\/#primaryimage\"},\"image\":{\"@id\":\"https:\/\/www.gadlee.hk\/es\/producto\/gt50-walk-behind-scrubber-dryer-2\/#primaryimage\"},\"thumbnailUrl\":\"https:\/\/www.gadlee.hk\/wp-content\/uploads\/2026\/02\/GT50-1-1.png\",\"datePublished\":\"2026-02-14T07:49:22+00:00\",\"dateModified\":\"2026-03-06T13:34:56+00:00\",\"description\":\"Do you need help?\",\"breadcrumb\":{\"@id\":\"https:\/\/www.gadlee.hk\/es\/producto\/gt50-walk-behind-scrubber-dryer-2\/#breadcrumb\"},\"inLanguage\":\"de-DE\",\"potentialAction\":[{\"@type\":\"ReadAction\",\"target\":[\"https:\/\/www.gadlee.hk\/es\/producto\/gt50-walk-behind-scrubber-dryer-2\/\"]}]},{\"@type\":\"ImageObject\",\"inLanguage\":\"de-DE\",\"@id\":\"https:\/\/www.gadlee.hk\/es\/producto\/gt50-walk-behind-scrubber-dryer-2\/#primaryimage\",\"url\":\"https:\/\/www.gadlee.hk\/wp-content\/uploads\/2026\/02\/GT50-1-1.png\",\"contentUrl\":\"https:\/\/www.gadlee.hk\/wp-content\/uploads\/2026\/02\/GT50-1-1.png\",\"width\":1200,\"height\":800},{\"@type\":\"BreadcrumbList\",\"@id\":\"https:\/\/www.gadlee.hk\/es\/producto\/gt50-walk-behind-scrubber-dryer-2\/#breadcrumb\",\"itemListElement\":[{\"@type\":\"ListItem\",\"position\":1,\"name\":\"Home\",\"item\":\"https:\/\/www.gadlee.hk\/fr\/\"},{\"@type\":\"ListItem\",\"position\":2,\"name\":\"Products\",\"item\":\"https:\/\/www.gadlee.hk\/fr\/boutique\/\"},{\"@type\":\"ListItem\",\"position\":3,\"name\":\"GT50+ Walk-Behind Scrubber Dryer\"}]},{\"@type\":\"WebSite\",\"@id\":\"https:\/\/www.gadlee.hk\/ja\/#website\",\"url\":\"https:\/\/www.gadlee.hk\/ja\/\",\"name\":\"Gadlee\",\"description\":\"Asia&#039;s leading manufacturer of professional cleaning machines\",\"publisher\":{\"@id\":\"https:\/\/www.gadlee.hk\/ja\/#organization\"},\"potentialAction\":[{\"@type\":\"SearchAction\",\"target\":{\"@type\":\"EntryPoint\",\"urlTemplate\":\"https:\/\/www.gadlee.hk\/ja\/?s={search_term_string}\"},\"query-input\":{\"@type\":\"PropertyValueSpecification\",\"valueRequired\":true,\"valueName\":\"search_term_string\"}}],\"inLanguage\":\"de-DE\"},{\"@type\":\"Organization\",\"@id\":\"https:\/\/www.gadlee.hk\/ja\/#organization\",\"name\":\"Gadlee\",\"url\":\"https:\/\/www.gadlee.hk\/ja\/\",\"logo\":{\"@type\":\"ImageObject\",\"inLanguage\":\"de-DE\",\"@id\":\"https:\/\/www.gadlee.hk\/ja\/#\/schema\/logo\/image\/\",\"url\":\"https:\/\/www.gadlee.hk\/wp-content\/uploads\/2025\/06\/logo.png\",\"contentUrl\":\"https:\/\/www.gadlee.hk\/wp-content\/uploads\/2025\/06\/logo.png\",\"width\":1578,\"height\":327,\"caption\":\"Gadlee\"},\"image\":{\"@id\":\"https:\/\/www.gadlee.hk\/ja\/#\/schema\/logo\/image\/\"}}]}<\/script>\n<!-- \/ Yoast SEO plugin. -->","yoast_head_json":{"title":"GT50+ Walk-Behind Scrubber Dryer - Gadlee","description":"Brauchen Sie Hilfe?","robots":{"index":"index","follow":"follow","max-snippet":"max-snippet:-1","max-image-preview":"max-image-preview:large","max-video-preview":"max-video-preview:-1"},"canonical":"https:\/\/www.gadlee.hk\/de\/produkt\/gt50-walk-behind-scrubber-dryer-2\/","og_locale":"de_DE","og_type":"article","og_title":"GT50+ Walk-Behind Scrubber Dryer - Gadlee","og_description":"Do you need help?","og_url":"https:\/\/www.gadlee.hk\/de\/produkt\/gt50-walk-behind-scrubber-dryer-2\/","og_site_name":"Gadlee","article_modified_time":"2026-03-06T13:34:56+00:00","og_image":[{"width":1200,"height":800,"url":"https:\/\/www.gadlee.hk\/wp-content\/uploads\/2026\/02\/GT50-1-1.png","type":"image\/png"}],"twitter_card":"summary_large_image","twitter_misc":{"Est. reading time":"1 minute"},"schema":{"@context":"https:\/\/schema.org","@graph":[{"@type":"WebPage","@id":"https:\/\/www.gadlee.hk\/es\/producto\/gt50-walk-behind-scrubber-dryer-2\/","url":"https:\/\/www.gadlee.hk\/es\/producto\/gt50-walk-behind-scrubber-dryer-2\/","name":"GT50+ Walk-Behind Scrubber Dryer - Gadlee","isPartOf":{"@id":"https:\/\/www.gadlee.hk\/ja\/#website"},"primaryImageOfPage":{"@id":"https:\/\/www.gadlee.hk\/es\/producto\/gt50-walk-behind-scrubber-dryer-2\/#primaryimage"},"image":{"@id":"https:\/\/www.gadlee.hk\/es\/producto\/gt50-walk-behind-scrubber-dryer-2\/#primaryimage"},"thumbnailUrl":"https:\/\/www.gadlee.hk\/wp-content\/uploads\/2026\/02\/GT50-1-1.png","datePublished":"2026-02-14T07:49:22+00:00","dateModified":"2026-03-06T13:34:56+00:00","description":"Brauchen Sie Hilfe?","breadcrumb":{"@id":"https:\/\/www.gadlee.hk\/es\/producto\/gt50-walk-behind-scrubber-dryer-2\/#breadcrumb"},"inLanguage":"de-DE","potentialAction":[{"@type":"ReadAction","target":["https:\/\/www.gadlee.hk\/es\/producto\/gt50-walk-behind-scrubber-dryer-2\/"]}]},{"@type":"ImageObject","inLanguage":"de-DE","@id":"https:\/\/www.gadlee.hk\/es\/producto\/gt50-walk-behind-scrubber-dryer-2\/#primaryimage","url":"https:\/\/www.gadlee.hk\/wp-content\/uploads\/2026\/02\/GT50-1-1.png","contentUrl":"https:\/\/www.gadlee.hk\/wp-content\/uploads\/2026\/02\/GT50-1-1.png","width":1200,"height":800},{"@type":"BreadcrumbList","@id":"https:\/\/www.gadlee.hk\/es\/producto\/gt50-walk-behind-scrubber-dryer-2\/#breadcrumb","itemListElement":[{"@type":"ListItem","position":1,"name":"Home","item":"https:\/\/www.gadlee.hk\/fr\/"},{"@type":"ListItem","position":2,"name":"Products","item":"https:\/\/www.gadlee.hk\/fr\/boutique\/"},{"@type":"ListItem","position":3,"name":"GT50+ Walk-Behind Scrubber Dryer"}]},{"@type":"WebSite","@id":"https:\/\/www.gadlee.hk\/ja\/#website","url":"https:\/\/www.gadlee.hk\/ja\/","name":"Gadlee","description":"Asia&#039;s leading manufacturer of professional cleaning machines","publisher":{"@id":"https:\/\/www.gadlee.hk\/ja\/#organization"},"potentialAction":[{"@type":"SearchAction","target":{"@type":"EntryPoint","urlTemplate":"https:\/\/www.gadlee.hk\/ja\/?s={search_term_string}"},"query-input":{"@type":"PropertyValueSpecification","valueRequired":true,"valueName":"search_term_string"}}],"inLanguage":"de-DE"},{"@type":"Organization","@id":"https:\/\/www.gadlee.hk\/ja\/#organization","name":"Gadlee","url":"https:\/\/www.gadlee.hk\/ja\/","logo":{"@type":"ImageObject","inLanguage":"de-DE","@id":"https:\/\/www.gadlee.hk\/ja\/#\/schema\/logo\/image\/","url":"https:\/\/www.gadlee.hk\/wp-content\/uploads\/2025\/06\/logo.png","contentUrl":"https:\/\/www.gadlee.hk\/wp-content\/uploads\/2025\/06\/logo.png","width":1578,"height":327,"caption":"Gadlee"},"image":{"@id":"https:\/\/www.gadlee.hk\/ja\/#\/schema\/logo\/image\/"}}]}},"_links":{"self":[{"href":"https:\/\/www.gadlee.hk\/de\/wp-json\/wp\/v2\/product\/6224","targetHints":{"allow":["GET"]}}],"collection":[{"href":"https:\/\/www.gadlee.hk\/de\/wp-json\/wp\/v2\/product"}],"about":[{"href":"https:\/\/www.gadlee.hk\/de\/wp-json\/wp\/v2\/types\/product"}],"version-history":[{"count":3,"href":"https:\/\/www.gadlee.hk\/de\/wp-json\/wp\/v2\/product\/6224\/revisions"}],"predecessor-version":[{"id":6236,"href":"https:\/\/www.gadlee.hk\/de\/wp-json\/wp\/v2\/product\/6224\/revisions\/6236"}],"wp:featuredmedia":[{"embeddable":true,"href":"https:\/\/www.gadlee.hk\/de\/wp-json\/wp\/v2\/media\/6248"}],"wp:attachment":[{"href":"https:\/\/www.gadlee.hk\/de\/wp-json\/wp\/v2\/media?parent=6224"}],"wp:term":[{"taxonomy":"product_brand","embeddable":true,"href":"https:\/\/www.gadlee.hk\/de\/wp-json\/wp\/v2\/product_brand?post=6224"},{"taxonomy":"product_cat","embeddable":true,"href":"https:\/\/www.gadlee.hk\/de\/wp-json\/wp\/v2\/product_cat?post=6224"},{"taxonomy":"product_tag","embeddable":true,"href":"https:\/\/www.gadlee.hk\/de\/wp-json\/wp\/v2\/product_tag?post=6224"}],"curies":[{"name":"wp","href":"https:\/\/api.w.org\/{rel}","templated":true}]}}