{"id":3722,"date":"2025-07-21T01:44:43","date_gmt":"2025-07-21T01:44:43","guid":{"rendered":"https:\/\/gadlee.hk\/?page_id=3722"},"modified":"2025-10-25T03:45:21","modified_gmt":"2025-10-25T03:45:21","slug":"nuestras-ventajas","status":"publish","type":"page","link":"https:\/\/www.gadlee.hk\/es\/nuestras-ventajas\/","title":{"rendered":"Nuestras ventajas"},"content":{"rendered":"<div data-elementor-type=\"wp-page\" data-elementor-id=\"3722\" class=\"elementor elementor-3722\">\n\t\t\t\t<div class=\"elementor-element elementor-element-264c3d2 e-con-full e-flex e-con e-parent\" data-id=\"264c3d2\" data-element_type=\"container\" data-settings=\"{&quot;background_background&quot;:&quot;classic&quot;}\">\n\t\t<div class=\"elementor-element elementor-element-8c40b89 e-flex e-con-boxed e-con e-child\" data-id=\"8c40b89\" data-element_type=\"container\" data-settings=\"{&quot;background_background&quot;:&quot;classic&quot;}\">\n\t\t\t\t\t<div class=\"e-con-inner\">\n\t\t<div class=\"elementor-element elementor-element-6882fd8 e-con-full e-flex e-con e-child\" data-id=\"6882fd8\" data-element_type=\"container\">\n\t\t\t\t<div class=\"elementor-element elementor-element-42a7794 elementor-widget elementor-widget-text-editor\" data-id=\"42a7794\" data-element_type=\"widget\" data-widget_type=\"text-editor.default\">\n\t\t\t\t<div class=\"elementor-widget-container\">\n\t\t\t\t\t\t\t\t\t<p><a href=\"\/\">Inicio<\/a>\u00a0 &gt; Acerca de &gt; Nuestras ventajas<\/p>\t\t\t\t\t\t\t\t<\/div>\n\t\t\t\t<\/div>\n\t\t\t\t<\/div>\n\t\t<div class=\"elementor-element elementor-element-b2eaef3 e-con-full e-flex e-con e-child\" data-id=\"b2eaef3\" data-element_type=\"container\">\n\t\t\t\t<div class=\"elementor-element elementor-element-b0ea1e8 elementor-widget elementor-widget-pls-button\" data-id=\"b0ea1e8\" data-element_type=\"widget\" data-widget_type=\"pls-button.default\">\n\t\t\t\t<div class=\"elementor-widget-container\">\n\t\t\t\t\t<div id=\"pls-button-77385\" class=\"pls-element pls-button\">\n\t<a class=\"button btn-style-flat\" href=\"\/contact-us\" >\n\t\tContact\t<\/a>\n<\/div>\n\t\t\t\t<\/div>\n\t\t\t\t<\/div>\n\t\t\t\t<\/div>\n\t\t\t\t\t<\/div>\n\t\t\t\t<\/div>\n\t\t\t\t<\/div>\n\t\t<div class=\"elementor-element elementor-element-6eafe1d e-flex e-con-boxed e-con e-parent\" data-id=\"6eafe1d\" data-element_type=\"container\" data-settings=\"{&quot;background_background&quot;:&quot;classic&quot;}\">\n\t\t\t\t\t<div class=\"e-con-inner\">\n\t\t\t\t<div class=\"elementor-element elementor-element-f05b195 elementor-widget elementor-widget-heading\" data-id=\"f05b195\" data-element_type=\"widget\" data-widget_type=\"heading.default\">\n\t\t\t\t<div class=\"elementor-widget-container\">\n\t\t\t\t\t<h2 class=\"elementor-heading-title elementor-size-default\">Nuestras ventajas<\/h2>\t\t\t\t<\/div>\n\t\t\t\t<\/div>\n\t\t\t\t<div class=\"elementor-element elementor-element-79b94dc elementor-widget__width-initial ul20250114 elementor-widget elementor-widget-text-editor\" data-id=\"79b94dc\" data-element_type=\"widget\" data-widget_type=\"text-editor.default\">\n\t\t\t\t<div class=\"elementor-widget-container\">\n\t\t\t\t\t\t\t\t\t<ul><li>30 a\u00f1os de experiencia centrados en fregadoras y barredoras de suelos, desarrollo directo de nuestros productos<\/li><li>Control directo de casi todo el proceso de producci\u00f3n, desde la ingenier\u00eda de la m\u00e1quina , el dise\u00f1o del motor hasta los cepillos utilizados para la limpieza; disponemos de departamentos internos de dibujos t\u00e9cnicos y proyecci\u00f3n, montaje, soldadura, pruebas.<\/li><li>Amplia selecci\u00f3n de productos; cada cliente puede encontrar en la gama Gadlee la soluci\u00f3n m\u00e1s adecuada a sus necesidades con la potencia de la m\u00e1quina adecuada, funciones, herramientas<\/li><li>Todas nuestras unidades utilizan la misma tecnolog\u00eda de producci\u00f3n y cumplen los mismos est\u00e1ndares de producci\u00f3n de alta calidad, desde la limpiadora manual m\u00e1s peque\u00f1a para ser utilizada en la limpieza semiprofesional hasta un equipo pesado para ser utilizado en industrias.<\/li><li>Ofrecemos diferentes m\u00e1quinas en funci\u00f3n de la productividad del producto, el recorrido de limpieza, el recorrido de barrido, la capacidad del dep\u00f3sito, la capacidad de la tolva, la presi\u00f3n del cepillo, la alimentaci\u00f3n el\u00e9ctrica, las funciones <\/li><li>Gracias a nuestro completo proceso de producci\u00f3n, podemos fabricar incluso m\u00e1quinas y herramientas \u00fanicas personalizadas.<\/li><li>Gadlee est\u00e1 muy atento al mercado, sigue continuamente sus progresos y exigencias, y tambi\u00e9n dispone de un servicio de marca blanca.<\/li><li>El departamento t\u00e9cnico de Gadlee ha desarrollado diferentes proyectos OEM, suministrando hoy fregadoras y barredoras a algunos importantes socios comerciales.<\/li><\/ul>\t\t\t\t\t\t\t\t<\/div>\n\t\t\t\t<\/div>\n\t\t\t\t\t<\/div>\n\t\t\t\t<\/div>\n\t\t<div class=\"elementor-element elementor-element-2748776 e-flex e-con-boxed e-con e-parent\" data-id=\"2748776\" data-element_type=\"container\">\n\t\t\t\t\t<div class=\"e-con-inner\">\n\t\t\t\t<div class=\"elementor-element elementor-element-597916d elementor-widget elementor-widget-image\" data-id=\"597916d\" data-element_type=\"widget\" data-widget_type=\"image.default\">\n\t\t\t\t<div class=\"elementor-widget-container\">\n\t\t\t\t\t\t\t\t\t\t\t\t\t\t\t<img fetchpriority=\"high\" decoding=\"async\" width=\"1000\" height=\"520\" src=\"https:\/\/www.gadlee.hk\/wp-content\/uploads\/2025\/07\/Our-advantages-1000x520-1.jpg\" class=\"attachment-full size-full wp-image-4249\" alt=\"\" \/>\t\t\t\t\t\t\t\t\t\t\t\t\t\t\t<\/div>\n\t\t\t\t<\/div>\n\t\t\t\t\t<\/div>\n\t\t\t\t<\/div>\n\t\t<div class=\"elementor-element elementor-element-9d38a4f e-flex e-con-boxed e-con e-parent\" data-id=\"9d38a4f\" data-element_type=\"container\">\n\t\t\t\t\t<div class=\"e-con-inner\">\n\t\t\t\t<div class=\"elementor-element elementor-element-403631c elementor-widget elementor-widget-image\" data-id=\"403631c\" data-element_type=\"widget\" data-widget_type=\"image.default\">\n\t\t\t\t<div class=\"elementor-widget-container\">\n\t\t\t\t\t\t\t\t\t\t\t\t\t\t\t<img decoding=\"async\" width=\"978\" height=\"566\" src=\"https:\/\/www.gadlee.hk\/wp-content\/uploads\/2025\/07\/Our-advantages489x238-1.jpg\" class=\"attachment-full size-full wp-image-4247\" alt=\"\" \/>\t\t\t\t\t\t\t\t\t\t\t\t\t\t\t<\/div>\n\t\t\t\t<\/div>\n\t\t\t\t<div class=\"elementor-element elementor-element-a13d01a elementor-widget elementor-widget-image\" data-id=\"a13d01a\" data-element_type=\"widget\" data-widget_type=\"image.default\">\n\t\t\t\t<div class=\"elementor-widget-container\">\n\t\t\t\t\t\t\t\t\t\t\t\t\t\t\t<img decoding=\"async\" width=\"978\" height=\"566\" src=\"https:\/\/www.gadlee.hk\/wp-content\/uploads\/2025\/07\/Our-advantages489x238-2.jpg\" class=\"attachment-full size-full wp-image-4248\" alt=\"\" \/>\t\t\t\t\t\t\t\t\t\t\t\t\t\t\t<\/div>\n\t\t\t\t<\/div>\n\t\t\t\t\t<\/div>\n\t\t\t\t<\/div>\n\t\t\t\t<\/div>","protected":false},"excerpt":{"rendered":"<p>Home\u00a0 &gt; About\u00a0 &gt; Our Advantages Contact Us Our advantages 30 years of experience focused on floor scrubber dryers and sweepers, direct developing of our products Direct control of almost<\/p>","protected":false},"author":1,"featured_media":0,"parent":0,"menu_order":0,"comment_status":"closed","ping_status":"closed","template":"","meta":{"footnotes":""},"class_list":["post-3722","page","type-page","status-publish","hentry"],"yoast_head":"<!-- This site is optimized with the Yoast SEO plugin v26.2 - https:\/\/yoast.com\/wordpress\/plugins\/seo\/ -->\n<title>Gadlee Advantages - 30 Years of Expertise in Scrubber Dryers &amp; Industrial Cleaning Equipment<\/title>\n<meta name=\"description\" content=\"Discover why Gadlee stands out in the cleaning industry. With 30 years of experience, in-house production, and customized solutions, we deliver reliable scrubber dryers, sweepers, and OEM services built to the highest standards.\" \/>\n<meta name=\"robots\" content=\"index, follow, max-snippet:-1, max-image-preview:large, max-video-preview:-1\" \/>\n<link rel=\"canonical\" href=\"https:\/\/www.gadlee.hk\/es\/nuestras-ventajas\/\" \/>\n<meta property=\"og:locale\" content=\"es_ES\" \/>\n<meta property=\"og:type\" content=\"article\" \/>\n<meta property=\"og:title\" content=\"Gadlee Advantages - 30 Years of Expertise in Scrubber Dryers &amp; Industrial Cleaning Equipment\" \/>\n<meta property=\"og:description\" content=\"Discover why Gadlee stands out in the cleaning industry. With 30 years of experience, in-house production, and customized solutions, we deliver reliable scrubber dryers, sweepers, and OEM services built to the highest standards.\" \/>\n<meta property=\"og:url\" content=\"https:\/\/www.gadlee.hk\/es\/nuestras-ventajas\/\" \/>\n<meta property=\"og:site_name\" content=\"Gadlee\" \/>\n<meta property=\"article:modified_time\" content=\"2025-10-25T03:45:21+00:00\" \/>\n<meta property=\"og:image\" content=\"https:\/\/gadlee.hk\/wp-content\/uploads\/2025\/07\/Our-advantages-1000x520-1.jpg\" \/>\n<meta name=\"twitter:card\" content=\"summary_large_image\" \/>\n<meta name=\"twitter:label1\" content=\"Est. reading time\" \/>\n\t<meta name=\"twitter:data1\" content=\"2 minutes\" \/>\n<script type=\"application\/ld+json\" class=\"yoast-schema-graph\">{\"@context\":\"https:\/\/schema.org\",\"@graph\":[{\"@type\":\"WebPage\",\"@id\":\"https:\/\/www.gadlee.hk\/es\/nuestras-ventajas\/\",\"url\":\"https:\/\/www.gadlee.hk\/es\/nuestras-ventajas\/\",\"name\":\"Gadlee Advantages - 30 Years of Expertise in Scrubber Dryers & Industrial Cleaning Equipment\",\"isPartOf\":{\"@id\":\"https:\/\/www.gadlee.hk\/ja\/#website\"},\"primaryImageOfPage\":{\"@id\":\"https:\/\/www.gadlee.hk\/es\/nuestras-ventajas\/#primaryimage\"},\"image\":{\"@id\":\"https:\/\/www.gadlee.hk\/es\/nuestras-ventajas\/#primaryimage\"},\"thumbnailUrl\":\"https:\/\/gadlee.hk\/wp-content\/uploads\/2025\/07\/Our-advantages-1000x520-1.jpg\",\"datePublished\":\"2025-07-21T01:44:43+00:00\",\"dateModified\":\"2025-10-25T03:45:21+00:00\",\"description\":\"Discover why Gadlee stands out in the cleaning industry. With 30 years of experience, in-house production, and customized solutions, we deliver reliable scrubber dryers, sweepers, and OEM services built to the highest standards.\",\"breadcrumb\":{\"@id\":\"https:\/\/www.gadlee.hk\/es\/nuestras-ventajas\/#breadcrumb\"},\"inLanguage\":\"es-ES\",\"potentialAction\":[{\"@type\":\"ReadAction\",\"target\":[\"https:\/\/www.gadlee.hk\/es\/nuestras-ventajas\/\"]}]},{\"@type\":\"ImageObject\",\"inLanguage\":\"es-ES\",\"@id\":\"https:\/\/www.gadlee.hk\/es\/nuestras-ventajas\/#primaryimage\",\"url\":\"https:\/\/gadlee.hk\/wp-content\/uploads\/2025\/07\/Our-advantages-1000x520-1.jpg\",\"contentUrl\":\"https:\/\/gadlee.hk\/wp-content\/uploads\/2025\/07\/Our-advantages-1000x520-1.jpg\"},{\"@type\":\"BreadcrumbList\",\"@id\":\"https:\/\/www.gadlee.hk\/es\/nuestras-ventajas\/#breadcrumb\",\"itemListElement\":[{\"@type\":\"ListItem\",\"position\":1,\"name\":\"Home\",\"item\":\"https:\/\/www.gadlee.hk\/fr\/\"},{\"@type\":\"ListItem\",\"position\":2,\"name\":\"Our Advantages\"}]},{\"@type\":\"WebSite\",\"@id\":\"https:\/\/www.gadlee.hk\/ja\/#website\",\"url\":\"https:\/\/www.gadlee.hk\/ja\/\",\"name\":\"Gadlee\",\"description\":\"Asia&#039;s leading manufacturer of professional cleaning machines\",\"publisher\":{\"@id\":\"https:\/\/www.gadlee.hk\/ja\/#organization\"},\"potentialAction\":[{\"@type\":\"SearchAction\",\"target\":{\"@type\":\"EntryPoint\",\"urlTemplate\":\"https:\/\/www.gadlee.hk\/ja\/?s={search_term_string}\"},\"query-input\":{\"@type\":\"PropertyValueSpecification\",\"valueRequired\":true,\"valueName\":\"search_term_string\"}}],\"inLanguage\":\"es-ES\"},{\"@type\":\"Organization\",\"@id\":\"https:\/\/www.gadlee.hk\/ja\/#organization\",\"name\":\"Gadlee\",\"url\":\"https:\/\/www.gadlee.hk\/ja\/\",\"logo\":{\"@type\":\"ImageObject\",\"inLanguage\":\"es-ES\",\"@id\":\"https:\/\/www.gadlee.hk\/ja\/#\/schema\/logo\/image\/\",\"url\":\"https:\/\/www.gadlee.hk\/wp-content\/uploads\/2025\/06\/logo.png\",\"contentUrl\":\"https:\/\/www.gadlee.hk\/wp-content\/uploads\/2025\/06\/logo.png\",\"width\":1578,\"height\":327,\"caption\":\"Gadlee\"},\"image\":{\"@id\":\"https:\/\/www.gadlee.hk\/ja\/#\/schema\/logo\/image\/\"}}]}<\/script>\n<!-- \/ Yoast SEO plugin. -->","yoast_head_json":{"title":"Gadlee Advantages - 30 Years of Expertise in Scrubber Dryers & Industrial Cleaning Equipment","description":"Discover why Gadlee stands out in the cleaning industry. With 30 years of experience, in-house production, and customized solutions, we deliver reliable scrubber dryers, sweepers, and OEM services built to the highest standards.","robots":{"index":"index","follow":"follow","max-snippet":"max-snippet:-1","max-image-preview":"max-image-preview:large","max-video-preview":"max-video-preview:-1"},"canonical":"https:\/\/www.gadlee.hk\/es\/nuestras-ventajas\/","og_locale":"es_ES","og_type":"article","og_title":"Gadlee Advantages - 30 Years of Expertise in Scrubber Dryers & Industrial Cleaning Equipment","og_description":"Discover why Gadlee stands out in the cleaning industry. With 30 years of experience, in-house production, and customized solutions, we deliver reliable scrubber dryers, sweepers, and OEM services built to the highest standards.","og_url":"https:\/\/www.gadlee.hk\/es\/nuestras-ventajas\/","og_site_name":"Gadlee","article_modified_time":"2025-10-25T03:45:21+00:00","og_image":[{"url":"https:\/\/gadlee.hk\/wp-content\/uploads\/2025\/07\/Our-advantages-1000x520-1.jpg","type":"","width":"","height":""}],"twitter_card":"summary_large_image","twitter_misc":{"Est. reading time":"2 minutes"},"schema":{"@context":"https:\/\/schema.org","@graph":[{"@type":"WebPage","@id":"https:\/\/www.gadlee.hk\/es\/nuestras-ventajas\/","url":"https:\/\/www.gadlee.hk\/es\/nuestras-ventajas\/","name":"Gadlee Advantages - 30 Years of Expertise in Scrubber Dryers & Industrial Cleaning Equipment","isPartOf":{"@id":"https:\/\/www.gadlee.hk\/ja\/#website"},"primaryImageOfPage":{"@id":"https:\/\/www.gadlee.hk\/es\/nuestras-ventajas\/#primaryimage"},"image":{"@id":"https:\/\/www.gadlee.hk\/es\/nuestras-ventajas\/#primaryimage"},"thumbnailUrl":"https:\/\/gadlee.hk\/wp-content\/uploads\/2025\/07\/Our-advantages-1000x520-1.jpg","datePublished":"2025-07-21T01:44:43+00:00","dateModified":"2025-10-25T03:45:21+00:00","description":"Discover why Gadlee stands out in the cleaning industry. With 30 years of experience, in-house production, and customized solutions, we deliver reliable scrubber dryers, sweepers, and OEM services built to the highest standards.","breadcrumb":{"@id":"https:\/\/www.gadlee.hk\/es\/nuestras-ventajas\/#breadcrumb"},"inLanguage":"es-ES","potentialAction":[{"@type":"ReadAction","target":["https:\/\/www.gadlee.hk\/es\/nuestras-ventajas\/"]}]},{"@type":"ImageObject","inLanguage":"es-ES","@id":"https:\/\/www.gadlee.hk\/es\/nuestras-ventajas\/#primaryimage","url":"https:\/\/gadlee.hk\/wp-content\/uploads\/2025\/07\/Our-advantages-1000x520-1.jpg","contentUrl":"https:\/\/gadlee.hk\/wp-content\/uploads\/2025\/07\/Our-advantages-1000x520-1.jpg"},{"@type":"BreadcrumbList","@id":"https:\/\/www.gadlee.hk\/es\/nuestras-ventajas\/#breadcrumb","itemListElement":[{"@type":"ListItem","position":1,"name":"Home","item":"https:\/\/www.gadlee.hk\/fr\/"},{"@type":"ListItem","position":2,"name":"Our Advantages"}]},{"@type":"WebSite","@id":"https:\/\/www.gadlee.hk\/ja\/#website","url":"https:\/\/www.gadlee.hk\/ja\/","name":"Gadlee","description":"Asia&#039;s leading manufacturer of professional cleaning machines","publisher":{"@id":"https:\/\/www.gadlee.hk\/ja\/#organization"},"potentialAction":[{"@type":"SearchAction","target":{"@type":"EntryPoint","urlTemplate":"https:\/\/www.gadlee.hk\/ja\/?s={search_term_string}"},"query-input":{"@type":"PropertyValueSpecification","valueRequired":true,"valueName":"search_term_string"}}],"inLanguage":"es-ES"},{"@type":"Organization","@id":"https:\/\/www.gadlee.hk\/ja\/#organization","name":"Gadlee","url":"https:\/\/www.gadlee.hk\/ja\/","logo":{"@type":"ImageObject","inLanguage":"es-ES","@id":"https:\/\/www.gadlee.hk\/ja\/#\/schema\/logo\/image\/","url":"https:\/\/www.gadlee.hk\/wp-content\/uploads\/2025\/06\/logo.png","contentUrl":"https:\/\/www.gadlee.hk\/wp-content\/uploads\/2025\/06\/logo.png","width":1578,"height":327,"caption":"Gadlee"},"image":{"@id":"https:\/\/www.gadlee.hk\/ja\/#\/schema\/logo\/image\/"}}]}},"_links":{"self":[{"href":"https:\/\/www.gadlee.hk\/es\/wp-json\/wp\/v2\/pages\/3722","targetHints":{"allow":["GET"]}}],"collection":[{"href":"https:\/\/www.gadlee.hk\/es\/wp-json\/wp\/v2\/pages"}],"about":[{"href":"https:\/\/www.gadlee.hk\/es\/wp-json\/wp\/v2\/types\/page"}],"author":[{"embeddable":true,"href":"https:\/\/www.gadlee.hk\/es\/wp-json\/wp\/v2\/users\/1"}],"replies":[{"embeddable":true,"href":"https:\/\/www.gadlee.hk\/es\/wp-json\/wp\/v2\/comments?post=3722"}],"version-history":[{"count":16,"href":"https:\/\/www.gadlee.hk\/es\/wp-json\/wp\/v2\/pages\/3722\/revisions"}],"predecessor-version":[{"id":4274,"href":"https:\/\/www.gadlee.hk\/es\/wp-json\/wp\/v2\/pages\/3722\/revisions\/4274"}],"wp:attachment":[{"href":"https:\/\/www.gadlee.hk\/es\/wp-json\/wp\/v2\/media?parent=3722"}],"curies":[{"name":"wp","href":"https:\/\/api.w.org\/{rel}","templated":true}]}}