{"id":4275,"date":"2025-07-22T09:29:45","date_gmt":"2025-07-22T09:29:45","guid":{"rendered":"https:\/\/gadlee.hk\/?page_id=4275"},"modified":"2025-10-25T03:42:46","modified_gmt":"2025-10-25T03:42:46","slug":"gadlee-genuine-parts","status":"publish","type":"page","link":"https:\/\/www.gadlee.hk\/es\/gadlee-genuine-parts\/","title":{"rendered":"Repuestos originales Gadlee"},"content":{"rendered":"<div data-elementor-type=\"wp-page\" data-elementor-id=\"4275\" class=\"elementor elementor-4275\">\n\t\t\t\t<div class=\"elementor-element elementor-element-d0ccff2 e-con-full e-flex e-con e-parent\" data-id=\"d0ccff2\" data-element_type=\"container\" data-settings=\"{&quot;background_background&quot;:&quot;classic&quot;}\">\n\t\t<div class=\"elementor-element elementor-element-ea89dde e-flex e-con-boxed e-con e-child\" data-id=\"ea89dde\" data-element_type=\"container\" data-settings=\"{&quot;background_background&quot;:&quot;classic&quot;}\">\n\t\t\t\t\t<div class=\"e-con-inner\">\n\t\t<div class=\"elementor-element elementor-element-5da690c e-con-full e-flex e-con e-child\" data-id=\"5da690c\" data-element_type=\"container\">\n\t\t\t\t<div class=\"elementor-element elementor-element-4c065bf elementor-widget elementor-widget-text-editor\" data-id=\"4c065bf\" data-element_type=\"widget\" data-widget_type=\"text-editor.default\">\n\t\t\t\t<div class=\"elementor-widget-container\">\n\t\t\t\t\t\t\t\t\t<p><a href=\"\/\">Inicio<\/a>\u00a0 &gt; Acerca de\u00a0 &gt; Repuestos originales Gadlee<\/p>\t\t\t\t\t\t\t\t<\/div>\n\t\t\t\t<\/div>\n\t\t\t\t<\/div>\n\t\t<div class=\"elementor-element elementor-element-2985547 e-con-full e-flex e-con e-child\" data-id=\"2985547\" data-element_type=\"container\">\n\t\t\t\t<div class=\"elementor-element elementor-element-55ce9e6 elementor-widget elementor-widget-pls-button\" data-id=\"55ce9e6\" data-element_type=\"widget\" data-widget_type=\"pls-button.default\">\n\t\t\t\t<div class=\"elementor-widget-container\">\n\t\t\t\t\t<div id=\"pls-button-20009\" class=\"pls-element pls-button\">\n\t<a class=\"button btn-style-flat\" href=\"\/contact-us\" >\n\t\tContact\t<\/a>\n<\/div>\n\t\t\t\t<\/div>\n\t\t\t\t<\/div>\n\t\t\t\t<\/div>\n\t\t\t\t\t<\/div>\n\t\t\t\t<\/div>\n\t\t\t\t<\/div>\n\t\t<div class=\"elementor-element elementor-element-ddc1f4b e-flex e-con-boxed e-con e-parent\" data-id=\"ddc1f4b\" data-element_type=\"container\" data-settings=\"{&quot;background_background&quot;:&quot;classic&quot;}\">\n\t\t\t\t\t<div class=\"e-con-inner\">\n\t\t\t\t<div class=\"elementor-element elementor-element-612792d elementor-widget elementor-widget-heading\" data-id=\"612792d\" data-element_type=\"widget\" data-widget_type=\"heading.default\">\n\t\t\t\t<div class=\"elementor-widget-container\">\n\t\t\t\t\t<h2 class=\"elementor-heading-title elementor-size-default\">Repuestos originales Gadlee<\/h2>\t\t\t\t<\/div>\n\t\t\t\t<\/div>\n\t\t\t\t<div class=\"elementor-element elementor-element-9cbb024 elementor-widget__width-initial ul20250114 elementor-widget elementor-widget-text-editor\" data-id=\"9cbb024\" data-element_type=\"widget\" data-widget_type=\"text-editor.default\">\n\t\t\t\t<div class=\"elementor-widget-container\">\n\t\t\t\t\t\t\t\t\t<p>Los repuestos originales Gadlee est\u00e1n dise\u00f1ados junto con las m\u00e1quinas, garantizando un ajuste perfecto y el m\u00e1s alto nivel de rendimiento. Al elegir repuestos originales, cada componente de la m\u00e1quina funciona siempre al m\u00e1ximo, sin p\u00e9rdida de eficiencia.<br \/>Nuestras piezas de repuesto est\u00e1n disponibles de inmediato para reemplazos r\u00e1pidos gracias a un centro de distribuci\u00f3n que abastece a nuestros talleres autorizados en todo el mundo.<\/p>\t\t\t\t\t\t\t\t<\/div>\n\t\t\t\t<\/div>\n\t\t\t\t<div class=\"elementor-element elementor-element-2c5011e elementor-widget__width-initial ul20250114 elementor-widget elementor-widget-text-editor\" data-id=\"2c5011e\" data-element_type=\"widget\" data-widget_type=\"text-editor.default\">\n\t\t\t\t<div class=\"elementor-widget-container\">\n\t\t\t\t\t\t\t\t\t<ul><li>Mantenga su m\u00e1quina en \u00f3ptimas condiciones <br \/>Con nuestras piezas originales especialmente desarrolladas, su m\u00e1quina estar\u00e1 perfectamente protegida y funcionar\u00e1 con la m\u00e1xima eficiencia.<\/li><li>Rentabilidad y preservaci\u00f3n del valor<br \/>Todos los repuestos originales Gadlee est\u00e1n garantizados para ofrecer un rendimiento \u00f3ptimo durante todo el ciclo de vida de su m\u00e1quina Gadlee.<\/li><li>Entrega r\u00e1pida <br \/>Los repuestos originales Gadlee est\u00e1n a su disposici\u00f3n las 24 horas del d\u00eda, los 7 d\u00edas de la semana.<\/li><\/ul>\t\t\t\t\t\t\t\t<\/div>\n\t\t\t\t<\/div>\n\t\t\t\t\t<\/div>\n\t\t\t\t<\/div>\n\t\t<div class=\"elementor-element elementor-element-ec9d528 e-flex e-con-boxed e-con e-parent\" data-id=\"ec9d528\" data-element_type=\"container\">\n\t\t\t\t\t<div class=\"e-con-inner\">\n\t\t\t\t<div class=\"elementor-element elementor-element-f164b45 elementor-widget elementor-widget-image\" data-id=\"f164b45\" data-element_type=\"widget\" data-widget_type=\"image.default\">\n\t\t\t\t<div class=\"elementor-widget-container\">\n\t\t\t\t\t\t\t\t\t\t\t\t\t\t\t<img fetchpriority=\"high\" decoding=\"async\" width=\"1000\" height=\"420\" src=\"https:\/\/www.gadlee.hk\/wp-content\/uploads\/2025\/07\/2025072401-1000x4201-1.jpg\" class=\"attachment-full size-full wp-image-4426\" alt=\"\" \/>\t\t\t\t\t\t\t\t\t\t\t\t\t\t\t<\/div>\n\t\t\t\t<\/div>\n\t\t\t\t\t<\/div>\n\t\t\t\t<\/div>\n\t\t\t\t<\/div>","protected":false},"excerpt":{"rendered":"<p>Home\u00a0 &gt; About\u00a0 &gt; Gadlee Genuine Parts Contact Us Gadlee genuine parts Gadlee genuine parts are designed together with the machines, so they perfectly fit them thus guaranteeing the highest<\/p>","protected":false},"author":1,"featured_media":0,"parent":0,"menu_order":0,"comment_status":"closed","ping_status":"closed","template":"","meta":{"footnotes":""},"class_list":["post-4275","page","type-page","status-publish","hentry"],"yoast_head":"<!-- This site is optimized with the Yoast SEO plugin v26.2 - https:\/\/yoast.com\/wordpress\/plugins\/seo\/ -->\n<title>Gadlee Genuine Parts - Original Spare Parts for Cleaning Machines<\/title>\n<meta name=\"description\" content=\"Keep your Gadlee cleaning machines performing at their best with genuine spare parts. Designed for perfect fit, durability, and fast global delivery\u2014available 24\/7 to keep your business running smoothly.\" \/>\n<meta name=\"robots\" content=\"index, follow, max-snippet:-1, max-image-preview:large, max-video-preview:-1\" \/>\n<link rel=\"canonical\" href=\"https:\/\/www.gadlee.hk\/es\/gadlee-genuine-parts\/\" \/>\n<meta property=\"og:locale\" content=\"es_ES\" \/>\n<meta property=\"og:type\" content=\"article\" \/>\n<meta property=\"og:title\" content=\"Gadlee Genuine Parts - Original Spare Parts for Cleaning Machines\" \/>\n<meta property=\"og:description\" content=\"Keep your Gadlee cleaning machines performing at their best with genuine spare parts. Designed for perfect fit, durability, and fast global delivery\u2014available 24\/7 to keep your business running smoothly.\" \/>\n<meta property=\"og:url\" content=\"https:\/\/www.gadlee.hk\/es\/gadlee-genuine-parts\/\" \/>\n<meta property=\"og:site_name\" content=\"Gadlee\" \/>\n<meta property=\"article:modified_time\" content=\"2025-10-25T03:42:46+00:00\" \/>\n<meta property=\"og:image\" content=\"https:\/\/gadlee.hk\/wp-content\/uploads\/2025\/07\/2025072401-1000x4201-1.jpg\" \/>\n<meta name=\"twitter:card\" content=\"summary_large_image\" \/>\n<meta name=\"twitter:label1\" content=\"Est. reading time\" \/>\n\t<meta name=\"twitter:data1\" content=\"1 minute\" \/>\n<script type=\"application\/ld+json\" class=\"yoast-schema-graph\">{\"@context\":\"https:\/\/schema.org\",\"@graph\":[{\"@type\":\"WebPage\",\"@id\":\"https:\/\/www.gadlee.hk\/zh-hk\/gadlee-genuine-parts\/\",\"url\":\"https:\/\/www.gadlee.hk\/zh-hk\/gadlee-genuine-parts\/\",\"name\":\"Gadlee Genuine Parts - Original Spare Parts for Cleaning Machines\",\"isPartOf\":{\"@id\":\"https:\/\/www.gadlee.hk\/ja\/#website\"},\"primaryImageOfPage\":{\"@id\":\"https:\/\/www.gadlee.hk\/zh-hk\/gadlee-genuine-parts\/#primaryimage\"},\"image\":{\"@id\":\"https:\/\/www.gadlee.hk\/zh-hk\/gadlee-genuine-parts\/#primaryimage\"},\"thumbnailUrl\":\"https:\/\/gadlee.hk\/wp-content\/uploads\/2025\/07\/2025072401-1000x4201-1.jpg\",\"datePublished\":\"2025-07-22T09:29:45+00:00\",\"dateModified\":\"2025-10-25T03:42:46+00:00\",\"description\":\"Keep your Gadlee cleaning machines performing at their best with genuine spare parts. Designed for perfect fit, durability, and fast global delivery\u2014available 24\/7 to keep your business running smoothly.\",\"breadcrumb\":{\"@id\":\"https:\/\/www.gadlee.hk\/zh-hk\/gadlee-genuine-parts\/#breadcrumb\"},\"inLanguage\":\"es-ES\",\"potentialAction\":[{\"@type\":\"ReadAction\",\"target\":[\"https:\/\/www.gadlee.hk\/zh-hk\/gadlee-genuine-parts\/\"]}]},{\"@type\":\"ImageObject\",\"inLanguage\":\"es-ES\",\"@id\":\"https:\/\/www.gadlee.hk\/zh-hk\/gadlee-genuine-parts\/#primaryimage\",\"url\":\"https:\/\/gadlee.hk\/wp-content\/uploads\/2025\/07\/2025072401-1000x4201-1.jpg\",\"contentUrl\":\"https:\/\/gadlee.hk\/wp-content\/uploads\/2025\/07\/2025072401-1000x4201-1.jpg\"},{\"@type\":\"BreadcrumbList\",\"@id\":\"https:\/\/www.gadlee.hk\/zh-hk\/gadlee-genuine-parts\/#breadcrumb\",\"itemListElement\":[{\"@type\":\"ListItem\",\"position\":1,\"name\":\"Home\",\"item\":\"https:\/\/www.gadlee.hk\/fr\/\"},{\"@type\":\"ListItem\",\"position\":2,\"name\":\"Gadlee genuine parts\"}]},{\"@type\":\"WebSite\",\"@id\":\"https:\/\/www.gadlee.hk\/ja\/#website\",\"url\":\"https:\/\/www.gadlee.hk\/ja\/\",\"name\":\"Gadlee\",\"description\":\"Asia&#039;s leading manufacturer of professional cleaning machines\",\"publisher\":{\"@id\":\"https:\/\/www.gadlee.hk\/ja\/#organization\"},\"potentialAction\":[{\"@type\":\"SearchAction\",\"target\":{\"@type\":\"EntryPoint\",\"urlTemplate\":\"https:\/\/www.gadlee.hk\/ja\/?s={search_term_string}\"},\"query-input\":{\"@type\":\"PropertyValueSpecification\",\"valueRequired\":true,\"valueName\":\"search_term_string\"}}],\"inLanguage\":\"es-ES\"},{\"@type\":\"Organization\",\"@id\":\"https:\/\/www.gadlee.hk\/ja\/#organization\",\"name\":\"Gadlee\",\"url\":\"https:\/\/www.gadlee.hk\/ja\/\",\"logo\":{\"@type\":\"ImageObject\",\"inLanguage\":\"es-ES\",\"@id\":\"https:\/\/www.gadlee.hk\/ja\/#\/schema\/logo\/image\/\",\"url\":\"https:\/\/www.gadlee.hk\/wp-content\/uploads\/2025\/06\/logo.png\",\"contentUrl\":\"https:\/\/www.gadlee.hk\/wp-content\/uploads\/2025\/06\/logo.png\",\"width\":1578,\"height\":327,\"caption\":\"Gadlee\"},\"image\":{\"@id\":\"https:\/\/www.gadlee.hk\/ja\/#\/schema\/logo\/image\/\"}}]}<\/script>\n<!-- \/ Yoast SEO plugin. -->","yoast_head_json":{"title":"Gadlee Genuine Parts - Original Spare Parts for Cleaning Machines","description":"Keep your Gadlee cleaning machines performing at their best with genuine spare parts. Designed for perfect fit, durability, and fast global delivery\u2014available 24\/7 to keep your business running smoothly.","robots":{"index":"index","follow":"follow","max-snippet":"max-snippet:-1","max-image-preview":"max-image-preview:large","max-video-preview":"max-video-preview:-1"},"canonical":"https:\/\/www.gadlee.hk\/es\/gadlee-genuine-parts\/","og_locale":"es_ES","og_type":"article","og_title":"Gadlee Genuine Parts - Original Spare Parts for Cleaning Machines","og_description":"Keep your Gadlee cleaning machines performing at their best with genuine spare parts. Designed for perfect fit, durability, and fast global delivery\u2014available 24\/7 to keep your business running smoothly.","og_url":"https:\/\/www.gadlee.hk\/es\/gadlee-genuine-parts\/","og_site_name":"Gadlee","article_modified_time":"2025-10-25T03:42:46+00:00","og_image":[{"url":"https:\/\/gadlee.hk\/wp-content\/uploads\/2025\/07\/2025072401-1000x4201-1.jpg","type":"","width":"","height":""}],"twitter_card":"summary_large_image","twitter_misc":{"Est. reading time":"1 minute"},"schema":{"@context":"https:\/\/schema.org","@graph":[{"@type":"WebPage","@id":"https:\/\/www.gadlee.hk\/zh-hk\/gadlee-genuine-parts\/","url":"https:\/\/www.gadlee.hk\/zh-hk\/gadlee-genuine-parts\/","name":"Gadlee Genuine Parts - Original Spare Parts for Cleaning Machines","isPartOf":{"@id":"https:\/\/www.gadlee.hk\/ja\/#website"},"primaryImageOfPage":{"@id":"https:\/\/www.gadlee.hk\/zh-hk\/gadlee-genuine-parts\/#primaryimage"},"image":{"@id":"https:\/\/www.gadlee.hk\/zh-hk\/gadlee-genuine-parts\/#primaryimage"},"thumbnailUrl":"https:\/\/gadlee.hk\/wp-content\/uploads\/2025\/07\/2025072401-1000x4201-1.jpg","datePublished":"2025-07-22T09:29:45+00:00","dateModified":"2025-10-25T03:42:46+00:00","description":"Keep your Gadlee cleaning machines performing at their best with genuine spare parts. Designed for perfect fit, durability, and fast global delivery\u2014available 24\/7 to keep your business running smoothly.","breadcrumb":{"@id":"https:\/\/www.gadlee.hk\/zh-hk\/gadlee-genuine-parts\/#breadcrumb"},"inLanguage":"es-ES","potentialAction":[{"@type":"ReadAction","target":["https:\/\/www.gadlee.hk\/zh-hk\/gadlee-genuine-parts\/"]}]},{"@type":"ImageObject","inLanguage":"es-ES","@id":"https:\/\/www.gadlee.hk\/zh-hk\/gadlee-genuine-parts\/#primaryimage","url":"https:\/\/gadlee.hk\/wp-content\/uploads\/2025\/07\/2025072401-1000x4201-1.jpg","contentUrl":"https:\/\/gadlee.hk\/wp-content\/uploads\/2025\/07\/2025072401-1000x4201-1.jpg"},{"@type":"BreadcrumbList","@id":"https:\/\/www.gadlee.hk\/zh-hk\/gadlee-genuine-parts\/#breadcrumb","itemListElement":[{"@type":"ListItem","position":1,"name":"Home","item":"https:\/\/www.gadlee.hk\/fr\/"},{"@type":"ListItem","position":2,"name":"Gadlee genuine parts"}]},{"@type":"WebSite","@id":"https:\/\/www.gadlee.hk\/ja\/#website","url":"https:\/\/www.gadlee.hk\/ja\/","name":"Gadlee","description":"Asia&#039;s leading manufacturer of professional cleaning machines","publisher":{"@id":"https:\/\/www.gadlee.hk\/ja\/#organization"},"potentialAction":[{"@type":"SearchAction","target":{"@type":"EntryPoint","urlTemplate":"https:\/\/www.gadlee.hk\/ja\/?s={search_term_string}"},"query-input":{"@type":"PropertyValueSpecification","valueRequired":true,"valueName":"search_term_string"}}],"inLanguage":"es-ES"},{"@type":"Organization","@id":"https:\/\/www.gadlee.hk\/ja\/#organization","name":"Gadlee","url":"https:\/\/www.gadlee.hk\/ja\/","logo":{"@type":"ImageObject","inLanguage":"es-ES","@id":"https:\/\/www.gadlee.hk\/ja\/#\/schema\/logo\/image\/","url":"https:\/\/www.gadlee.hk\/wp-content\/uploads\/2025\/06\/logo.png","contentUrl":"https:\/\/www.gadlee.hk\/wp-content\/uploads\/2025\/06\/logo.png","width":1578,"height":327,"caption":"Gadlee"},"image":{"@id":"https:\/\/www.gadlee.hk\/ja\/#\/schema\/logo\/image\/"}}]}},"_links":{"self":[{"href":"https:\/\/www.gadlee.hk\/es\/wp-json\/wp\/v2\/pages\/4275","targetHints":{"allow":["GET"]}}],"collection":[{"href":"https:\/\/www.gadlee.hk\/es\/wp-json\/wp\/v2\/pages"}],"about":[{"href":"https:\/\/www.gadlee.hk\/es\/wp-json\/wp\/v2\/types\/page"}],"author":[{"embeddable":true,"href":"https:\/\/www.gadlee.hk\/es\/wp-json\/wp\/v2\/users\/1"}],"replies":[{"embeddable":true,"href":"https:\/\/www.gadlee.hk\/es\/wp-json\/wp\/v2\/comments?post=4275"}],"version-history":[{"count":13,"href":"https:\/\/www.gadlee.hk\/es\/wp-json\/wp\/v2\/pages\/4275\/revisions"}],"predecessor-version":[{"id":4429,"href":"https:\/\/www.gadlee.hk\/es\/wp-json\/wp\/v2\/pages\/4275\/revisions\/4429"}],"wp:attachment":[{"href":"https:\/\/www.gadlee.hk\/es\/wp-json\/wp\/v2\/media?parent=4275"}],"curies":[{"name":"wp","href":"https:\/\/api.w.org\/{rel}","templated":true}]}}