{"id":2456,"date":"2025-06-30T02:13:00","date_gmt":"2025-06-30T02:13:00","guid":{"rendered":"https:\/\/gadlee.hk\/?post_type=product&#038;p=2456"},"modified":"2026-02-14T06:45:37","modified_gmt":"2026-02-14T06:45:37","slug":"gt70-ride-on-scrubber-dryer","status":"publish","type":"product","link":"https:\/\/www.gadlee.hk\/es\/producto\/gt70-ride-on-scrubber-dryer\/","title":{"rendered":"GT70+ Fregadora con operador a bordo"},"content":{"rendered":"<p class=\" translation-block\">La fregadora-deshumidificadora GT70+ autopropulsada est\u00e1 dise\u00f1ada para reemplazar las fregadoras de arrastre. Ocupa menos espacio que un modelo de arrastre, pero limpia 3 veces m\u00e1s r\u00e1pido.<br>\nGT70+ cuenta con direcci\u00f3n ligera y suave, se puede usar incluso en \u00e1reas congestionadas y pasillos estrechos.<br>\nGracias a su dise\u00f1o silencioso, permite limpiar durante el d\u00eda en cualquier lugar.<\/p>\n<h6>Caracter\u00edsticas principales:<\/h6>\n<ul>\n<li>Sistema ECO Mode, hasta 4,5 horas de trabajo.<\/li>\n<li>Limpia 3 veces m\u00e1s r\u00e1pido que las m\u00e1quinas de arrastre.<\/li>\n<li>Dise\u00f1o de bajo ruido, adecuado para diferentes entornos.<\/li>\n<li>Gran capacidad de 70L.<\/li>\n<li>Equipada con sensor de agua para garantizar una amplia protecci\u00f3n del cepillo y del sistema de aspiraci\u00f3n.<\/li>\n<li>F\u00e1cil acceso al dep\u00f3sito y a las bater\u00edas para limpieza y mantenimiento, sin necesidad de herramientas para acceder al cabezal de fregado.<\/li>\n<\/ul>","protected":false},"excerpt":{"rendered":"<p>\u00bfNecesitas ayuda?<\/p>","protected":false},"featured_media":2457,"template":"","meta":[],"product_brand":[],"product_cat":[131,124],"product_tag":[],"class_list":{"0":"post-2456","1":"product","2":"type-product","3":"status-publish","4":"has-post-thumbnail","6":"product_cat-ride-on-scrubber-dryer","7":"product_cat-scrubber-dryers","9":"first","10":"instock","11":"shipping-taxable","12":"product-type-simple"},"yoast_head":"<!-- This site is optimized with the Yoast SEO plugin v26.2 - https:\/\/yoast.com\/wordpress\/plugins\/seo\/ -->\n<title>GT70+ Ride-On Scrubber Dryer - Gadlee<\/title>\n<meta name=\"description\" content=\"Ride-on scrubber dryer built for large-area cleaning with powerful suction and high productivity.\" \/>\n<meta name=\"robots\" content=\"index, follow, max-snippet:-1, max-image-preview:large, max-video-preview:-1\" \/>\n<link rel=\"canonical\" href=\"https:\/\/www.gadlee.hk\/es\/producto\/gt70-ride-on-scrubber-dryer\/\" \/>\n<meta property=\"og:locale\" content=\"es_ES\" \/>\n<meta property=\"og:type\" content=\"article\" \/>\n<meta property=\"og:title\" content=\"GT70+ Ride-On Scrubber Dryer - Gadlee\" \/>\n<meta property=\"og:description\" content=\"Ride-on scrubber dryer built for large-area cleaning with powerful suction and high productivity.\" \/>\n<meta property=\"og:url\" content=\"https:\/\/www.gadlee.hk\/es\/producto\/gt70-ride-on-scrubber-dryer\/\" \/>\n<meta property=\"og:site_name\" content=\"Gadlee\" \/>\n<meta property=\"article:modified_time\" content=\"2026-02-14T06:45:37+00:00\" \/>\n<meta property=\"og:image\" content=\"https:\/\/www.gadlee.hk\/wp-content\/uploads\/2025\/06\/GT70-1.png\" \/>\n\t<meta property=\"og:image:width\" content=\"1200\" \/>\n\t<meta property=\"og:image:height\" content=\"800\" \/>\n\t<meta property=\"og:image:type\" content=\"image\/png\" \/>\n<meta name=\"twitter:card\" content=\"summary_large_image\" \/>\n<meta name=\"twitter:label1\" content=\"Est. reading time\" \/>\n\t<meta name=\"twitter:data1\" content=\"1 minute\" \/>\n<script type=\"application\/ld+json\" class=\"yoast-schema-graph\">{\"@context\":\"https:\/\/schema.org\",\"@graph\":[{\"@type\":\"WebPage\",\"@id\":\"https:\/\/www.gadlee.hk\/ja\/product\/gt70-ride-on-scrubber-dryer\/\",\"url\":\"https:\/\/www.gadlee.hk\/ja\/product\/gt70-ride-on-scrubber-dryer\/\",\"name\":\"GT70+ Ride-On Scrubber Dryer - Gadlee\",\"isPartOf\":{\"@id\":\"https:\/\/www.gadlee.hk\/ja\/#website\"},\"primaryImageOfPage\":{\"@id\":\"https:\/\/www.gadlee.hk\/ja\/product\/gt70-ride-on-scrubber-dryer\/#primaryimage\"},\"image\":{\"@id\":\"https:\/\/www.gadlee.hk\/ja\/product\/gt70-ride-on-scrubber-dryer\/#primaryimage\"},\"thumbnailUrl\":\"https:\/\/www.gadlee.hk\/wp-content\/uploads\/2025\/06\/GT70-1.png\",\"datePublished\":\"2025-06-30T02:13:00+00:00\",\"dateModified\":\"2026-02-14T06:45:37+00:00\",\"description\":\"Ride-on scrubber dryer built for large-area cleaning with powerful suction and high productivity.\",\"breadcrumb\":{\"@id\":\"https:\/\/www.gadlee.hk\/ja\/product\/gt70-ride-on-scrubber-dryer\/#breadcrumb\"},\"inLanguage\":\"es-ES\",\"potentialAction\":[{\"@type\":\"ReadAction\",\"target\":[\"https:\/\/www.gadlee.hk\/ja\/product\/gt70-ride-on-scrubber-dryer\/\"]}]},{\"@type\":\"ImageObject\",\"inLanguage\":\"es-ES\",\"@id\":\"https:\/\/www.gadlee.hk\/ja\/product\/gt70-ride-on-scrubber-dryer\/#primaryimage\",\"url\":\"https:\/\/www.gadlee.hk\/wp-content\/uploads\/2025\/06\/GT70-1.png\",\"contentUrl\":\"https:\/\/www.gadlee.hk\/wp-content\/uploads\/2025\/06\/GT70-1.png\",\"width\":1200,\"height\":800},{\"@type\":\"BreadcrumbList\",\"@id\":\"https:\/\/www.gadlee.hk\/ja\/product\/gt70-ride-on-scrubber-dryer\/#breadcrumb\",\"itemListElement\":[{\"@type\":\"ListItem\",\"position\":1,\"name\":\"Home\",\"item\":\"https:\/\/www.gadlee.hk\/fr\/\"},{\"@type\":\"ListItem\",\"position\":2,\"name\":\"Products\",\"item\":\"https:\/\/www.gadlee.hk\/fr\/boutique\/\"},{\"@type\":\"ListItem\",\"position\":3,\"name\":\"GT70+ Ride-On Scrubber Dryer\"}]},{\"@type\":\"WebSite\",\"@id\":\"https:\/\/www.gadlee.hk\/ja\/#website\",\"url\":\"https:\/\/www.gadlee.hk\/ja\/\",\"name\":\"Gadlee\",\"description\":\"Asia&#039;s leading manufacturer of professional cleaning machines\",\"publisher\":{\"@id\":\"https:\/\/www.gadlee.hk\/ja\/#organization\"},\"potentialAction\":[{\"@type\":\"SearchAction\",\"target\":{\"@type\":\"EntryPoint\",\"urlTemplate\":\"https:\/\/www.gadlee.hk\/ja\/?s={search_term_string}\"},\"query-input\":{\"@type\":\"PropertyValueSpecification\",\"valueRequired\":true,\"valueName\":\"search_term_string\"}}],\"inLanguage\":\"es-ES\"},{\"@type\":\"Organization\",\"@id\":\"https:\/\/www.gadlee.hk\/ja\/#organization\",\"name\":\"Gadlee\",\"url\":\"https:\/\/www.gadlee.hk\/ja\/\",\"logo\":{\"@type\":\"ImageObject\",\"inLanguage\":\"es-ES\",\"@id\":\"https:\/\/www.gadlee.hk\/ja\/#\/schema\/logo\/image\/\",\"url\":\"https:\/\/www.gadlee.hk\/wp-content\/uploads\/2025\/06\/logo.png\",\"contentUrl\":\"https:\/\/www.gadlee.hk\/wp-content\/uploads\/2025\/06\/logo.png\",\"width\":1578,\"height\":327,\"caption\":\"Gadlee\"},\"image\":{\"@id\":\"https:\/\/www.gadlee.hk\/ja\/#\/schema\/logo\/image\/\"}}]}<\/script>\n<!-- \/ Yoast SEO plugin. -->","yoast_head_json":{"title":"GT70+ Ride-On Scrubber Dryer - Gadlee","description":"Ride-on scrubber dryer built for large-area cleaning with powerful suction and high productivity.","robots":{"index":"index","follow":"follow","max-snippet":"max-snippet:-1","max-image-preview":"max-image-preview:large","max-video-preview":"max-video-preview:-1"},"canonical":"https:\/\/www.gadlee.hk\/es\/producto\/gt70-ride-on-scrubber-dryer\/","og_locale":"es_ES","og_type":"article","og_title":"GT70+ Ride-On Scrubber Dryer - Gadlee","og_description":"Ride-on scrubber dryer built for large-area cleaning with powerful suction and high productivity.","og_url":"https:\/\/www.gadlee.hk\/es\/producto\/gt70-ride-on-scrubber-dryer\/","og_site_name":"Gadlee","article_modified_time":"2026-02-14T06:45:37+00:00","og_image":[{"width":1200,"height":800,"url":"https:\/\/www.gadlee.hk\/wp-content\/uploads\/2025\/06\/GT70-1.png","type":"image\/png"}],"twitter_card":"summary_large_image","twitter_misc":{"Est. reading time":"1 minute"},"schema":{"@context":"https:\/\/schema.org","@graph":[{"@type":"WebPage","@id":"https:\/\/www.gadlee.hk\/ja\/product\/gt70-ride-on-scrubber-dryer\/","url":"https:\/\/www.gadlee.hk\/ja\/product\/gt70-ride-on-scrubber-dryer\/","name":"GT70+ Ride-On Scrubber Dryer - Gadlee","isPartOf":{"@id":"https:\/\/www.gadlee.hk\/ja\/#website"},"primaryImageOfPage":{"@id":"https:\/\/www.gadlee.hk\/ja\/product\/gt70-ride-on-scrubber-dryer\/#primaryimage"},"image":{"@id":"https:\/\/www.gadlee.hk\/ja\/product\/gt70-ride-on-scrubber-dryer\/#primaryimage"},"thumbnailUrl":"https:\/\/www.gadlee.hk\/wp-content\/uploads\/2025\/06\/GT70-1.png","datePublished":"2025-06-30T02:13:00+00:00","dateModified":"2026-02-14T06:45:37+00:00","description":"Ride-on scrubber dryer built for large-area cleaning with powerful suction and high productivity.","breadcrumb":{"@id":"https:\/\/www.gadlee.hk\/ja\/product\/gt70-ride-on-scrubber-dryer\/#breadcrumb"},"inLanguage":"es-ES","potentialAction":[{"@type":"ReadAction","target":["https:\/\/www.gadlee.hk\/ja\/product\/gt70-ride-on-scrubber-dryer\/"]}]},{"@type":"ImageObject","inLanguage":"es-ES","@id":"https:\/\/www.gadlee.hk\/ja\/product\/gt70-ride-on-scrubber-dryer\/#primaryimage","url":"https:\/\/www.gadlee.hk\/wp-content\/uploads\/2025\/06\/GT70-1.png","contentUrl":"https:\/\/www.gadlee.hk\/wp-content\/uploads\/2025\/06\/GT70-1.png","width":1200,"height":800},{"@type":"BreadcrumbList","@id":"https:\/\/www.gadlee.hk\/ja\/product\/gt70-ride-on-scrubber-dryer\/#breadcrumb","itemListElement":[{"@type":"ListItem","position":1,"name":"Home","item":"https:\/\/www.gadlee.hk\/fr\/"},{"@type":"ListItem","position":2,"name":"Products","item":"https:\/\/www.gadlee.hk\/fr\/boutique\/"},{"@type":"ListItem","position":3,"name":"GT70+ Ride-On Scrubber Dryer"}]},{"@type":"WebSite","@id":"https:\/\/www.gadlee.hk\/ja\/#website","url":"https:\/\/www.gadlee.hk\/ja\/","name":"Gadlee","description":"Asia&#039;s leading manufacturer of professional cleaning machines","publisher":{"@id":"https:\/\/www.gadlee.hk\/ja\/#organization"},"potentialAction":[{"@type":"SearchAction","target":{"@type":"EntryPoint","urlTemplate":"https:\/\/www.gadlee.hk\/ja\/?s={search_term_string}"},"query-input":{"@type":"PropertyValueSpecification","valueRequired":true,"valueName":"search_term_string"}}],"inLanguage":"es-ES"},{"@type":"Organization","@id":"https:\/\/www.gadlee.hk\/ja\/#organization","name":"Gadlee","url":"https:\/\/www.gadlee.hk\/ja\/","logo":{"@type":"ImageObject","inLanguage":"es-ES","@id":"https:\/\/www.gadlee.hk\/ja\/#\/schema\/logo\/image\/","url":"https:\/\/www.gadlee.hk\/wp-content\/uploads\/2025\/06\/logo.png","contentUrl":"https:\/\/www.gadlee.hk\/wp-content\/uploads\/2025\/06\/logo.png","width":1578,"height":327,"caption":"Gadlee"},"image":{"@id":"https:\/\/www.gadlee.hk\/ja\/#\/schema\/logo\/image\/"}}]}},"_links":{"self":[{"href":"https:\/\/www.gadlee.hk\/es\/wp-json\/wp\/v2\/product\/2456","targetHints":{"allow":["GET"]}}],"collection":[{"href":"https:\/\/www.gadlee.hk\/es\/wp-json\/wp\/v2\/product"}],"about":[{"href":"https:\/\/www.gadlee.hk\/es\/wp-json\/wp\/v2\/types\/product"}],"version-history":[{"count":6,"href":"https:\/\/www.gadlee.hk\/es\/wp-json\/wp\/v2\/product\/2456\/revisions"}],"predecessor-version":[{"id":3510,"href":"https:\/\/www.gadlee.hk\/es\/wp-json\/wp\/v2\/product\/2456\/revisions\/3510"}],"wp:featuredmedia":[{"embeddable":true,"href":"https:\/\/www.gadlee.hk\/es\/wp-json\/wp\/v2\/media\/2457"}],"wp:attachment":[{"href":"https:\/\/www.gadlee.hk\/es\/wp-json\/wp\/v2\/media?parent=2456"}],"wp:term":[{"taxonomy":"product_brand","embeddable":true,"href":"https:\/\/www.gadlee.hk\/es\/wp-json\/wp\/v2\/product_brand?post=2456"},{"taxonomy":"product_cat","embeddable":true,"href":"https:\/\/www.gadlee.hk\/es\/wp-json\/wp\/v2\/product_cat?post=2456"},{"taxonomy":"product_tag","embeddable":true,"href":"https:\/\/www.gadlee.hk\/es\/wp-json\/wp\/v2\/product_tag?post=2456"}],"curies":[{"name":"wp","href":"https:\/\/api.w.org\/{rel}","templated":true}]}}