{"id":3081,"date":"2025-07-07T07:35:22","date_gmt":"2025-07-07T07:35:22","guid":{"rendered":"https:\/\/gadlee.hk\/?post_type=product&#038;p=3081"},"modified":"2025-10-25T06:28:35","modified_gmt":"2025-10-25T06:28:35","slug":"barredora-de-conductor-sentado-gts1200","status":"publish","type":"product","link":"https:\/\/www.gadlee.hk\/es\/producto\/barredora-de-conductor-sentado-gts1200\/","title":{"rendered":"GTS1200 Barredora con conductor a bordo"},"content":{"rendered":"<p class=\" translation-block\">La GTS1200 es una barredora de conductor sentado compacta adecuada para barrer \u00e1reas de tama\u00f1o medio. La gran mayor\u00eda de los trabajos de barrido profesional con conductor a bordo exigen una m\u00e1quina compacta, maniobrable y fiable.<br>\r\nGTS1200 representa la simplicidad y robustez en su forma sofisticada.<br>\r\nRecomendada para f\u00e1bricas, almacenes, aparcamientos y zonas exteriores como parques y jardines.<\/p>\n<h6>Caracter\u00edsticas principales:<\/h6>\n<ul>\n<li>Hasta 5 horas de trabajo sin parar.<\/li>\n<li>\u00cdndice de productividad te\u00f3rico de 7200 m\u00b2\/h.<\/li>\n<li>Velocidad de ascenso hasta 16%.<\/li>\n<li>Filtro de poli\u00e9ster microfino (PTFE) de 4 m\u00b2 con agitador de filtro el\u00e9ctrico.<\/li>\n<li>Gran trampilla y una tolva de 70 L para recoger f\u00e1cilmente la suciedad y los residuos de gran tama\u00f1o.<\/li>\n<li>Construcci\u00f3n robusta con cuerpo y bastidor totalmente de acero.<\/li>\n<\/ul>","protected":false},"excerpt":{"rendered":"<p>\u00bfNecesitas ayuda?<\/p>","protected":false},"featured_media":3175,"template":"","meta":[],"product_brand":[],"product_cat":[132,128],"product_tag":[],"class_list":{"0":"post-3081","1":"product","2":"type-product","3":"status-publish","4":"has-post-thumbnail","6":"product_cat-ride-on-sweeper","7":"product_cat-sweepers","9":"first","10":"instock","11":"shipping-taxable","12":"product-type-simple"},"yoast_head":"<!-- This site is optimized with the Yoast SEO plugin v26.2 - https:\/\/yoast.com\/wordpress\/plugins\/seo\/ -->\n<title>GTS1200 Ride-On Sweeper - Gadlee<\/title>\n<meta name=\"description\" content=\"Compact and efficient ride-on sweeper designed for small to medium industrial and commercial areas.\" \/>\n<meta name=\"robots\" content=\"index, follow, max-snippet:-1, max-image-preview:large, max-video-preview:-1\" \/>\n<link rel=\"canonical\" href=\"https:\/\/www.gadlee.hk\/es\/producto\/barredora-de-conductor-sentado-gts1200\/\" \/>\n<meta property=\"og:locale\" content=\"es_ES\" \/>\n<meta property=\"og:type\" content=\"article\" \/>\n<meta property=\"og:title\" content=\"GTS1200 Ride-On Sweeper - Gadlee\" \/>\n<meta property=\"og:description\" content=\"Compact and efficient ride-on sweeper designed for small to medium industrial and commercial areas.\" \/>\n<meta property=\"og:url\" content=\"https:\/\/www.gadlee.hk\/es\/producto\/barredora-de-conductor-sentado-gts1200\/\" \/>\n<meta property=\"og:site_name\" content=\"Gadlee\" \/>\n<meta property=\"article:modified_time\" content=\"2025-10-25T06:28:35+00:00\" \/>\n<meta property=\"og:image\" content=\"https:\/\/www.gadlee.hk\/wp-content\/uploads\/2025\/07\/GTS1200-1-1.png\" \/>\n\t<meta property=\"og:image:width\" content=\"1200\" \/>\n\t<meta property=\"og:image:height\" content=\"800\" \/>\n\t<meta property=\"og:image:type\" content=\"image\/png\" \/>\n<meta name=\"twitter:card\" content=\"summary_large_image\" \/>\n<meta name=\"twitter:label1\" content=\"Est. reading time\" \/>\n\t<meta name=\"twitter:data1\" content=\"1 minute\" \/>\n<script type=\"application\/ld+json\" class=\"yoast-schema-graph\">{\"@context\":\"https:\/\/schema.org\",\"@graph\":[{\"@type\":\"WebPage\",\"@id\":\"https:\/\/www.gadlee.hk\/de\/produkt\/gts1200-aufsitzkehrmaschine\/\",\"url\":\"https:\/\/www.gadlee.hk\/de\/produkt\/gts1200-aufsitzkehrmaschine\/\",\"name\":\"GTS1200 Ride-On Sweeper - Gadlee\",\"isPartOf\":{\"@id\":\"https:\/\/www.gadlee.hk\/ja\/#website\"},\"primaryImageOfPage\":{\"@id\":\"https:\/\/www.gadlee.hk\/de\/produkt\/gts1200-aufsitzkehrmaschine\/#primaryimage\"},\"image\":{\"@id\":\"https:\/\/www.gadlee.hk\/de\/produkt\/gts1200-aufsitzkehrmaschine\/#primaryimage\"},\"thumbnailUrl\":\"https:\/\/www.gadlee.hk\/wp-content\/uploads\/2025\/07\/GTS1200-1-1.png\",\"datePublished\":\"2025-07-07T07:35:22+00:00\",\"dateModified\":\"2025-10-25T06:28:35+00:00\",\"description\":\"Compact and efficient ride-on sweeper designed for small to medium industrial and commercial areas.\",\"breadcrumb\":{\"@id\":\"https:\/\/www.gadlee.hk\/de\/produkt\/gts1200-aufsitzkehrmaschine\/#breadcrumb\"},\"inLanguage\":\"es-ES\",\"potentialAction\":[{\"@type\":\"ReadAction\",\"target\":[\"https:\/\/www.gadlee.hk\/de\/produkt\/gts1200-aufsitzkehrmaschine\/\"]}]},{\"@type\":\"ImageObject\",\"inLanguage\":\"es-ES\",\"@id\":\"https:\/\/www.gadlee.hk\/de\/produkt\/gts1200-aufsitzkehrmaschine\/#primaryimage\",\"url\":\"https:\/\/www.gadlee.hk\/wp-content\/uploads\/2025\/07\/GTS1200-1-1.png\",\"contentUrl\":\"https:\/\/www.gadlee.hk\/wp-content\/uploads\/2025\/07\/GTS1200-1-1.png\",\"width\":1200,\"height\":800},{\"@type\":\"BreadcrumbList\",\"@id\":\"https:\/\/www.gadlee.hk\/de\/produkt\/gts1200-aufsitzkehrmaschine\/#breadcrumb\",\"itemListElement\":[{\"@type\":\"ListItem\",\"position\":1,\"name\":\"Home\",\"item\":\"https:\/\/www.gadlee.hk\/fr\/\"},{\"@type\":\"ListItem\",\"position\":2,\"name\":\"Products\",\"item\":\"https:\/\/www.gadlee.hk\/fr\/boutique\/\"},{\"@type\":\"ListItem\",\"position\":3,\"name\":\"GTS1200 Ride-On Sweeper\"}]},{\"@type\":\"WebSite\",\"@id\":\"https:\/\/www.gadlee.hk\/ja\/#website\",\"url\":\"https:\/\/www.gadlee.hk\/ja\/\",\"name\":\"Gadlee\",\"description\":\"Asia&#039;s leading manufacturer of professional cleaning machines\",\"publisher\":{\"@id\":\"https:\/\/www.gadlee.hk\/ja\/#organization\"},\"potentialAction\":[{\"@type\":\"SearchAction\",\"target\":{\"@type\":\"EntryPoint\",\"urlTemplate\":\"https:\/\/www.gadlee.hk\/ja\/?s={search_term_string}\"},\"query-input\":{\"@type\":\"PropertyValueSpecification\",\"valueRequired\":true,\"valueName\":\"search_term_string\"}}],\"inLanguage\":\"es-ES\"},{\"@type\":\"Organization\",\"@id\":\"https:\/\/www.gadlee.hk\/ja\/#organization\",\"name\":\"Gadlee\",\"url\":\"https:\/\/www.gadlee.hk\/ja\/\",\"logo\":{\"@type\":\"ImageObject\",\"inLanguage\":\"es-ES\",\"@id\":\"https:\/\/www.gadlee.hk\/ja\/#\/schema\/logo\/image\/\",\"url\":\"https:\/\/www.gadlee.hk\/wp-content\/uploads\/2025\/06\/logo.png\",\"contentUrl\":\"https:\/\/www.gadlee.hk\/wp-content\/uploads\/2025\/06\/logo.png\",\"width\":1578,\"height\":327,\"caption\":\"Gadlee\"},\"image\":{\"@id\":\"https:\/\/www.gadlee.hk\/ja\/#\/schema\/logo\/image\/\"}}]}<\/script>\n<!-- \/ Yoast SEO plugin. -->","yoast_head_json":{"title":"GTS1200 Ride-On Sweeper - Gadlee","description":"Compact and efficient ride-on sweeper designed for small to medium industrial and commercial areas.","robots":{"index":"index","follow":"follow","max-snippet":"max-snippet:-1","max-image-preview":"max-image-preview:large","max-video-preview":"max-video-preview:-1"},"canonical":"https:\/\/www.gadlee.hk\/es\/producto\/barredora-de-conductor-sentado-gts1200\/","og_locale":"es_ES","og_type":"article","og_title":"GTS1200 Ride-On Sweeper - Gadlee","og_description":"Compact and efficient ride-on sweeper designed for small to medium industrial and commercial areas.","og_url":"https:\/\/www.gadlee.hk\/es\/producto\/barredora-de-conductor-sentado-gts1200\/","og_site_name":"Gadlee","article_modified_time":"2025-10-25T06:28:35+00:00","og_image":[{"width":1200,"height":800,"url":"https:\/\/www.gadlee.hk\/wp-content\/uploads\/2025\/07\/GTS1200-1-1.png","type":"image\/png"}],"twitter_card":"summary_large_image","twitter_misc":{"Est. reading time":"1 minute"},"schema":{"@context":"https:\/\/schema.org","@graph":[{"@type":"WebPage","@id":"https:\/\/www.gadlee.hk\/de\/produkt\/gts1200-aufsitzkehrmaschine\/","url":"https:\/\/www.gadlee.hk\/de\/produkt\/gts1200-aufsitzkehrmaschine\/","name":"GTS1200 Ride-On Sweeper - Gadlee","isPartOf":{"@id":"https:\/\/www.gadlee.hk\/ja\/#website"},"primaryImageOfPage":{"@id":"https:\/\/www.gadlee.hk\/de\/produkt\/gts1200-aufsitzkehrmaschine\/#primaryimage"},"image":{"@id":"https:\/\/www.gadlee.hk\/de\/produkt\/gts1200-aufsitzkehrmaschine\/#primaryimage"},"thumbnailUrl":"https:\/\/www.gadlee.hk\/wp-content\/uploads\/2025\/07\/GTS1200-1-1.png","datePublished":"2025-07-07T07:35:22+00:00","dateModified":"2025-10-25T06:28:35+00:00","description":"Compact and efficient ride-on sweeper designed for small to medium industrial and commercial areas.","breadcrumb":{"@id":"https:\/\/www.gadlee.hk\/de\/produkt\/gts1200-aufsitzkehrmaschine\/#breadcrumb"},"inLanguage":"es-ES","potentialAction":[{"@type":"ReadAction","target":["https:\/\/www.gadlee.hk\/de\/produkt\/gts1200-aufsitzkehrmaschine\/"]}]},{"@type":"ImageObject","inLanguage":"es-ES","@id":"https:\/\/www.gadlee.hk\/de\/produkt\/gts1200-aufsitzkehrmaschine\/#primaryimage","url":"https:\/\/www.gadlee.hk\/wp-content\/uploads\/2025\/07\/GTS1200-1-1.png","contentUrl":"https:\/\/www.gadlee.hk\/wp-content\/uploads\/2025\/07\/GTS1200-1-1.png","width":1200,"height":800},{"@type":"BreadcrumbList","@id":"https:\/\/www.gadlee.hk\/de\/produkt\/gts1200-aufsitzkehrmaschine\/#breadcrumb","itemListElement":[{"@type":"ListItem","position":1,"name":"Home","item":"https:\/\/www.gadlee.hk\/fr\/"},{"@type":"ListItem","position":2,"name":"Products","item":"https:\/\/www.gadlee.hk\/fr\/boutique\/"},{"@type":"ListItem","position":3,"name":"GTS1200 Ride-On Sweeper"}]},{"@type":"WebSite","@id":"https:\/\/www.gadlee.hk\/ja\/#website","url":"https:\/\/www.gadlee.hk\/ja\/","name":"Gadlee","description":"Asia&#039;s leading manufacturer of professional cleaning machines","publisher":{"@id":"https:\/\/www.gadlee.hk\/ja\/#organization"},"potentialAction":[{"@type":"SearchAction","target":{"@type":"EntryPoint","urlTemplate":"https:\/\/www.gadlee.hk\/ja\/?s={search_term_string}"},"query-input":{"@type":"PropertyValueSpecification","valueRequired":true,"valueName":"search_term_string"}}],"inLanguage":"es-ES"},{"@type":"Organization","@id":"https:\/\/www.gadlee.hk\/ja\/#organization","name":"Gadlee","url":"https:\/\/www.gadlee.hk\/ja\/","logo":{"@type":"ImageObject","inLanguage":"es-ES","@id":"https:\/\/www.gadlee.hk\/ja\/#\/schema\/logo\/image\/","url":"https:\/\/www.gadlee.hk\/wp-content\/uploads\/2025\/06\/logo.png","contentUrl":"https:\/\/www.gadlee.hk\/wp-content\/uploads\/2025\/06\/logo.png","width":1578,"height":327,"caption":"Gadlee"},"image":{"@id":"https:\/\/www.gadlee.hk\/ja\/#\/schema\/logo\/image\/"}}]}},"_links":{"self":[{"href":"https:\/\/www.gadlee.hk\/es\/wp-json\/wp\/v2\/product\/3081","targetHints":{"allow":["GET"]}}],"collection":[{"href":"https:\/\/www.gadlee.hk\/es\/wp-json\/wp\/v2\/product"}],"about":[{"href":"https:\/\/www.gadlee.hk\/es\/wp-json\/wp\/v2\/types\/product"}],"version-history":[{"count":4,"href":"https:\/\/www.gadlee.hk\/es\/wp-json\/wp\/v2\/product\/3081\/revisions"}],"predecessor-version":[{"id":4380,"href":"https:\/\/www.gadlee.hk\/es\/wp-json\/wp\/v2\/product\/3081\/revisions\/4380"}],"wp:featuredmedia":[{"embeddable":true,"href":"https:\/\/www.gadlee.hk\/es\/wp-json\/wp\/v2\/media\/3175"}],"wp:attachment":[{"href":"https:\/\/www.gadlee.hk\/es\/wp-json\/wp\/v2\/media?parent=3081"}],"wp:term":[{"taxonomy":"product_brand","embeddable":true,"href":"https:\/\/www.gadlee.hk\/es\/wp-json\/wp\/v2\/product_brand?post=3081"},{"taxonomy":"product_cat","embeddable":true,"href":"https:\/\/www.gadlee.hk\/es\/wp-json\/wp\/v2\/product_cat?post=3081"},{"taxonomy":"product_tag","embeddable":true,"href":"https:\/\/www.gadlee.hk\/es\/wp-json\/wp\/v2\/product_tag?post=3081"}],"curies":[{"name":"wp","href":"https:\/\/api.w.org\/{rel}","templated":true}]}}