{"id":3125,"date":"2025-07-07T07:57:20","date_gmt":"2025-07-07T07:57:20","guid":{"rendered":"https:\/\/gadlee.hk\/?post_type=product&#038;p=3125"},"modified":"2025-10-25T06:27:55","modified_gmt":"2025-10-25T06:27:55","slug":"gts1900-ride-on-sweeper","status":"publish","type":"product","link":"https:\/\/www.gadlee.hk\/es\/producto\/gts1900-ride-on-sweeper\/","title":{"rendered":"Barredora con conductor a bordo GTS1900"},"content":{"rendered":"<p>La barredora industrial GTS1900 re\u00fane todas las caracter\u00edsticas necesarias para la productividad: una gran tolva, alta potencia, excelentes resultados de barrido y un sistema de aspiraci\u00f3n de gran rendimiento. Esta barredora de conductor sentado para trabajos pesados est\u00e1 dise\u00f1ada para trabajar en entornos muy polvorientos. Puede recoger desde polvo fino hasta grava de gran tama\u00f1o. Es la barredora ideal para aplicaciones industriales pesadas. Tambi\u00e9n es muy adecuada para su uso en zonas p\u00fablicas o log\u00edsticas como almacenes, muelles de carga y aparcamientos.<\/p>\n<h6>Caracter\u00edsticas principales:<\/h6>\n<ul>\n<li>Hasta 5-7 horas de trabajo sin parar.<\/li>\n<li>Productividad te\u00f3rica de 12.350 m\u00b2 por hora.<\/li>\n<li>Velocidad de ascenso hasta 25%.<\/li>\n<li>Filtro de poli\u00e9ster microfino (PTFE) de 8 m\u00b2 con agitador de filtro el\u00e9ctrico.<\/li>\n<li>Sistema de 4 cepillos laterales.<\/li>\n<li>S\u00f3lida construcci\u00f3n de polietileno con bastidor de acero; soluciones robustas para evitar fuentes de aver\u00edas y minimizar el servicio.<\/li>\n<\/ul>","protected":false},"excerpt":{"rendered":"<p>\u00bfNecesitas ayuda?<\/p>","protected":false},"featured_media":3126,"template":"","meta":[],"product_brand":[],"product_cat":[132,128],"product_tag":[],"class_list":{"0":"post-3125","1":"product","2":"type-product","3":"status-publish","4":"has-post-thumbnail","6":"product_cat-ride-on-sweeper","7":"product_cat-sweepers","9":"first","10":"instock","11":"shipping-taxable","12":"product-type-simple"},"yoast_head":"<!-- This site is optimized with the Yoast SEO plugin v26.2 - https:\/\/yoast.com\/wordpress\/plugins\/seo\/ -->\n<title>GTS1900 Ride-On Sweeper - Gadlee<\/title>\n<meta name=\"description\" content=\"Large-capacity sweeper ideal for factories, warehouses, and outdoor spaces with heavy debris.\" \/>\n<meta name=\"robots\" content=\"index, follow, max-snippet:-1, max-image-preview:large, max-video-preview:-1\" \/>\n<link rel=\"canonical\" href=\"https:\/\/www.gadlee.hk\/es\/producto\/gts1900-ride-on-sweeper\/\" \/>\n<meta property=\"og:locale\" content=\"es_ES\" \/>\n<meta property=\"og:type\" content=\"article\" \/>\n<meta property=\"og:title\" content=\"GTS1900 Ride-On Sweeper - Gadlee\" \/>\n<meta property=\"og:description\" content=\"Large-capacity sweeper ideal for factories, warehouses, and outdoor spaces with heavy debris.\" \/>\n<meta property=\"og:url\" content=\"https:\/\/www.gadlee.hk\/es\/producto\/gts1900-ride-on-sweeper\/\" \/>\n<meta property=\"og:site_name\" content=\"Gadlee\" \/>\n<meta property=\"article:modified_time\" content=\"2025-10-25T06:27:55+00:00\" \/>\n<meta property=\"og:image\" content=\"https:\/\/www.gadlee.hk\/wp-content\/uploads\/2025\/07\/GTS1900-1.png\" \/>\n\t<meta property=\"og:image:width\" content=\"1200\" \/>\n\t<meta property=\"og:image:height\" content=\"800\" \/>\n\t<meta property=\"og:image:type\" content=\"image\/png\" \/>\n<meta name=\"twitter:card\" content=\"summary_large_image\" \/>\n<meta name=\"twitter:label1\" content=\"Est. reading time\" \/>\n\t<meta name=\"twitter:data1\" content=\"1 minute\" \/>\n<script type=\"application\/ld+json\" class=\"yoast-schema-graph\">{\"@context\":\"https:\/\/schema.org\",\"@graph\":[{\"@type\":\"WebPage\",\"@id\":\"https:\/\/www.gadlee.hk\/de\/produkt\/gts1900-aufsitzkehrmaschine\/\",\"url\":\"https:\/\/www.gadlee.hk\/de\/produkt\/gts1900-aufsitzkehrmaschine\/\",\"name\":\"GTS1900 Ride-On Sweeper - Gadlee\",\"isPartOf\":{\"@id\":\"https:\/\/www.gadlee.hk\/ja\/#website\"},\"primaryImageOfPage\":{\"@id\":\"https:\/\/www.gadlee.hk\/de\/produkt\/gts1900-aufsitzkehrmaschine\/#primaryimage\"},\"image\":{\"@id\":\"https:\/\/www.gadlee.hk\/de\/produkt\/gts1900-aufsitzkehrmaschine\/#primaryimage\"},\"thumbnailUrl\":\"https:\/\/www.gadlee.hk\/wp-content\/uploads\/2025\/07\/GTS1900-1.png\",\"datePublished\":\"2025-07-07T07:57:20+00:00\",\"dateModified\":\"2025-10-25T06:27:55+00:00\",\"description\":\"Large-capacity sweeper ideal for factories, warehouses, and outdoor spaces with heavy debris.\",\"breadcrumb\":{\"@id\":\"https:\/\/www.gadlee.hk\/de\/produkt\/gts1900-aufsitzkehrmaschine\/#breadcrumb\"},\"inLanguage\":\"es-ES\",\"potentialAction\":[{\"@type\":\"ReadAction\",\"target\":[\"https:\/\/www.gadlee.hk\/de\/produkt\/gts1900-aufsitzkehrmaschine\/\"]}]},{\"@type\":\"ImageObject\",\"inLanguage\":\"es-ES\",\"@id\":\"https:\/\/www.gadlee.hk\/de\/produkt\/gts1900-aufsitzkehrmaschine\/#primaryimage\",\"url\":\"https:\/\/www.gadlee.hk\/wp-content\/uploads\/2025\/07\/GTS1900-1.png\",\"contentUrl\":\"https:\/\/www.gadlee.hk\/wp-content\/uploads\/2025\/07\/GTS1900-1.png\",\"width\":1200,\"height\":800},{\"@type\":\"BreadcrumbList\",\"@id\":\"https:\/\/www.gadlee.hk\/de\/produkt\/gts1900-aufsitzkehrmaschine\/#breadcrumb\",\"itemListElement\":[{\"@type\":\"ListItem\",\"position\":1,\"name\":\"Home\",\"item\":\"https:\/\/www.gadlee.hk\/fr\/\"},{\"@type\":\"ListItem\",\"position\":2,\"name\":\"Products\",\"item\":\"https:\/\/www.gadlee.hk\/fr\/boutique\/\"},{\"@type\":\"ListItem\",\"position\":3,\"name\":\"GTS1900 Ride-On Sweeper\"}]},{\"@type\":\"WebSite\",\"@id\":\"https:\/\/www.gadlee.hk\/ja\/#website\",\"url\":\"https:\/\/www.gadlee.hk\/ja\/\",\"name\":\"Gadlee\",\"description\":\"Asia&#039;s leading manufacturer of professional cleaning machines\",\"publisher\":{\"@id\":\"https:\/\/www.gadlee.hk\/ja\/#organization\"},\"potentialAction\":[{\"@type\":\"SearchAction\",\"target\":{\"@type\":\"EntryPoint\",\"urlTemplate\":\"https:\/\/www.gadlee.hk\/ja\/?s={search_term_string}\"},\"query-input\":{\"@type\":\"PropertyValueSpecification\",\"valueRequired\":true,\"valueName\":\"search_term_string\"}}],\"inLanguage\":\"es-ES\"},{\"@type\":\"Organization\",\"@id\":\"https:\/\/www.gadlee.hk\/ja\/#organization\",\"name\":\"Gadlee\",\"url\":\"https:\/\/www.gadlee.hk\/ja\/\",\"logo\":{\"@type\":\"ImageObject\",\"inLanguage\":\"es-ES\",\"@id\":\"https:\/\/www.gadlee.hk\/ja\/#\/schema\/logo\/image\/\",\"url\":\"https:\/\/www.gadlee.hk\/wp-content\/uploads\/2025\/06\/logo.png\",\"contentUrl\":\"https:\/\/www.gadlee.hk\/wp-content\/uploads\/2025\/06\/logo.png\",\"width\":1578,\"height\":327,\"caption\":\"Gadlee\"},\"image\":{\"@id\":\"https:\/\/www.gadlee.hk\/ja\/#\/schema\/logo\/image\/\"}}]}<\/script>\n<!-- \/ Yoast SEO plugin. -->","yoast_head_json":{"title":"GTS1900 Ride-On Sweeper - Gadlee","description":"Large-capacity sweeper ideal for factories, warehouses, and outdoor spaces with heavy debris.","robots":{"index":"index","follow":"follow","max-snippet":"max-snippet:-1","max-image-preview":"max-image-preview:large","max-video-preview":"max-video-preview:-1"},"canonical":"https:\/\/www.gadlee.hk\/es\/producto\/gts1900-ride-on-sweeper\/","og_locale":"es_ES","og_type":"article","og_title":"GTS1900 Ride-On Sweeper - Gadlee","og_description":"Large-capacity sweeper ideal for factories, warehouses, and outdoor spaces with heavy debris.","og_url":"https:\/\/www.gadlee.hk\/es\/producto\/gts1900-ride-on-sweeper\/","og_site_name":"Gadlee","article_modified_time":"2025-10-25T06:27:55+00:00","og_image":[{"width":1200,"height":800,"url":"https:\/\/www.gadlee.hk\/wp-content\/uploads\/2025\/07\/GTS1900-1.png","type":"image\/png"}],"twitter_card":"summary_large_image","twitter_misc":{"Est. reading time":"1 minute"},"schema":{"@context":"https:\/\/schema.org","@graph":[{"@type":"WebPage","@id":"https:\/\/www.gadlee.hk\/de\/produkt\/gts1900-aufsitzkehrmaschine\/","url":"https:\/\/www.gadlee.hk\/de\/produkt\/gts1900-aufsitzkehrmaschine\/","name":"GTS1900 Ride-On Sweeper - Gadlee","isPartOf":{"@id":"https:\/\/www.gadlee.hk\/ja\/#website"},"primaryImageOfPage":{"@id":"https:\/\/www.gadlee.hk\/de\/produkt\/gts1900-aufsitzkehrmaschine\/#primaryimage"},"image":{"@id":"https:\/\/www.gadlee.hk\/de\/produkt\/gts1900-aufsitzkehrmaschine\/#primaryimage"},"thumbnailUrl":"https:\/\/www.gadlee.hk\/wp-content\/uploads\/2025\/07\/GTS1900-1.png","datePublished":"2025-07-07T07:57:20+00:00","dateModified":"2025-10-25T06:27:55+00:00","description":"Large-capacity sweeper ideal for factories, warehouses, and outdoor spaces with heavy debris.","breadcrumb":{"@id":"https:\/\/www.gadlee.hk\/de\/produkt\/gts1900-aufsitzkehrmaschine\/#breadcrumb"},"inLanguage":"es-ES","potentialAction":[{"@type":"ReadAction","target":["https:\/\/www.gadlee.hk\/de\/produkt\/gts1900-aufsitzkehrmaschine\/"]}]},{"@type":"ImageObject","inLanguage":"es-ES","@id":"https:\/\/www.gadlee.hk\/de\/produkt\/gts1900-aufsitzkehrmaschine\/#primaryimage","url":"https:\/\/www.gadlee.hk\/wp-content\/uploads\/2025\/07\/GTS1900-1.png","contentUrl":"https:\/\/www.gadlee.hk\/wp-content\/uploads\/2025\/07\/GTS1900-1.png","width":1200,"height":800},{"@type":"BreadcrumbList","@id":"https:\/\/www.gadlee.hk\/de\/produkt\/gts1900-aufsitzkehrmaschine\/#breadcrumb","itemListElement":[{"@type":"ListItem","position":1,"name":"Home","item":"https:\/\/www.gadlee.hk\/fr\/"},{"@type":"ListItem","position":2,"name":"Products","item":"https:\/\/www.gadlee.hk\/fr\/boutique\/"},{"@type":"ListItem","position":3,"name":"GTS1900 Ride-On Sweeper"}]},{"@type":"WebSite","@id":"https:\/\/www.gadlee.hk\/ja\/#website","url":"https:\/\/www.gadlee.hk\/ja\/","name":"Gadlee","description":"Asia&#039;s leading manufacturer of professional cleaning machines","publisher":{"@id":"https:\/\/www.gadlee.hk\/ja\/#organization"},"potentialAction":[{"@type":"SearchAction","target":{"@type":"EntryPoint","urlTemplate":"https:\/\/www.gadlee.hk\/ja\/?s={search_term_string}"},"query-input":{"@type":"PropertyValueSpecification","valueRequired":true,"valueName":"search_term_string"}}],"inLanguage":"es-ES"},{"@type":"Organization","@id":"https:\/\/www.gadlee.hk\/ja\/#organization","name":"Gadlee","url":"https:\/\/www.gadlee.hk\/ja\/","logo":{"@type":"ImageObject","inLanguage":"es-ES","@id":"https:\/\/www.gadlee.hk\/ja\/#\/schema\/logo\/image\/","url":"https:\/\/www.gadlee.hk\/wp-content\/uploads\/2025\/06\/logo.png","contentUrl":"https:\/\/www.gadlee.hk\/wp-content\/uploads\/2025\/06\/logo.png","width":1578,"height":327,"caption":"Gadlee"},"image":{"@id":"https:\/\/www.gadlee.hk\/ja\/#\/schema\/logo\/image\/"}}]}},"_links":{"self":[{"href":"https:\/\/www.gadlee.hk\/es\/wp-json\/wp\/v2\/product\/3125","targetHints":{"allow":["GET"]}}],"collection":[{"href":"https:\/\/www.gadlee.hk\/es\/wp-json\/wp\/v2\/product"}],"about":[{"href":"https:\/\/www.gadlee.hk\/es\/wp-json\/wp\/v2\/types\/product"}],"version-history":[{"count":4,"href":"https:\/\/www.gadlee.hk\/es\/wp-json\/wp\/v2\/product\/3125\/revisions"}],"predecessor-version":[{"id":5539,"href":"https:\/\/www.gadlee.hk\/es\/wp-json\/wp\/v2\/product\/3125\/revisions\/5539"}],"wp:featuredmedia":[{"embeddable":true,"href":"https:\/\/www.gadlee.hk\/es\/wp-json\/wp\/v2\/media\/3126"}],"wp:attachment":[{"href":"https:\/\/www.gadlee.hk\/es\/wp-json\/wp\/v2\/media?parent=3125"}],"wp:term":[{"taxonomy":"product_brand","embeddable":true,"href":"https:\/\/www.gadlee.hk\/es\/wp-json\/wp\/v2\/product_brand?post=3125"},{"taxonomy":"product_cat","embeddable":true,"href":"https:\/\/www.gadlee.hk\/es\/wp-json\/wp\/v2\/product_cat?post=3125"},{"taxonomy":"product_tag","embeddable":true,"href":"https:\/\/www.gadlee.hk\/es\/wp-json\/wp\/v2\/product_tag?post=3125"}],"curies":[{"name":"wp","href":"https:\/\/api.w.org\/{rel}","templated":true}]}}