{"id":4719,"date":"2025-08-03T09:57:54","date_gmt":"2025-08-03T09:57:54","guid":{"rendered":"https:\/\/gadlee.hk\/?post_type=product&#038;p=4719"},"modified":"2025-10-25T06:08:59","modified_gmt":"2025-10-25T06:08:59","slug":"304-desengrasante-de-alto-rendimiento","status":"publish","type":"product","link":"https:\/\/www.gadlee.hk\/es\/producto\/304-desengrasante-de-alto-rendimiento\/","title":{"rendered":"Desengrasante de alto rendimiento 304"},"content":{"rendered":"<p>Desengrasante de alto rendimiento. Capaz de eliminar muchos tipos de aceite: hidr\u00e1ulico, alimentario, de maquinaria, etc. Excelentes resultados de demostraci\u00f3n. Para eliminar todo tipo de aceites. Se puede utilizar con todas las fregadoras autom\u00e1ticas, especialmente con mopa h\u00fameda. Especialmente en zonas sucias\/aceitosas - f\u00e1bricas, cocinas.<\/p>","protected":false},"excerpt":{"rendered":"<p>Contenido neto: 1 gal \/ 3.78 L<\/p>","protected":false},"featured_media":4720,"template":"","meta":[],"product_brand":[],"product_cat":[153],"product_tag":[],"class_list":{"0":"post-4719","1":"product","2":"type-product","3":"status-publish","4":"has-post-thumbnail","6":"product_cat-degreaser-series","8":"first","9":"instock","10":"shipping-taxable","11":"product-type-simple"},"yoast_head":"<!-- This site is optimized with the Yoast SEO plugin v26.2 - https:\/\/yoast.com\/wordpress\/plugins\/seo\/ -->\n<title>304 High Performance Degreaser - Gadlee<\/title>\n<meta name=\"description\" content=\"Efficient degreaser removes stubborn grease and oil residues fast.\" \/>\n<meta name=\"robots\" content=\"index, follow, max-snippet:-1, max-image-preview:large, max-video-preview:-1\" \/>\n<link rel=\"canonical\" href=\"https:\/\/www.gadlee.hk\/es\/producto\/304-desengrasante-de-alto-rendimiento\/\" \/>\n<meta property=\"og:locale\" content=\"es_ES\" \/>\n<meta property=\"og:type\" content=\"article\" \/>\n<meta property=\"og:title\" content=\"304 High Performance Degreaser - Gadlee\" \/>\n<meta property=\"og:description\" content=\"Efficient degreaser removes stubborn grease and oil residues fast.\" \/>\n<meta property=\"og:url\" content=\"https:\/\/www.gadlee.hk\/es\/producto\/304-desengrasante-de-alto-rendimiento\/\" \/>\n<meta property=\"og:site_name\" content=\"Gadlee\" \/>\n<meta property=\"article:modified_time\" content=\"2025-10-25T06:08:59+00:00\" \/>\n<meta property=\"og:image\" content=\"https:\/\/www.gadlee.hk\/wp-content\/uploads\/2025\/08\/304-High-Performance-Degreaser.png\" \/>\n\t<meta property=\"og:image:width\" content=\"1200\" \/>\n\t<meta property=\"og:image:height\" content=\"800\" \/>\n\t<meta property=\"og:image:type\" content=\"image\/png\" \/>\n<meta name=\"twitter:card\" content=\"summary_large_image\" \/>\n<meta name=\"twitter:label1\" content=\"Est. reading time\" \/>\n\t<meta name=\"twitter:data1\" content=\"1 minute\" \/>\n<script type=\"application\/ld+json\" class=\"yoast-schema-graph\">{\"@context\":\"https:\/\/schema.org\",\"@graph\":[{\"@type\":\"WebPage\",\"@id\":\"https:\/\/www.gadlee.hk\/ja\/product\/304-%e9%ab%98%e6%80%a7%e8%83%bd%e3%83%87%e3%82%a3%e3%82%b0%e3%83%aa%e3%83%bc%e3%82%b6%e3%83%bc\/\",\"url\":\"https:\/\/www.gadlee.hk\/ja\/product\/304-%e9%ab%98%e6%80%a7%e8%83%bd%e3%83%87%e3%82%a3%e3%82%b0%e3%83%aa%e3%83%bc%e3%82%b6%e3%83%bc\/\",\"name\":\"304 High Performance Degreaser - Gadlee\",\"isPartOf\":{\"@id\":\"https:\/\/www.gadlee.hk\/ja\/#website\"},\"primaryImageOfPage\":{\"@id\":\"https:\/\/www.gadlee.hk\/ja\/product\/304-%e9%ab%98%e6%80%a7%e8%83%bd%e3%83%87%e3%82%a3%e3%82%b0%e3%83%aa%e3%83%bc%e3%82%b6%e3%83%bc\/#primaryimage\"},\"image\":{\"@id\":\"https:\/\/www.gadlee.hk\/ja\/product\/304-%e9%ab%98%e6%80%a7%e8%83%bd%e3%83%87%e3%82%a3%e3%82%b0%e3%83%aa%e3%83%bc%e3%82%b6%e3%83%bc\/#primaryimage\"},\"thumbnailUrl\":\"https:\/\/www.gadlee.hk\/wp-content\/uploads\/2025\/08\/304-High-Performance-Degreaser.png\",\"datePublished\":\"2025-08-03T09:57:54+00:00\",\"dateModified\":\"2025-10-25T06:08:59+00:00\",\"description\":\"Efficient degreaser removes stubborn grease and oil residues fast.\",\"breadcrumb\":{\"@id\":\"https:\/\/www.gadlee.hk\/ja\/product\/304-%e9%ab%98%e6%80%a7%e8%83%bd%e3%83%87%e3%82%a3%e3%82%b0%e3%83%aa%e3%83%bc%e3%82%b6%e3%83%bc\/#breadcrumb\"},\"inLanguage\":\"es-ES\",\"potentialAction\":[{\"@type\":\"ReadAction\",\"target\":[\"https:\/\/www.gadlee.hk\/ja\/product\/304-%e9%ab%98%e6%80%a7%e8%83%bd%e3%83%87%e3%82%a3%e3%82%b0%e3%83%aa%e3%83%bc%e3%82%b6%e3%83%bc\/\"]}]},{\"@type\":\"ImageObject\",\"inLanguage\":\"es-ES\",\"@id\":\"https:\/\/www.gadlee.hk\/ja\/product\/304-%e9%ab%98%e6%80%a7%e8%83%bd%e3%83%87%e3%82%a3%e3%82%b0%e3%83%aa%e3%83%bc%e3%82%b6%e3%83%bc\/#primaryimage\",\"url\":\"https:\/\/www.gadlee.hk\/wp-content\/uploads\/2025\/08\/304-High-Performance-Degreaser.png\",\"contentUrl\":\"https:\/\/www.gadlee.hk\/wp-content\/uploads\/2025\/08\/304-High-Performance-Degreaser.png\",\"width\":1200,\"height\":800},{\"@type\":\"BreadcrumbList\",\"@id\":\"https:\/\/www.gadlee.hk\/ja\/product\/304-%e9%ab%98%e6%80%a7%e8%83%bd%e3%83%87%e3%82%a3%e3%82%b0%e3%83%aa%e3%83%bc%e3%82%b6%e3%83%bc\/#breadcrumb\",\"itemListElement\":[{\"@type\":\"ListItem\",\"position\":1,\"name\":\"Home\",\"item\":\"https:\/\/www.gadlee.hk\/fr\/\"},{\"@type\":\"ListItem\",\"position\":2,\"name\":\"Products\",\"item\":\"https:\/\/www.gadlee.hk\/fr\/boutique\/\"},{\"@type\":\"ListItem\",\"position\":3,\"name\":\"304 High Performance Degreaser\"}]},{\"@type\":\"WebSite\",\"@id\":\"https:\/\/www.gadlee.hk\/ja\/#website\",\"url\":\"https:\/\/www.gadlee.hk\/ja\/\",\"name\":\"Gadlee\",\"description\":\"Asia&#039;s leading manufacturer of professional cleaning machines\",\"publisher\":{\"@id\":\"https:\/\/www.gadlee.hk\/ja\/#organization\"},\"potentialAction\":[{\"@type\":\"SearchAction\",\"target\":{\"@type\":\"EntryPoint\",\"urlTemplate\":\"https:\/\/www.gadlee.hk\/ja\/?s={search_term_string}\"},\"query-input\":{\"@type\":\"PropertyValueSpecification\",\"valueRequired\":true,\"valueName\":\"search_term_string\"}}],\"inLanguage\":\"es-ES\"},{\"@type\":\"Organization\",\"@id\":\"https:\/\/www.gadlee.hk\/ja\/#organization\",\"name\":\"Gadlee\",\"url\":\"https:\/\/www.gadlee.hk\/ja\/\",\"logo\":{\"@type\":\"ImageObject\",\"inLanguage\":\"es-ES\",\"@id\":\"https:\/\/www.gadlee.hk\/ja\/#\/schema\/logo\/image\/\",\"url\":\"https:\/\/www.gadlee.hk\/wp-content\/uploads\/2025\/06\/logo.png\",\"contentUrl\":\"https:\/\/www.gadlee.hk\/wp-content\/uploads\/2025\/06\/logo.png\",\"width\":1578,\"height\":327,\"caption\":\"Gadlee\"},\"image\":{\"@id\":\"https:\/\/www.gadlee.hk\/ja\/#\/schema\/logo\/image\/\"}}]}<\/script>\n<!-- \/ Yoast SEO plugin. -->","yoast_head_json":{"title":"304 High Performance Degreaser - Gadlee","description":"Efficient degreaser removes stubborn grease and oil residues fast.","robots":{"index":"index","follow":"follow","max-snippet":"max-snippet:-1","max-image-preview":"max-image-preview:large","max-video-preview":"max-video-preview:-1"},"canonical":"https:\/\/www.gadlee.hk\/es\/producto\/304-desengrasante-de-alto-rendimiento\/","og_locale":"es_ES","og_type":"article","og_title":"304 High Performance Degreaser - Gadlee","og_description":"Efficient degreaser removes stubborn grease and oil residues fast.","og_url":"https:\/\/www.gadlee.hk\/es\/producto\/304-desengrasante-de-alto-rendimiento\/","og_site_name":"Gadlee","article_modified_time":"2025-10-25T06:08:59+00:00","og_image":[{"width":1200,"height":800,"url":"https:\/\/www.gadlee.hk\/wp-content\/uploads\/2025\/08\/304-High-Performance-Degreaser.png","type":"image\/png"}],"twitter_card":"summary_large_image","twitter_misc":{"Est. reading time":"1 minute"},"schema":{"@context":"https:\/\/schema.org","@graph":[{"@type":"WebPage","@id":"https:\/\/www.gadlee.hk\/ja\/product\/304-%e9%ab%98%e6%80%a7%e8%83%bd%e3%83%87%e3%82%a3%e3%82%b0%e3%83%aa%e3%83%bc%e3%82%b6%e3%83%bc\/","url":"https:\/\/www.gadlee.hk\/ja\/product\/304-%e9%ab%98%e6%80%a7%e8%83%bd%e3%83%87%e3%82%a3%e3%82%b0%e3%83%aa%e3%83%bc%e3%82%b6%e3%83%bc\/","name":"304 High Performance Degreaser - Gadlee","isPartOf":{"@id":"https:\/\/www.gadlee.hk\/ja\/#website"},"primaryImageOfPage":{"@id":"https:\/\/www.gadlee.hk\/ja\/product\/304-%e9%ab%98%e6%80%a7%e8%83%bd%e3%83%87%e3%82%a3%e3%82%b0%e3%83%aa%e3%83%bc%e3%82%b6%e3%83%bc\/#primaryimage"},"image":{"@id":"https:\/\/www.gadlee.hk\/ja\/product\/304-%e9%ab%98%e6%80%a7%e8%83%bd%e3%83%87%e3%82%a3%e3%82%b0%e3%83%aa%e3%83%bc%e3%82%b6%e3%83%bc\/#primaryimage"},"thumbnailUrl":"https:\/\/www.gadlee.hk\/wp-content\/uploads\/2025\/08\/304-High-Performance-Degreaser.png","datePublished":"2025-08-03T09:57:54+00:00","dateModified":"2025-10-25T06:08:59+00:00","description":"Efficient degreaser removes stubborn grease and oil residues fast.","breadcrumb":{"@id":"https:\/\/www.gadlee.hk\/ja\/product\/304-%e9%ab%98%e6%80%a7%e8%83%bd%e3%83%87%e3%82%a3%e3%82%b0%e3%83%aa%e3%83%bc%e3%82%b6%e3%83%bc\/#breadcrumb"},"inLanguage":"es-ES","potentialAction":[{"@type":"ReadAction","target":["https:\/\/www.gadlee.hk\/ja\/product\/304-%e9%ab%98%e6%80%a7%e8%83%bd%e3%83%87%e3%82%a3%e3%82%b0%e3%83%aa%e3%83%bc%e3%82%b6%e3%83%bc\/"]}]},{"@type":"ImageObject","inLanguage":"es-ES","@id":"https:\/\/www.gadlee.hk\/ja\/product\/304-%e9%ab%98%e6%80%a7%e8%83%bd%e3%83%87%e3%82%a3%e3%82%b0%e3%83%aa%e3%83%bc%e3%82%b6%e3%83%bc\/#primaryimage","url":"https:\/\/www.gadlee.hk\/wp-content\/uploads\/2025\/08\/304-High-Performance-Degreaser.png","contentUrl":"https:\/\/www.gadlee.hk\/wp-content\/uploads\/2025\/08\/304-High-Performance-Degreaser.png","width":1200,"height":800},{"@type":"BreadcrumbList","@id":"https:\/\/www.gadlee.hk\/ja\/product\/304-%e9%ab%98%e6%80%a7%e8%83%bd%e3%83%87%e3%82%a3%e3%82%b0%e3%83%aa%e3%83%bc%e3%82%b6%e3%83%bc\/#breadcrumb","itemListElement":[{"@type":"ListItem","position":1,"name":"Home","item":"https:\/\/www.gadlee.hk\/fr\/"},{"@type":"ListItem","position":2,"name":"Products","item":"https:\/\/www.gadlee.hk\/fr\/boutique\/"},{"@type":"ListItem","position":3,"name":"304 High Performance Degreaser"}]},{"@type":"WebSite","@id":"https:\/\/www.gadlee.hk\/ja\/#website","url":"https:\/\/www.gadlee.hk\/ja\/","name":"Gadlee","description":"Asia&#039;s leading manufacturer of professional cleaning machines","publisher":{"@id":"https:\/\/www.gadlee.hk\/ja\/#organization"},"potentialAction":[{"@type":"SearchAction","target":{"@type":"EntryPoint","urlTemplate":"https:\/\/www.gadlee.hk\/ja\/?s={search_term_string}"},"query-input":{"@type":"PropertyValueSpecification","valueRequired":true,"valueName":"search_term_string"}}],"inLanguage":"es-ES"},{"@type":"Organization","@id":"https:\/\/www.gadlee.hk\/ja\/#organization","name":"Gadlee","url":"https:\/\/www.gadlee.hk\/ja\/","logo":{"@type":"ImageObject","inLanguage":"es-ES","@id":"https:\/\/www.gadlee.hk\/ja\/#\/schema\/logo\/image\/","url":"https:\/\/www.gadlee.hk\/wp-content\/uploads\/2025\/06\/logo.png","contentUrl":"https:\/\/www.gadlee.hk\/wp-content\/uploads\/2025\/06\/logo.png","width":1578,"height":327,"caption":"Gadlee"},"image":{"@id":"https:\/\/www.gadlee.hk\/ja\/#\/schema\/logo\/image\/"}}]}},"_links":{"self":[{"href":"https:\/\/www.gadlee.hk\/es\/wp-json\/wp\/v2\/product\/4719","targetHints":{"allow":["GET"]}}],"collection":[{"href":"https:\/\/www.gadlee.hk\/es\/wp-json\/wp\/v2\/product"}],"about":[{"href":"https:\/\/www.gadlee.hk\/es\/wp-json\/wp\/v2\/types\/product"}],"version-history":[{"count":2,"href":"https:\/\/www.gadlee.hk\/es\/wp-json\/wp\/v2\/product\/4719\/revisions"}],"predecessor-version":[{"id":5177,"href":"https:\/\/www.gadlee.hk\/es\/wp-json\/wp\/v2\/product\/4719\/revisions\/5177"}],"wp:featuredmedia":[{"embeddable":true,"href":"https:\/\/www.gadlee.hk\/es\/wp-json\/wp\/v2\/media\/4720"}],"wp:attachment":[{"href":"https:\/\/www.gadlee.hk\/es\/wp-json\/wp\/v2\/media?parent=4719"}],"wp:term":[{"taxonomy":"product_brand","embeddable":true,"href":"https:\/\/www.gadlee.hk\/es\/wp-json\/wp\/v2\/product_brand?post=4719"},{"taxonomy":"product_cat","embeddable":true,"href":"https:\/\/www.gadlee.hk\/es\/wp-json\/wp\/v2\/product_cat?post=4719"},{"taxonomy":"product_tag","embeddable":true,"href":"https:\/\/www.gadlee.hk\/es\/wp-json\/wp\/v2\/product_tag?post=4719"}],"curies":[{"name":"wp","href":"https:\/\/api.w.org\/{rel}","templated":true}]}}