{"id":4842,"date":"2025-08-03T15:05:12","date_gmt":"2025-08-03T15:05:12","guid":{"rendered":"https:\/\/gadlee.hk\/?post_type=product&#038;p=4842"},"modified":"2025-10-25T04:10:39","modified_gmt":"2025-10-25T04:10:39","slug":"902a-essential-oil","status":"publish","type":"product","link":"https:\/\/www.gadlee.hk\/es\/producto\/902a-essential-oil\/","title":{"rendered":"Aceite esencial 902A"},"content":{"rendered":"<p>El 902A es un producto de aceite esencial con una fragancia arom\u00e1tica. Al mismo tiempo que genera una atm\u00f3sfera arom\u00e1tica, se utiliza una variedad de componentes moleculares desodorizantes para combatir el olor. Al neutralizar la reacci\u00f3n natural, se forman nuevas mol\u00e9culas peque\u00f1as para bloquear el olor.<\/p>","protected":false},"excerpt":{"rendered":"<p>Contenido neto: 1 \u00d7 1 L \/ 0.26 gal<\/p>","protected":false},"featured_media":4843,"template":"","meta":[],"product_brand":[],"product_cat":[158],"product_tag":[],"class_list":{"0":"post-4842","1":"product","2":"type-product","3":"status-publish","4":"has-post-thumbnail","6":"product_cat-odour-control-series","8":"first","9":"instock","10":"shipping-taxable","11":"product-type-simple"},"yoast_head":"<!-- This site is optimized with the Yoast SEO plugin v26.2 - https:\/\/yoast.com\/wordpress\/plugins\/seo\/ -->\n<title>902A Essential Oil - Gadlee<\/title>\n<meta name=\"description\" content=\"Concentrated natural fragrance ideal for refreshing indoor air.\" \/>\n<meta name=\"robots\" content=\"index, follow, max-snippet:-1, max-image-preview:large, max-video-preview:-1\" \/>\n<link rel=\"canonical\" href=\"https:\/\/www.gadlee.hk\/es\/producto\/902a-essential-oil\/\" \/>\n<meta property=\"og:locale\" content=\"es_ES\" \/>\n<meta property=\"og:type\" content=\"article\" \/>\n<meta property=\"og:title\" content=\"902A Essential Oil - Gadlee\" \/>\n<meta property=\"og:description\" content=\"Concentrated natural fragrance ideal for refreshing indoor air.\" \/>\n<meta property=\"og:url\" content=\"https:\/\/www.gadlee.hk\/es\/producto\/902a-essential-oil\/\" \/>\n<meta property=\"og:site_name\" content=\"Gadlee\" \/>\n<meta property=\"article:modified_time\" content=\"2025-10-25T04:10:39+00:00\" \/>\n<meta property=\"og:image\" content=\"https:\/\/www.gadlee.hk\/wp-content\/uploads\/2025\/08\/902A-Essential-Oil.png\" \/>\n\t<meta property=\"og:image:width\" content=\"1200\" \/>\n\t<meta property=\"og:image:height\" content=\"800\" \/>\n\t<meta property=\"og:image:type\" content=\"image\/png\" \/>\n<meta name=\"twitter:card\" content=\"summary_large_image\" \/>\n<meta name=\"twitter:label1\" content=\"Est. reading time\" \/>\n\t<meta name=\"twitter:data1\" content=\"1 minute\" \/>\n<script type=\"application\/ld+json\" class=\"yoast-schema-graph\">{\"@context\":\"https:\/\/schema.org\",\"@graph\":[{\"@type\":\"WebPage\",\"@id\":\"https:\/\/www.gadlee.hk\/zh-hk\/product\/902a-essential-oil\/\",\"url\":\"https:\/\/www.gadlee.hk\/zh-hk\/product\/902a-essential-oil\/\",\"name\":\"902A Essential Oil - Gadlee\",\"isPartOf\":{\"@id\":\"https:\/\/www.gadlee.hk\/ja\/#website\"},\"primaryImageOfPage\":{\"@id\":\"https:\/\/www.gadlee.hk\/zh-hk\/product\/902a-essential-oil\/#primaryimage\"},\"image\":{\"@id\":\"https:\/\/www.gadlee.hk\/zh-hk\/product\/902a-essential-oil\/#primaryimage\"},\"thumbnailUrl\":\"https:\/\/www.gadlee.hk\/wp-content\/uploads\/2025\/08\/902A-Essential-Oil.png\",\"datePublished\":\"2025-08-03T15:05:12+00:00\",\"dateModified\":\"2025-10-25T04:10:39+00:00\",\"description\":\"Concentrated natural fragrance ideal for refreshing indoor air.\",\"breadcrumb\":{\"@id\":\"https:\/\/www.gadlee.hk\/zh-hk\/product\/902a-essential-oil\/#breadcrumb\"},\"inLanguage\":\"es-ES\",\"potentialAction\":[{\"@type\":\"ReadAction\",\"target\":[\"https:\/\/www.gadlee.hk\/zh-hk\/product\/902a-essential-oil\/\"]}]},{\"@type\":\"ImageObject\",\"inLanguage\":\"es-ES\",\"@id\":\"https:\/\/www.gadlee.hk\/zh-hk\/product\/902a-essential-oil\/#primaryimage\",\"url\":\"https:\/\/www.gadlee.hk\/wp-content\/uploads\/2025\/08\/902A-Essential-Oil.png\",\"contentUrl\":\"https:\/\/www.gadlee.hk\/wp-content\/uploads\/2025\/08\/902A-Essential-Oil.png\",\"width\":1200,\"height\":800},{\"@type\":\"BreadcrumbList\",\"@id\":\"https:\/\/www.gadlee.hk\/zh-hk\/product\/902a-essential-oil\/#breadcrumb\",\"itemListElement\":[{\"@type\":\"ListItem\",\"position\":1,\"name\":\"Home\",\"item\":\"https:\/\/www.gadlee.hk\/fr\/\"},{\"@type\":\"ListItem\",\"position\":2,\"name\":\"Products\",\"item\":\"https:\/\/www.gadlee.hk\/fr\/boutique\/\"},{\"@type\":\"ListItem\",\"position\":3,\"name\":\"902A Essential Oil\"}]},{\"@type\":\"WebSite\",\"@id\":\"https:\/\/www.gadlee.hk\/ja\/#website\",\"url\":\"https:\/\/www.gadlee.hk\/ja\/\",\"name\":\"Gadlee\",\"description\":\"Asia&#039;s leading manufacturer of professional cleaning machines\",\"publisher\":{\"@id\":\"https:\/\/www.gadlee.hk\/ja\/#organization\"},\"potentialAction\":[{\"@type\":\"SearchAction\",\"target\":{\"@type\":\"EntryPoint\",\"urlTemplate\":\"https:\/\/www.gadlee.hk\/ja\/?s={search_term_string}\"},\"query-input\":{\"@type\":\"PropertyValueSpecification\",\"valueRequired\":true,\"valueName\":\"search_term_string\"}}],\"inLanguage\":\"es-ES\"},{\"@type\":\"Organization\",\"@id\":\"https:\/\/www.gadlee.hk\/ja\/#organization\",\"name\":\"Gadlee\",\"url\":\"https:\/\/www.gadlee.hk\/ja\/\",\"logo\":{\"@type\":\"ImageObject\",\"inLanguage\":\"es-ES\",\"@id\":\"https:\/\/www.gadlee.hk\/ja\/#\/schema\/logo\/image\/\",\"url\":\"https:\/\/www.gadlee.hk\/wp-content\/uploads\/2025\/06\/logo.png\",\"contentUrl\":\"https:\/\/www.gadlee.hk\/wp-content\/uploads\/2025\/06\/logo.png\",\"width\":1578,\"height\":327,\"caption\":\"Gadlee\"},\"image\":{\"@id\":\"https:\/\/www.gadlee.hk\/ja\/#\/schema\/logo\/image\/\"}}]}<\/script>\n<!-- \/ Yoast SEO plugin. -->","yoast_head_json":{"title":"902A Essential Oil - Gadlee","description":"Concentrated natural fragrance ideal for refreshing indoor air.","robots":{"index":"index","follow":"follow","max-snippet":"max-snippet:-1","max-image-preview":"max-image-preview:large","max-video-preview":"max-video-preview:-1"},"canonical":"https:\/\/www.gadlee.hk\/es\/producto\/902a-essential-oil\/","og_locale":"es_ES","og_type":"article","og_title":"902A Essential Oil - Gadlee","og_description":"Concentrated natural fragrance ideal for refreshing indoor air.","og_url":"https:\/\/www.gadlee.hk\/es\/producto\/902a-essential-oil\/","og_site_name":"Gadlee","article_modified_time":"2025-10-25T04:10:39+00:00","og_image":[{"width":1200,"height":800,"url":"https:\/\/www.gadlee.hk\/wp-content\/uploads\/2025\/08\/902A-Essential-Oil.png","type":"image\/png"}],"twitter_card":"summary_large_image","twitter_misc":{"Est. reading time":"1 minute"},"schema":{"@context":"https:\/\/schema.org","@graph":[{"@type":"WebPage","@id":"https:\/\/www.gadlee.hk\/zh-hk\/product\/902a-essential-oil\/","url":"https:\/\/www.gadlee.hk\/zh-hk\/product\/902a-essential-oil\/","name":"902A Essential Oil - Gadlee","isPartOf":{"@id":"https:\/\/www.gadlee.hk\/ja\/#website"},"primaryImageOfPage":{"@id":"https:\/\/www.gadlee.hk\/zh-hk\/product\/902a-essential-oil\/#primaryimage"},"image":{"@id":"https:\/\/www.gadlee.hk\/zh-hk\/product\/902a-essential-oil\/#primaryimage"},"thumbnailUrl":"https:\/\/www.gadlee.hk\/wp-content\/uploads\/2025\/08\/902A-Essential-Oil.png","datePublished":"2025-08-03T15:05:12+00:00","dateModified":"2025-10-25T04:10:39+00:00","description":"Concentrated natural fragrance ideal for refreshing indoor air.","breadcrumb":{"@id":"https:\/\/www.gadlee.hk\/zh-hk\/product\/902a-essential-oil\/#breadcrumb"},"inLanguage":"es-ES","potentialAction":[{"@type":"ReadAction","target":["https:\/\/www.gadlee.hk\/zh-hk\/product\/902a-essential-oil\/"]}]},{"@type":"ImageObject","inLanguage":"es-ES","@id":"https:\/\/www.gadlee.hk\/zh-hk\/product\/902a-essential-oil\/#primaryimage","url":"https:\/\/www.gadlee.hk\/wp-content\/uploads\/2025\/08\/902A-Essential-Oil.png","contentUrl":"https:\/\/www.gadlee.hk\/wp-content\/uploads\/2025\/08\/902A-Essential-Oil.png","width":1200,"height":800},{"@type":"BreadcrumbList","@id":"https:\/\/www.gadlee.hk\/zh-hk\/product\/902a-essential-oil\/#breadcrumb","itemListElement":[{"@type":"ListItem","position":1,"name":"Home","item":"https:\/\/www.gadlee.hk\/fr\/"},{"@type":"ListItem","position":2,"name":"Products","item":"https:\/\/www.gadlee.hk\/fr\/boutique\/"},{"@type":"ListItem","position":3,"name":"902A Essential Oil"}]},{"@type":"WebSite","@id":"https:\/\/www.gadlee.hk\/ja\/#website","url":"https:\/\/www.gadlee.hk\/ja\/","name":"Gadlee","description":"Asia&#039;s leading manufacturer of professional cleaning machines","publisher":{"@id":"https:\/\/www.gadlee.hk\/ja\/#organization"},"potentialAction":[{"@type":"SearchAction","target":{"@type":"EntryPoint","urlTemplate":"https:\/\/www.gadlee.hk\/ja\/?s={search_term_string}"},"query-input":{"@type":"PropertyValueSpecification","valueRequired":true,"valueName":"search_term_string"}}],"inLanguage":"es-ES"},{"@type":"Organization","@id":"https:\/\/www.gadlee.hk\/ja\/#organization","name":"Gadlee","url":"https:\/\/www.gadlee.hk\/ja\/","logo":{"@type":"ImageObject","inLanguage":"es-ES","@id":"https:\/\/www.gadlee.hk\/ja\/#\/schema\/logo\/image\/","url":"https:\/\/www.gadlee.hk\/wp-content\/uploads\/2025\/06\/logo.png","contentUrl":"https:\/\/www.gadlee.hk\/wp-content\/uploads\/2025\/06\/logo.png","width":1578,"height":327,"caption":"Gadlee"},"image":{"@id":"https:\/\/www.gadlee.hk\/ja\/#\/schema\/logo\/image\/"}}]}},"_links":{"self":[{"href":"https:\/\/www.gadlee.hk\/es\/wp-json\/wp\/v2\/product\/4842","targetHints":{"allow":["GET"]}}],"collection":[{"href":"https:\/\/www.gadlee.hk\/es\/wp-json\/wp\/v2\/product"}],"about":[{"href":"https:\/\/www.gadlee.hk\/es\/wp-json\/wp\/v2\/types\/product"}],"version-history":[{"count":2,"href":"https:\/\/www.gadlee.hk\/es\/wp-json\/wp\/v2\/product\/4842\/revisions"}],"predecessor-version":[{"id":5196,"href":"https:\/\/www.gadlee.hk\/es\/wp-json\/wp\/v2\/product\/4842\/revisions\/5196"}],"wp:featuredmedia":[{"embeddable":true,"href":"https:\/\/www.gadlee.hk\/es\/wp-json\/wp\/v2\/media\/4843"}],"wp:attachment":[{"href":"https:\/\/www.gadlee.hk\/es\/wp-json\/wp\/v2\/media?parent=4842"}],"wp:term":[{"taxonomy":"product_brand","embeddable":true,"href":"https:\/\/www.gadlee.hk\/es\/wp-json\/wp\/v2\/product_brand?post=4842"},{"taxonomy":"product_cat","embeddable":true,"href":"https:\/\/www.gadlee.hk\/es\/wp-json\/wp\/v2\/product_cat?post=4842"},{"taxonomy":"product_tag","embeddable":true,"href":"https:\/\/www.gadlee.hk\/es\/wp-json\/wp\/v2\/product_tag?post=4842"}],"curies":[{"name":"wp","href":"https:\/\/api.w.org\/{rel}","templated":true}]}}