{"id":4859,"date":"2025-08-03T15:12:59","date_gmt":"2025-08-03T15:12:59","guid":{"rendered":"https:\/\/gadlee.hk\/?post_type=product&#038;p=4859"},"modified":"2025-10-25T04:09:23","modified_gmt":"2025-10-25T04:09:23","slug":"903-deodorizing-urinal-screens","status":"publish","type":"product","link":"https:\/\/www.gadlee.hk\/es\/producto\/903-deodorizing-urinal-screens\/","title":{"rendered":"903 Rejillas desodorizantes para urinarios"},"content":{"rendered":"<p>Agente antibacterias que desodoriza y limpia el urinario y el desag\u00fce.Potente y duradero - hasta 30 d\u00edas. Elimina la necesidad de spra especial. Previene la acumulaci\u00f3n de cal. Maximiza el flujo del desag\u00fce. Forma de flor especial patentada que se adapta a todos los estilos de urinario.<\/p>","protected":false},"excerpt":{"rendered":"<p>Tama\u00f1o del envase: 12 almohadillas \/ bolsa<\/p>","protected":false},"featured_media":4860,"template":"","meta":[],"product_brand":[],"product_cat":[158],"product_tag":[],"class_list":{"0":"post-4859","1":"product","2":"type-product","3":"status-publish","4":"has-post-thumbnail","6":"product_cat-odour-control-series","8":"first","9":"instock","10":"shipping-taxable","11":"product-type-simple"},"yoast_head":"<!-- This site is optimized with the Yoast SEO plugin v26.2 - https:\/\/yoast.com\/wordpress\/plugins\/seo\/ -->\n<title>903 Deodorizing Urinal Screens - Gadlee<\/title>\n<meta name=\"description\" content=\"Long-lasting urinal screens for effective deodorization and hygiene.\" \/>\n<meta name=\"robots\" content=\"index, follow, max-snippet:-1, max-image-preview:large, max-video-preview:-1\" \/>\n<link rel=\"canonical\" href=\"https:\/\/www.gadlee.hk\/es\/producto\/903-deodorizing-urinal-screens\/\" \/>\n<meta property=\"og:locale\" content=\"es_ES\" \/>\n<meta property=\"og:type\" content=\"article\" \/>\n<meta property=\"og:title\" content=\"903 Deodorizing Urinal Screens - Gadlee\" \/>\n<meta property=\"og:description\" content=\"Long-lasting urinal screens for effective deodorization and hygiene.\" \/>\n<meta property=\"og:url\" content=\"https:\/\/www.gadlee.hk\/es\/producto\/903-deodorizing-urinal-screens\/\" \/>\n<meta property=\"og:site_name\" content=\"Gadlee\" \/>\n<meta property=\"article:modified_time\" content=\"2025-10-25T04:09:23+00:00\" \/>\n<meta property=\"og:image\" content=\"https:\/\/www.gadlee.hk\/wp-content\/uploads\/2025\/08\/903-Deodorizing-Urinal-Screens-1.png\" \/>\n\t<meta property=\"og:image:width\" content=\"1200\" \/>\n\t<meta property=\"og:image:height\" content=\"800\" \/>\n\t<meta property=\"og:image:type\" content=\"image\/png\" \/>\n<meta name=\"twitter:card\" content=\"summary_large_image\" \/>\n<meta name=\"twitter:label1\" content=\"Est. reading time\" \/>\n\t<meta name=\"twitter:data1\" content=\"1 minute\" \/>\n<script type=\"application\/ld+json\" class=\"yoast-schema-graph\">{\"@context\":\"https:\/\/schema.org\",\"@graph\":[{\"@type\":\"WebPage\",\"@id\":\"https:\/\/www.gadlee.hk\/ja\/product\/903-%e6%b6%88%e8%87%ad%e5%b0%8f%e4%be%bf%e5%99%a8%e3%82%b9%e3%82%af%e3%83%aa%e3%83%bc%e3%83%b3\/\",\"url\":\"https:\/\/www.gadlee.hk\/ja\/product\/903-%e6%b6%88%e8%87%ad%e5%b0%8f%e4%be%bf%e5%99%a8%e3%82%b9%e3%82%af%e3%83%aa%e3%83%bc%e3%83%b3\/\",\"name\":\"903 Deodorizing Urinal Screens - Gadlee\",\"isPartOf\":{\"@id\":\"https:\/\/www.gadlee.hk\/ja\/#website\"},\"primaryImageOfPage\":{\"@id\":\"https:\/\/www.gadlee.hk\/ja\/product\/903-%e6%b6%88%e8%87%ad%e5%b0%8f%e4%be%bf%e5%99%a8%e3%82%b9%e3%82%af%e3%83%aa%e3%83%bc%e3%83%b3\/#primaryimage\"},\"image\":{\"@id\":\"https:\/\/www.gadlee.hk\/ja\/product\/903-%e6%b6%88%e8%87%ad%e5%b0%8f%e4%be%bf%e5%99%a8%e3%82%b9%e3%82%af%e3%83%aa%e3%83%bc%e3%83%b3\/#primaryimage\"},\"thumbnailUrl\":\"https:\/\/www.gadlee.hk\/wp-content\/uploads\/2025\/08\/903-Deodorizing-Urinal-Screens-1.png\",\"datePublished\":\"2025-08-03T15:12:59+00:00\",\"dateModified\":\"2025-10-25T04:09:23+00:00\",\"description\":\"Long-lasting urinal screens for effective deodorization and hygiene.\",\"breadcrumb\":{\"@id\":\"https:\/\/www.gadlee.hk\/ja\/product\/903-%e6%b6%88%e8%87%ad%e5%b0%8f%e4%be%bf%e5%99%a8%e3%82%b9%e3%82%af%e3%83%aa%e3%83%bc%e3%83%b3\/#breadcrumb\"},\"inLanguage\":\"es-ES\",\"potentialAction\":[{\"@type\":\"ReadAction\",\"target\":[\"https:\/\/www.gadlee.hk\/ja\/product\/903-%e6%b6%88%e8%87%ad%e5%b0%8f%e4%be%bf%e5%99%a8%e3%82%b9%e3%82%af%e3%83%aa%e3%83%bc%e3%83%b3\/\"]}]},{\"@type\":\"ImageObject\",\"inLanguage\":\"es-ES\",\"@id\":\"https:\/\/www.gadlee.hk\/ja\/product\/903-%e6%b6%88%e8%87%ad%e5%b0%8f%e4%be%bf%e5%99%a8%e3%82%b9%e3%82%af%e3%83%aa%e3%83%bc%e3%83%b3\/#primaryimage\",\"url\":\"https:\/\/www.gadlee.hk\/wp-content\/uploads\/2025\/08\/903-Deodorizing-Urinal-Screens-1.png\",\"contentUrl\":\"https:\/\/www.gadlee.hk\/wp-content\/uploads\/2025\/08\/903-Deodorizing-Urinal-Screens-1.png\",\"width\":1200,\"height\":800},{\"@type\":\"BreadcrumbList\",\"@id\":\"https:\/\/www.gadlee.hk\/ja\/product\/903-%e6%b6%88%e8%87%ad%e5%b0%8f%e4%be%bf%e5%99%a8%e3%82%b9%e3%82%af%e3%83%aa%e3%83%bc%e3%83%b3\/#breadcrumb\",\"itemListElement\":[{\"@type\":\"ListItem\",\"position\":1,\"name\":\"Home\",\"item\":\"https:\/\/www.gadlee.hk\/fr\/\"},{\"@type\":\"ListItem\",\"position\":2,\"name\":\"Products\",\"item\":\"https:\/\/www.gadlee.hk\/fr\/boutique\/\"},{\"@type\":\"ListItem\",\"position\":3,\"name\":\"903 Deodorizing Urinal Screens\"}]},{\"@type\":\"WebSite\",\"@id\":\"https:\/\/www.gadlee.hk\/ja\/#website\",\"url\":\"https:\/\/www.gadlee.hk\/ja\/\",\"name\":\"Gadlee\",\"description\":\"Asia&#039;s leading manufacturer of professional cleaning machines\",\"publisher\":{\"@id\":\"https:\/\/www.gadlee.hk\/ja\/#organization\"},\"potentialAction\":[{\"@type\":\"SearchAction\",\"target\":{\"@type\":\"EntryPoint\",\"urlTemplate\":\"https:\/\/www.gadlee.hk\/ja\/?s={search_term_string}\"},\"query-input\":{\"@type\":\"PropertyValueSpecification\",\"valueRequired\":true,\"valueName\":\"search_term_string\"}}],\"inLanguage\":\"es-ES\"},{\"@type\":\"Organization\",\"@id\":\"https:\/\/www.gadlee.hk\/ja\/#organization\",\"name\":\"Gadlee\",\"url\":\"https:\/\/www.gadlee.hk\/ja\/\",\"logo\":{\"@type\":\"ImageObject\",\"inLanguage\":\"es-ES\",\"@id\":\"https:\/\/www.gadlee.hk\/ja\/#\/schema\/logo\/image\/\",\"url\":\"https:\/\/www.gadlee.hk\/wp-content\/uploads\/2025\/06\/logo.png\",\"contentUrl\":\"https:\/\/www.gadlee.hk\/wp-content\/uploads\/2025\/06\/logo.png\",\"width\":1578,\"height\":327,\"caption\":\"Gadlee\"},\"image\":{\"@id\":\"https:\/\/www.gadlee.hk\/ja\/#\/schema\/logo\/image\/\"}}]}<\/script>\n<!-- \/ Yoast SEO plugin. -->","yoast_head_json":{"title":"903 Deodorizing Urinal Screens - Gadlee","description":"Long-lasting urinal screens for effective deodorization and hygiene.","robots":{"index":"index","follow":"follow","max-snippet":"max-snippet:-1","max-image-preview":"max-image-preview:large","max-video-preview":"max-video-preview:-1"},"canonical":"https:\/\/www.gadlee.hk\/es\/producto\/903-deodorizing-urinal-screens\/","og_locale":"es_ES","og_type":"article","og_title":"903 Deodorizing Urinal Screens - Gadlee","og_description":"Long-lasting urinal screens for effective deodorization and hygiene.","og_url":"https:\/\/www.gadlee.hk\/es\/producto\/903-deodorizing-urinal-screens\/","og_site_name":"Gadlee","article_modified_time":"2025-10-25T04:09:23+00:00","og_image":[{"width":1200,"height":800,"url":"https:\/\/www.gadlee.hk\/wp-content\/uploads\/2025\/08\/903-Deodorizing-Urinal-Screens-1.png","type":"image\/png"}],"twitter_card":"summary_large_image","twitter_misc":{"Est. reading time":"1 minute"},"schema":{"@context":"https:\/\/schema.org","@graph":[{"@type":"WebPage","@id":"https:\/\/www.gadlee.hk\/ja\/product\/903-%e6%b6%88%e8%87%ad%e5%b0%8f%e4%be%bf%e5%99%a8%e3%82%b9%e3%82%af%e3%83%aa%e3%83%bc%e3%83%b3\/","url":"https:\/\/www.gadlee.hk\/ja\/product\/903-%e6%b6%88%e8%87%ad%e5%b0%8f%e4%be%bf%e5%99%a8%e3%82%b9%e3%82%af%e3%83%aa%e3%83%bc%e3%83%b3\/","name":"903 Deodorizing Urinal Screens - Gadlee","isPartOf":{"@id":"https:\/\/www.gadlee.hk\/ja\/#website"},"primaryImageOfPage":{"@id":"https:\/\/www.gadlee.hk\/ja\/product\/903-%e6%b6%88%e8%87%ad%e5%b0%8f%e4%be%bf%e5%99%a8%e3%82%b9%e3%82%af%e3%83%aa%e3%83%bc%e3%83%b3\/#primaryimage"},"image":{"@id":"https:\/\/www.gadlee.hk\/ja\/product\/903-%e6%b6%88%e8%87%ad%e5%b0%8f%e4%be%bf%e5%99%a8%e3%82%b9%e3%82%af%e3%83%aa%e3%83%bc%e3%83%b3\/#primaryimage"},"thumbnailUrl":"https:\/\/www.gadlee.hk\/wp-content\/uploads\/2025\/08\/903-Deodorizing-Urinal-Screens-1.png","datePublished":"2025-08-03T15:12:59+00:00","dateModified":"2025-10-25T04:09:23+00:00","description":"Long-lasting urinal screens for effective deodorization and hygiene.","breadcrumb":{"@id":"https:\/\/www.gadlee.hk\/ja\/product\/903-%e6%b6%88%e8%87%ad%e5%b0%8f%e4%be%bf%e5%99%a8%e3%82%b9%e3%82%af%e3%83%aa%e3%83%bc%e3%83%b3\/#breadcrumb"},"inLanguage":"es-ES","potentialAction":[{"@type":"ReadAction","target":["https:\/\/www.gadlee.hk\/ja\/product\/903-%e6%b6%88%e8%87%ad%e5%b0%8f%e4%be%bf%e5%99%a8%e3%82%b9%e3%82%af%e3%83%aa%e3%83%bc%e3%83%b3\/"]}]},{"@type":"ImageObject","inLanguage":"es-ES","@id":"https:\/\/www.gadlee.hk\/ja\/product\/903-%e6%b6%88%e8%87%ad%e5%b0%8f%e4%be%bf%e5%99%a8%e3%82%b9%e3%82%af%e3%83%aa%e3%83%bc%e3%83%b3\/#primaryimage","url":"https:\/\/www.gadlee.hk\/wp-content\/uploads\/2025\/08\/903-Deodorizing-Urinal-Screens-1.png","contentUrl":"https:\/\/www.gadlee.hk\/wp-content\/uploads\/2025\/08\/903-Deodorizing-Urinal-Screens-1.png","width":1200,"height":800},{"@type":"BreadcrumbList","@id":"https:\/\/www.gadlee.hk\/ja\/product\/903-%e6%b6%88%e8%87%ad%e5%b0%8f%e4%be%bf%e5%99%a8%e3%82%b9%e3%82%af%e3%83%aa%e3%83%bc%e3%83%b3\/#breadcrumb","itemListElement":[{"@type":"ListItem","position":1,"name":"Home","item":"https:\/\/www.gadlee.hk\/fr\/"},{"@type":"ListItem","position":2,"name":"Products","item":"https:\/\/www.gadlee.hk\/fr\/boutique\/"},{"@type":"ListItem","position":3,"name":"903 Deodorizing Urinal Screens"}]},{"@type":"WebSite","@id":"https:\/\/www.gadlee.hk\/ja\/#website","url":"https:\/\/www.gadlee.hk\/ja\/","name":"Gadlee","description":"Asia&#039;s leading manufacturer of professional cleaning machines","publisher":{"@id":"https:\/\/www.gadlee.hk\/ja\/#organization"},"potentialAction":[{"@type":"SearchAction","target":{"@type":"EntryPoint","urlTemplate":"https:\/\/www.gadlee.hk\/ja\/?s={search_term_string}"},"query-input":{"@type":"PropertyValueSpecification","valueRequired":true,"valueName":"search_term_string"}}],"inLanguage":"es-ES"},{"@type":"Organization","@id":"https:\/\/www.gadlee.hk\/ja\/#organization","name":"Gadlee","url":"https:\/\/www.gadlee.hk\/ja\/","logo":{"@type":"ImageObject","inLanguage":"es-ES","@id":"https:\/\/www.gadlee.hk\/ja\/#\/schema\/logo\/image\/","url":"https:\/\/www.gadlee.hk\/wp-content\/uploads\/2025\/06\/logo.png","contentUrl":"https:\/\/www.gadlee.hk\/wp-content\/uploads\/2025\/06\/logo.png","width":1578,"height":327,"caption":"Gadlee"},"image":{"@id":"https:\/\/www.gadlee.hk\/ja\/#\/schema\/logo\/image\/"}}]}},"_links":{"self":[{"href":"https:\/\/www.gadlee.hk\/es\/wp-json\/wp\/v2\/product\/4859","targetHints":{"allow":["GET"]}}],"collection":[{"href":"https:\/\/www.gadlee.hk\/es\/wp-json\/wp\/v2\/product"}],"about":[{"href":"https:\/\/www.gadlee.hk\/es\/wp-json\/wp\/v2\/types\/product"}],"version-history":[{"count":2,"href":"https:\/\/www.gadlee.hk\/es\/wp-json\/wp\/v2\/product\/4859\/revisions"}],"predecessor-version":[{"id":5197,"href":"https:\/\/www.gadlee.hk\/es\/wp-json\/wp\/v2\/product\/4859\/revisions\/5197"}],"wp:featuredmedia":[{"embeddable":true,"href":"https:\/\/www.gadlee.hk\/es\/wp-json\/wp\/v2\/media\/4860"}],"wp:attachment":[{"href":"https:\/\/www.gadlee.hk\/es\/wp-json\/wp\/v2\/media?parent=4859"}],"wp:term":[{"taxonomy":"product_brand","embeddable":true,"href":"https:\/\/www.gadlee.hk\/es\/wp-json\/wp\/v2\/product_brand?post=4859"},{"taxonomy":"product_cat","embeddable":true,"href":"https:\/\/www.gadlee.hk\/es\/wp-json\/wp\/v2\/product_cat?post=4859"},{"taxonomy":"product_tag","embeddable":true,"href":"https:\/\/www.gadlee.hk\/es\/wp-json\/wp\/v2\/product_tag?post=4859"}],"curies":[{"name":"wp","href":"https:\/\/api.w.org\/{rel}","templated":true}]}}