{"id":2279,"date":"2025-06-26T08:58:38","date_gmt":"2025-06-26T08:58:38","guid":{"rendered":"https:\/\/gadlee.hk\/?page_id=2279"},"modified":"2025-10-25T03:52:45","modified_gmt":"2025-10-25T03:52:45","slug":"technologie","status":"publish","type":"page","link":"https:\/\/www.gadlee.hk\/fr\/technologie\/","title":{"rendered":"Technologie"},"content":{"rendered":"<div data-elementor-type=\"wp-page\" data-elementor-id=\"2279\" class=\"elementor elementor-2279\">\n\t\t\t\t<div class=\"elementor-element elementor-element-0d07e84 e-con-full e-flex e-con e-parent\" data-id=\"0d07e84\" data-element_type=\"container\" data-settings=\"{&quot;background_background&quot;:&quot;classic&quot;}\">\n\t\t<div class=\"elementor-element elementor-element-5e2b98a e-flex e-con-boxed e-con e-child\" data-id=\"5e2b98a\" data-element_type=\"container\" data-settings=\"{&quot;background_background&quot;:&quot;classic&quot;}\">\n\t\t\t\t\t<div class=\"e-con-inner\">\n\t\t<div class=\"elementor-element elementor-element-35d814c e-con-full e-flex e-con e-child\" data-id=\"35d814c\" data-element_type=\"container\">\n\t\t\t\t<div class=\"elementor-element elementor-element-3ca0d8a elementor-widget elementor-widget-text-editor\" data-id=\"3ca0d8a\" data-element_type=\"widget\" data-widget_type=\"text-editor.default\">\n\t\t\t\t<div class=\"elementor-widget-container\">\n\t\t\t\t\t\t\t\t\t<p><a href=\"\/\">Accueil<\/a>\u00a0 &gt; Technologie<\/p>\t\t\t\t\t\t\t\t<\/div>\n\t\t\t\t<\/div>\n\t\t\t\t<\/div>\n\t\t<div class=\"elementor-element elementor-element-a4280b5 e-con-full e-flex e-con e-child\" data-id=\"a4280b5\" data-element_type=\"container\">\n\t\t\t\t<div class=\"elementor-element elementor-element-97ea5a1 elementor-widget elementor-widget-pls-button\" data-id=\"97ea5a1\" data-element_type=\"widget\" data-widget_type=\"pls-button.default\">\n\t\t\t\t<div class=\"elementor-widget-container\">\n\t\t\t\t\t<div id=\"pls-button-72101\" class=\"pls-element pls-button\">\n\t<a class=\"button btn-style-flat\" href=\"\/contact-us\" >\n\t\tContact\t<\/a>\n<\/div>\n\t\t\t\t<\/div>\n\t\t\t\t<\/div>\n\t\t\t\t<\/div>\n\t\t\t\t\t<\/div>\n\t\t\t\t<\/div>\n\t\t\t\t<\/div>\n\t\t<div class=\"elementor-element elementor-element-d2485d1 e-flex e-con-boxed e-con e-parent\" data-id=\"d2485d1\" data-element_type=\"container\">\n\t\t\t\t\t<div class=\"e-con-inner\">\n\t\t\t\t<div class=\"elementor-element elementor-element-789e814 elementor-widget elementor-widget-heading\" data-id=\"789e814\" data-element_type=\"widget\" data-widget_type=\"heading.default\">\n\t\t\t\t<div class=\"elementor-widget-container\">\n\t\t\t\t\t<h2 class=\"elementor-heading-title elementor-size-default\">En savoir plus sur notre technologie<\/h2>\t\t\t\t<\/div>\n\t\t\t\t<\/div>\n\t\t\t\t<div class=\"elementor-element elementor-element-ae94d52 elementor-widget elementor-widget-text-editor\" data-id=\"ae94d52\" data-element_type=\"widget\" data-widget_type=\"text-editor.default\">\n\t\t\t\t<div class=\"elementor-widget-container\">\n\t\t\t\t\t\t\t\t\t<p>Chez Gadlee, nous nous engageons \u00e0 innover et \u00e0 investir dans des technologies de nettoyage avanc\u00e9es. Nos produits sont con\u00e7us pour servir une large gamme d'industries et d'applications, r\u00e9pondant aux divers besoins des diff\u00e9rents environnements.<\/p><p>Nous allons au-del\u00e0 de la propret\u00e9 en mettant l'accent sur l'efficacit\u00e9, l'\u00e9conomie d'\u00e9nergie, la responsabilit\u00e9 environnementale, la s\u00e9curit\u00e9 et la sant\u00e9. Gadlee place toujours l'utilisateur et l'environnement au centre de tout ce qu'elle fait. En minimisant les rejets de d\u00e9tergents, en r\u00e9duisant la consommation d'\u00e9nergie et d'eau et en diminuant les niveaux de bruit, nous contribuons \u00e0 optimiser l'utilisation des ressources et \u00e0 fournir des performances maximales. Gr\u00e2ce \u00e0 ces efforts, Gadlee contribue \u00e0 mener l'industrie du nettoyage vers un avenir plus intelligent, plus vert et plus durable.<\/p>\t\t\t\t\t\t\t\t<\/div>\n\t\t\t\t<\/div>\n\t\t\t\t\t<\/div>\n\t\t\t\t<\/div>\n\t\t<div class=\"elementor-element elementor-element-108a8ac e-flex e-con-boxed e-con e-parent\" data-id=\"108a8ac\" data-element_type=\"container\">\n\t\t\t\t\t<div class=\"e-con-inner\">\n\t\t<div class=\"elementor-element elementor-element-1685caf e-grid e-con-full e-con e-child\" data-id=\"1685caf\" data-element_type=\"container\">\n\t\t\t\t<div class=\"elementor-element elementor-element-07a3ca7 elementor-position-top elementor-widget elementor-widget-image-box\" data-id=\"07a3ca7\" data-element_type=\"widget\" data-widget_type=\"image-box.default\">\n\t\t\t\t<div class=\"elementor-widget-container\">\n\t\t\t\t\t<div class=\"elementor-image-box-wrapper\"><figure class=\"elementor-image-box-img\"><a href=\"\/ifm-fleet-management\/\" tabindex=\"-1\"><img fetchpriority=\"high\" decoding=\"async\" width=\"550\" height=\"360\" src=\"https:\/\/www.gadlee.hk\/wp-content\/uploads\/2025\/06\/IFM-FLEET-MANAGEMENT.png\" class=\"elementor-animation-grow attachment-full size-full wp-image-2284\" alt=\"\" \/><\/a><\/figure><div class=\"elementor-image-box-content\"><h3 class=\"elementor-image-box-title\"><a href=\"\/ifm-fleet-management\/\">IFM GESTION DE FLOTTE <\/a><\/h3><\/div><\/div>\t\t\t\t<\/div>\n\t\t\t\t<\/div>\n\t\t\t\t<div class=\"elementor-element elementor-element-40db4bd elementor-position-top elementor-widget elementor-widget-image-box\" data-id=\"40db4bd\" data-element_type=\"widget\" data-widget_type=\"image-box.default\">\n\t\t\t\t<div class=\"elementor-widget-container\">\n\t\t\t\t\t<div class=\"elementor-image-box-wrapper\"><figure class=\"elementor-image-box-img\"><a href=\"\/technology-eco-mode\/\" tabindex=\"-1\"><img decoding=\"async\" width=\"550\" height=\"360\" src=\"https:\/\/www.gadlee.hk\/wp-content\/uploads\/2025\/06\/ECO-MODE.png\" class=\"elementor-animation-grow attachment-full size-full wp-image-2291\" alt=\"\" \/><\/a><\/figure><div class=\"elementor-image-box-content\"><h3 class=\"elementor-image-box-title\"><a href=\"\/technology-eco-mode\/\">MODE \u00c9CO<\/a><\/h3><\/div><\/div>\t\t\t\t<\/div>\n\t\t\t\t<\/div>\n\t\t\t\t<div class=\"elementor-element elementor-element-cc0264e elementor-position-top elementor-widget elementor-widget-image-box\" data-id=\"cc0264e\" data-element_type=\"widget\" data-widget_type=\"image-box.default\">\n\t\t\t\t<div class=\"elementor-widget-container\">\n\t\t\t\t\t<div class=\"elementor-image-box-wrapper\"><figure class=\"elementor-image-box-img\"><a href=\"\/technology-chemical-dose-system\/\" tabindex=\"-1\"><img decoding=\"async\" width=\"550\" height=\"360\" src=\"https:\/\/www.gadlee.hk\/wp-content\/uploads\/2025\/06\/CHEMICAL-DOSE-SYSTEM.png\" class=\"elementor-animation-grow attachment-full size-full wp-image-2292\" alt=\"\" \/><\/a><\/figure><div class=\"elementor-image-box-content\"><h3 class=\"elementor-image-box-title\"><a href=\"\/technology-chemical-dose-system\/\">SYST\u00c8ME DE DOSAGE CHIMIQUE<\/a><\/h3><\/div><\/div>\t\t\t\t<\/div>\n\t\t\t\t<\/div>\n\t\t\t\t<div class=\"elementor-element elementor-element-3f05cdf elementor-position-top elementor-widget elementor-widget-image-box\" data-id=\"3f05cdf\" data-element_type=\"widget\" data-widget_type=\"image-box.default\">\n\t\t\t\t<div class=\"elementor-widget-container\">\n\t\t\t\t\t<div class=\"elementor-image-box-wrapper\"><figure class=\"elementor-image-box-img\"><a href=\"\/lithium-ion-power-and-advance-management\/\" tabindex=\"-1\"><img loading=\"lazy\" decoding=\"async\" width=\"550\" height=\"360\" src=\"https:\/\/www.gadlee.hk\/wp-content\/uploads\/2025\/06\/LITHIUM-ION-POWER-AND-MANAGEMENT.png\" class=\"elementor-animation-grow attachment-full size-full wp-image-2293\" alt=\"\" \/><\/a><\/figure><div class=\"elementor-image-box-content\"><h3 class=\"elementor-image-box-title\"><a href=\"\/lithium-ion-power-and-advance-management\/\">ALIMENTATION ET GESTION DU LITHIUM-ION<\/a><\/h3><\/div><\/div>\t\t\t\t<\/div>\n\t\t\t\t<\/div>\n\t\t\t\t<div class=\"elementor-element elementor-element-139b4fd elementor-position-top elementor-widget elementor-widget-image-box\" data-id=\"139b4fd\" data-element_type=\"widget\" data-widget_type=\"image-box.default\">\n\t\t\t\t<div class=\"elementor-widget-container\">\n\t\t\t\t\t<div class=\"elementor-image-box-wrapper\"><figure class=\"elementor-image-box-img\"><a href=\"\/one-key-start\/\" tabindex=\"-1\"><img loading=\"lazy\" decoding=\"async\" width=\"550\" height=\"360\" src=\"https:\/\/www.gadlee.hk\/wp-content\/uploads\/2025\/06\/ONE-KEY-START.png\" class=\"elementor-animation-grow attachment-full size-full wp-image-2294\" alt=\"\" \/><\/a><\/figure><div class=\"elementor-image-box-content\"><h3 class=\"elementor-image-box-title\"><a href=\"\/one-key-start\/\">ONE-KEY START<\/a><\/h3><\/div><\/div>\t\t\t\t<\/div>\n\t\t\t\t<\/div>\n\t\t\t\t<div class=\"elementor-element elementor-element-1f95f4a elementor-position-top elementor-widget elementor-widget-image-box\" data-id=\"1f95f4a\" data-element_type=\"widget\" data-widget_type=\"image-box.default\">\n\t\t\t\t<div class=\"elementor-widget-container\">\n\t\t\t\t\t<div class=\"elementor-image-box-wrapper\"><figure class=\"elementor-image-box-img\"><a href=\"\/power-mode\/\" tabindex=\"-1\"><img loading=\"lazy\" decoding=\"async\" width=\"550\" height=\"360\" src=\"https:\/\/www.gadlee.hk\/wp-content\/uploads\/2025\/06\/POWER-MODE.png\" class=\"elementor-animation-grow attachment-full size-full wp-image-2295\" alt=\"\" \/><\/a><\/figure><div class=\"elementor-image-box-content\"><h3 class=\"elementor-image-box-title\"><a href=\"\/power-mode\/\">MODE POWER<\/a><\/h3><\/div><\/div>\t\t\t\t<\/div>\n\t\t\t\t<\/div>\n\t\t\t\t<div class=\"elementor-element elementor-element-4b2d93d elementor-position-top elementor-widget elementor-widget-image-box\" data-id=\"4b2d93d\" data-element_type=\"widget\" data-widget_type=\"image-box.default\">\n\t\t\t\t<div class=\"elementor-widget-container\">\n\t\t\t\t\t<div class=\"elementor-image-box-wrapper\"><figure class=\"elementor-image-box-img\"><a href=\"\/easy-maintenance\/\" tabindex=\"-1\"><img loading=\"lazy\" decoding=\"async\" width=\"550\" height=\"360\" src=\"https:\/\/www.gadlee.hk\/wp-content\/uploads\/2025\/06\/EASY-MAINTENANCE.png\" class=\"elementor-animation-grow attachment-full size-full wp-image-2296\" alt=\"\" \/><\/a><\/figure><div class=\"elementor-image-box-content\"><h3 class=\"elementor-image-box-title\"><a href=\"\/easy-maintenance\/\">MAINTENANCE FACILE<\/a><\/h3><\/div><\/div>\t\t\t\t<\/div>\n\t\t\t\t<\/div>\n\t\t\t\t<div class=\"elementor-element elementor-element-cd97ac1 elementor-position-top elementor-widget elementor-widget-image-box\" data-id=\"cd97ac1\" data-element_type=\"widget\" data-widget_type=\"image-box.default\">\n\t\t\t\t<div class=\"elementor-widget-container\">\n\t\t\t\t\t<div class=\"elementor-image-box-wrapper\"><figure class=\"elementor-image-box-img\"><a href=\"\/technology-on-board-computer\/\" tabindex=\"-1\"><img loading=\"lazy\" decoding=\"async\" width=\"550\" height=\"360\" src=\"https:\/\/www.gadlee.hk\/wp-content\/uploads\/2025\/06\/ON-BOARD-COMPUTER.png\" class=\"elementor-animation-grow attachment-full size-full wp-image-2297\" alt=\"\" \/><\/a><\/figure><div class=\"elementor-image-box-content\"><h3 class=\"elementor-image-box-title\"><a href=\"\/technology-on-board-computer\/\">ORDINATEUR DE BORD<\/a><\/h3><\/div><\/div>\t\t\t\t<\/div>\n\t\t\t\t<\/div>\n\t\t\t\t<div class=\"elementor-element elementor-element-d83c9e6 elementor-position-top elementor-widget elementor-widget-image-box\" data-id=\"d83c9e6\" data-element_type=\"widget\" data-widget_type=\"image-box.default\">\n\t\t\t\t<div class=\"elementor-widget-container\">\n\t\t\t\t\t<div class=\"elementor-image-box-wrapper\"><figure class=\"elementor-image-box-img\"><a href=\"\/technology-surround-protection\/\" tabindex=\"-1\"><img loading=\"lazy\" decoding=\"async\" width=\"550\" height=\"360\" src=\"https:\/\/www.gadlee.hk\/wp-content\/uploads\/2025\/06\/SURROUND-PROTECTION.png\" class=\"elementor-animation-grow attachment-full size-full wp-image-2298\" alt=\"\" \/><\/a><\/figure><div class=\"elementor-image-box-content\"><h3 class=\"elementor-image-box-title\"><a href=\"\/technology-surround-protection\/\">PROTECTION RENFORC\u00c9E<\/a><\/h3><\/div><\/div>\t\t\t\t<\/div>\n\t\t\t\t<\/div>\n\t\t\t\t<div class=\"elementor-element elementor-element-1ce47b2 elementor-position-top elementor-widget elementor-widget-image-box\" data-id=\"1ce47b2\" data-element_type=\"widget\" data-widget_type=\"image-box.default\">\n\t\t\t\t<div class=\"elementor-widget-container\">\n\t\t\t\t\t<div class=\"elementor-image-box-wrapper\"><figure class=\"elementor-image-box-img\"><a href=\"\/technology-dust-control\/\" tabindex=\"-1\"><img loading=\"lazy\" decoding=\"async\" width=\"550\" height=\"360\" src=\"https:\/\/www.gadlee.hk\/wp-content\/uploads\/2025\/06\/DUST-CONTROL.png\" class=\"elementor-animation-grow attachment-full size-full wp-image-2299\" alt=\"\" \/><\/a><\/figure><div class=\"elementor-image-box-content\"><h3 class=\"elementor-image-box-title\"><a href=\"\/technology-dust-control\/\">CONTR\u00d4LE DE LA POUSSI\u00c8RE<\/a><\/h3><\/div><\/div>\t\t\t\t<\/div>\n\t\t\t\t<\/div>\n\t\t\t\t<div class=\"elementor-element elementor-element-afc5561 elementor-position-top elementor-widget elementor-widget-image-box\" data-id=\"afc5561\" data-element_type=\"widget\" data-widget_type=\"image-box.default\">\n\t\t\t\t<div class=\"elementor-widget-container\">\n\t\t\t\t\t<div class=\"elementor-image-box-wrapper\"><figure class=\"elementor-image-box-img\"><a href=\"\/technology-spraying-system\/\" tabindex=\"-1\"><img loading=\"lazy\" decoding=\"async\" width=\"550\" height=\"360\" src=\"https:\/\/www.gadlee.hk\/wp-content\/uploads\/2025\/06\/SPRAYING-SYSTEM.png\" class=\"elementor-animation-grow attachment-full size-full wp-image-2300\" alt=\"\" \/><\/a><\/figure><div class=\"elementor-image-box-content\"><h3 class=\"elementor-image-box-title\"><a href=\"\/technology-spraying-system\/\">SYST\u00c8ME DE PULV\u00c9RISATION<\/a><\/h3><\/div><\/div>\t\t\t\t<\/div>\n\t\t\t\t<\/div>\n\t\t\t\t<div class=\"elementor-element elementor-element-f3bbd9e elementor-position-top elementor-widget elementor-widget-image-box\" data-id=\"f3bbd9e\" data-element_type=\"widget\" data-widget_type=\"image-box.default\">\n\t\t\t\t<div class=\"elementor-widget-container\">\n\t\t\t\t\t<div class=\"elementor-image-box-wrapper\"><figure class=\"elementor-image-box-img\"><a href=\"\/technology-heavy-duty\/\" tabindex=\"-1\"><img loading=\"lazy\" decoding=\"async\" width=\"550\" height=\"360\" src=\"https:\/\/www.gadlee.hk\/wp-content\/uploads\/2025\/06\/HEAVY-DUTY.png\" class=\"elementor-animation-grow attachment-full size-full wp-image-2301\" alt=\"\" \/><\/a><\/figure><div class=\"elementor-image-box-content\"><h3 class=\"elementor-image-box-title\"><a href=\"\/technology-heavy-duty\/\">USAGE INTENSIF<\/a><\/h3><\/div><\/div>\t\t\t\t<\/div>\n\t\t\t\t<\/div>\n\t\t\t\t<\/div>\n\t\t\t\t\t<\/div>\n\t\t\t\t<\/div>\n\t\t\t\t<\/div>","protected":false},"excerpt":{"rendered":"<p>Home\u00a0 &gt; Technology Contact Us Learn about our technology At Gadlee, we are committed to innovating and investing in advanced cleaning technologies. Our products are designed to serve a wide<\/p>","protected":false},"author":1,"featured_media":0,"parent":0,"menu_order":0,"comment_status":"closed","ping_status":"closed","template":"","meta":{"footnotes":""},"class_list":["post-2279","page","type-page","status-publish","hentry"],"yoast_head":"<!-- This site is optimized with the Yoast SEO plugin v26.2 - https:\/\/yoast.com\/wordpress\/plugins\/seo\/ -->\n<title>Technology - Gadlee Innovative &amp; Sustainable Cleaning Solutions<\/title>\n<meta name=\"description\" content=\"Discover how Gadlee integrates innovation, sustainability, and advanced cleaning technologies to enhance efficiency, safety, and environmental responsibility across every cleaning solution.\" \/>\n<meta name=\"robots\" content=\"index, follow, max-snippet:-1, max-image-preview:large, max-video-preview:-1\" \/>\n<link rel=\"canonical\" href=\"https:\/\/www.gadlee.hk\/fr\/technologie\/\" \/>\n<meta property=\"og:locale\" content=\"fr_FR\" \/>\n<meta property=\"og:type\" content=\"article\" \/>\n<meta property=\"og:title\" content=\"Technology - Gadlee Innovative &amp; Sustainable Cleaning Solutions\" \/>\n<meta property=\"og:description\" content=\"Discover how Gadlee integrates innovation, sustainability, and advanced cleaning technologies to enhance efficiency, safety, and environmental responsibility across every cleaning solution.\" \/>\n<meta property=\"og:url\" content=\"https:\/\/www.gadlee.hk\/fr\/technologie\/\" \/>\n<meta property=\"og:site_name\" content=\"Gadlee\" \/>\n<meta property=\"article:modified_time\" content=\"2025-10-25T03:52:45+00:00\" \/>\n<meta property=\"og:image\" content=\"https:\/\/gadlee.hk\/wp-content\/uploads\/2025\/06\/IFM-FLEET-MANAGEMENT.png\" \/>\n<meta name=\"twitter:card\" content=\"summary_large_image\" \/>\n<meta name=\"twitter:label1\" content=\"Est. reading time\" \/>\n\t<meta name=\"twitter:data1\" content=\"4 minutes\" \/>\n<script type=\"application\/ld+json\" class=\"yoast-schema-graph\">{\"@context\":\"https:\/\/schema.org\",\"@graph\":[{\"@type\":\"WebPage\",\"@id\":\"https:\/\/www.gadlee.hk\/technology\/\",\"url\":\"https:\/\/www.gadlee.hk\/technology\/\",\"name\":\"Technology - Gadlee Innovative & Sustainable Cleaning Solutions\",\"isPartOf\":{\"@id\":\"https:\/\/www.gadlee.hk\/ja\/#website\"},\"primaryImageOfPage\":{\"@id\":\"https:\/\/www.gadlee.hk\/technology\/#primaryimage\"},\"image\":{\"@id\":\"https:\/\/www.gadlee.hk\/technology\/#primaryimage\"},\"thumbnailUrl\":\"https:\/\/gadlee.hk\/wp-content\/uploads\/2025\/06\/IFM-FLEET-MANAGEMENT.png\",\"datePublished\":\"2025-06-26T08:58:38+00:00\",\"dateModified\":\"2025-10-25T03:52:45+00:00\",\"description\":\"Discover how Gadlee integrates innovation, sustainability, and advanced cleaning technologies to enhance efficiency, safety, and environmental responsibility across every cleaning solution.\",\"breadcrumb\":{\"@id\":\"https:\/\/www.gadlee.hk\/technology\/#breadcrumb\"},\"inLanguage\":\"fr-FR\",\"potentialAction\":[{\"@type\":\"ReadAction\",\"target\":[\"https:\/\/www.gadlee.hk\/technology\/\"]}]},{\"@type\":\"ImageObject\",\"inLanguage\":\"fr-FR\",\"@id\":\"https:\/\/www.gadlee.hk\/technology\/#primaryimage\",\"url\":\"https:\/\/gadlee.hk\/wp-content\/uploads\/2025\/06\/IFM-FLEET-MANAGEMENT.png\",\"contentUrl\":\"https:\/\/gadlee.hk\/wp-content\/uploads\/2025\/06\/IFM-FLEET-MANAGEMENT.png\"},{\"@type\":\"BreadcrumbList\",\"@id\":\"https:\/\/www.gadlee.hk\/technology\/#breadcrumb\",\"itemListElement\":[{\"@type\":\"ListItem\",\"position\":1,\"name\":\"Home\",\"item\":\"https:\/\/www.gadlee.hk\/fr\/\"},{\"@type\":\"ListItem\",\"position\":2,\"name\":\"Technology\"}]},{\"@type\":\"WebSite\",\"@id\":\"https:\/\/www.gadlee.hk\/ja\/#website\",\"url\":\"https:\/\/www.gadlee.hk\/ja\/\",\"name\":\"Gadlee\",\"description\":\"Asia&#039;s leading manufacturer of professional cleaning machines\",\"publisher\":{\"@id\":\"https:\/\/www.gadlee.hk\/ja\/#organization\"},\"potentialAction\":[{\"@type\":\"SearchAction\",\"target\":{\"@type\":\"EntryPoint\",\"urlTemplate\":\"https:\/\/www.gadlee.hk\/ja\/?s={search_term_string}\"},\"query-input\":{\"@type\":\"PropertyValueSpecification\",\"valueRequired\":true,\"valueName\":\"search_term_string\"}}],\"inLanguage\":\"fr-FR\"},{\"@type\":\"Organization\",\"@id\":\"https:\/\/www.gadlee.hk\/ja\/#organization\",\"name\":\"Gadlee\",\"url\":\"https:\/\/www.gadlee.hk\/ja\/\",\"logo\":{\"@type\":\"ImageObject\",\"inLanguage\":\"fr-FR\",\"@id\":\"https:\/\/www.gadlee.hk\/ja\/#\/schema\/logo\/image\/\",\"url\":\"https:\/\/www.gadlee.hk\/wp-content\/uploads\/2025\/06\/logo.png\",\"contentUrl\":\"https:\/\/www.gadlee.hk\/wp-content\/uploads\/2025\/06\/logo.png\",\"width\":1578,\"height\":327,\"caption\":\"Gadlee\"},\"image\":{\"@id\":\"https:\/\/www.gadlee.hk\/ja\/#\/schema\/logo\/image\/\"}}]}<\/script>\n<!-- \/ Yoast SEO plugin. -->","yoast_head_json":{"title":"Technology - Gadlee Innovative & Sustainable Cleaning Solutions","description":"Discover how Gadlee integrates innovation, sustainability, and advanced cleaning technologies to enhance efficiency, safety, and environmental responsibility across every cleaning solution.","robots":{"index":"index","follow":"follow","max-snippet":"max-snippet:-1","max-image-preview":"max-image-preview:large","max-video-preview":"max-video-preview:-1"},"canonical":"https:\/\/www.gadlee.hk\/fr\/technologie\/","og_locale":"fr_FR","og_type":"article","og_title":"Technology - Gadlee Innovative & Sustainable Cleaning Solutions","og_description":"Discover how Gadlee integrates innovation, sustainability, and advanced cleaning technologies to enhance efficiency, safety, and environmental responsibility across every cleaning solution.","og_url":"https:\/\/www.gadlee.hk\/fr\/technologie\/","og_site_name":"Gadlee","article_modified_time":"2025-10-25T03:52:45+00:00","og_image":[{"url":"https:\/\/gadlee.hk\/wp-content\/uploads\/2025\/06\/IFM-FLEET-MANAGEMENT.png","type":"","width":"","height":""}],"twitter_card":"summary_large_image","twitter_misc":{"Est. reading time":"4 minutes"},"schema":{"@context":"https:\/\/schema.org","@graph":[{"@type":"WebPage","@id":"https:\/\/www.gadlee.hk\/technology\/","url":"https:\/\/www.gadlee.hk\/technology\/","name":"Technology - Gadlee Innovative & Sustainable Cleaning Solutions","isPartOf":{"@id":"https:\/\/www.gadlee.hk\/ja\/#website"},"primaryImageOfPage":{"@id":"https:\/\/www.gadlee.hk\/technology\/#primaryimage"},"image":{"@id":"https:\/\/www.gadlee.hk\/technology\/#primaryimage"},"thumbnailUrl":"https:\/\/gadlee.hk\/wp-content\/uploads\/2025\/06\/IFM-FLEET-MANAGEMENT.png","datePublished":"2025-06-26T08:58:38+00:00","dateModified":"2025-10-25T03:52:45+00:00","description":"Discover how Gadlee integrates innovation, sustainability, and advanced cleaning technologies to enhance efficiency, safety, and environmental responsibility across every cleaning solution.","breadcrumb":{"@id":"https:\/\/www.gadlee.hk\/technology\/#breadcrumb"},"inLanguage":"fr-FR","potentialAction":[{"@type":"ReadAction","target":["https:\/\/www.gadlee.hk\/technology\/"]}]},{"@type":"ImageObject","inLanguage":"fr-FR","@id":"https:\/\/www.gadlee.hk\/technology\/#primaryimage","url":"https:\/\/gadlee.hk\/wp-content\/uploads\/2025\/06\/IFM-FLEET-MANAGEMENT.png","contentUrl":"https:\/\/gadlee.hk\/wp-content\/uploads\/2025\/06\/IFM-FLEET-MANAGEMENT.png"},{"@type":"BreadcrumbList","@id":"https:\/\/www.gadlee.hk\/technology\/#breadcrumb","itemListElement":[{"@type":"ListItem","position":1,"name":"Home","item":"https:\/\/www.gadlee.hk\/fr\/"},{"@type":"ListItem","position":2,"name":"Technology"}]},{"@type":"WebSite","@id":"https:\/\/www.gadlee.hk\/ja\/#website","url":"https:\/\/www.gadlee.hk\/ja\/","name":"Gadlee","description":"Asia&#039;s leading manufacturer of professional cleaning machines","publisher":{"@id":"https:\/\/www.gadlee.hk\/ja\/#organization"},"potentialAction":[{"@type":"SearchAction","target":{"@type":"EntryPoint","urlTemplate":"https:\/\/www.gadlee.hk\/ja\/?s={search_term_string}"},"query-input":{"@type":"PropertyValueSpecification","valueRequired":true,"valueName":"search_term_string"}}],"inLanguage":"fr-FR"},{"@type":"Organization","@id":"https:\/\/www.gadlee.hk\/ja\/#organization","name":"Gadlee","url":"https:\/\/www.gadlee.hk\/ja\/","logo":{"@type":"ImageObject","inLanguage":"fr-FR","@id":"https:\/\/www.gadlee.hk\/ja\/#\/schema\/logo\/image\/","url":"https:\/\/www.gadlee.hk\/wp-content\/uploads\/2025\/06\/logo.png","contentUrl":"https:\/\/www.gadlee.hk\/wp-content\/uploads\/2025\/06\/logo.png","width":1578,"height":327,"caption":"Gadlee"},"image":{"@id":"https:\/\/www.gadlee.hk\/ja\/#\/schema\/logo\/image\/"}}]}},"_links":{"self":[{"href":"https:\/\/www.gadlee.hk\/fr\/wp-json\/wp\/v2\/pages\/2279","targetHints":{"allow":["GET"]}}],"collection":[{"href":"https:\/\/www.gadlee.hk\/fr\/wp-json\/wp\/v2\/pages"}],"about":[{"href":"https:\/\/www.gadlee.hk\/fr\/wp-json\/wp\/v2\/types\/page"}],"author":[{"embeddable":true,"href":"https:\/\/www.gadlee.hk\/fr\/wp-json\/wp\/v2\/users\/1"}],"replies":[{"embeddable":true,"href":"https:\/\/www.gadlee.hk\/fr\/wp-json\/wp\/v2\/comments?post=2279"}],"version-history":[{"count":92,"href":"https:\/\/www.gadlee.hk\/fr\/wp-json\/wp\/v2\/pages\/2279\/revisions"}],"predecessor-version":[{"id":4238,"href":"https:\/\/www.gadlee.hk\/fr\/wp-json\/wp\/v2\/pages\/2279\/revisions\/4238"}],"wp:attachment":[{"href":"https:\/\/www.gadlee.hk\/fr\/wp-json\/wp\/v2\/media?parent=2279"}],"curies":[{"name":"wp","href":"https:\/\/api.w.org\/{rel}","templated":true}]}}