{"id":2346,"date":"2025-06-27T05:50:31","date_gmt":"2025-06-27T05:50:31","guid":{"rendered":"https:\/\/gadlee.hk\/?page_id=2346"},"modified":"2025-12-19T06:27:45","modified_gmt":"2025-12-19T06:27:45","slug":"technology-eco-mode","status":"publish","type":"page","link":"https:\/\/www.gadlee.hk\/fr\/technology-eco-mode\/","title":{"rendered":"Technology-ECO MODE"},"content":{"rendered":"<div data-elementor-type=\"wp-page\" data-elementor-id=\"2346\" class=\"elementor elementor-2346\">\n\t\t\t\t<div class=\"elementor-element elementor-element-557e8a7 e-con-full e-flex e-con e-parent\" data-id=\"557e8a7\" data-element_type=\"container\" data-settings=\"{&quot;background_background&quot;:&quot;classic&quot;}\">\n\t\t<div class=\"elementor-element elementor-element-7f8aafa e-flex e-con-boxed e-con e-child\" data-id=\"7f8aafa\" data-element_type=\"container\" data-settings=\"{&quot;background_background&quot;:&quot;classic&quot;}\">\n\t\t\t\t\t<div class=\"e-con-inner\">\n\t\t<div class=\"elementor-element elementor-element-1a510c6 e-con-full e-flex e-con e-child\" data-id=\"1a510c6\" data-element_type=\"container\">\n\t\t\t\t<div class=\"elementor-element elementor-element-945c69e elementor-widget elementor-widget-text-editor\" data-id=\"945c69e\" data-element_type=\"widget\" data-widget_type=\"text-editor.default\">\n\t\t\t\t<div class=\"elementor-widget-container\">\n\t\t\t\t\t\t\t\t\t<p><a href=\"\/\">Accueil<\/a>\u00a0 &gt; <a href=\"\/technology\/\">Technologie<\/a>\u00a0 &gt;\u00a0 ECO MODE<\/p>\t\t\t\t\t\t\t\t<\/div>\n\t\t\t\t<\/div>\n\t\t\t\t<\/div>\n\t\t<div class=\"elementor-element elementor-element-756183f e-con-full e-flex e-con e-child\" data-id=\"756183f\" data-element_type=\"container\">\n\t\t\t\t<div class=\"elementor-element elementor-element-916796e elementor-widget elementor-widget-pls-button\" data-id=\"916796e\" data-element_type=\"widget\" data-widget_type=\"pls-button.default\">\n\t\t\t\t<div class=\"elementor-widget-container\">\n\t\t\t\t\t<div id=\"pls-button-20071\" class=\"pls-element pls-button\">\n\t<a class=\"button btn-style-flat\" href=\"\/contact-us\" >\n\t\tContact\t<\/a>\n<\/div>\n\t\t\t\t<\/div>\n\t\t\t\t<\/div>\n\t\t\t\t<\/div>\n\t\t\t\t\t<\/div>\n\t\t\t\t<\/div>\n\t\t\t\t<\/div>\n\t\t<div class=\"elementor-element elementor-element-6b8f04a e-flex e-con-boxed e-con e-parent\" data-id=\"6b8f04a\" data-element_type=\"container\">\n\t\t\t\t\t<div class=\"e-con-inner\">\n\t\t\t\t<div class=\"elementor-element elementor-element-bd48880 elementor-widget elementor-widget-image\" data-id=\"bd48880\" data-element_type=\"widget\" data-widget_type=\"image.default\">\n\t\t\t\t<div class=\"elementor-widget-container\">\n\t\t\t\t\t\t\t\t\t\t\t\t\t\t\t<img fetchpriority=\"high\" decoding=\"async\" width=\"550\" height=\"360\" src=\"https:\/\/www.gadlee.hk\/wp-content\/uploads\/2025\/06\/ECO-MODE.png\" class=\"attachment-full size-full wp-image-2291\" alt=\"\" \/>\t\t\t\t\t\t\t\t\t\t\t\t\t\t\t<\/div>\n\t\t\t\t<\/div>\n\t\t\t\t<div class=\"elementor-element elementor-element-12ae76b elementor-widget elementor-widget-heading\" data-id=\"12ae76b\" data-element_type=\"widget\" data-widget_type=\"heading.default\">\n\t\t\t\t<div class=\"elementor-widget-container\">\n\t\t\t\t\t<h2 class=\"elementor-heading-title elementor-size-default\">MODE \u00c9CO<\/h2>\t\t\t\t<\/div>\n\t\t\t\t<\/div>\n\t\t\t\t<div class=\"elementor-element elementor-element-a45231b elementor-widget elementor-widget-text-editor\" data-id=\"a45231b\" data-element_type=\"widget\" data-widget_type=\"text-editor.default\">\n\t\t\t\t<div class=\"elementor-widget-container\">\n\t\t\t\t\t\t\t\t\t<p>Le mode ECO est la solution professionnelle et \u00e9cologique pour le nettoyage. Il distribue la quantit\u00e9 minimale de solution n\u00e9cessaire et r\u00e9duit la puissance d\u2019aspiration sur les sols plats \u2013 ce qui permet d\u2019\u00e9conomiser de l\u2019\u00e9nergie et du d\u00e9tergent, et prolonge l\u2019autonomie de la machine.<\/p>\t\t\t\t\t\t\t\t<\/div>\n\t\t\t\t<\/div>\n\t\t\t\t\t<\/div>\n\t\t\t\t<\/div>\n\t\t<div class=\"elementor-element elementor-element-49d3498 e-flex e-con-boxed e-con e-parent\" data-id=\"49d3498\" data-element_type=\"container\" data-settings=\"{&quot;background_background&quot;:&quot;classic&quot;}\">\n\t\t\t\t\t<div class=\"e-con-inner\">\n\t\t<div class=\"elementor-element elementor-element-8df4994 e-con-full e-flex e-con e-child\" data-id=\"8df4994\" data-element_type=\"container\" data-settings=\"{&quot;background_background&quot;:&quot;classic&quot;}\">\n\t\t\t\t<div class=\"elementor-element elementor-element-cab7dff elementor-widget elementor-widget-pls-heading\" data-id=\"cab7dff\" data-element_type=\"widget\" data-widget_type=\"pls-heading.default\">\n\t\t\t\t<div class=\"elementor-widget-container\">\n\t\t\t\t\t<div id=\"pls-header-1890\" class=\"pls-element pls-heading pls-text-left separator-none\">\t\n\t\t\t\n\t\t\t<div class=\"heading-wrap\">\n\t\t\t<span class=\"separator-left\"><\/span>\n\t\t\t<h2 class=\"heading-title\">Caract\u00e9ristiques principales<\/h2>\t\t\t<span class=\"separator-right\"><\/span>\n\t\t\t\t\t<\/div>\n\t\t\n    <\/div>\t\t\t\t<\/div>\n\t\t\t\t<\/div>\n\t\t\t\t<div class=\"elementor-element elementor-element-24433e7 ul20250114 elementor-widget elementor-widget-text-editor\" data-id=\"24433e7\" data-element_type=\"widget\" data-widget_type=\"text-editor.default\">\n\t\t\t\t<div class=\"elementor-widget-container\">\n\t\t\t\t\t\t\t\t\t<ul><li>Niveau sonore r\u00e9duit, consommation d\u2019eau et de d\u00e9tergent diminu\u00e9e.<\/li><li>Id\u00e9al pour les zones sensibles au bruit comme les h\u00f4pitaux, les \u00e9coles, etc.<\/li><li>Contribue \u00e0 la r\u00e9duction de la consommation d\u2019\u00e9nergie et aide \u00e0 respecter les normes de nettoyage durable (green cleaning).<\/li><\/ul>\t\t\t\t\t\t\t\t<\/div>\n\t\t\t\t<\/div>\n\t\t\t\t<\/div>\n\t\t\t\t\t<\/div>\n\t\t\t\t<\/div>\n\t\t<div class=\"elementor-element elementor-element-71fc6c4 e-flex e-con-boxed e-con e-parent\" data-id=\"71fc6c4\" data-element_type=\"container\">\n\t\t\t\t\t<div class=\"e-con-inner\">\n\t\t<div class=\"elementor-element elementor-element-a83b7c3 e-con-full e-flex e-con e-child\" data-id=\"a83b7c3\" data-element_type=\"container\" data-settings=\"{&quot;background_background&quot;:&quot;classic&quot;}\">\n\t\t\t\t<div class=\"elementor-element elementor-element-da5eea4 elementor-widget elementor-widget-heading\" data-id=\"da5eea4\" data-element_type=\"widget\" data-widget_type=\"heading.default\">\n\t\t\t\t<div class=\"elementor-widget-container\">\n\t\t\t\t\t<h2 class=\"elementor-heading-title elementor-size-default\">Compatible avec ces mod\u00e8les<\/h2>\t\t\t\t<\/div>\n\t\t\t\t<\/div>\n\t\t<div class=\"elementor-element elementor-element-2d9ae6b e-grid e-con-full GTimg e-con e-child\" data-id=\"2d9ae6b\" data-element_type=\"container\" data-settings=\"{&quot;background_background&quot;:&quot;classic&quot;}\">\n\t\t\t\t<div class=\"elementor-element elementor-element-3b60df9 elementor-position-top elementor-widget elementor-widget-image-box\" data-id=\"3b60df9\" data-element_type=\"widget\" data-widget_type=\"image-box.default\">\n\t\t\t\t<div class=\"elementor-widget-container\">\n\t\t\t\t\t<div class=\"elementor-image-box-wrapper\"><figure class=\"elementor-image-box-img\"><a href=\"\/product\/gt30-walk-behind-scrubber-dryer\/\" tabindex=\"-1\"><img decoding=\"async\" width=\"500\" height=\"500\" src=\"https:\/\/www.gadlee.hk\/wp-content\/uploads\/2025\/06\/ECO-MODE-GT30.png\" class=\"elementor-animation-grow attachment-full size-full wp-image-2355\" alt=\"\" \/><\/a><\/figure><div class=\"elementor-image-box-content\"><h3 class=\"elementor-image-box-title\"><a href=\"\/product\/gt30-walk-behind-scrubber-dryer\/\">GT30<\/a><\/h3><\/div><\/div>\t\t\t\t<\/div>\n\t\t\t\t<\/div>\n\t\t\t\t<div class=\"elementor-element elementor-element-ca20ddb elementor-position-top elementor-widget elementor-widget-image-box\" data-id=\"ca20ddb\" data-element_type=\"widget\" data-widget_type=\"image-box.default\">\n\t\t\t\t<div class=\"elementor-widget-container\">\n\t\t\t\t\t<div class=\"elementor-image-box-wrapper\"><figure class=\"elementor-image-box-img\"><a href=\"\/product\/gt55-walk-behind-scrubber-dryer\/\" tabindex=\"-1\"><img decoding=\"async\" width=\"500\" height=\"500\" src=\"https:\/\/www.gadlee.hk\/wp-content\/uploads\/2025\/06\/ECO-MODE-GT55.png\" class=\"elementor-animation-grow attachment-full size-full wp-image-2356\" alt=\"\" \/><\/a><\/figure><div class=\"elementor-image-box-content\"><h3 class=\"elementor-image-box-title\"><a href=\"\/product\/gt55-walk-behind-scrubber-dryer\/\">GT55<\/a><\/h3><\/div><\/div>\t\t\t\t<\/div>\n\t\t\t\t<\/div>\n\t\t\t\t<div class=\"elementor-element elementor-element-882c8af elementor-position-top elementor-widget elementor-widget-image-box\" data-id=\"882c8af\" data-element_type=\"widget\" data-widget_type=\"image-box.default\">\n\t\t\t\t<div class=\"elementor-widget-container\">\n\t\t\t\t\t<div class=\"elementor-image-box-wrapper\"><figure class=\"elementor-image-box-img\"><a href=\"\/product\/gt85-walk-behind-scrubber-dryer\/\" tabindex=\"-1\"><img loading=\"lazy\" decoding=\"async\" width=\"500\" height=\"500\" src=\"https:\/\/www.gadlee.hk\/wp-content\/uploads\/2025\/06\/ECO-MODE-GT85.png\" class=\"elementor-animation-grow attachment-full size-full wp-image-2358\" alt=\"\" \/><\/a><\/figure><div class=\"elementor-image-box-content\"><h3 class=\"elementor-image-box-title\"><a href=\"\/product\/gt85-walk-behind-scrubber-dryer\/\">GT85+<\/a><\/h3><\/div><\/div>\t\t\t\t<\/div>\n\t\t\t\t<\/div>\n\t\t\t\t<div class=\"elementor-element elementor-element-e723234 elementor-position-top elementor-widget elementor-widget-image-box\" data-id=\"e723234\" data-element_type=\"widget\" data-widget_type=\"image-box.default\">\n\t\t\t\t<div class=\"elementor-widget-container\">\n\t\t\t\t\t<div class=\"elementor-image-box-wrapper\"><figure class=\"elementor-image-box-img\"><a href=\"\/product\/gt70-ride-on-scrubber-dryer\/\" tabindex=\"-1\"><img loading=\"lazy\" decoding=\"async\" width=\"500\" height=\"500\" src=\"https:\/\/www.gadlee.hk\/wp-content\/uploads\/2025\/06\/ECO-MODE-GT70.png\" class=\"elementor-animation-grow attachment-full size-full wp-image-2357\" alt=\"\" \/><\/a><\/figure><div class=\"elementor-image-box-content\"><h3 class=\"elementor-image-box-title\"><a href=\"\/product\/gt70-ride-on-scrubber-dryer\/\">GT70+<\/a><\/h3><\/div><\/div>\t\t\t\t<\/div>\n\t\t\t\t<\/div>\n\t\t\t\t<div class=\"elementor-element elementor-element-3a335ea elementor-position-top elementor-widget elementor-widget-image-box\" data-id=\"3a335ea\" data-element_type=\"widget\" data-widget_type=\"image-box.default\">\n\t\t\t\t<div class=\"elementor-widget-container\">\n\t\t\t\t\t<div class=\"elementor-image-box-wrapper\"><figure class=\"elementor-image-box-img\"><a href=\"\/product\/gt110pro-ride-on-scrubber-dryer\/\" tabindex=\"-1\"><img loading=\"lazy\" decoding=\"async\" width=\"500\" height=\"500\" src=\"https:\/\/www.gadlee.hk\/wp-content\/uploads\/2025\/06\/ECO-MODE-GT105.png\" class=\"elementor-animation-grow attachment-full size-full wp-image-2359\" alt=\"\" \/><\/a><\/figure><div class=\"elementor-image-box-content\"><h3 class=\"elementor-image-box-title\"><a href=\"\/product\/gt110pro-ride-on-scrubber-dryer\/\">GT110+Pro<\/a><\/h3><\/div><\/div>\t\t\t\t<\/div>\n\t\t\t\t<\/div>\n\t\t\t\t<div class=\"elementor-element elementor-element-9452b49 elementor-position-top elementor-widget elementor-widget-image-box\" data-id=\"9452b49\" data-element_type=\"widget\" data-widget_type=\"image-box.default\">\n\t\t\t\t<div class=\"elementor-widget-container\">\n\t\t\t\t\t<div class=\"elementor-image-box-wrapper\"><figure class=\"elementor-image-box-img\"><a href=\"\/product\/gt180-b95-ride-on-scrubber-dryer\/\" tabindex=\"-1\"><img loading=\"lazy\" decoding=\"async\" width=\"500\" height=\"500\" src=\"https:\/\/www.gadlee.hk\/wp-content\/uploads\/2025\/06\/ECO-MODE-GT180-1.png\" class=\"elementor-animation-grow attachment-full size-full wp-image-2361\" alt=\"\" \/><\/a><\/figure><div class=\"elementor-image-box-content\"><h3 class=\"elementor-image-box-title\"><a href=\"\/product\/gt180-b95-ride-on-scrubber-dryer\/\">GT180 B95<\/a><\/h3><\/div><\/div>\t\t\t\t<\/div>\n\t\t\t\t<\/div>\n\t\t\t\t<div class=\"elementor-element elementor-element-7b6307a elementor-position-top elementor-widget elementor-widget-image-box\" data-id=\"7b6307a\" data-element_type=\"widget\" data-widget_type=\"image-box.default\">\n\t\t\t\t<div class=\"elementor-widget-container\">\n\t\t\t\t\t<div class=\"elementor-image-box-wrapper\"><figure class=\"elementor-image-box-img\"><a href=\"\/product\/gt180-75rs-ride-on-scrubber-dryer\/\" tabindex=\"-1\"><img loading=\"lazy\" decoding=\"async\" width=\"500\" height=\"500\" src=\"https:\/\/www.gadlee.hk\/wp-content\/uploads\/2025\/06\/ECO-MODE-GT180.png\" class=\"elementor-animation-grow attachment-full size-full wp-image-2366\" alt=\"\" \/><\/a><\/figure><div class=\"elementor-image-box-content\"><h3 class=\"elementor-image-box-title\"><a href=\"\/product\/gt180-75rs-ride-on-scrubber-dryer\/\">GT180 75RS<\/a><\/h3><\/div><\/div>\t\t\t\t<\/div>\n\t\t\t\t<\/div>\n\t\t\t\t<div class=\"elementor-element elementor-element-a412169 elementor-position-top elementor-widget elementor-widget-image-box\" data-id=\"a412169\" data-element_type=\"widget\" data-widget_type=\"image-box.default\">\n\t\t\t\t<div class=\"elementor-widget-container\">\n\t\t\t\t\t<div class=\"elementor-image-box-wrapper\"><figure class=\"elementor-image-box-img\"><a href=\"\/product\/gt260-ride-on-scrubber-dryer\/\" tabindex=\"-1\"><img loading=\"lazy\" decoding=\"async\" width=\"500\" height=\"500\" src=\"https:\/\/www.gadlee.hk\/wp-content\/uploads\/2025\/06\/ECO-MODE-GT260.png\" class=\"elementor-animation-grow attachment-full size-full wp-image-2363\" alt=\"\" \/><\/a><\/figure><div class=\"elementor-image-box-content\"><h3 class=\"elementor-image-box-title\"><a href=\"\/product\/gt260-ride-on-scrubber-dryer\/\">GT260<\/a><\/h3><\/div><\/div>\t\t\t\t<\/div>\n\t\t\t\t<\/div>\n\t\t\t\t<\/div>\n\t\t\t\t<\/div>\n\t\t\t\t\t<\/div>\n\t\t\t\t<\/div>\n\t\t\t\t<\/div>","protected":false},"excerpt":{"rendered":"<p>Home\u00a0 &gt; Technology\u00a0 &gt;\u00a0 ECO MODE Contact Us ECO MODE ECO mode is the professional and green solution to cleaning. It disperses the minimum amount of solution required when cleaning<\/p>","protected":false},"author":1,"featured_media":0,"parent":0,"menu_order":0,"comment_status":"closed","ping_status":"closed","template":"","meta":{"footnotes":""},"class_list":["post-2346","page","type-page","status-publish","hentry"],"yoast_head":"<!-- This site is optimized with the Yoast SEO plugin v26.2 - https:\/\/yoast.com\/wordpress\/plugins\/seo\/ -->\n<title>Gadlee ECO Mode - Energy-Saving and Green Cleaning Technology<\/title>\n<meta name=\"description\" content=\"Gadlee ECO Mode optimizes energy use, reduces water and detergent consumption, and operates quietly\u2014ideal for hospitals, schools, and eco-conscious facilities.\" \/>\n<meta name=\"robots\" content=\"index, follow, max-snippet:-1, max-image-preview:large, max-video-preview:-1\" \/>\n<link rel=\"canonical\" href=\"https:\/\/www.gadlee.hk\/fr\/technology-eco-mode\/\" \/>\n<meta property=\"og:locale\" content=\"fr_FR\" \/>\n<meta property=\"og:type\" content=\"article\" \/>\n<meta property=\"og:title\" content=\"Gadlee ECO Mode - Energy-Saving and Green Cleaning Technology\" \/>\n<meta property=\"og:description\" content=\"Gadlee ECO Mode optimizes energy use, reduces water and detergent consumption, and operates quietly\u2014ideal for hospitals, schools, and eco-conscious facilities.\" \/>\n<meta property=\"og:url\" content=\"https:\/\/www.gadlee.hk\/fr\/technology-eco-mode\/\" \/>\n<meta property=\"og:site_name\" content=\"Gadlee\" \/>\n<meta property=\"article:modified_time\" content=\"2025-12-19T06:27:45+00:00\" \/>\n<meta property=\"og:image\" content=\"https:\/\/www.gadlee.hk\/wp-content\/uploads\/2025\/06\/ECO-MODE.png\" \/>\n<meta name=\"twitter:card\" content=\"summary_large_image\" \/>\n<meta name=\"twitter:label1\" content=\"Est. reading time\" \/>\n\t<meta name=\"twitter:data1\" content=\"3 minutes\" \/>\n<script type=\"application\/ld+json\" class=\"yoast-schema-graph\">{\"@context\":\"https:\/\/schema.org\",\"@graph\":[{\"@type\":\"WebPage\",\"@id\":\"https:\/\/www.gadlee.hk\/de\/technology-eco-mode\/\",\"url\":\"https:\/\/www.gadlee.hk\/de\/technology-eco-mode\/\",\"name\":\"Gadlee ECO Mode - Energy-Saving and Green Cleaning Technology\",\"isPartOf\":{\"@id\":\"https:\/\/www.gadlee.hk\/ja\/#website\"},\"primaryImageOfPage\":{\"@id\":\"https:\/\/www.gadlee.hk\/de\/technology-eco-mode\/#primaryimage\"},\"image\":{\"@id\":\"https:\/\/www.gadlee.hk\/de\/technology-eco-mode\/#primaryimage\"},\"thumbnailUrl\":\"https:\/\/www.gadlee.hk\/wp-content\/uploads\/2025\/06\/ECO-MODE.png\",\"datePublished\":\"2025-06-27T05:50:31+00:00\",\"dateModified\":\"2025-12-19T06:27:45+00:00\",\"description\":\"Gadlee ECO Mode optimizes energy use, reduces water and detergent consumption, and operates quietly\u2014ideal for hospitals, schools, and eco-conscious facilities.\",\"breadcrumb\":{\"@id\":\"https:\/\/www.gadlee.hk\/de\/technology-eco-mode\/#breadcrumb\"},\"inLanguage\":\"fr-FR\",\"potentialAction\":[{\"@type\":\"ReadAction\",\"target\":[\"https:\/\/www.gadlee.hk\/de\/technology-eco-mode\/\"]}]},{\"@type\":\"ImageObject\",\"inLanguage\":\"fr-FR\",\"@id\":\"https:\/\/www.gadlee.hk\/de\/technology-eco-mode\/#primaryimage\",\"url\":\"https:\/\/www.gadlee.hk\/wp-content\/uploads\/2025\/06\/ECO-MODE.png\",\"contentUrl\":\"https:\/\/www.gadlee.hk\/wp-content\/uploads\/2025\/06\/ECO-MODE.png\"},{\"@type\":\"BreadcrumbList\",\"@id\":\"https:\/\/www.gadlee.hk\/de\/technology-eco-mode\/#breadcrumb\",\"itemListElement\":[{\"@type\":\"ListItem\",\"position\":1,\"name\":\"Home\",\"item\":\"https:\/\/www.gadlee.hk\/fr\/\"},{\"@type\":\"ListItem\",\"position\":2,\"name\":\"Technology-ECO MODE\"}]},{\"@type\":\"WebSite\",\"@id\":\"https:\/\/www.gadlee.hk\/ja\/#website\",\"url\":\"https:\/\/www.gadlee.hk\/ja\/\",\"name\":\"Gadlee\",\"description\":\"Asia&#039;s leading manufacturer of professional cleaning machines\",\"publisher\":{\"@id\":\"https:\/\/www.gadlee.hk\/ja\/#organization\"},\"potentialAction\":[{\"@type\":\"SearchAction\",\"target\":{\"@type\":\"EntryPoint\",\"urlTemplate\":\"https:\/\/www.gadlee.hk\/ja\/?s={search_term_string}\"},\"query-input\":{\"@type\":\"PropertyValueSpecification\",\"valueRequired\":true,\"valueName\":\"search_term_string\"}}],\"inLanguage\":\"fr-FR\"},{\"@type\":\"Organization\",\"@id\":\"https:\/\/www.gadlee.hk\/ja\/#organization\",\"name\":\"Gadlee\",\"url\":\"https:\/\/www.gadlee.hk\/ja\/\",\"logo\":{\"@type\":\"ImageObject\",\"inLanguage\":\"fr-FR\",\"@id\":\"https:\/\/www.gadlee.hk\/ja\/#\/schema\/logo\/image\/\",\"url\":\"https:\/\/www.gadlee.hk\/wp-content\/uploads\/2025\/06\/logo.png\",\"contentUrl\":\"https:\/\/www.gadlee.hk\/wp-content\/uploads\/2025\/06\/logo.png\",\"width\":1578,\"height\":327,\"caption\":\"Gadlee\"},\"image\":{\"@id\":\"https:\/\/www.gadlee.hk\/ja\/#\/schema\/logo\/image\/\"}}]}<\/script>\n<!-- \/ Yoast SEO plugin. -->","yoast_head_json":{"title":"Gadlee ECO Mode - Energy-Saving and Green Cleaning Technology","description":"Gadlee ECO Mode optimizes energy use, reduces water and detergent consumption, and operates quietly\u2014ideal for hospitals, schools, and eco-conscious facilities.","robots":{"index":"index","follow":"follow","max-snippet":"max-snippet:-1","max-image-preview":"max-image-preview:large","max-video-preview":"max-video-preview:-1"},"canonical":"https:\/\/www.gadlee.hk\/fr\/technology-eco-mode\/","og_locale":"fr_FR","og_type":"article","og_title":"Gadlee ECO Mode - Energy-Saving and Green Cleaning Technology","og_description":"Gadlee ECO Mode optimizes energy use, reduces water and detergent consumption, and operates quietly\u2014ideal for hospitals, schools, and eco-conscious facilities.","og_url":"https:\/\/www.gadlee.hk\/fr\/technology-eco-mode\/","og_site_name":"Gadlee","article_modified_time":"2025-12-19T06:27:45+00:00","og_image":[{"url":"https:\/\/www.gadlee.hk\/wp-content\/uploads\/2025\/06\/ECO-MODE.png","type":"","width":"","height":""}],"twitter_card":"summary_large_image","twitter_misc":{"Est. reading time":"3 minutes"},"schema":{"@context":"https:\/\/schema.org","@graph":[{"@type":"WebPage","@id":"https:\/\/www.gadlee.hk\/de\/technology-eco-mode\/","url":"https:\/\/www.gadlee.hk\/de\/technology-eco-mode\/","name":"Gadlee ECO Mode - Energy-Saving and Green Cleaning Technology","isPartOf":{"@id":"https:\/\/www.gadlee.hk\/ja\/#website"},"primaryImageOfPage":{"@id":"https:\/\/www.gadlee.hk\/de\/technology-eco-mode\/#primaryimage"},"image":{"@id":"https:\/\/www.gadlee.hk\/de\/technology-eco-mode\/#primaryimage"},"thumbnailUrl":"https:\/\/www.gadlee.hk\/wp-content\/uploads\/2025\/06\/ECO-MODE.png","datePublished":"2025-06-27T05:50:31+00:00","dateModified":"2025-12-19T06:27:45+00:00","description":"Gadlee ECO Mode optimizes energy use, reduces water and detergent consumption, and operates quietly\u2014ideal for hospitals, schools, and eco-conscious facilities.","breadcrumb":{"@id":"https:\/\/www.gadlee.hk\/de\/technology-eco-mode\/#breadcrumb"},"inLanguage":"fr-FR","potentialAction":[{"@type":"ReadAction","target":["https:\/\/www.gadlee.hk\/de\/technology-eco-mode\/"]}]},{"@type":"ImageObject","inLanguage":"fr-FR","@id":"https:\/\/www.gadlee.hk\/de\/technology-eco-mode\/#primaryimage","url":"https:\/\/www.gadlee.hk\/wp-content\/uploads\/2025\/06\/ECO-MODE.png","contentUrl":"https:\/\/www.gadlee.hk\/wp-content\/uploads\/2025\/06\/ECO-MODE.png"},{"@type":"BreadcrumbList","@id":"https:\/\/www.gadlee.hk\/de\/technology-eco-mode\/#breadcrumb","itemListElement":[{"@type":"ListItem","position":1,"name":"Home","item":"https:\/\/www.gadlee.hk\/fr\/"},{"@type":"ListItem","position":2,"name":"Technology-ECO MODE"}]},{"@type":"WebSite","@id":"https:\/\/www.gadlee.hk\/ja\/#website","url":"https:\/\/www.gadlee.hk\/ja\/","name":"Gadlee","description":"Asia&#039;s leading manufacturer of professional cleaning machines","publisher":{"@id":"https:\/\/www.gadlee.hk\/ja\/#organization"},"potentialAction":[{"@type":"SearchAction","target":{"@type":"EntryPoint","urlTemplate":"https:\/\/www.gadlee.hk\/ja\/?s={search_term_string}"},"query-input":{"@type":"PropertyValueSpecification","valueRequired":true,"valueName":"search_term_string"}}],"inLanguage":"fr-FR"},{"@type":"Organization","@id":"https:\/\/www.gadlee.hk\/ja\/#organization","name":"Gadlee","url":"https:\/\/www.gadlee.hk\/ja\/","logo":{"@type":"ImageObject","inLanguage":"fr-FR","@id":"https:\/\/www.gadlee.hk\/ja\/#\/schema\/logo\/image\/","url":"https:\/\/www.gadlee.hk\/wp-content\/uploads\/2025\/06\/logo.png","contentUrl":"https:\/\/www.gadlee.hk\/wp-content\/uploads\/2025\/06\/logo.png","width":1578,"height":327,"caption":"Gadlee"},"image":{"@id":"https:\/\/www.gadlee.hk\/ja\/#\/schema\/logo\/image\/"}}]}},"_links":{"self":[{"href":"https:\/\/www.gadlee.hk\/fr\/wp-json\/wp\/v2\/pages\/2346","targetHints":{"allow":["GET"]}}],"collection":[{"href":"https:\/\/www.gadlee.hk\/fr\/wp-json\/wp\/v2\/pages"}],"about":[{"href":"https:\/\/www.gadlee.hk\/fr\/wp-json\/wp\/v2\/types\/page"}],"author":[{"embeddable":true,"href":"https:\/\/www.gadlee.hk\/fr\/wp-json\/wp\/v2\/users\/1"}],"replies":[{"embeddable":true,"href":"https:\/\/www.gadlee.hk\/fr\/wp-json\/wp\/v2\/comments?post=2346"}],"version-history":[{"count":121,"href":"https:\/\/www.gadlee.hk\/fr\/wp-json\/wp\/v2\/pages\/2346\/revisions"}],"predecessor-version":[{"id":6128,"href":"https:\/\/www.gadlee.hk\/fr\/wp-json\/wp\/v2\/pages\/2346\/revisions\/6128"}],"wp:attachment":[{"href":"https:\/\/www.gadlee.hk\/fr\/wp-json\/wp\/v2\/media?parent=2346"}],"curies":[{"name":"wp","href":"https:\/\/api.w.org\/{rel}","templated":true}]}}