{"id":3298,"date":"2025-07-08T06:50:08","date_gmt":"2025-07-08T06:50:08","guid":{"rendered":"https:\/\/gadlee.hk\/?page_id=3298"},"modified":"2025-12-19T06:36:24","modified_gmt":"2025-12-19T06:36:24","slug":"easy-maintenance","status":"publish","type":"page","link":"https:\/\/www.gadlee.hk\/fr\/easy-maintenance\/","title":{"rendered":"Technology -EASY MAINTENANCE"},"content":{"rendered":"<div data-elementor-type=\"wp-page\" data-elementor-id=\"3298\" class=\"elementor elementor-3298\">\n\t\t\t\t<div class=\"elementor-element elementor-element-145432a e-con-full e-flex e-con e-parent\" data-id=\"145432a\" data-element_type=\"container\" data-settings=\"{&quot;background_background&quot;:&quot;classic&quot;}\">\n\t\t<div class=\"elementor-element elementor-element-9a7e59e e-flex e-con-boxed e-con e-child\" data-id=\"9a7e59e\" data-element_type=\"container\" data-settings=\"{&quot;background_background&quot;:&quot;classic&quot;}\">\n\t\t\t\t\t<div class=\"e-con-inner\">\n\t\t<div class=\"elementor-element elementor-element-924a643 e-con-full e-flex e-con e-child\" data-id=\"924a643\" data-element_type=\"container\">\n\t\t\t\t<div class=\"elementor-element elementor-element-9fec312 elementor-widget elementor-widget-text-editor\" data-id=\"9fec312\" data-element_type=\"widget\" data-widget_type=\"text-editor.default\">\n\t\t\t\t<div class=\"elementor-widget-container\">\n\t\t\t\t\t\t\t\t\t<p><a href=\"\/\">Accueil<\/a>\u00a0 &gt; <a href=\"\/technology\/\">Technologie<\/a>\u00a0 &gt; MAINTENANCE FACILE<\/p>\t\t\t\t\t\t\t\t<\/div>\n\t\t\t\t<\/div>\n\t\t\t\t<\/div>\n\t\t<div class=\"elementor-element elementor-element-df352da e-con-full e-flex e-con e-child\" data-id=\"df352da\" data-element_type=\"container\">\n\t\t\t\t<div class=\"elementor-element elementor-element-8e845b9 elementor-widget elementor-widget-pls-button\" data-id=\"8e845b9\" data-element_type=\"widget\" data-widget_type=\"pls-button.default\">\n\t\t\t\t<div class=\"elementor-widget-container\">\n\t\t\t\t\t<div id=\"pls-button-22656\" class=\"pls-element pls-button\">\n\t<a class=\"button btn-style-flat\" href=\"\/contact-us\" >\n\t\tContact\t<\/a>\n<\/div>\n\t\t\t\t<\/div>\n\t\t\t\t<\/div>\n\t\t\t\t<\/div>\n\t\t\t\t\t<\/div>\n\t\t\t\t<\/div>\n\t\t\t\t<\/div>\n\t\t<div class=\"elementor-element elementor-element-703626b e-flex e-con-boxed e-con e-parent\" data-id=\"703626b\" data-element_type=\"container\">\n\t\t\t\t\t<div class=\"e-con-inner\">\n\t\t\t\t<div class=\"elementor-element elementor-element-ebc2612 elementor-widget elementor-widget-image\" data-id=\"ebc2612\" data-element_type=\"widget\" data-widget_type=\"image.default\">\n\t\t\t\t<div class=\"elementor-widget-container\">\n\t\t\t\t\t\t\t\t\t\t\t\t\t\t\t<img fetchpriority=\"high\" decoding=\"async\" width=\"550\" height=\"360\" src=\"https:\/\/www.gadlee.hk\/wp-content\/uploads\/2025\/06\/EASY-MAINTENANCE.png\" class=\"attachment-full size-full wp-image-2296\" alt=\"\" \/>\t\t\t\t\t\t\t\t\t\t\t\t\t\t\t<\/div>\n\t\t\t\t<\/div>\n\t\t\t\t<div class=\"elementor-element elementor-element-f749ccd elementor-widget elementor-widget-heading\" data-id=\"f749ccd\" data-element_type=\"widget\" data-widget_type=\"heading.default\">\n\t\t\t\t<div class=\"elementor-widget-container\">\n\t\t\t\t\t<h2 class=\"elementor-heading-title elementor-size-default\">MAINTENANCE FACILE<\/h2>\t\t\t\t<\/div>\n\t\t\t\t<\/div>\n\t\t\t\t<div class=\"elementor-element elementor-element-f0f7edd elementor-widget elementor-widget-text-editor\" data-id=\"f0f7edd\" data-element_type=\"widget\" data-widget_type=\"text-editor.default\">\n\t\t\t\t<div class=\"elementor-widget-container\">\n\t\t\t\t\t\t\t\t\t<p>Le code couleur jaune identifie les pi\u00e8ces qui doivent \u00eatre nettoy\u00e9es r\u00e9guli\u00e8rement en fin de poste. Cela facilite l\u2019identification, fait gagner du temps et garantit que votre machine reste toujours en parfait \u00e9tat.<\/p>\t\t\t\t\t\t\t\t<\/div>\n\t\t\t\t<\/div>\n\t\t\t\t\t<\/div>\n\t\t\t\t<\/div>\n\t\t<div class=\"elementor-element elementor-element-c4184f7 e-flex e-con-boxed e-con e-parent\" data-id=\"c4184f7\" data-element_type=\"container\" data-settings=\"{&quot;background_background&quot;:&quot;classic&quot;}\">\n\t\t\t\t\t<div class=\"e-con-inner\">\n\t\t<div class=\"elementor-element elementor-element-839bb75 e-con-full e-flex e-con e-child\" data-id=\"839bb75\" data-element_type=\"container\" data-settings=\"{&quot;background_background&quot;:&quot;classic&quot;}\">\n\t\t\t\t<div class=\"elementor-element elementor-element-5af5be3 elementor-widget elementor-widget-pls-heading\" data-id=\"5af5be3\" data-element_type=\"widget\" data-widget_type=\"pls-heading.default\">\n\t\t\t\t<div class=\"elementor-widget-container\">\n\t\t\t\t\t<div id=\"pls-header-65432\" class=\"pls-element pls-heading pls-text-left separator-none\">\t\n\t\t\t\n\t\t\t<div class=\"heading-wrap\">\n\t\t\t<span class=\"separator-left\"><\/span>\n\t\t\t<h2 class=\"heading-title\">Caract\u00e9ristiques principales<\/h2>\t\t\t<span class=\"separator-right\"><\/span>\n\t\t\t\t\t<\/div>\n\t\t\n    <\/div>\t\t\t\t<\/div>\n\t\t\t\t<\/div>\n\t\t\t\t<div class=\"elementor-element elementor-element-bc8f08c ul20250114 elementor-widget elementor-widget-text-editor\" data-id=\"bc8f08c\" data-element_type=\"widget\" data-widget_type=\"text-editor.default\">\n\t\t\t\t<div class=\"elementor-widget-container\">\n\t\t\t\t\t\t\t\t\t<ul><li>Con\u00e7u pour un entretien quotidien simplifi\u00e9.<\/li><li>Une maintenance simplifi\u00e9e prolonge la dur\u00e9e de vie de la machine.<\/li><li>Composants standardis\u00e9s r\u00e9duisant le stock de pi\u00e8ces d\u00e9tach\u00e9es et maximisant la valeur \u00e0 long terme.<\/li><\/ul>\t\t\t\t\t\t\t\t<\/div>\n\t\t\t\t<\/div>\n\t\t\t\t<\/div>\n\t\t\t\t\t<\/div>\n\t\t\t\t<\/div>\n\t\t<div class=\"elementor-element elementor-element-99f57b5 e-flex e-con-boxed e-con e-parent\" data-id=\"99f57b5\" data-element_type=\"container\">\n\t\t\t\t\t<div class=\"e-con-inner\">\n\t\t<div class=\"elementor-element elementor-element-ff10a5d e-con-full e-flex e-con e-child\" data-id=\"ff10a5d\" data-element_type=\"container\" data-settings=\"{&quot;background_background&quot;:&quot;classic&quot;}\">\n\t\t\t\t<div class=\"elementor-element elementor-element-4e91f45 elementor-widget elementor-widget-heading\" data-id=\"4e91f45\" data-element_type=\"widget\" data-widget_type=\"heading.default\">\n\t\t\t\t<div class=\"elementor-widget-container\">\n\t\t\t\t\t<h2 class=\"elementor-heading-title elementor-size-default\">Compatible avec ces mod\u00e8les<\/h2>\t\t\t\t<\/div>\n\t\t\t\t<\/div>\n\t\t<div class=\"elementor-element elementor-element-d42d3cc e-grid e-con-full e-con e-child\" data-id=\"d42d3cc\" data-element_type=\"container\">\n\t\t\t\t<div class=\"elementor-element elementor-element-1ca4517 elementor-position-top elementor-widget elementor-widget-image-box\" data-id=\"1ca4517\" data-element_type=\"widget\" data-widget_type=\"image-box.default\">\n\t\t\t\t<div class=\"elementor-widget-container\">\n\t\t\t\t\t<div class=\"elementor-image-box-wrapper\"><figure class=\"elementor-image-box-img\"><a href=\"\/product\/gt30-walk-behind-scrubber-dryer\/\" tabindex=\"-1\"><img decoding=\"async\" width=\"500\" height=\"500\" src=\"https:\/\/www.gadlee.hk\/wp-content\/uploads\/2025\/06\/ECO-MODE-GT30.png\" class=\"elementor-animation-grow attachment-full size-full wp-image-2355\" alt=\"\" \/><\/a><\/figure><div class=\"elementor-image-box-content\"><h3 class=\"elementor-image-box-title\"><a href=\"\/product\/gt30-walk-behind-scrubber-dryer\/\">GT30<\/a><\/h3><\/div><\/div>\t\t\t\t<\/div>\n\t\t\t\t<\/div>\n\t\t\t\t<div class=\"elementor-element elementor-element-536e286 elementor-position-top elementor-widget elementor-widget-image-box\" data-id=\"536e286\" data-element_type=\"widget\" data-widget_type=\"image-box.default\">\n\t\t\t\t<div class=\"elementor-widget-container\">\n\t\t\t\t\t<div class=\"elementor-image-box-wrapper\"><figure class=\"elementor-image-box-img\"><a href=\"\/product\/gt55-walk-behind-scrubber-dryer\/\" tabindex=\"-1\"><img decoding=\"async\" width=\"500\" height=\"500\" src=\"https:\/\/www.gadlee.hk\/wp-content\/uploads\/2025\/06\/ECO-MODE-GT55.png\" class=\"elementor-animation-grow attachment-full size-full wp-image-2356\" alt=\"\" \/><\/a><\/figure><div class=\"elementor-image-box-content\"><h3 class=\"elementor-image-box-title\"><a href=\"\/product\/gt55-walk-behind-scrubber-dryer\/\">GT55<\/a><\/h3><\/div><\/div>\t\t\t\t<\/div>\n\t\t\t\t<\/div>\n\t\t\t\t<div class=\"elementor-element elementor-element-ef1fcb8 elementor-position-top elementor-widget elementor-widget-image-box\" data-id=\"ef1fcb8\" data-element_type=\"widget\" data-widget_type=\"image-box.default\">\n\t\t\t\t<div class=\"elementor-widget-container\">\n\t\t\t\t\t<div class=\"elementor-image-box-wrapper\"><figure class=\"elementor-image-box-img\"><a href=\"\/product\/gt85-walk-behind-scrubber-dryer\/\" tabindex=\"-1\"><img loading=\"lazy\" decoding=\"async\" width=\"500\" height=\"500\" src=\"https:\/\/www.gadlee.hk\/wp-content\/uploads\/2025\/06\/ECO-MODE-GT85.png\" class=\"elementor-animation-grow attachment-full size-full wp-image-2358\" alt=\"\" \/><\/a><\/figure><div class=\"elementor-image-box-content\"><h3 class=\"elementor-image-box-title\"><a href=\"\/product\/gt85-walk-behind-scrubber-dryer\/\">GT85+<\/a><\/h3><\/div><\/div>\t\t\t\t<\/div>\n\t\t\t\t<\/div>\n\t\t\t\t<div class=\"elementor-element elementor-element-f02dc09 elementor-position-top elementor-widget elementor-widget-image-box\" data-id=\"f02dc09\" data-element_type=\"widget\" data-widget_type=\"image-box.default\">\n\t\t\t\t<div class=\"elementor-widget-container\">\n\t\t\t\t\t<div class=\"elementor-image-box-wrapper\"><figure class=\"elementor-image-box-img\"><a href=\"\/product\/gt70-ride-on-scrubber-dryer\/\" tabindex=\"-1\"><img loading=\"lazy\" decoding=\"async\" width=\"500\" height=\"500\" src=\"https:\/\/www.gadlee.hk\/wp-content\/uploads\/2025\/06\/ECO-MODE-GT70.png\" class=\"elementor-animation-grow attachment-full size-full wp-image-2357\" alt=\"\" \/><\/a><\/figure><div class=\"elementor-image-box-content\"><h3 class=\"elementor-image-box-title\"><a href=\"\/product\/gt70-ride-on-scrubber-dryer\/\">GT70+<\/a><\/h3><\/div><\/div>\t\t\t\t<\/div>\n\t\t\t\t<\/div>\n\t\t\t\t<div class=\"elementor-element elementor-element-caec1ba elementor-position-top elementor-widget elementor-widget-image-box\" data-id=\"caec1ba\" data-element_type=\"widget\" data-widget_type=\"image-box.default\">\n\t\t\t\t<div class=\"elementor-widget-container\">\n\t\t\t\t\t<div class=\"elementor-image-box-wrapper\"><figure class=\"elementor-image-box-img\"><a href=\"\/product\/gt110pro-ride-on-scrubber-dryer\/\" tabindex=\"-1\"><img loading=\"lazy\" decoding=\"async\" width=\"500\" height=\"500\" src=\"https:\/\/www.gadlee.hk\/wp-content\/uploads\/2025\/06\/ECO-MODE-GT105.png\" class=\"elementor-animation-grow attachment-full size-full wp-image-2359\" alt=\"\" \/><\/a><\/figure><div class=\"elementor-image-box-content\"><h3 class=\"elementor-image-box-title\"><a href=\"\/product\/gt110pro-ride-on-scrubber-dryer\/\">GT110+Pro<\/a><\/h3><\/div><\/div>\t\t\t\t<\/div>\n\t\t\t\t<\/div>\n\t\t\t\t<div class=\"elementor-element elementor-element-a888ff2 elementor-position-top elementor-widget elementor-widget-image-box\" data-id=\"a888ff2\" data-element_type=\"widget\" data-widget_type=\"image-box.default\">\n\t\t\t\t<div class=\"elementor-widget-container\">\n\t\t\t\t\t<div class=\"elementor-image-box-wrapper\"><figure class=\"elementor-image-box-img\"><a href=\"\/product\/gt180-b95-ride-on-scrubber-dryer\/\" tabindex=\"-1\"><img loading=\"lazy\" decoding=\"async\" width=\"500\" height=\"500\" src=\"https:\/\/www.gadlee.hk\/wp-content\/uploads\/2025\/06\/ECO-MODE-GT180-1.png\" class=\"elementor-animation-grow attachment-full size-full wp-image-2361\" alt=\"\" \/><\/a><\/figure><div class=\"elementor-image-box-content\"><h3 class=\"elementor-image-box-title\"><a href=\"\/product\/gt180-b95-ride-on-scrubber-dryer\/\">GT180 B95<\/a><\/h3><\/div><\/div>\t\t\t\t<\/div>\n\t\t\t\t<\/div>\n\t\t\t\t<div class=\"elementor-element elementor-element-544d8ec elementor-position-top elementor-widget elementor-widget-image-box\" data-id=\"544d8ec\" data-element_type=\"widget\" data-widget_type=\"image-box.default\">\n\t\t\t\t<div class=\"elementor-widget-container\">\n\t\t\t\t\t<div class=\"elementor-image-box-wrapper\"><figure class=\"elementor-image-box-img\"><a href=\"\/product\/gt260-ride-on-scrubber-dryer\/\" tabindex=\"-1\"><img loading=\"lazy\" decoding=\"async\" width=\"500\" height=\"500\" src=\"https:\/\/www.gadlee.hk\/wp-content\/uploads\/2025\/06\/ECO-MODE-GT260.png\" class=\"elementor-animation-grow attachment-full size-full wp-image-2363\" alt=\"\" \/><\/a><\/figure><div class=\"elementor-image-box-content\"><h3 class=\"elementor-image-box-title\"><a href=\"\/product\/gt260-ride-on-scrubber-dryer\/\">GT260<\/a><\/h3><\/div><\/div>\t\t\t\t<\/div>\n\t\t\t\t<\/div>\n\t\t\t\t<div class=\"elementor-element elementor-element-ed248f6 elementor-position-top elementor-widget elementor-widget-image-box\" data-id=\"ed248f6\" data-element_type=\"widget\" data-widget_type=\"image-box.default\">\n\t\t\t\t<div class=\"elementor-widget-container\">\n\t\t\t\t\t<div class=\"elementor-image-box-wrapper\"><figure class=\"elementor-image-box-img\"><a href=\"\/product\/gts1200-ride-on-sweeper\/\" tabindex=\"-1\"><img loading=\"lazy\" decoding=\"async\" width=\"500\" height=\"500\" src=\"https:\/\/www.gadlee.hk\/wp-content\/uploads\/2025\/07\/ECO-MODE-GTS1200.png\" class=\"elementor-animation-grow attachment-full size-full wp-image-3240\" alt=\"\" \/><\/a><\/figure><div class=\"elementor-image-box-content\"><h3 class=\"elementor-image-box-title\"><a href=\"\/product\/gts1200-ride-on-sweeper\/\">GTS1200<\/a><\/h3><\/div><\/div>\t\t\t\t<\/div>\n\t\t\t\t<\/div>\n\t\t\t\t<div class=\"elementor-element elementor-element-3f0defb elementor-position-top elementor-widget elementor-widget-image-box\" data-id=\"3f0defb\" data-element_type=\"widget\" data-widget_type=\"image-box.default\">\n\t\t\t\t<div class=\"elementor-widget-container\">\n\t\t\t\t\t<div class=\"elementor-image-box-wrapper\"><figure class=\"elementor-image-box-img\"><a href=\"\/product\/gts1450-ride-on-sweeper\/\" tabindex=\"-1\"><img loading=\"lazy\" decoding=\"async\" width=\"500\" height=\"500\" src=\"https:\/\/www.gadlee.hk\/wp-content\/uploads\/2025\/07\/ECO-MODE-GT1450.png\" class=\"elementor-animation-grow attachment-full size-full wp-image-3241\" alt=\"\" \/><\/a><\/figure><div class=\"elementor-image-box-content\"><h3 class=\"elementor-image-box-title\"><a href=\"\/product\/gts1450-ride-on-sweeper\/\">GTS1450<\/a><\/h3><\/div><\/div>\t\t\t\t<\/div>\n\t\t\t\t<\/div>\n\t\t\t\t<div class=\"elementor-element elementor-element-8cf9fab elementor-position-top elementor-widget elementor-widget-image-box\" data-id=\"8cf9fab\" data-element_type=\"widget\" data-widget_type=\"image-box.default\">\n\t\t\t\t<div class=\"elementor-widget-container\">\n\t\t\t\t\t<div class=\"elementor-image-box-wrapper\"><figure class=\"elementor-image-box-img\"><a href=\"\/product\/gts1450hd-ride-on-sweeper\/\" tabindex=\"-1\"><img loading=\"lazy\" decoding=\"async\" width=\"500\" height=\"500\" src=\"https:\/\/www.gadlee.hk\/wp-content\/uploads\/2025\/07\/ECO-MODE-GT1450HD.png\" class=\"elementor-animation-grow attachment-full size-full wp-image-3242\" alt=\"\" \/><\/a><\/figure><div class=\"elementor-image-box-content\"><h3 class=\"elementor-image-box-title\"><a href=\"\/product\/gts1450hd-ride-on-sweeper\/\">GTS1450HD<\/a><\/h3><\/div><\/div>\t\t\t\t<\/div>\n\t\t\t\t<\/div>\n\t\t\t\t<div class=\"elementor-element elementor-element-2e83093 elementor-position-top elementor-widget elementor-widget-image-box\" data-id=\"2e83093\" data-element_type=\"widget\" data-widget_type=\"image-box.default\">\n\t\t\t\t<div class=\"elementor-widget-container\">\n\t\t\t\t\t<div class=\"elementor-image-box-wrapper\"><figure class=\"elementor-image-box-img\"><a href=\"\/product\/gts1500-ride-on-sweeper\/\" tabindex=\"-1\"><img loading=\"lazy\" decoding=\"async\" width=\"500\" height=\"500\" src=\"https:\/\/www.gadlee.hk\/wp-content\/uploads\/2025\/07\/ECO-MODE-GT1500.png\" class=\"elementor-animation-grow attachment-full size-full wp-image-3243\" alt=\"\" \/><\/a><\/figure><div class=\"elementor-image-box-content\"><h3 class=\"elementor-image-box-title\"><a href=\"\/product\/gts1500-ride-on-sweeper\/\">GTS1500<\/a><\/h3><\/div><\/div>\t\t\t\t<\/div>\n\t\t\t\t<\/div>\n\t\t\t\t<div class=\"elementor-element elementor-element-66f5d7c elementor-position-top elementor-widget elementor-widget-image-box\" data-id=\"66f5d7c\" data-element_type=\"widget\" data-widget_type=\"image-box.default\">\n\t\t\t\t<div class=\"elementor-widget-container\">\n\t\t\t\t\t<div class=\"elementor-image-box-wrapper\"><figure class=\"elementor-image-box-img\"><a href=\"\/product\/gts1900-ride-on-sweeper\/\" tabindex=\"-1\"><img loading=\"lazy\" decoding=\"async\" width=\"500\" height=\"500\" src=\"https:\/\/www.gadlee.hk\/wp-content\/uploads\/2025\/07\/ECO-MODE-GT1900.png\" class=\"elementor-animation-grow attachment-full size-full wp-image-3244\" alt=\"\" \/><\/a><\/figure><div class=\"elementor-image-box-content\"><h3 class=\"elementor-image-box-title\"><a href=\"\/product\/gts1900-ride-on-sweeper\/\">GTS1900<\/a><\/h3><\/div><\/div>\t\t\t\t<\/div>\n\t\t\t\t<\/div>\n\t\t\t\t<\/div>\n\t\t\t\t<\/div>\n\t\t\t\t\t<\/div>\n\t\t\t\t<\/div>\n\t\t\t\t<\/div>","protected":false},"excerpt":{"rendered":"<p>Home\u00a0 &gt; Technology\u00a0 &gt; EASY MAINTENANCE Contact Us EASY MAINTENANCE Yellow-Colour Code design for parts , which must be cleaned regularly at the end of every shift. It helps for<\/p>","protected":false},"author":1,"featured_media":0,"parent":0,"menu_order":0,"comment_status":"closed","ping_status":"closed","template":"","meta":{"footnotes":""},"class_list":["post-3298","page","type-page","status-publish","hentry"],"yoast_head":"<!-- This site is optimized with the Yoast SEO plugin v26.2 - https:\/\/yoast.com\/wordpress\/plugins\/seo\/ -->\n<title>Easy Maintenance - Gadlee Smart Design for Efficient Machine Care<\/title>\n<meta name=\"description\" content=\"Gadlee cleaning machines feature easy maintenance design with yellow colour-coded parts for quick servicing. Simplify daily care, save time, and keep your equipment in top condition.\" \/>\n<meta name=\"robots\" content=\"index, follow, max-snippet:-1, max-image-preview:large, max-video-preview:-1\" \/>\n<link rel=\"canonical\" href=\"https:\/\/www.gadlee.hk\/fr\/easy-maintenance\/\" \/>\n<meta property=\"og:locale\" content=\"fr_FR\" \/>\n<meta property=\"og:type\" content=\"article\" \/>\n<meta property=\"og:title\" content=\"Easy Maintenance - Gadlee Smart Design for Efficient Machine Care\" \/>\n<meta property=\"og:description\" content=\"Gadlee cleaning machines feature easy maintenance design with yellow colour-coded parts for quick servicing. Simplify daily care, save time, and keep your equipment in top condition.\" \/>\n<meta property=\"og:url\" content=\"https:\/\/www.gadlee.hk\/fr\/easy-maintenance\/\" \/>\n<meta property=\"og:site_name\" content=\"Gadlee\" \/>\n<meta property=\"article:modified_time\" content=\"2025-12-19T06:36:24+00:00\" \/>\n<meta property=\"og:image\" content=\"https:\/\/www.gadlee.hk\/wp-content\/uploads\/2025\/06\/EASY-MAINTENANCE.png\" \/>\n<meta name=\"twitter:card\" content=\"summary_large_image\" \/>\n<meta name=\"twitter:label1\" content=\"Est. reading time\" \/>\n\t<meta name=\"twitter:data1\" content=\"3 minutes\" \/>\n<script type=\"application\/ld+json\" class=\"yoast-schema-graph\">{\"@context\":\"https:\/\/schema.org\",\"@graph\":[{\"@type\":\"WebPage\",\"@id\":\"https:\/\/www.gadlee.hk\/es\/easy-maintenance\/\",\"url\":\"https:\/\/www.gadlee.hk\/es\/easy-maintenance\/\",\"name\":\"Easy Maintenance - Gadlee Smart Design for Efficient Machine Care\",\"isPartOf\":{\"@id\":\"https:\/\/www.gadlee.hk\/ja\/#website\"},\"primaryImageOfPage\":{\"@id\":\"https:\/\/www.gadlee.hk\/es\/easy-maintenance\/#primaryimage\"},\"image\":{\"@id\":\"https:\/\/www.gadlee.hk\/es\/easy-maintenance\/#primaryimage\"},\"thumbnailUrl\":\"https:\/\/www.gadlee.hk\/wp-content\/uploads\/2025\/06\/EASY-MAINTENANCE.png\",\"datePublished\":\"2025-07-08T06:50:08+00:00\",\"dateModified\":\"2025-12-19T06:36:24+00:00\",\"description\":\"Gadlee cleaning machines feature easy maintenance design with yellow colour-coded parts for quick servicing. Simplify daily care, save time, and keep your equipment in top condition.\",\"breadcrumb\":{\"@id\":\"https:\/\/www.gadlee.hk\/es\/easy-maintenance\/#breadcrumb\"},\"inLanguage\":\"fr-FR\",\"potentialAction\":[{\"@type\":\"ReadAction\",\"target\":[\"https:\/\/www.gadlee.hk\/es\/easy-maintenance\/\"]}]},{\"@type\":\"ImageObject\",\"inLanguage\":\"fr-FR\",\"@id\":\"https:\/\/www.gadlee.hk\/es\/easy-maintenance\/#primaryimage\",\"url\":\"https:\/\/www.gadlee.hk\/wp-content\/uploads\/2025\/06\/EASY-MAINTENANCE.png\",\"contentUrl\":\"https:\/\/www.gadlee.hk\/wp-content\/uploads\/2025\/06\/EASY-MAINTENANCE.png\"},{\"@type\":\"BreadcrumbList\",\"@id\":\"https:\/\/www.gadlee.hk\/es\/easy-maintenance\/#breadcrumb\",\"itemListElement\":[{\"@type\":\"ListItem\",\"position\":1,\"name\":\"Home\",\"item\":\"https:\/\/www.gadlee.hk\/fr\/\"},{\"@type\":\"ListItem\",\"position\":2,\"name\":\"Technology -EASY MAINTENANCE\"}]},{\"@type\":\"WebSite\",\"@id\":\"https:\/\/www.gadlee.hk\/ja\/#website\",\"url\":\"https:\/\/www.gadlee.hk\/ja\/\",\"name\":\"Gadlee\",\"description\":\"Asia&#039;s leading manufacturer of professional cleaning machines\",\"publisher\":{\"@id\":\"https:\/\/www.gadlee.hk\/ja\/#organization\"},\"potentialAction\":[{\"@type\":\"SearchAction\",\"target\":{\"@type\":\"EntryPoint\",\"urlTemplate\":\"https:\/\/www.gadlee.hk\/ja\/?s={search_term_string}\"},\"query-input\":{\"@type\":\"PropertyValueSpecification\",\"valueRequired\":true,\"valueName\":\"search_term_string\"}}],\"inLanguage\":\"fr-FR\"},{\"@type\":\"Organization\",\"@id\":\"https:\/\/www.gadlee.hk\/ja\/#organization\",\"name\":\"Gadlee\",\"url\":\"https:\/\/www.gadlee.hk\/ja\/\",\"logo\":{\"@type\":\"ImageObject\",\"inLanguage\":\"fr-FR\",\"@id\":\"https:\/\/www.gadlee.hk\/ja\/#\/schema\/logo\/image\/\",\"url\":\"https:\/\/www.gadlee.hk\/wp-content\/uploads\/2025\/06\/logo.png\",\"contentUrl\":\"https:\/\/www.gadlee.hk\/wp-content\/uploads\/2025\/06\/logo.png\",\"width\":1578,\"height\":327,\"caption\":\"Gadlee\"},\"image\":{\"@id\":\"https:\/\/www.gadlee.hk\/ja\/#\/schema\/logo\/image\/\"}}]}<\/script>\n<!-- \/ Yoast SEO plugin. -->","yoast_head_json":{"title":"Easy Maintenance - Gadlee Smart Design for Efficient Machine Care","description":"Gadlee cleaning machines feature easy maintenance design with yellow colour-coded parts for quick servicing. Simplify daily care, save time, and keep your equipment in top condition.","robots":{"index":"index","follow":"follow","max-snippet":"max-snippet:-1","max-image-preview":"max-image-preview:large","max-video-preview":"max-video-preview:-1"},"canonical":"https:\/\/www.gadlee.hk\/fr\/easy-maintenance\/","og_locale":"fr_FR","og_type":"article","og_title":"Easy Maintenance - Gadlee Smart Design for Efficient Machine Care","og_description":"Gadlee cleaning machines feature easy maintenance design with yellow colour-coded parts for quick servicing. Simplify daily care, save time, and keep your equipment in top condition.","og_url":"https:\/\/www.gadlee.hk\/fr\/easy-maintenance\/","og_site_name":"Gadlee","article_modified_time":"2025-12-19T06:36:24+00:00","og_image":[{"url":"https:\/\/www.gadlee.hk\/wp-content\/uploads\/2025\/06\/EASY-MAINTENANCE.png","type":"","width":"","height":""}],"twitter_card":"summary_large_image","twitter_misc":{"Est. reading time":"3 minutes"},"schema":{"@context":"https:\/\/schema.org","@graph":[{"@type":"WebPage","@id":"https:\/\/www.gadlee.hk\/es\/easy-maintenance\/","url":"https:\/\/www.gadlee.hk\/es\/easy-maintenance\/","name":"Easy Maintenance - Gadlee Smart Design for Efficient Machine Care","isPartOf":{"@id":"https:\/\/www.gadlee.hk\/ja\/#website"},"primaryImageOfPage":{"@id":"https:\/\/www.gadlee.hk\/es\/easy-maintenance\/#primaryimage"},"image":{"@id":"https:\/\/www.gadlee.hk\/es\/easy-maintenance\/#primaryimage"},"thumbnailUrl":"https:\/\/www.gadlee.hk\/wp-content\/uploads\/2025\/06\/EASY-MAINTENANCE.png","datePublished":"2025-07-08T06:50:08+00:00","dateModified":"2025-12-19T06:36:24+00:00","description":"Gadlee cleaning machines feature easy maintenance design with yellow colour-coded parts for quick servicing. Simplify daily care, save time, and keep your equipment in top condition.","breadcrumb":{"@id":"https:\/\/www.gadlee.hk\/es\/easy-maintenance\/#breadcrumb"},"inLanguage":"fr-FR","potentialAction":[{"@type":"ReadAction","target":["https:\/\/www.gadlee.hk\/es\/easy-maintenance\/"]}]},{"@type":"ImageObject","inLanguage":"fr-FR","@id":"https:\/\/www.gadlee.hk\/es\/easy-maintenance\/#primaryimage","url":"https:\/\/www.gadlee.hk\/wp-content\/uploads\/2025\/06\/EASY-MAINTENANCE.png","contentUrl":"https:\/\/www.gadlee.hk\/wp-content\/uploads\/2025\/06\/EASY-MAINTENANCE.png"},{"@type":"BreadcrumbList","@id":"https:\/\/www.gadlee.hk\/es\/easy-maintenance\/#breadcrumb","itemListElement":[{"@type":"ListItem","position":1,"name":"Home","item":"https:\/\/www.gadlee.hk\/fr\/"},{"@type":"ListItem","position":2,"name":"Technology -EASY MAINTENANCE"}]},{"@type":"WebSite","@id":"https:\/\/www.gadlee.hk\/ja\/#website","url":"https:\/\/www.gadlee.hk\/ja\/","name":"Gadlee","description":"Asia&#039;s leading manufacturer of professional cleaning machines","publisher":{"@id":"https:\/\/www.gadlee.hk\/ja\/#organization"},"potentialAction":[{"@type":"SearchAction","target":{"@type":"EntryPoint","urlTemplate":"https:\/\/www.gadlee.hk\/ja\/?s={search_term_string}"},"query-input":{"@type":"PropertyValueSpecification","valueRequired":true,"valueName":"search_term_string"}}],"inLanguage":"fr-FR"},{"@type":"Organization","@id":"https:\/\/www.gadlee.hk\/ja\/#organization","name":"Gadlee","url":"https:\/\/www.gadlee.hk\/ja\/","logo":{"@type":"ImageObject","inLanguage":"fr-FR","@id":"https:\/\/www.gadlee.hk\/ja\/#\/schema\/logo\/image\/","url":"https:\/\/www.gadlee.hk\/wp-content\/uploads\/2025\/06\/logo.png","contentUrl":"https:\/\/www.gadlee.hk\/wp-content\/uploads\/2025\/06\/logo.png","width":1578,"height":327,"caption":"Gadlee"},"image":{"@id":"https:\/\/www.gadlee.hk\/ja\/#\/schema\/logo\/image\/"}}]}},"_links":{"self":[{"href":"https:\/\/www.gadlee.hk\/fr\/wp-json\/wp\/v2\/pages\/3298","targetHints":{"allow":["GET"]}}],"collection":[{"href":"https:\/\/www.gadlee.hk\/fr\/wp-json\/wp\/v2\/pages"}],"about":[{"href":"https:\/\/www.gadlee.hk\/fr\/wp-json\/wp\/v2\/types\/page"}],"author":[{"embeddable":true,"href":"https:\/\/www.gadlee.hk\/fr\/wp-json\/wp\/v2\/users\/1"}],"replies":[{"embeddable":true,"href":"https:\/\/www.gadlee.hk\/fr\/wp-json\/wp\/v2\/comments?post=3298"}],"version-history":[{"count":14,"href":"https:\/\/www.gadlee.hk\/fr\/wp-json\/wp\/v2\/pages\/3298\/revisions"}],"predecessor-version":[{"id":6140,"href":"https:\/\/www.gadlee.hk\/fr\/wp-json\/wp\/v2\/pages\/3298\/revisions\/6140"}],"wp:attachment":[{"href":"https:\/\/www.gadlee.hk\/fr\/wp-json\/wp\/v2\/media?parent=3298"}],"curies":[{"name":"wp","href":"https:\/\/api.w.org\/{rel}","templated":true}]}}