{"id":3314,"date":"2025-07-08T08:37:02","date_gmt":"2025-07-08T08:37:02","guid":{"rendered":"https:\/\/gadlee.hk\/?page_id=3314"},"modified":"2025-10-25T03:53:28","modified_gmt":"2025-10-25T03:53:28","slug":"technology-on-board-computer","status":"publish","type":"page","link":"https:\/\/www.gadlee.hk\/fr\/technology-on-board-computer\/","title":{"rendered":"Technology ON-BOARD COMPUTER"},"content":{"rendered":"<div data-elementor-type=\"wp-page\" data-elementor-id=\"3314\" class=\"elementor elementor-3314\">\n\t\t\t\t<div class=\"elementor-element elementor-element-5274108 e-con-full e-flex e-con e-parent\" data-id=\"5274108\" data-element_type=\"container\" data-settings=\"{&quot;background_background&quot;:&quot;classic&quot;}\">\n\t\t<div class=\"elementor-element elementor-element-b963e95 e-flex e-con-boxed e-con e-child\" data-id=\"b963e95\" data-element_type=\"container\" data-settings=\"{&quot;background_background&quot;:&quot;classic&quot;}\">\n\t\t\t\t\t<div class=\"e-con-inner\">\n\t\t<div class=\"elementor-element elementor-element-189b1de e-con-full e-flex e-con e-child\" data-id=\"189b1de\" data-element_type=\"container\">\n\t\t\t\t<div class=\"elementor-element elementor-element-a55b3e0 elementor-widget elementor-widget-text-editor\" data-id=\"a55b3e0\" data-element_type=\"widget\" data-widget_type=\"text-editor.default\">\n\t\t\t\t<div class=\"elementor-widget-container\">\n\t\t\t\t\t\t\t\t\t<p><a href=\"\/\">Accueil<\/a>\u00a0 &gt; <a href=\"\/technology\/\">Technologie<\/a>\u00a0 &gt; ON-BOARD COMPUTER<\/p>\t\t\t\t\t\t\t\t<\/div>\n\t\t\t\t<\/div>\n\t\t\t\t<\/div>\n\t\t<div class=\"elementor-element elementor-element-c24e58f e-con-full e-flex e-con e-child\" data-id=\"c24e58f\" data-element_type=\"container\">\n\t\t\t\t<div class=\"elementor-element elementor-element-0a34b2d elementor-widget elementor-widget-pls-button\" data-id=\"0a34b2d\" data-element_type=\"widget\" data-widget_type=\"pls-button.default\">\n\t\t\t\t<div class=\"elementor-widget-container\">\n\t\t\t\t\t<div id=\"pls-button-18515\" class=\"pls-element pls-button\">\n\t<a class=\"button btn-style-flat\" href=\"\/contact-us\" >\n\t\tContact\t<\/a>\n<\/div>\n\t\t\t\t<\/div>\n\t\t\t\t<\/div>\n\t\t\t\t<\/div>\n\t\t\t\t\t<\/div>\n\t\t\t\t<\/div>\n\t\t\t\t<\/div>\n\t\t<div class=\"elementor-element elementor-element-8f92aca e-flex e-con-boxed e-con e-parent\" data-id=\"8f92aca\" data-element_type=\"container\">\n\t\t\t\t\t<div class=\"e-con-inner\">\n\t\t\t\t<div class=\"elementor-element elementor-element-1108bbc elementor-widget elementor-widget-image\" data-id=\"1108bbc\" data-element_type=\"widget\" data-widget_type=\"image.default\">\n\t\t\t\t<div class=\"elementor-widget-container\">\n\t\t\t\t\t\t\t\t\t\t\t\t\t\t\t<img fetchpriority=\"high\" decoding=\"async\" width=\"550\" height=\"360\" src=\"https:\/\/www.gadlee.hk\/wp-content\/uploads\/2025\/06\/ON-BOARD-COMPUTER.png\" class=\"attachment-full size-full wp-image-2297\" alt=\"\" \/>\t\t\t\t\t\t\t\t\t\t\t\t\t\t\t<\/div>\n\t\t\t\t<\/div>\n\t\t\t\t<div class=\"elementor-element elementor-element-952d7e1 elementor-widget elementor-widget-heading\" data-id=\"952d7e1\" data-element_type=\"widget\" data-widget_type=\"heading.default\">\n\t\t\t\t<div class=\"elementor-widget-container\">\n\t\t\t\t\t<h2 class=\"elementor-heading-title elementor-size-default\">ORDINATEUR DE BORD<\/h2>\t\t\t\t<\/div>\n\t\t\t\t<\/div>\n\t\t\t\t<div class=\"elementor-element elementor-element-b074d66 elementor-widget elementor-widget-text-editor\" data-id=\"b074d66\" data-element_type=\"widget\" data-widget_type=\"text-editor.default\">\n\t\t\t\t<div class=\"elementor-widget-container\">\n\t\t\t\t\t\t\t\t\t<p>Le syst\u00e8me de contr\u00f4le intelligent de nouvelle g\u00e9n\u00e9ration est dot\u00e9 d\u2019un affichage \u00e0 code couleur et d\u2019un syst\u00e8me de diagnostic interactif. Il fournit des informations compl\u00e8tes sur l\u2019appareil et des r\u00e9glages personnalis\u00e9s, am\u00e9liorant l\u2019efficacit\u00e9 d\u2019utilisation et r\u00e9duisant les co\u00fbts d\u2019exploitation.<\/p>\t\t\t\t\t\t\t\t<\/div>\n\t\t\t\t<\/div>\n\t\t\t\t\t<\/div>\n\t\t\t\t<\/div>\n\t\t<div class=\"elementor-element elementor-element-04e4b69 e-flex e-con-boxed e-con e-parent\" data-id=\"04e4b69\" data-element_type=\"container\" data-settings=\"{&quot;background_background&quot;:&quot;classic&quot;}\">\n\t\t\t\t\t<div class=\"e-con-inner\">\n\t\t<div class=\"elementor-element elementor-element-ad59dd6 e-con-full e-flex e-con e-child\" data-id=\"ad59dd6\" data-element_type=\"container\" data-settings=\"{&quot;background_background&quot;:&quot;classic&quot;}\">\n\t\t\t\t<div class=\"elementor-element elementor-element-e630ca9 elementor-widget elementor-widget-pls-heading\" data-id=\"e630ca9\" data-element_type=\"widget\" data-widget_type=\"pls-heading.default\">\n\t\t\t\t<div class=\"elementor-widget-container\">\n\t\t\t\t\t<div id=\"pls-header-53537\" class=\"pls-element pls-heading pls-text-left separator-none\">\t\n\t\t\t\n\t\t\t<div class=\"heading-wrap\">\n\t\t\t<span class=\"separator-left\"><\/span>\n\t\t\t<h2 class=\"heading-title\">Caract\u00e9ristiques principales<\/h2>\t\t\t<span class=\"separator-right\"><\/span>\n\t\t\t\t\t<\/div>\n\t\t\n    <\/div>\t\t\t\t<\/div>\n\t\t\t\t<\/div>\n\t\t\t\t<div class=\"elementor-element elementor-element-fb984d6 ul20250114 elementor-widget elementor-widget-text-editor\" data-id=\"fb984d6\" data-element_type=\"widget\" data-widget_type=\"text-editor.default\">\n\t\t\t\t<div class=\"elementor-widget-container\">\n\t\t\t\t\t\t\t\t\t<ul><li>Grand \u00e9cran LCD offrant les informations essentielles pour prendre des d\u00e9cisions efficaces, accro\u00eetre la productivit\u00e9 et r\u00e9duire les co\u00fbts.<\/li><li>Programmation pour diff\u00e9rentes applications de nettoyage. Informations sur les batteries, leur \u00e9tat et les cycles de recharge effectu\u00e9s.<\/li><li>Autonomie restante des batteries et du r\u00e9servoir, avec projection des \u00e9conomies possibles en mode ECO.<\/li><li>Enregistrement et rapport de la consommation \u00e9nerg\u00e9tique des fonctions.<\/li><li>Interface multilingue.<\/li><\/ul>\t\t\t\t\t\t\t\t<\/div>\n\t\t\t\t<\/div>\n\t\t\t\t<\/div>\n\t\t\t\t\t<\/div>\n\t\t\t\t<\/div>\n\t\t<div class=\"elementor-element elementor-element-f5c2b10 e-flex e-con-boxed e-con e-parent\" data-id=\"f5c2b10\" data-element_type=\"container\">\n\t\t\t\t\t<div class=\"e-con-inner\">\n\t\t<div class=\"elementor-element elementor-element-a5d637b e-con-full e-flex e-con e-child\" data-id=\"a5d637b\" data-element_type=\"container\" data-settings=\"{&quot;background_background&quot;:&quot;classic&quot;}\">\n\t\t\t\t<div class=\"elementor-element elementor-element-6675326 elementor-widget elementor-widget-heading\" data-id=\"6675326\" data-element_type=\"widget\" data-widget_type=\"heading.default\">\n\t\t\t\t<div class=\"elementor-widget-container\">\n\t\t\t\t\t<h2 class=\"elementor-heading-title elementor-size-default\">Compatible avec ces mod\u00e8les<\/h2>\t\t\t\t<\/div>\n\t\t\t\t<\/div>\n\t\t<div class=\"elementor-element elementor-element-45caf13 e-grid e-con-full e-con e-child\" data-id=\"45caf13\" data-element_type=\"container\">\n\t\t\t\t<div class=\"elementor-element elementor-element-7c15bed elementor-position-top elementor-widget elementor-widget-image-box\" data-id=\"7c15bed\" data-element_type=\"widget\" data-widget_type=\"image-box.default\">\n\t\t\t\t<div class=\"elementor-widget-container\">\n\t\t\t\t\t<div class=\"elementor-image-box-wrapper\"><figure class=\"elementor-image-box-img\"><a href=\"\/product\/gt260-ride-on-scrubber-dryer\/\" tabindex=\"-1\"><img decoding=\"async\" width=\"500\" height=\"500\" src=\"https:\/\/www.gadlee.hk\/wp-content\/uploads\/2025\/06\/ECO-MODE-GT260.png\" class=\"elementor-animation-grow attachment-full size-full wp-image-2363\" alt=\"\" \/><\/a><\/figure><div class=\"elementor-image-box-content\"><h3 class=\"elementor-image-box-title\"><a href=\"\/product\/gt260-ride-on-scrubber-dryer\/\">GT260<\/a><\/h3><\/div><\/div>\t\t\t\t<\/div>\n\t\t\t\t<\/div>\n\t\t\t\t<\/div>\n\t\t\t\t<\/div>\n\t\t\t\t\t<\/div>\n\t\t\t\t<\/div>\n\t\t\t\t<\/div>","protected":false},"excerpt":{"rendered":"<p>Home\u00a0 &gt; Technology\u00a0 &gt; ON-BOARD COMPUTER Contact Us ON-BOARD COMPUTER The new generation interactive intelligent control system is equipped with a COLOR CODE display system and an intelligent interactive diagnostic<\/p>","protected":false},"author":1,"featured_media":0,"parent":0,"menu_order":0,"comment_status":"closed","ping_status":"closed","template":"","meta":{"footnotes":""},"class_list":["post-3314","page","type-page","status-publish","hentry"],"yoast_head":"<!-- This site is optimized with the Yoast SEO plugin v26.2 - https:\/\/yoast.com\/wordpress\/plugins\/seo\/ -->\n<title>Gadlee On-Board Computer - Intelligent Cleaning Control System for Efficiency &amp; Savings<\/title>\n<meta name=\"description\" content=\"Gadlee On-Board Computer features an intelligent interactive control system with color display, real-time diagnostics, and smart settings\u2014enhancing cleaning efficiency, productivity, and energy savings.\" \/>\n<meta name=\"robots\" content=\"index, follow, max-snippet:-1, max-image-preview:large, max-video-preview:-1\" \/>\n<link rel=\"canonical\" href=\"https:\/\/www.gadlee.hk\/fr\/technology-on-board-computer\/\" \/>\n<meta property=\"og:locale\" content=\"fr_FR\" \/>\n<meta property=\"og:type\" content=\"article\" \/>\n<meta property=\"og:title\" content=\"Gadlee On-Board Computer - Intelligent Cleaning Control System for Efficiency &amp; Savings\" \/>\n<meta property=\"og:description\" content=\"Gadlee On-Board Computer features an intelligent interactive control system with color display, real-time diagnostics, and smart settings\u2014enhancing cleaning efficiency, productivity, and energy savings.\" \/>\n<meta property=\"og:url\" content=\"https:\/\/www.gadlee.hk\/fr\/technology-on-board-computer\/\" \/>\n<meta property=\"og:site_name\" content=\"Gadlee\" \/>\n<meta property=\"article:modified_time\" content=\"2025-10-25T03:53:28+00:00\" \/>\n<meta property=\"og:image\" content=\"https:\/\/gadlee.hk\/wp-content\/uploads\/2025\/06\/ON-BOARD-COMPUTER.png\" \/>\n<meta name=\"twitter:card\" content=\"summary_large_image\" \/>\n<meta name=\"twitter:label1\" content=\"Est. reading time\" \/>\n\t<meta name=\"twitter:data1\" content=\"1 minute\" \/>\n<script type=\"application\/ld+json\" class=\"yoast-schema-graph\">{\"@context\":\"https:\/\/schema.org\",\"@graph\":[{\"@type\":\"WebPage\",\"@id\":\"https:\/\/www.gadlee.hk\/fr\/technology-on-board-computer\/\",\"url\":\"https:\/\/www.gadlee.hk\/fr\/technology-on-board-computer\/\",\"name\":\"Gadlee On-Board Computer - Intelligent Cleaning Control System for Efficiency & Savings\",\"isPartOf\":{\"@id\":\"https:\/\/www.gadlee.hk\/ja\/#website\"},\"primaryImageOfPage\":{\"@id\":\"https:\/\/www.gadlee.hk\/fr\/technology-on-board-computer\/#primaryimage\"},\"image\":{\"@id\":\"https:\/\/www.gadlee.hk\/fr\/technology-on-board-computer\/#primaryimage\"},\"thumbnailUrl\":\"https:\/\/gadlee.hk\/wp-content\/uploads\/2025\/06\/ON-BOARD-COMPUTER.png\",\"datePublished\":\"2025-07-08T08:37:02+00:00\",\"dateModified\":\"2025-10-25T03:53:28+00:00\",\"description\":\"Gadlee On-Board Computer features an intelligent interactive control system with color display, real-time diagnostics, and smart settings\u2014enhancing cleaning efficiency, productivity, and energy savings.\",\"breadcrumb\":{\"@id\":\"https:\/\/www.gadlee.hk\/fr\/technology-on-board-computer\/#breadcrumb\"},\"inLanguage\":\"fr-FR\",\"potentialAction\":[{\"@type\":\"ReadAction\",\"target\":[\"https:\/\/www.gadlee.hk\/fr\/technology-on-board-computer\/\"]}]},{\"@type\":\"ImageObject\",\"inLanguage\":\"fr-FR\",\"@id\":\"https:\/\/www.gadlee.hk\/fr\/technology-on-board-computer\/#primaryimage\",\"url\":\"https:\/\/gadlee.hk\/wp-content\/uploads\/2025\/06\/ON-BOARD-COMPUTER.png\",\"contentUrl\":\"https:\/\/gadlee.hk\/wp-content\/uploads\/2025\/06\/ON-BOARD-COMPUTER.png\"},{\"@type\":\"BreadcrumbList\",\"@id\":\"https:\/\/www.gadlee.hk\/fr\/technology-on-board-computer\/#breadcrumb\",\"itemListElement\":[{\"@type\":\"ListItem\",\"position\":1,\"name\":\"Home\",\"item\":\"https:\/\/www.gadlee.hk\/fr\/\"},{\"@type\":\"ListItem\",\"position\":2,\"name\":\"Technology ON-BOARD COMPUTER\"}]},{\"@type\":\"WebSite\",\"@id\":\"https:\/\/www.gadlee.hk\/ja\/#website\",\"url\":\"https:\/\/www.gadlee.hk\/ja\/\",\"name\":\"Gadlee\",\"description\":\"Asia&#039;s leading manufacturer of professional cleaning machines\",\"publisher\":{\"@id\":\"https:\/\/www.gadlee.hk\/ja\/#organization\"},\"potentialAction\":[{\"@type\":\"SearchAction\",\"target\":{\"@type\":\"EntryPoint\",\"urlTemplate\":\"https:\/\/www.gadlee.hk\/ja\/?s={search_term_string}\"},\"query-input\":{\"@type\":\"PropertyValueSpecification\",\"valueRequired\":true,\"valueName\":\"search_term_string\"}}],\"inLanguage\":\"fr-FR\"},{\"@type\":\"Organization\",\"@id\":\"https:\/\/www.gadlee.hk\/ja\/#organization\",\"name\":\"Gadlee\",\"url\":\"https:\/\/www.gadlee.hk\/ja\/\",\"logo\":{\"@type\":\"ImageObject\",\"inLanguage\":\"fr-FR\",\"@id\":\"https:\/\/www.gadlee.hk\/ja\/#\/schema\/logo\/image\/\",\"url\":\"https:\/\/www.gadlee.hk\/wp-content\/uploads\/2025\/06\/logo.png\",\"contentUrl\":\"https:\/\/www.gadlee.hk\/wp-content\/uploads\/2025\/06\/logo.png\",\"width\":1578,\"height\":327,\"caption\":\"Gadlee\"},\"image\":{\"@id\":\"https:\/\/www.gadlee.hk\/ja\/#\/schema\/logo\/image\/\"}}]}<\/script>\n<!-- \/ Yoast SEO plugin. -->","yoast_head_json":{"title":"Gadlee On-Board Computer - Intelligent Cleaning Control System for Efficiency & Savings","description":"Gadlee On-Board Computer features an intelligent interactive control system with color display, real-time diagnostics, and smart settings\u2014enhancing cleaning efficiency, productivity, and energy savings.","robots":{"index":"index","follow":"follow","max-snippet":"max-snippet:-1","max-image-preview":"max-image-preview:large","max-video-preview":"max-video-preview:-1"},"canonical":"https:\/\/www.gadlee.hk\/fr\/technology-on-board-computer\/","og_locale":"fr_FR","og_type":"article","og_title":"Gadlee On-Board Computer - Intelligent Cleaning Control System for Efficiency & Savings","og_description":"Gadlee On-Board Computer features an intelligent interactive control system with color display, real-time diagnostics, and smart settings\u2014enhancing cleaning efficiency, productivity, and energy savings.","og_url":"https:\/\/www.gadlee.hk\/fr\/technology-on-board-computer\/","og_site_name":"Gadlee","article_modified_time":"2025-10-25T03:53:28+00:00","og_image":[{"url":"https:\/\/gadlee.hk\/wp-content\/uploads\/2025\/06\/ON-BOARD-COMPUTER.png","type":"","width":"","height":""}],"twitter_card":"summary_large_image","twitter_misc":{"Est. reading time":"1 minute"},"schema":{"@context":"https:\/\/schema.org","@graph":[{"@type":"WebPage","@id":"https:\/\/www.gadlee.hk\/fr\/technology-on-board-computer\/","url":"https:\/\/www.gadlee.hk\/fr\/technology-on-board-computer\/","name":"Gadlee On-Board Computer - Intelligent Cleaning Control System for Efficiency & Savings","isPartOf":{"@id":"https:\/\/www.gadlee.hk\/ja\/#website"},"primaryImageOfPage":{"@id":"https:\/\/www.gadlee.hk\/fr\/technology-on-board-computer\/#primaryimage"},"image":{"@id":"https:\/\/www.gadlee.hk\/fr\/technology-on-board-computer\/#primaryimage"},"thumbnailUrl":"https:\/\/gadlee.hk\/wp-content\/uploads\/2025\/06\/ON-BOARD-COMPUTER.png","datePublished":"2025-07-08T08:37:02+00:00","dateModified":"2025-10-25T03:53:28+00:00","description":"Gadlee On-Board Computer features an intelligent interactive control system with color display, real-time diagnostics, and smart settings\u2014enhancing cleaning efficiency, productivity, and energy savings.","breadcrumb":{"@id":"https:\/\/www.gadlee.hk\/fr\/technology-on-board-computer\/#breadcrumb"},"inLanguage":"fr-FR","potentialAction":[{"@type":"ReadAction","target":["https:\/\/www.gadlee.hk\/fr\/technology-on-board-computer\/"]}]},{"@type":"ImageObject","inLanguage":"fr-FR","@id":"https:\/\/www.gadlee.hk\/fr\/technology-on-board-computer\/#primaryimage","url":"https:\/\/gadlee.hk\/wp-content\/uploads\/2025\/06\/ON-BOARD-COMPUTER.png","contentUrl":"https:\/\/gadlee.hk\/wp-content\/uploads\/2025\/06\/ON-BOARD-COMPUTER.png"},{"@type":"BreadcrumbList","@id":"https:\/\/www.gadlee.hk\/fr\/technology-on-board-computer\/#breadcrumb","itemListElement":[{"@type":"ListItem","position":1,"name":"Home","item":"https:\/\/www.gadlee.hk\/fr\/"},{"@type":"ListItem","position":2,"name":"Technology ON-BOARD COMPUTER"}]},{"@type":"WebSite","@id":"https:\/\/www.gadlee.hk\/ja\/#website","url":"https:\/\/www.gadlee.hk\/ja\/","name":"Gadlee","description":"Asia&#039;s leading manufacturer of professional cleaning machines","publisher":{"@id":"https:\/\/www.gadlee.hk\/ja\/#organization"},"potentialAction":[{"@type":"SearchAction","target":{"@type":"EntryPoint","urlTemplate":"https:\/\/www.gadlee.hk\/ja\/?s={search_term_string}"},"query-input":{"@type":"PropertyValueSpecification","valueRequired":true,"valueName":"search_term_string"}}],"inLanguage":"fr-FR"},{"@type":"Organization","@id":"https:\/\/www.gadlee.hk\/ja\/#organization","name":"Gadlee","url":"https:\/\/www.gadlee.hk\/ja\/","logo":{"@type":"ImageObject","inLanguage":"fr-FR","@id":"https:\/\/www.gadlee.hk\/ja\/#\/schema\/logo\/image\/","url":"https:\/\/www.gadlee.hk\/wp-content\/uploads\/2025\/06\/logo.png","contentUrl":"https:\/\/www.gadlee.hk\/wp-content\/uploads\/2025\/06\/logo.png","width":1578,"height":327,"caption":"Gadlee"},"image":{"@id":"https:\/\/www.gadlee.hk\/ja\/#\/schema\/logo\/image\/"}}]}},"_links":{"self":[{"href":"https:\/\/www.gadlee.hk\/fr\/wp-json\/wp\/v2\/pages\/3314","targetHints":{"allow":["GET"]}}],"collection":[{"href":"https:\/\/www.gadlee.hk\/fr\/wp-json\/wp\/v2\/pages"}],"about":[{"href":"https:\/\/www.gadlee.hk\/fr\/wp-json\/wp\/v2\/types\/page"}],"author":[{"embeddable":true,"href":"https:\/\/www.gadlee.hk\/fr\/wp-json\/wp\/v2\/users\/1"}],"replies":[{"embeddable":true,"href":"https:\/\/www.gadlee.hk\/fr\/wp-json\/wp\/v2\/comments?post=3314"}],"version-history":[{"count":10,"href":"https:\/\/www.gadlee.hk\/fr\/wp-json\/wp\/v2\/pages\/3314\/revisions"}],"predecessor-version":[{"id":4357,"href":"https:\/\/www.gadlee.hk\/fr\/wp-json\/wp\/v2\/pages\/3314\/revisions\/4357"}],"wp:attachment":[{"href":"https:\/\/www.gadlee.hk\/fr\/wp-json\/wp\/v2\/media?parent=3314"}],"curies":[{"name":"wp","href":"https:\/\/api.w.org\/{rel}","templated":true}]}}