{"id":39,"date":"2024-04-17T07:16:25","date_gmt":"2024-04-17T07:16:25","guid":{"rendered":"https:\/\/anvogue.presslayouts.com\/dummy\/?page_id=39"},"modified":"2025-10-25T03:40:37","modified_gmt":"2025-10-25T03:40:37","slug":"nous-contacter","status":"publish","type":"page","link":"https:\/\/www.gadlee.hk\/fr\/nous-contacter\/","title":{"rendered":"Contact"},"content":{"rendered":"<div data-elementor-type=\"wp-page\" data-elementor-id=\"39\" class=\"elementor elementor-39\">\n\t\t\t\t<div class=\"elementor-element elementor-element-3f6f816 e-con-full e-flex e-con e-parent\" data-id=\"3f6f816\" data-element_type=\"container\" data-settings=\"{&quot;background_background&quot;:&quot;classic&quot;}\">\n\t\t<div class=\"elementor-element elementor-element-9be75b1 e-flex e-con-boxed e-con e-child\" data-id=\"9be75b1\" data-element_type=\"container\" data-settings=\"{&quot;background_background&quot;:&quot;classic&quot;}\">\n\t\t\t\t\t<div class=\"e-con-inner\">\n\t\t<div class=\"elementor-element elementor-element-1f0b2f7 e-con-full e-flex e-con e-child\" data-id=\"1f0b2f7\" data-element_type=\"container\">\n\t\t\t\t<div class=\"elementor-element elementor-element-78dd6bf elementor-widget elementor-widget-text-editor\" data-id=\"78dd6bf\" data-element_type=\"widget\" data-widget_type=\"text-editor.default\">\n\t\t\t\t<div class=\"elementor-widget-container\">\n\t\t\t\t\t\t\t\t\t<p><a href=\"\/\">Accueil<\/a>\u00a0 &gt; Nous contacter<\/p>\t\t\t\t\t\t\t\t<\/div>\n\t\t\t\t<\/div>\n\t\t\t\t<\/div>\n\t\t<div class=\"elementor-element elementor-element-697cfe1 e-con-full e-flex e-con e-child\" data-id=\"697cfe1\" data-element_type=\"container\">\n\t\t\t\t<div class=\"elementor-element elementor-element-d4bedd8 elementor-widget elementor-widget-pls-button\" data-id=\"d4bedd8\" data-element_type=\"widget\" data-widget_type=\"pls-button.default\">\n\t\t\t\t<div class=\"elementor-widget-container\">\n\t\t\t\t\t<div id=\"pls-button-93292\" class=\"pls-element pls-button\">\n\t<a class=\"button btn-style-flat\" href=\"\/contact-us\" >\n\t\tContact\t<\/a>\n<\/div>\n\t\t\t\t<\/div>\n\t\t\t\t<\/div>\n\t\t\t\t<\/div>\n\t\t\t\t\t<\/div>\n\t\t\t\t<\/div>\n\t\t\t\t<\/div>\n\t\t<div class=\"elementor-element elementor-element-1b78f90 e-con-full e-flex e-con e-parent\" data-id=\"1b78f90\" data-element_type=\"container\" data-settings=\"{&quot;background_background&quot;:&quot;classic&quot;}\">\n\t\t<div class=\"elementor-element elementor-element-9d3eeb9 e-con-full e-flex e-con e-child\" data-id=\"9d3eeb9\" data-element_type=\"container\">\n\t\t\t\t<div class=\"elementor-element elementor-element-9626684 elementor-widget elementor-widget-image\" data-id=\"9626684\" data-element_type=\"widget\" data-widget_type=\"image.default\">\n\t\t\t\t<div class=\"elementor-widget-container\">\n\t\t\t\t\t\t\t\t\t\t\t\t\t\t\t<img fetchpriority=\"high\" decoding=\"async\" width=\"1600\" height=\"1060\" src=\"https:\/\/www.gadlee.hk\/wp-content\/uploads\/2025\/10\/\u5185\u9875-\u8054\u7cfb\u6211\u4eec800x530.png\" class=\"attachment-full size-full wp-image-5679\" alt=\"\" \/>\t\t\t\t\t\t\t\t\t\t\t\t\t\t\t<\/div>\n\t\t\t\t<\/div>\n\t\t\t\t<\/div>\n\t\t<div class=\"elementor-element elementor-element-8f7d9df e-con-full e-flex e-con e-child\" data-id=\"8f7d9df\" data-element_type=\"container\">\n\t\t\t\t<div class=\"elementor-element elementor-element-478f870 elementor-widget elementor-widget-heading\" data-id=\"478f870\" data-element_type=\"widget\" data-widget_type=\"heading.default\">\n\t\t\t\t<div class=\"elementor-widget-container\">\n\t\t\t\t\t<h2 class=\"elementor-heading-title elementor-size-default\">CONTACTEZ-NOUS<\/h2>\t\t\t\t<\/div>\n\t\t\t\t<\/div>\n\t\t\t\t<div class=\"elementor-element elementor-element-804358b elementor-widget elementor-widget-html\" data-id=\"804358b\" data-element_type=\"widget\" data-widget_type=\"html.default\">\n\t\t\t\t<div class=\"elementor-widget-container\">\n\t\t\t\t\t<!DOCTYPE html>\r\n<html lang=\"en\">\r\n<head>\r\n  <meta charset=\"UTF-8\">\r\n  <title>Contact<\/title>\r\n  <style>\r\n    .contact-container {\r\n      max-width: 600px;\r\n    }\r\n\r\n    .contact-container h2 {\r\n      text-align: left;\r\n      margin-bottom: 25px;\r\n    }\r\n\r\n    .contact-item {\r\n      display: flex;\r\n      align-items: center;\r\n      margin-bottom: 15px;\r\n    }\r\n    .contact-item p{\r\n      margin-bottom: 0px;\r\n      color: #3b3736;\r\n    }\r\n    .contact-item img {\r\n      width: 35px;\r\n      object-fit: contain;\r\n      margin-right: 15px;\r\n    }\r\n\r\n    .qr-section {\r\n      display: flex;\r\n      margin-top: 40px;\r\n    }\r\n\r\n    .qr-item {\r\n      margin-right: 30px;\r\n      text-align: center;\r\n    }\r\n\r\n    .qr-item img {\r\n      width: 100px;\r\n      height: 100px;\r\n      margin-bottom: 10px;\r\n      object-fit: contain;\r\n    }\r\n    .contact-item p span{\r\n        color: #0076c0;\r\n    } \r\n  <\/style>\r\n<\/head>\r\n<body>\r\n\r\n<div class=\"contact-container\">\r\n    <div class=\"contact-item\">\r\n    <img decoding=\"async\" src=\"\/wp-content\/uploads\/2025\/09\/Contact-Us38x385.png\" alt=\"Ic\u00f4ne d&#039;adresse\">\r\n   <div>\r\n      <p><strong>Gadlee Green Cleaning Equipment Corporation<\/strong>\r\n  <p><strong>Gadlee Green Cleaning Equipment Corporation (HONG KONG) LIMITED<\/strong><\/p>\r\n  <\/div>\r\n <\/p>\r\n  <\/div>\r\n \r\n  <div class=\"contact-item\">\r\n    <img decoding=\"async\" src=\"\/wp-content\/uploads\/2025\/07\/Contact-Us38x382.png\" alt=\"Ic\u00f4ne de t\u00e9l\u00e9phone\">\r\n    <a href=\"tel:+8675786086202\">\r\n    <p><strong>T\u00e9l :<\/strong> +86 757 86086202<\/p>\r\n<\/a>\r\n<p style=\"margin-left: 15px;\">\r\n    <strong>WhatsApp :<\/strong>\r\n    <a href=\"https:\/\/wa.me\/8613925985027\" target=\"_blank\">+86 13925985027<\/a>\r\n  <\/p>\r\n  <\/div>\r\n\r\n  <div class=\"contact-item\">\r\n    <img decoding=\"async\" src=\"\/wp-content\/uploads\/2025\/07\/Contact-Us38x383.png\" alt=\"Ic\u00f4ne de courriel\">\r\n    <a href=\"mailto:info@gadlee.com\">\r\n    <p><strong>Courriel :<\/strong> info@gadlee.com<\/p>\r\n    <\/a>\r\n  <\/div>\r\n\r\n  <div class=\"contact-item\">\r\n    <img decoding=\"async\" src=\"\/wp-content\/uploads\/2025\/07\/Contact-Us38x381.png\" alt=\"Ic\u00f4ne d&#039;adresse\">\r\n    <p><a href=\"https:\/\/maps.app.goo.gl\/NhL66Cu4TEtGA2qG9\"><strong>Adresse :<\/strong> No.59 Xianan Road, Guicheng, Nanhai District, Foshan 528200 Guangdong China <span> (map)<\/span><\/a><\/p>\r\n  <\/div>\r\n  \r\n  \r\n   \r\n  \r\n  <div class=\"qr-section\">\r\n    <div class=\"qr-item\">\r\n     <a href=\"https:\/\/www.facebook.com\/profile.php?id=61554809648784\">\r\n      <img decoding=\"async\" src=\"\/wp-content\/uploads\/2025\/07\/118x118Facebook.png\" alt=\"Facebook QR\">\r\n      <div><strong>Facebook<\/strong><\/div>\r\n     <\/a>\r\n    <\/div>\r\n    <div class=\"qr-item\">\r\n     <a href=\"https:\/\/www.linkedin.com\/company\/gadlee\/\">\r\n      <img decoding=\"async\" src=\"\/wp-content\/uploads\/2025\/07\/118x118Linkedin.png\" alt=\"LinkedIn QR\">\r\n      <div><strong>Linkedin<\/strong><\/div>\r\n     <\/a>\r\n    <\/div>\r\n    <div class=\"qr-item\">\r\n     <a href=\"https:\/\/www.youtube.com\/@gadlee\">\r\n      <img decoding=\"async\" src=\"\/wp-content\/uploads\/2025\/07\/118x118YouTube.png\" alt=\"YouTube QR\">\r\n      <div><strong>YouTube<\/strong><\/div>\r\n     <\/a>\r\n    <\/div>\r\n  <\/div>\r\n  <\/div>\r\n<\/body>\r\n<\/html>\r\n\t\t\t\t<\/div>\n\t\t\t\t<\/div>\n\t\t\t\t<\/div>\n\t\t\t\t<\/div>\n\t\t\t\t<\/div>","protected":false},"excerpt":{"rendered":"<p>Home\u00a0 &gt; Contact Us Contact Us CONTACT US Contact Us Gadlee Green Cleaning Equipment Corporation Gadlee Green Cleaning Equipment Corporation (HONG KONG) LIMITED Tel: +86 757 86086202 WhatsApp: +86 13925985027<\/p>","protected":false},"author":1,"featured_media":0,"parent":0,"menu_order":0,"comment_status":"closed","ping_status":"closed","template":"","meta":{"footnotes":""},"class_list":["post-39","page","type-page","status-publish","hentry"],"yoast_head":"<!-- This site is optimized with the Yoast SEO plugin v26.2 - https:\/\/yoast.com\/wordpress\/plugins\/seo\/ -->\n<title>Contact Gadlee - Get in Touch with Our Cleaning Equipment Experts<\/title>\n<meta name=\"description\" content=\"Have a question or need a custom cleaning solution? Contact Gadlee today. Our team will assist you with product information, technical support, and business inquiries.\" \/>\n<meta name=\"robots\" content=\"index, follow, max-snippet:-1, max-image-preview:large, max-video-preview:-1\" \/>\n<link rel=\"canonical\" href=\"https:\/\/www.gadlee.hk\/fr\/nous-contacter\/\" \/>\n<meta property=\"og:locale\" content=\"fr_FR\" \/>\n<meta property=\"og:type\" content=\"article\" \/>\n<meta property=\"og:title\" content=\"Contact Gadlee - Get in Touch with Our Cleaning Equipment Experts\" \/>\n<meta property=\"og:description\" content=\"Have a question or need a custom cleaning solution? Contact Gadlee today. Our team will assist you with product information, technical support, and business inquiries.\" \/>\n<meta property=\"og:url\" content=\"https:\/\/www.gadlee.hk\/fr\/nous-contacter\/\" \/>\n<meta property=\"og:site_name\" content=\"Gadlee\" \/>\n<meta property=\"article:modified_time\" content=\"2025-10-25T03:40:37+00:00\" \/>\n<meta property=\"og:image\" content=\"https:\/\/www.gadlee.hk\/wp-content\/uploads\/2025\/06\/logo.png\" \/>\n\t<meta property=\"og:image:width\" content=\"1578\" \/>\n\t<meta property=\"og:image:height\" content=\"327\" \/>\n\t<meta property=\"og:image:type\" content=\"image\/png\" \/>\n<meta name=\"twitter:card\" content=\"summary_large_image\" \/>\n<meta name=\"twitter:label1\" content=\"Est. reading time\" \/>\n\t<meta name=\"twitter:data1\" content=\"2 minutes\" \/>\n<script type=\"application\/ld+json\" class=\"yoast-schema-graph\">{\"@context\":\"https:\/\/schema.org\",\"@graph\":[{\"@type\":\"WebPage\",\"@id\":\"https:\/\/www.gadlee.hk\/ja\/%e3%81%8a%e5%95%8f%e3%81%84%e5%90%88%e3%82%8f%e3%81%9b\/\",\"url\":\"https:\/\/www.gadlee.hk\/ja\/%e3%81%8a%e5%95%8f%e3%81%84%e5%90%88%e3%82%8f%e3%81%9b\/\",\"name\":\"Contact Gadlee - Get in Touch with Our Cleaning Equipment Experts\",\"isPartOf\":{\"@id\":\"https:\/\/www.gadlee.hk\/ja\/#website\"},\"datePublished\":\"2024-04-17T07:16:25+00:00\",\"dateModified\":\"2025-10-25T03:40:37+00:00\",\"description\":\"Have a question or need a custom cleaning solution? Contact Gadlee today. Our team will assist you with product information, technical support, and business inquiries.\",\"breadcrumb\":{\"@id\":\"https:\/\/www.gadlee.hk\/ja\/%e3%81%8a%e5%95%8f%e3%81%84%e5%90%88%e3%82%8f%e3%81%9b\/#breadcrumb\"},\"inLanguage\":\"fr-FR\",\"potentialAction\":[{\"@type\":\"ReadAction\",\"target\":[\"https:\/\/www.gadlee.hk\/ja\/%e3%81%8a%e5%95%8f%e3%81%84%e5%90%88%e3%82%8f%e3%81%9b\/\"]}]},{\"@type\":\"BreadcrumbList\",\"@id\":\"https:\/\/www.gadlee.hk\/ja\/%e3%81%8a%e5%95%8f%e3%81%84%e5%90%88%e3%82%8f%e3%81%9b\/#breadcrumb\",\"itemListElement\":[{\"@type\":\"ListItem\",\"position\":1,\"name\":\"Home\",\"item\":\"https:\/\/www.gadlee.hk\/fr\/\"},{\"@type\":\"ListItem\",\"position\":2,\"name\":\"Contact Us\"}]},{\"@type\":\"WebSite\",\"@id\":\"https:\/\/www.gadlee.hk\/ja\/#website\",\"url\":\"https:\/\/www.gadlee.hk\/ja\/\",\"name\":\"Gadlee\",\"description\":\"Asia&#039;s leading manufacturer of professional cleaning machines\",\"publisher\":{\"@id\":\"https:\/\/www.gadlee.hk\/ja\/#organization\"},\"potentialAction\":[{\"@type\":\"SearchAction\",\"target\":{\"@type\":\"EntryPoint\",\"urlTemplate\":\"https:\/\/www.gadlee.hk\/ja\/?s={search_term_string}\"},\"query-input\":{\"@type\":\"PropertyValueSpecification\",\"valueRequired\":true,\"valueName\":\"search_term_string\"}}],\"inLanguage\":\"fr-FR\"},{\"@type\":\"Organization\",\"@id\":\"https:\/\/www.gadlee.hk\/ja\/#organization\",\"name\":\"Gadlee\",\"url\":\"https:\/\/www.gadlee.hk\/ja\/\",\"logo\":{\"@type\":\"ImageObject\",\"inLanguage\":\"fr-FR\",\"@id\":\"https:\/\/www.gadlee.hk\/ja\/#\/schema\/logo\/image\/\",\"url\":\"https:\/\/www.gadlee.hk\/wp-content\/uploads\/2025\/06\/logo.png\",\"contentUrl\":\"https:\/\/www.gadlee.hk\/wp-content\/uploads\/2025\/06\/logo.png\",\"width\":1578,\"height\":327,\"caption\":\"Gadlee\"},\"image\":{\"@id\":\"https:\/\/www.gadlee.hk\/ja\/#\/schema\/logo\/image\/\"}}]}<\/script>\n<!-- \/ Yoast SEO plugin. -->","yoast_head_json":{"title":"Contact Gadlee - Get in Touch with Our Cleaning Equipment Experts","description":"Have a question or need a custom cleaning solution? Contact Gadlee today. Our team will assist you with product information, technical support, and business inquiries.","robots":{"index":"index","follow":"follow","max-snippet":"max-snippet:-1","max-image-preview":"max-image-preview:large","max-video-preview":"max-video-preview:-1"},"canonical":"https:\/\/www.gadlee.hk\/fr\/nous-contacter\/","og_locale":"fr_FR","og_type":"article","og_title":"Contact Gadlee - Get in Touch with Our Cleaning Equipment Experts","og_description":"Have a question or need a custom cleaning solution? Contact Gadlee today. Our team will assist you with product information, technical support, and business inquiries.","og_url":"https:\/\/www.gadlee.hk\/fr\/nous-contacter\/","og_site_name":"Gadlee","article_modified_time":"2025-10-25T03:40:37+00:00","og_image":[{"width":1578,"height":327,"url":"https:\/\/www.gadlee.hk\/wp-content\/uploads\/2025\/06\/logo.png","type":"image\/png"}],"twitter_card":"summary_large_image","twitter_misc":{"Est. reading time":"2 minutes"},"schema":{"@context":"https:\/\/schema.org","@graph":[{"@type":"WebPage","@id":"https:\/\/www.gadlee.hk\/ja\/%e3%81%8a%e5%95%8f%e3%81%84%e5%90%88%e3%82%8f%e3%81%9b\/","url":"https:\/\/www.gadlee.hk\/ja\/%e3%81%8a%e5%95%8f%e3%81%84%e5%90%88%e3%82%8f%e3%81%9b\/","name":"Contact Gadlee - Get in Touch with Our Cleaning Equipment Experts","isPartOf":{"@id":"https:\/\/www.gadlee.hk\/ja\/#website"},"datePublished":"2024-04-17T07:16:25+00:00","dateModified":"2025-10-25T03:40:37+00:00","description":"Have a question or need a custom cleaning solution? Contact Gadlee today. Our team will assist you with product information, technical support, and business inquiries.","breadcrumb":{"@id":"https:\/\/www.gadlee.hk\/ja\/%e3%81%8a%e5%95%8f%e3%81%84%e5%90%88%e3%82%8f%e3%81%9b\/#breadcrumb"},"inLanguage":"fr-FR","potentialAction":[{"@type":"ReadAction","target":["https:\/\/www.gadlee.hk\/ja\/%e3%81%8a%e5%95%8f%e3%81%84%e5%90%88%e3%82%8f%e3%81%9b\/"]}]},{"@type":"BreadcrumbList","@id":"https:\/\/www.gadlee.hk\/ja\/%e3%81%8a%e5%95%8f%e3%81%84%e5%90%88%e3%82%8f%e3%81%9b\/#breadcrumb","itemListElement":[{"@type":"ListItem","position":1,"name":"Home","item":"https:\/\/www.gadlee.hk\/fr\/"},{"@type":"ListItem","position":2,"name":"Contact Us"}]},{"@type":"WebSite","@id":"https:\/\/www.gadlee.hk\/ja\/#website","url":"https:\/\/www.gadlee.hk\/ja\/","name":"Gadlee","description":"Asia&#039;s leading manufacturer of professional cleaning machines","publisher":{"@id":"https:\/\/www.gadlee.hk\/ja\/#organization"},"potentialAction":[{"@type":"SearchAction","target":{"@type":"EntryPoint","urlTemplate":"https:\/\/www.gadlee.hk\/ja\/?s={search_term_string}"},"query-input":{"@type":"PropertyValueSpecification","valueRequired":true,"valueName":"search_term_string"}}],"inLanguage":"fr-FR"},{"@type":"Organization","@id":"https:\/\/www.gadlee.hk\/ja\/#organization","name":"Gadlee","url":"https:\/\/www.gadlee.hk\/ja\/","logo":{"@type":"ImageObject","inLanguage":"fr-FR","@id":"https:\/\/www.gadlee.hk\/ja\/#\/schema\/logo\/image\/","url":"https:\/\/www.gadlee.hk\/wp-content\/uploads\/2025\/06\/logo.png","contentUrl":"https:\/\/www.gadlee.hk\/wp-content\/uploads\/2025\/06\/logo.png","width":1578,"height":327,"caption":"Gadlee"},"image":{"@id":"https:\/\/www.gadlee.hk\/ja\/#\/schema\/logo\/image\/"}}]}},"_links":{"self":[{"href":"https:\/\/www.gadlee.hk\/fr\/wp-json\/wp\/v2\/pages\/39","targetHints":{"allow":["GET"]}}],"collection":[{"href":"https:\/\/www.gadlee.hk\/fr\/wp-json\/wp\/v2\/pages"}],"about":[{"href":"https:\/\/www.gadlee.hk\/fr\/wp-json\/wp\/v2\/types\/page"}],"author":[{"embeddable":true,"href":"https:\/\/www.gadlee.hk\/fr\/wp-json\/wp\/v2\/users\/1"}],"replies":[{"embeddable":true,"href":"https:\/\/www.gadlee.hk\/fr\/wp-json\/wp\/v2\/comments?post=39"}],"version-history":[{"count":140,"href":"https:\/\/www.gadlee.hk\/fr\/wp-json\/wp\/v2\/pages\/39\/revisions"}],"predecessor-version":[{"id":5682,"href":"https:\/\/www.gadlee.hk\/fr\/wp-json\/wp\/v2\/pages\/39\/revisions\/5682"}],"wp:attachment":[{"href":"https:\/\/www.gadlee.hk\/fr\/wp-json\/wp\/v2\/media?parent=39"}],"curies":[{"name":"wp","href":"https:\/\/api.w.org\/{rel}","templated":true}]}}