{"id":2464,"date":"2025-06-30T02:19:47","date_gmt":"2025-06-30T02:19:47","guid":{"rendered":"https:\/\/gadlee.hk\/?post_type=product&#038;p=2464"},"modified":"2025-10-25T06:29:52","modified_gmt":"2025-10-25T06:29:52","slug":"gt85-autolaveuse-a-conducteur-marchant","status":"publish","type":"product","link":"https:\/\/www.gadlee.hk\/fr\/produit\/gt85-autolaveuse-a-conducteur-marchant\/","title":{"rendered":"GT85+ Autolaveuse \u00e0 conducteur marchant"},"content":{"rendered":"<p><strong>PLUS DE PUISSANCE, PLUS DE S\u00c9CURIT\u00c9, PLUS DE CAPACIT\u00c9<\/strong><br \/>\nL'autolaveuse \u00e0 conducteur marchant GT85+ de taille moyenne offre une largeur de lavage de 70 cm, une vitesse de 3,5 km\/h et des r\u00e9servoirs de grande capacit\u00e9 qui am\u00e9liorent la productivit\u00e9.<br \/>\nLe GT85 est con\u00e7u pour les applications lourdes, sa construction robuste et ses mat\u00e9riaux de qualit\u00e9 sup\u00e9rieure offrent une plus grande fiabilit\u00e9 et une plus longue dur\u00e9e de vie.<\/p>\n<h6>Caract\u00e9ristiques principales :<\/h6>\n<ul>\n<li>Meilleur r\u00e9sultat gr\u00e2ce \u00e0 une meilleure pression de la brosse (jusqu'\u00e0 65 kg) et \u00e0 des temps de s\u00e9chage plus rapides.<\/li>\n<li>Tr\u00e8s facile \u00e0 utiliser gr\u00e2ce \u00e0 un panneau intelligent et \u00e0 un syst\u00e8me de d\u00e9marrage par une seule touche.<\/li>\n<li>6,5 heures de nettoyage non-stop en mode ECO.<\/li>\n<li>Syst\u00e8me de traction puissant, vitesse variable en marche avant et en marche arri\u00e8re.<\/li>\n<li>Equip\u00e9 du syst\u00e8me EASE-DOSE.<\/li>\n<li>\u00c9quip\u00e9 d'un capteur d'eau pour assurer une protection maximale de la brosse et du syst\u00e8me d'aspiration.<\/li>\n<li>Acc\u00e8s facile au r\u00e9servoir et aux batteries pour le nettoyage et l'entretien ; aucun outil n'est n\u00e9cessaire pour acc\u00e9der au pont de lavage.<\/li>\n<\/ul>","protected":false},"excerpt":{"rendered":"<p>Avez-vous besoin d'aide ?<\/p>","protected":false},"featured_media":2465,"template":"","meta":[],"product_brand":[],"product_cat":[124,130],"product_tag":[],"class_list":{"0":"post-2464","1":"product","2":"type-product","3":"status-publish","4":"has-post-thumbnail","6":"product_cat-scrubber-dryers","7":"product_cat-walk-behind-scrubber-dryer","9":"first","10":"instock","11":"shipping-taxable","12":"product-type-simple"},"yoast_head":"<!-- This site is optimized with the Yoast SEO plugin v26.2 - https:\/\/yoast.com\/wordpress\/plugins\/seo\/ -->\n<title>GT85+ Walk-behind Scrubber Dryer | More Power, More Safety, More Ability<\/title>\n<meta name=\"description\" content=\"Discover the Gadlee GT85+ walk-behind scrubber dryer \u2014 a mid-size, heavy-duty cleaning machine with 70cm scrubbing width, 3.5 km\/h speed, and large capacity tanks. Designed for industrial and commercial use, it delivers powerful cleaning with up to 65kg brush pressure, 6.5 hours ECO Mode autonomy, ONE-KEY START system, smart panel operation, traction drive, EASE-DOSE system, and water sensor protection.\" \/>\n<meta name=\"robots\" content=\"index, follow, max-snippet:-1, max-image-preview:large, max-video-preview:-1\" \/>\n<link rel=\"canonical\" href=\"https:\/\/www.gadlee.hk\/fr\/produit\/gt85-autolaveuse-a-conducteur-marchant\/\" \/>\n<meta property=\"og:locale\" content=\"fr_FR\" \/>\n<meta property=\"og:type\" content=\"article\" \/>\n<meta property=\"og:title\" content=\"GT85+ Walk-behind Scrubber Dryer | More Power, More Safety, More Ability\" \/>\n<meta property=\"og:description\" content=\"Discover the Gadlee GT85+ walk-behind scrubber dryer \u2014 a mid-size, heavy-duty cleaning machine with 70cm scrubbing width, 3.5 km\/h speed, and large capacity tanks. Designed for industrial and commercial use, it delivers powerful cleaning with up to 65kg brush pressure, 6.5 hours ECO Mode autonomy, ONE-KEY START system, smart panel operation, traction drive, EASE-DOSE system, and water sensor protection.\" \/>\n<meta property=\"og:url\" content=\"https:\/\/www.gadlee.hk\/fr\/produit\/gt85-autolaveuse-a-conducteur-marchant\/\" \/>\n<meta property=\"og:site_name\" content=\"Gadlee\" \/>\n<meta property=\"article:modified_time\" content=\"2025-10-25T06:29:52+00:00\" \/>\n<meta property=\"og:image\" content=\"https:\/\/www.gadlee.hk\/wp-content\/uploads\/2025\/06\/GT85-1.png\" \/>\n\t<meta property=\"og:image:width\" content=\"1200\" \/>\n\t<meta property=\"og:image:height\" content=\"800\" \/>\n\t<meta property=\"og:image:type\" content=\"image\/png\" \/>\n<meta name=\"twitter:card\" content=\"summary_large_image\" \/>\n<meta name=\"twitter:label1\" content=\"Est. reading time\" \/>\n\t<meta name=\"twitter:data1\" content=\"1 minute\" \/>\n<script type=\"application\/ld+json\" class=\"yoast-schema-graph\">{\"@context\":\"https:\/\/schema.org\",\"@graph\":[{\"@type\":\"WebPage\",\"@id\":\"https:\/\/www.gadlee.hk\/fr\/produit\/gt85-autolaveuse-a-conducteur-marchant\/\",\"url\":\"https:\/\/www.gadlee.hk\/fr\/produit\/gt85-autolaveuse-a-conducteur-marchant\/\",\"name\":\"GT85+ Walk-behind Scrubber Dryer | More Power, More Safety, More Ability\",\"isPartOf\":{\"@id\":\"https:\/\/www.gadlee.hk\/ja\/#website\"},\"primaryImageOfPage\":{\"@id\":\"https:\/\/www.gadlee.hk\/fr\/produit\/gt85-autolaveuse-a-conducteur-marchant\/#primaryimage\"},\"image\":{\"@id\":\"https:\/\/www.gadlee.hk\/fr\/produit\/gt85-autolaveuse-a-conducteur-marchant\/#primaryimage\"},\"thumbnailUrl\":\"https:\/\/www.gadlee.hk\/wp-content\/uploads\/2025\/06\/GT85-1.png\",\"datePublished\":\"2025-06-30T02:19:47+00:00\",\"dateModified\":\"2025-10-25T06:29:52+00:00\",\"description\":\"Discover the Gadlee GT85+ walk-behind scrubber dryer \u2014 a mid-size, heavy-duty cleaning machine with 70cm scrubbing width, 3.5 km\/h speed, and large capacity tanks. Designed for industrial and commercial use, it delivers powerful cleaning with up to 65kg brush pressure, 6.5 hours ECO Mode autonomy, ONE-KEY START system, smart panel operation, traction drive, EASE-DOSE system, and water sensor protection.\",\"breadcrumb\":{\"@id\":\"https:\/\/www.gadlee.hk\/fr\/produit\/gt85-autolaveuse-a-conducteur-marchant\/#breadcrumb\"},\"inLanguage\":\"fr-FR\",\"potentialAction\":[{\"@type\":\"ReadAction\",\"target\":[\"https:\/\/www.gadlee.hk\/fr\/produit\/gt85-autolaveuse-a-conducteur-marchant\/\"]}]},{\"@type\":\"ImageObject\",\"inLanguage\":\"fr-FR\",\"@id\":\"https:\/\/www.gadlee.hk\/fr\/produit\/gt85-autolaveuse-a-conducteur-marchant\/#primaryimage\",\"url\":\"https:\/\/www.gadlee.hk\/wp-content\/uploads\/2025\/06\/GT85-1.png\",\"contentUrl\":\"https:\/\/www.gadlee.hk\/wp-content\/uploads\/2025\/06\/GT85-1.png\",\"width\":1200,\"height\":800},{\"@type\":\"BreadcrumbList\",\"@id\":\"https:\/\/www.gadlee.hk\/fr\/produit\/gt85-autolaveuse-a-conducteur-marchant\/#breadcrumb\",\"itemListElement\":[{\"@type\":\"ListItem\",\"position\":1,\"name\":\"Home\",\"item\":\"https:\/\/www.gadlee.hk\/fr\/\"},{\"@type\":\"ListItem\",\"position\":2,\"name\":\"Products\",\"item\":\"https:\/\/www.gadlee.hk\/fr\/boutique\/\"},{\"@type\":\"ListItem\",\"position\":3,\"name\":\"GT85+ Walk-Behind Scrubber Dryer\"}]},{\"@type\":\"WebSite\",\"@id\":\"https:\/\/www.gadlee.hk\/ja\/#website\",\"url\":\"https:\/\/www.gadlee.hk\/ja\/\",\"name\":\"Gadlee\",\"description\":\"Asia&#039;s leading manufacturer of professional cleaning machines\",\"publisher\":{\"@id\":\"https:\/\/www.gadlee.hk\/ja\/#organization\"},\"potentialAction\":[{\"@type\":\"SearchAction\",\"target\":{\"@type\":\"EntryPoint\",\"urlTemplate\":\"https:\/\/www.gadlee.hk\/ja\/?s={search_term_string}\"},\"query-input\":{\"@type\":\"PropertyValueSpecification\",\"valueRequired\":true,\"valueName\":\"search_term_string\"}}],\"inLanguage\":\"fr-FR\"},{\"@type\":\"Organization\",\"@id\":\"https:\/\/www.gadlee.hk\/ja\/#organization\",\"name\":\"Gadlee\",\"url\":\"https:\/\/www.gadlee.hk\/ja\/\",\"logo\":{\"@type\":\"ImageObject\",\"inLanguage\":\"fr-FR\",\"@id\":\"https:\/\/www.gadlee.hk\/ja\/#\/schema\/logo\/image\/\",\"url\":\"https:\/\/www.gadlee.hk\/wp-content\/uploads\/2025\/06\/logo.png\",\"contentUrl\":\"https:\/\/www.gadlee.hk\/wp-content\/uploads\/2025\/06\/logo.png\",\"width\":1578,\"height\":327,\"caption\":\"Gadlee\"},\"image\":{\"@id\":\"https:\/\/www.gadlee.hk\/ja\/#\/schema\/logo\/image\/\"}}]}<\/script>\n<!-- \/ Yoast SEO plugin. -->","yoast_head_json":{"title":"GT85+ Walk-behind Scrubber Dryer | More Power, More Safety, More Ability","description":"Discover the Gadlee GT85+ walk-behind scrubber dryer \u2014 a mid-size, heavy-duty cleaning machine with 70cm scrubbing width, 3.5 km\/h speed, and large capacity tanks. Designed for industrial and commercial use, it delivers powerful cleaning with up to 65kg brush pressure, 6.5 hours ECO Mode autonomy, ONE-KEY START system, smart panel operation, traction drive, EASE-DOSE system, and water sensor protection.","robots":{"index":"index","follow":"follow","max-snippet":"max-snippet:-1","max-image-preview":"max-image-preview:large","max-video-preview":"max-video-preview:-1"},"canonical":"https:\/\/www.gadlee.hk\/fr\/produit\/gt85-autolaveuse-a-conducteur-marchant\/","og_locale":"fr_FR","og_type":"article","og_title":"GT85+ Walk-behind Scrubber Dryer | More Power, More Safety, More Ability","og_description":"Discover the Gadlee GT85+ walk-behind scrubber dryer \u2014 a mid-size, heavy-duty cleaning machine with 70cm scrubbing width, 3.5 km\/h speed, and large capacity tanks. Designed for industrial and commercial use, it delivers powerful cleaning with up to 65kg brush pressure, 6.5 hours ECO Mode autonomy, ONE-KEY START system, smart panel operation, traction drive, EASE-DOSE system, and water sensor protection.","og_url":"https:\/\/www.gadlee.hk\/fr\/produit\/gt85-autolaveuse-a-conducteur-marchant\/","og_site_name":"Gadlee","article_modified_time":"2025-10-25T06:29:52+00:00","og_image":[{"width":1200,"height":800,"url":"https:\/\/www.gadlee.hk\/wp-content\/uploads\/2025\/06\/GT85-1.png","type":"image\/png"}],"twitter_card":"summary_large_image","twitter_misc":{"Est. reading time":"1 minute"},"schema":{"@context":"https:\/\/schema.org","@graph":[{"@type":"WebPage","@id":"https:\/\/www.gadlee.hk\/fr\/produit\/gt85-autolaveuse-a-conducteur-marchant\/","url":"https:\/\/www.gadlee.hk\/fr\/produit\/gt85-autolaveuse-a-conducteur-marchant\/","name":"GT85+ Walk-behind Scrubber Dryer | More Power, More Safety, More Ability","isPartOf":{"@id":"https:\/\/www.gadlee.hk\/ja\/#website"},"primaryImageOfPage":{"@id":"https:\/\/www.gadlee.hk\/fr\/produit\/gt85-autolaveuse-a-conducteur-marchant\/#primaryimage"},"image":{"@id":"https:\/\/www.gadlee.hk\/fr\/produit\/gt85-autolaveuse-a-conducteur-marchant\/#primaryimage"},"thumbnailUrl":"https:\/\/www.gadlee.hk\/wp-content\/uploads\/2025\/06\/GT85-1.png","datePublished":"2025-06-30T02:19:47+00:00","dateModified":"2025-10-25T06:29:52+00:00","description":"Discover the Gadlee GT85+ walk-behind scrubber dryer \u2014 a mid-size, heavy-duty cleaning machine with 70cm scrubbing width, 3.5 km\/h speed, and large capacity tanks. Designed for industrial and commercial use, it delivers powerful cleaning with up to 65kg brush pressure, 6.5 hours ECO Mode autonomy, ONE-KEY START system, smart panel operation, traction drive, EASE-DOSE system, and water sensor protection.","breadcrumb":{"@id":"https:\/\/www.gadlee.hk\/fr\/produit\/gt85-autolaveuse-a-conducteur-marchant\/#breadcrumb"},"inLanguage":"fr-FR","potentialAction":[{"@type":"ReadAction","target":["https:\/\/www.gadlee.hk\/fr\/produit\/gt85-autolaveuse-a-conducteur-marchant\/"]}]},{"@type":"ImageObject","inLanguage":"fr-FR","@id":"https:\/\/www.gadlee.hk\/fr\/produit\/gt85-autolaveuse-a-conducteur-marchant\/#primaryimage","url":"https:\/\/www.gadlee.hk\/wp-content\/uploads\/2025\/06\/GT85-1.png","contentUrl":"https:\/\/www.gadlee.hk\/wp-content\/uploads\/2025\/06\/GT85-1.png","width":1200,"height":800},{"@type":"BreadcrumbList","@id":"https:\/\/www.gadlee.hk\/fr\/produit\/gt85-autolaveuse-a-conducteur-marchant\/#breadcrumb","itemListElement":[{"@type":"ListItem","position":1,"name":"Home","item":"https:\/\/www.gadlee.hk\/fr\/"},{"@type":"ListItem","position":2,"name":"Products","item":"https:\/\/www.gadlee.hk\/fr\/boutique\/"},{"@type":"ListItem","position":3,"name":"GT85+ Walk-Behind Scrubber Dryer"}]},{"@type":"WebSite","@id":"https:\/\/www.gadlee.hk\/ja\/#website","url":"https:\/\/www.gadlee.hk\/ja\/","name":"Gadlee","description":"Asia&#039;s leading manufacturer of professional cleaning machines","publisher":{"@id":"https:\/\/www.gadlee.hk\/ja\/#organization"},"potentialAction":[{"@type":"SearchAction","target":{"@type":"EntryPoint","urlTemplate":"https:\/\/www.gadlee.hk\/ja\/?s={search_term_string}"},"query-input":{"@type":"PropertyValueSpecification","valueRequired":true,"valueName":"search_term_string"}}],"inLanguage":"fr-FR"},{"@type":"Organization","@id":"https:\/\/www.gadlee.hk\/ja\/#organization","name":"Gadlee","url":"https:\/\/www.gadlee.hk\/ja\/","logo":{"@type":"ImageObject","inLanguage":"fr-FR","@id":"https:\/\/www.gadlee.hk\/ja\/#\/schema\/logo\/image\/","url":"https:\/\/www.gadlee.hk\/wp-content\/uploads\/2025\/06\/logo.png","contentUrl":"https:\/\/www.gadlee.hk\/wp-content\/uploads\/2025\/06\/logo.png","width":1578,"height":327,"caption":"Gadlee"},"image":{"@id":"https:\/\/www.gadlee.hk\/ja\/#\/schema\/logo\/image\/"}}]}},"_links":{"self":[{"href":"https:\/\/www.gadlee.hk\/fr\/wp-json\/wp\/v2\/product\/2464","targetHints":{"allow":["GET"]}}],"collection":[{"href":"https:\/\/www.gadlee.hk\/fr\/wp-json\/wp\/v2\/product"}],"about":[{"href":"https:\/\/www.gadlee.hk\/fr\/wp-json\/wp\/v2\/types\/product"}],"version-history":[{"count":3,"href":"https:\/\/www.gadlee.hk\/fr\/wp-json\/wp\/v2\/product\/2464\/revisions"}],"predecessor-version":[{"id":5562,"href":"https:\/\/www.gadlee.hk\/fr\/wp-json\/wp\/v2\/product\/2464\/revisions\/5562"}],"wp:featuredmedia":[{"embeddable":true,"href":"https:\/\/www.gadlee.hk\/fr\/wp-json\/wp\/v2\/media\/2465"}],"wp:attachment":[{"href":"https:\/\/www.gadlee.hk\/fr\/wp-json\/wp\/v2\/media?parent=2464"}],"wp:term":[{"taxonomy":"product_brand","embeddable":true,"href":"https:\/\/www.gadlee.hk\/fr\/wp-json\/wp\/v2\/product_brand?post=2464"},{"taxonomy":"product_cat","embeddable":true,"href":"https:\/\/www.gadlee.hk\/fr\/wp-json\/wp\/v2\/product_cat?post=2464"},{"taxonomy":"product_tag","embeddable":true,"href":"https:\/\/www.gadlee.hk\/fr\/wp-json\/wp\/v2\/product_tag?post=2464"}],"curies":[{"name":"wp","href":"https:\/\/api.w.org\/{rel}","templated":true}]}}