{"id":2500,"date":"2025-06-30T02:30:54","date_gmt":"2025-06-30T02:30:54","guid":{"rendered":"https:\/\/gadlee.hk\/?post_type=product&#038;p=2500"},"modified":"2025-10-25T06:28:59","modified_gmt":"2025-10-25T06:28:59","slug":"gt180-b95-autolaveuse-autoportee","status":"publish","type":"product","link":"https:\/\/www.gadlee.hk\/fr\/produit\/gt180-b95-autolaveuse-autoportee\/","title":{"rendered":"GT180 B95 Autolaveuse autoport\u00e9e"},"content":{"rendered":"<p class=\" translation-block\">La gamme d'autolaveuses autoport\u00e9es GT180 est compacte et stable, ce qui la rend id\u00e9ale pour toutes les t\u00e2ches de nettoyage, elle peut \u00eatre configur\u00e9e avec diff\u00e9rentes brosses, tampons et autres options pour r\u00e9pondre exactement aux besoins du client.\r\nLa gamme GT180 est bien adapt\u00e9e aux applications commerciales lourdes telles que les centres commerciaux et les terminaux d'a\u00e9roports, ainsi qu'aux utilisations industrielles telles que les entrep\u00f4ts et les zones de chargement.<\/p>\n<h6>Caract\u00e9ristiques principales :<\/h6>\n<ul>\n<li>2 mod\u00e8les avec des parcours de nettoyage de 95 cm et 75 cm ; le mod\u00e8le de 75 cm est \u00e9quip\u00e9 de deux brosses cylindriques et d'un syst\u00e8me de balayage.<\/li>\n<li>Le grand compartiment \u00e0 piles permet d'utiliser des piles d'une capacit\u00e9 maximale de 330 Ah (jusqu'\u00e0 5 heures d'autonomie).<\/li>\n<li>Pression de r\u00e9curage r\u00e9glable pour une large gamme d'applications de nettoyage, du r\u00e9curage quotidien \u00e0 la restauration.<\/li>\n<li>Une commande ONE-KEY et un syst\u00e8me de diagnostic embarqu\u00e9.<\/li>\n<li>Syst\u00e8me combin\u00e9 de lavage et de balayage comprenant un bac \u00e0 d\u00e9bris (version 75 RS).<\/li>\n<li>\u00c9quip\u00e9 d'un capteur d'eau pour assurer une protection maximale de la brosse et du syst\u00e8me d'aspiration.<\/li>\n<\/ul>","protected":false},"excerpt":{"rendered":"<p>Avez-vous besoin d'aide ?<\/p>","protected":false},"featured_media":2501,"template":"","meta":[],"product_brand":[],"product_cat":[131,124],"product_tag":[],"class_list":{"0":"post-2500","1":"product","2":"type-product","3":"status-publish","4":"has-post-thumbnail","6":"product_cat-ride-on-scrubber-dryer","7":"product_cat-scrubber-dryers","9":"first","10":"instock","11":"shipping-taxable","12":"product-type-simple"},"yoast_head":"<!-- This site is optimized with the Yoast SEO plugin v26.2 - https:\/\/yoast.com\/wordpress\/plugins\/seo\/ -->\n<title>GT180 B95 Ride-On Scrubber Dryer - Gadlee<\/title>\n<meta name=\"description\" content=\"Powerful floor scrubber dryer with long runtime and enhanced operator comfort.\" \/>\n<meta name=\"robots\" content=\"index, follow, max-snippet:-1, max-image-preview:large, max-video-preview:-1\" \/>\n<link rel=\"canonical\" href=\"https:\/\/www.gadlee.hk\/fr\/produit\/gt180-b95-autolaveuse-autoportee\/\" \/>\n<meta property=\"og:locale\" content=\"fr_FR\" \/>\n<meta property=\"og:type\" content=\"article\" \/>\n<meta property=\"og:title\" content=\"GT180 B95 Ride-On Scrubber Dryer - Gadlee\" \/>\n<meta property=\"og:description\" content=\"Powerful floor scrubber dryer with long runtime and enhanced operator comfort.\" \/>\n<meta property=\"og:url\" content=\"https:\/\/www.gadlee.hk\/fr\/produit\/gt180-b95-autolaveuse-autoportee\/\" \/>\n<meta property=\"og:site_name\" content=\"Gadlee\" \/>\n<meta property=\"article:modified_time\" content=\"2025-10-25T06:28:59+00:00\" \/>\n<meta property=\"og:image\" content=\"https:\/\/www.gadlee.hk\/wp-content\/uploads\/2025\/06\/GT180-1.png\" \/>\n\t<meta property=\"og:image:width\" content=\"1200\" \/>\n\t<meta property=\"og:image:height\" content=\"800\" \/>\n\t<meta property=\"og:image:type\" content=\"image\/png\" \/>\n<meta name=\"twitter:card\" content=\"summary_large_image\" \/>\n<meta name=\"twitter:label1\" content=\"Est. reading time\" \/>\n\t<meta name=\"twitter:data1\" content=\"1 minute\" \/>\n<script type=\"application\/ld+json\" class=\"yoast-schema-graph\">{\"@context\":\"https:\/\/schema.org\",\"@graph\":[{\"@type\":\"WebPage\",\"@id\":\"https:\/\/www.gadlee.hk\/product\/gt180-b95-ride-on-scrubber-dryer\/\",\"url\":\"https:\/\/www.gadlee.hk\/product\/gt180-b95-ride-on-scrubber-dryer\/\",\"name\":\"GT180 B95 Ride-On Scrubber Dryer - Gadlee\",\"isPartOf\":{\"@id\":\"https:\/\/www.gadlee.hk\/ja\/#website\"},\"primaryImageOfPage\":{\"@id\":\"https:\/\/www.gadlee.hk\/product\/gt180-b95-ride-on-scrubber-dryer\/#primaryimage\"},\"image\":{\"@id\":\"https:\/\/www.gadlee.hk\/product\/gt180-b95-ride-on-scrubber-dryer\/#primaryimage\"},\"thumbnailUrl\":\"https:\/\/www.gadlee.hk\/wp-content\/uploads\/2025\/06\/GT180-1.png\",\"datePublished\":\"2025-06-30T02:30:54+00:00\",\"dateModified\":\"2025-10-25T06:28:59+00:00\",\"description\":\"Powerful floor scrubber dryer with long runtime and enhanced operator comfort.\",\"breadcrumb\":{\"@id\":\"https:\/\/www.gadlee.hk\/product\/gt180-b95-ride-on-scrubber-dryer\/#breadcrumb\"},\"inLanguage\":\"fr-FR\",\"potentialAction\":[{\"@type\":\"ReadAction\",\"target\":[\"https:\/\/www.gadlee.hk\/product\/gt180-b95-ride-on-scrubber-dryer\/\"]}]},{\"@type\":\"ImageObject\",\"inLanguage\":\"fr-FR\",\"@id\":\"https:\/\/www.gadlee.hk\/product\/gt180-b95-ride-on-scrubber-dryer\/#primaryimage\",\"url\":\"https:\/\/www.gadlee.hk\/wp-content\/uploads\/2025\/06\/GT180-1.png\",\"contentUrl\":\"https:\/\/www.gadlee.hk\/wp-content\/uploads\/2025\/06\/GT180-1.png\",\"width\":1200,\"height\":800},{\"@type\":\"BreadcrumbList\",\"@id\":\"https:\/\/www.gadlee.hk\/product\/gt180-b95-ride-on-scrubber-dryer\/#breadcrumb\",\"itemListElement\":[{\"@type\":\"ListItem\",\"position\":1,\"name\":\"Home\",\"item\":\"https:\/\/www.gadlee.hk\/fr\/\"},{\"@type\":\"ListItem\",\"position\":2,\"name\":\"Products\",\"item\":\"https:\/\/www.gadlee.hk\/fr\/boutique\/\"},{\"@type\":\"ListItem\",\"position\":3,\"name\":\"GT180 B95 Ride-On Scrubber Dryer\"}]},{\"@type\":\"WebSite\",\"@id\":\"https:\/\/www.gadlee.hk\/ja\/#website\",\"url\":\"https:\/\/www.gadlee.hk\/ja\/\",\"name\":\"Gadlee\",\"description\":\"Asia&#039;s leading manufacturer of professional cleaning machines\",\"publisher\":{\"@id\":\"https:\/\/www.gadlee.hk\/ja\/#organization\"},\"potentialAction\":[{\"@type\":\"SearchAction\",\"target\":{\"@type\":\"EntryPoint\",\"urlTemplate\":\"https:\/\/www.gadlee.hk\/ja\/?s={search_term_string}\"},\"query-input\":{\"@type\":\"PropertyValueSpecification\",\"valueRequired\":true,\"valueName\":\"search_term_string\"}}],\"inLanguage\":\"fr-FR\"},{\"@type\":\"Organization\",\"@id\":\"https:\/\/www.gadlee.hk\/ja\/#organization\",\"name\":\"Gadlee\",\"url\":\"https:\/\/www.gadlee.hk\/ja\/\",\"logo\":{\"@type\":\"ImageObject\",\"inLanguage\":\"fr-FR\",\"@id\":\"https:\/\/www.gadlee.hk\/ja\/#\/schema\/logo\/image\/\",\"url\":\"https:\/\/www.gadlee.hk\/wp-content\/uploads\/2025\/06\/logo.png\",\"contentUrl\":\"https:\/\/www.gadlee.hk\/wp-content\/uploads\/2025\/06\/logo.png\",\"width\":1578,\"height\":327,\"caption\":\"Gadlee\"},\"image\":{\"@id\":\"https:\/\/www.gadlee.hk\/ja\/#\/schema\/logo\/image\/\"}}]}<\/script>\n<!-- \/ Yoast SEO plugin. -->","yoast_head_json":{"title":"GT180 B95 Ride-On Scrubber Dryer - Gadlee","description":"Powerful floor scrubber dryer with long runtime and enhanced operator comfort.","robots":{"index":"index","follow":"follow","max-snippet":"max-snippet:-1","max-image-preview":"max-image-preview:large","max-video-preview":"max-video-preview:-1"},"canonical":"https:\/\/www.gadlee.hk\/fr\/produit\/gt180-b95-autolaveuse-autoportee\/","og_locale":"fr_FR","og_type":"article","og_title":"GT180 B95 Ride-On Scrubber Dryer - Gadlee","og_description":"Powerful floor scrubber dryer with long runtime and enhanced operator comfort.","og_url":"https:\/\/www.gadlee.hk\/fr\/produit\/gt180-b95-autolaveuse-autoportee\/","og_site_name":"Gadlee","article_modified_time":"2025-10-25T06:28:59+00:00","og_image":[{"width":1200,"height":800,"url":"https:\/\/www.gadlee.hk\/wp-content\/uploads\/2025\/06\/GT180-1.png","type":"image\/png"}],"twitter_card":"summary_large_image","twitter_misc":{"Est. reading time":"1 minute"},"schema":{"@context":"https:\/\/schema.org","@graph":[{"@type":"WebPage","@id":"https:\/\/www.gadlee.hk\/product\/gt180-b95-ride-on-scrubber-dryer\/","url":"https:\/\/www.gadlee.hk\/product\/gt180-b95-ride-on-scrubber-dryer\/","name":"GT180 B95 Ride-On Scrubber Dryer - Gadlee","isPartOf":{"@id":"https:\/\/www.gadlee.hk\/ja\/#website"},"primaryImageOfPage":{"@id":"https:\/\/www.gadlee.hk\/product\/gt180-b95-ride-on-scrubber-dryer\/#primaryimage"},"image":{"@id":"https:\/\/www.gadlee.hk\/product\/gt180-b95-ride-on-scrubber-dryer\/#primaryimage"},"thumbnailUrl":"https:\/\/www.gadlee.hk\/wp-content\/uploads\/2025\/06\/GT180-1.png","datePublished":"2025-06-30T02:30:54+00:00","dateModified":"2025-10-25T06:28:59+00:00","description":"Powerful floor scrubber dryer with long runtime and enhanced operator comfort.","breadcrumb":{"@id":"https:\/\/www.gadlee.hk\/product\/gt180-b95-ride-on-scrubber-dryer\/#breadcrumb"},"inLanguage":"fr-FR","potentialAction":[{"@type":"ReadAction","target":["https:\/\/www.gadlee.hk\/product\/gt180-b95-ride-on-scrubber-dryer\/"]}]},{"@type":"ImageObject","inLanguage":"fr-FR","@id":"https:\/\/www.gadlee.hk\/product\/gt180-b95-ride-on-scrubber-dryer\/#primaryimage","url":"https:\/\/www.gadlee.hk\/wp-content\/uploads\/2025\/06\/GT180-1.png","contentUrl":"https:\/\/www.gadlee.hk\/wp-content\/uploads\/2025\/06\/GT180-1.png","width":1200,"height":800},{"@type":"BreadcrumbList","@id":"https:\/\/www.gadlee.hk\/product\/gt180-b95-ride-on-scrubber-dryer\/#breadcrumb","itemListElement":[{"@type":"ListItem","position":1,"name":"Home","item":"https:\/\/www.gadlee.hk\/fr\/"},{"@type":"ListItem","position":2,"name":"Products","item":"https:\/\/www.gadlee.hk\/fr\/boutique\/"},{"@type":"ListItem","position":3,"name":"GT180 B95 Ride-On Scrubber Dryer"}]},{"@type":"WebSite","@id":"https:\/\/www.gadlee.hk\/ja\/#website","url":"https:\/\/www.gadlee.hk\/ja\/","name":"Gadlee","description":"Asia&#039;s leading manufacturer of professional cleaning machines","publisher":{"@id":"https:\/\/www.gadlee.hk\/ja\/#organization"},"potentialAction":[{"@type":"SearchAction","target":{"@type":"EntryPoint","urlTemplate":"https:\/\/www.gadlee.hk\/ja\/?s={search_term_string}"},"query-input":{"@type":"PropertyValueSpecification","valueRequired":true,"valueName":"search_term_string"}}],"inLanguage":"fr-FR"},{"@type":"Organization","@id":"https:\/\/www.gadlee.hk\/ja\/#organization","name":"Gadlee","url":"https:\/\/www.gadlee.hk\/ja\/","logo":{"@type":"ImageObject","inLanguage":"fr-FR","@id":"https:\/\/www.gadlee.hk\/ja\/#\/schema\/logo\/image\/","url":"https:\/\/www.gadlee.hk\/wp-content\/uploads\/2025\/06\/logo.png","contentUrl":"https:\/\/www.gadlee.hk\/wp-content\/uploads\/2025\/06\/logo.png","width":1578,"height":327,"caption":"Gadlee"},"image":{"@id":"https:\/\/www.gadlee.hk\/ja\/#\/schema\/logo\/image\/"}}]}},"_links":{"self":[{"href":"https:\/\/www.gadlee.hk\/fr\/wp-json\/wp\/v2\/product\/2500","targetHints":{"allow":["GET"]}}],"collection":[{"href":"https:\/\/www.gadlee.hk\/fr\/wp-json\/wp\/v2\/product"}],"about":[{"href":"https:\/\/www.gadlee.hk\/fr\/wp-json\/wp\/v2\/types\/product"}],"version-history":[{"count":4,"href":"https:\/\/www.gadlee.hk\/fr\/wp-json\/wp\/v2\/product\/2500\/revisions"}],"predecessor-version":[{"id":5536,"href":"https:\/\/www.gadlee.hk\/fr\/wp-json\/wp\/v2\/product\/2500\/revisions\/5536"}],"wp:featuredmedia":[{"embeddable":true,"href":"https:\/\/www.gadlee.hk\/fr\/wp-json\/wp\/v2\/media\/2501"}],"wp:attachment":[{"href":"https:\/\/www.gadlee.hk\/fr\/wp-json\/wp\/v2\/media?parent=2500"}],"wp:term":[{"taxonomy":"product_brand","embeddable":true,"href":"https:\/\/www.gadlee.hk\/fr\/wp-json\/wp\/v2\/product_brand?post=2500"},{"taxonomy":"product_cat","embeddable":true,"href":"https:\/\/www.gadlee.hk\/fr\/wp-json\/wp\/v2\/product_cat?post=2500"},{"taxonomy":"product_tag","embeddable":true,"href":"https:\/\/www.gadlee.hk\/fr\/wp-json\/wp\/v2\/product_tag?post=2500"}],"curies":[{"name":"wp","href":"https:\/\/api.w.org\/{rel}","templated":true}]}}