{"id":3117,"date":"2025-07-07T07:54:42","date_gmt":"2025-07-07T07:54:42","guid":{"rendered":"https:\/\/gadlee.hk\/?post_type=product&#038;p=3117"},"modified":"2025-10-25T06:28:08","modified_gmt":"2025-10-25T06:28:08","slug":"balayeuse-autoportee-gts1500","status":"publish","type":"product","link":"https:\/\/www.gadlee.hk\/fr\/produit\/balayeuse-autoportee-gts1500\/","title":{"rendered":"Balayeuse autoport\u00e9e GTS1500"},"content":{"rendered":"<p class=\" translation-block\">Le Gadlee GTS1500 est plus qu'une simple solution, c'est une opportunit\u00e9 puissante pour un nettoyage de qualit\u00e9 industrielle. Con\u00e7ue pour fonctionner dans des environnements extr\u00eamement poussi\u00e9reux, elle collecte efficacement les poussi\u00e8res fines comme les gros d\u00e9bris. Cette balayeuse autoport\u00e9e robuste est parfaite pour les applications industrielles difficiles et id\u00e9ale pour les zones publiques et logistiques telles que les entrep\u00f4ts, les quais de chargement et les parkings.\r\nLa GTS1500 est dot\u00e9e des caract\u00e9ristiques n\u00e9cessaires aux balayeuses industrielles pour des performances optimales : une tr\u00e9mie plus grande, une puissance plus \u00e9lev\u00e9e, une efficacit\u00e9 de balayage exceptionnelle et un syst\u00e8me d'aspiration tr\u00e8s performant.<\/p>\n<h6>Caract\u00e9ristiques principales :<\/h6>\n<ul>\n<li>Syst\u00e8me de balayage \u00e0 jet direct pour des r\u00e9sultats de nettoyage exceptionnels, m\u00eame dans des conditions difficiles.<\/li>\n<li>Filtre en polyester PTFE tr\u00e8s r\u00e9sistant.<\/li>\n<li>Ch\u00e2ssis robuste tout en acier pour une durabilit\u00e9 maximale<\/li>\n<li>Direction assist\u00e9e pour un fonctionnement sans effort<\/li>\n<li>Le syst\u00e8me de compactage des d\u00e9chets en tr\u00e9mie augmente la capacit\u00e9 de stockage<\/li>\n<li>Syst\u00e8me enti\u00e8rement hydraulique pour une maintenance r\u00e9duite<\/li>\n<li>Syst\u00e8me de pression constante des brosses<\/li>\n<li>Remplacement sans outil du balai principal<\/li>\n<\/ul>","protected":false},"excerpt":{"rendered":"<p>Avez-vous besoin d'aide ?<\/p>","protected":false},"featured_media":3118,"template":"","meta":[],"product_brand":[],"product_cat":[132,128],"product_tag":[],"class_list":{"0":"post-3117","1":"product","2":"type-product","3":"status-publish","4":"has-post-thumbnail","6":"product_cat-ride-on-sweeper","7":"product_cat-sweepers","9":"first","10":"instock","11":"shipping-taxable","12":"product-type-simple"},"yoast_head":"<!-- This site is optimized with the Yoast SEO plugin v26.2 - https:\/\/yoast.com\/wordpress\/plugins\/seo\/ -->\n<title>GTS1500 Ride-On Sweeper - Gadlee<\/title>\n<meta name=\"description\" content=\"Professional-grade ride-on sweeper delivering high sweeping performance and operator comfort.\" \/>\n<meta name=\"robots\" content=\"index, follow, max-snippet:-1, max-image-preview:large, max-video-preview:-1\" \/>\n<link rel=\"canonical\" href=\"https:\/\/www.gadlee.hk\/fr\/produit\/balayeuse-autoportee-gts1500\/\" \/>\n<meta property=\"og:locale\" content=\"fr_FR\" \/>\n<meta property=\"og:type\" content=\"article\" \/>\n<meta property=\"og:title\" content=\"GTS1500 Ride-On Sweeper - Gadlee\" \/>\n<meta property=\"og:description\" content=\"Professional-grade ride-on sweeper delivering high sweeping performance and operator comfort.\" \/>\n<meta property=\"og:url\" content=\"https:\/\/www.gadlee.hk\/fr\/produit\/balayeuse-autoportee-gts1500\/\" \/>\n<meta property=\"og:site_name\" content=\"Gadlee\" \/>\n<meta property=\"article:modified_time\" content=\"2025-10-25T06:28:08+00:00\" \/>\n<meta property=\"og:image\" content=\"https:\/\/www.gadlee.hk\/wp-content\/uploads\/2025\/07\/GTS1500-1.png\" \/>\n\t<meta property=\"og:image:width\" content=\"1200\" \/>\n\t<meta property=\"og:image:height\" content=\"800\" \/>\n\t<meta property=\"og:image:type\" content=\"image\/png\" \/>\n<meta name=\"twitter:card\" content=\"summary_large_image\" \/>\n<meta name=\"twitter:label1\" content=\"Est. reading time\" \/>\n\t<meta name=\"twitter:data1\" content=\"1 minute\" \/>\n<script type=\"application\/ld+json\" class=\"yoast-schema-graph\">{\"@context\":\"https:\/\/schema.org\",\"@graph\":[{\"@type\":\"WebPage\",\"@id\":\"https:\/\/www.gadlee.hk\/product\/gts1500-ride-on-sweeper\/\",\"url\":\"https:\/\/www.gadlee.hk\/product\/gts1500-ride-on-sweeper\/\",\"name\":\"GTS1500 Ride-On Sweeper - Gadlee\",\"isPartOf\":{\"@id\":\"https:\/\/www.gadlee.hk\/ja\/#website\"},\"primaryImageOfPage\":{\"@id\":\"https:\/\/www.gadlee.hk\/product\/gts1500-ride-on-sweeper\/#primaryimage\"},\"image\":{\"@id\":\"https:\/\/www.gadlee.hk\/product\/gts1500-ride-on-sweeper\/#primaryimage\"},\"thumbnailUrl\":\"https:\/\/www.gadlee.hk\/wp-content\/uploads\/2025\/07\/GTS1500-1.png\",\"datePublished\":\"2025-07-07T07:54:42+00:00\",\"dateModified\":\"2025-10-25T06:28:08+00:00\",\"description\":\"Professional-grade ride-on sweeper delivering high sweeping performance and operator comfort.\",\"breadcrumb\":{\"@id\":\"https:\/\/www.gadlee.hk\/product\/gts1500-ride-on-sweeper\/#breadcrumb\"},\"inLanguage\":\"fr-FR\",\"potentialAction\":[{\"@type\":\"ReadAction\",\"target\":[\"https:\/\/www.gadlee.hk\/product\/gts1500-ride-on-sweeper\/\"]}]},{\"@type\":\"ImageObject\",\"inLanguage\":\"fr-FR\",\"@id\":\"https:\/\/www.gadlee.hk\/product\/gts1500-ride-on-sweeper\/#primaryimage\",\"url\":\"https:\/\/www.gadlee.hk\/wp-content\/uploads\/2025\/07\/GTS1500-1.png\",\"contentUrl\":\"https:\/\/www.gadlee.hk\/wp-content\/uploads\/2025\/07\/GTS1500-1.png\",\"width\":1200,\"height\":800},{\"@type\":\"BreadcrumbList\",\"@id\":\"https:\/\/www.gadlee.hk\/product\/gts1500-ride-on-sweeper\/#breadcrumb\",\"itemListElement\":[{\"@type\":\"ListItem\",\"position\":1,\"name\":\"Home\",\"item\":\"https:\/\/www.gadlee.hk\/fr\/\"},{\"@type\":\"ListItem\",\"position\":2,\"name\":\"Products\",\"item\":\"https:\/\/www.gadlee.hk\/fr\/boutique\/\"},{\"@type\":\"ListItem\",\"position\":3,\"name\":\"GTS1500 Ride-On Sweeper\"}]},{\"@type\":\"WebSite\",\"@id\":\"https:\/\/www.gadlee.hk\/ja\/#website\",\"url\":\"https:\/\/www.gadlee.hk\/ja\/\",\"name\":\"Gadlee\",\"description\":\"Asia&#039;s leading manufacturer of professional cleaning machines\",\"publisher\":{\"@id\":\"https:\/\/www.gadlee.hk\/ja\/#organization\"},\"potentialAction\":[{\"@type\":\"SearchAction\",\"target\":{\"@type\":\"EntryPoint\",\"urlTemplate\":\"https:\/\/www.gadlee.hk\/ja\/?s={search_term_string}\"},\"query-input\":{\"@type\":\"PropertyValueSpecification\",\"valueRequired\":true,\"valueName\":\"search_term_string\"}}],\"inLanguage\":\"fr-FR\"},{\"@type\":\"Organization\",\"@id\":\"https:\/\/www.gadlee.hk\/ja\/#organization\",\"name\":\"Gadlee\",\"url\":\"https:\/\/www.gadlee.hk\/ja\/\",\"logo\":{\"@type\":\"ImageObject\",\"inLanguage\":\"fr-FR\",\"@id\":\"https:\/\/www.gadlee.hk\/ja\/#\/schema\/logo\/image\/\",\"url\":\"https:\/\/www.gadlee.hk\/wp-content\/uploads\/2025\/06\/logo.png\",\"contentUrl\":\"https:\/\/www.gadlee.hk\/wp-content\/uploads\/2025\/06\/logo.png\",\"width\":1578,\"height\":327,\"caption\":\"Gadlee\"},\"image\":{\"@id\":\"https:\/\/www.gadlee.hk\/ja\/#\/schema\/logo\/image\/\"}}]}<\/script>\n<!-- \/ Yoast SEO plugin. -->","yoast_head_json":{"title":"GTS1500 Ride-On Sweeper - Gadlee","description":"Professional-grade ride-on sweeper delivering high sweeping performance and operator comfort.","robots":{"index":"index","follow":"follow","max-snippet":"max-snippet:-1","max-image-preview":"max-image-preview:large","max-video-preview":"max-video-preview:-1"},"canonical":"https:\/\/www.gadlee.hk\/fr\/produit\/balayeuse-autoportee-gts1500\/","og_locale":"fr_FR","og_type":"article","og_title":"GTS1500 Ride-On Sweeper - Gadlee","og_description":"Professional-grade ride-on sweeper delivering high sweeping performance and operator comfort.","og_url":"https:\/\/www.gadlee.hk\/fr\/produit\/balayeuse-autoportee-gts1500\/","og_site_name":"Gadlee","article_modified_time":"2025-10-25T06:28:08+00:00","og_image":[{"width":1200,"height":800,"url":"https:\/\/www.gadlee.hk\/wp-content\/uploads\/2025\/07\/GTS1500-1.png","type":"image\/png"}],"twitter_card":"summary_large_image","twitter_misc":{"Est. reading time":"1 minute"},"schema":{"@context":"https:\/\/schema.org","@graph":[{"@type":"WebPage","@id":"https:\/\/www.gadlee.hk\/product\/gts1500-ride-on-sweeper\/","url":"https:\/\/www.gadlee.hk\/product\/gts1500-ride-on-sweeper\/","name":"GTS1500 Ride-On Sweeper - Gadlee","isPartOf":{"@id":"https:\/\/www.gadlee.hk\/ja\/#website"},"primaryImageOfPage":{"@id":"https:\/\/www.gadlee.hk\/product\/gts1500-ride-on-sweeper\/#primaryimage"},"image":{"@id":"https:\/\/www.gadlee.hk\/product\/gts1500-ride-on-sweeper\/#primaryimage"},"thumbnailUrl":"https:\/\/www.gadlee.hk\/wp-content\/uploads\/2025\/07\/GTS1500-1.png","datePublished":"2025-07-07T07:54:42+00:00","dateModified":"2025-10-25T06:28:08+00:00","description":"Professional-grade ride-on sweeper delivering high sweeping performance and operator comfort.","breadcrumb":{"@id":"https:\/\/www.gadlee.hk\/product\/gts1500-ride-on-sweeper\/#breadcrumb"},"inLanguage":"fr-FR","potentialAction":[{"@type":"ReadAction","target":["https:\/\/www.gadlee.hk\/product\/gts1500-ride-on-sweeper\/"]}]},{"@type":"ImageObject","inLanguage":"fr-FR","@id":"https:\/\/www.gadlee.hk\/product\/gts1500-ride-on-sweeper\/#primaryimage","url":"https:\/\/www.gadlee.hk\/wp-content\/uploads\/2025\/07\/GTS1500-1.png","contentUrl":"https:\/\/www.gadlee.hk\/wp-content\/uploads\/2025\/07\/GTS1500-1.png","width":1200,"height":800},{"@type":"BreadcrumbList","@id":"https:\/\/www.gadlee.hk\/product\/gts1500-ride-on-sweeper\/#breadcrumb","itemListElement":[{"@type":"ListItem","position":1,"name":"Home","item":"https:\/\/www.gadlee.hk\/fr\/"},{"@type":"ListItem","position":2,"name":"Products","item":"https:\/\/www.gadlee.hk\/fr\/boutique\/"},{"@type":"ListItem","position":3,"name":"GTS1500 Ride-On Sweeper"}]},{"@type":"WebSite","@id":"https:\/\/www.gadlee.hk\/ja\/#website","url":"https:\/\/www.gadlee.hk\/ja\/","name":"Gadlee","description":"Asia&#039;s leading manufacturer of professional cleaning machines","publisher":{"@id":"https:\/\/www.gadlee.hk\/ja\/#organization"},"potentialAction":[{"@type":"SearchAction","target":{"@type":"EntryPoint","urlTemplate":"https:\/\/www.gadlee.hk\/ja\/?s={search_term_string}"},"query-input":{"@type":"PropertyValueSpecification","valueRequired":true,"valueName":"search_term_string"}}],"inLanguage":"fr-FR"},{"@type":"Organization","@id":"https:\/\/www.gadlee.hk\/ja\/#organization","name":"Gadlee","url":"https:\/\/www.gadlee.hk\/ja\/","logo":{"@type":"ImageObject","inLanguage":"fr-FR","@id":"https:\/\/www.gadlee.hk\/ja\/#\/schema\/logo\/image\/","url":"https:\/\/www.gadlee.hk\/wp-content\/uploads\/2025\/06\/logo.png","contentUrl":"https:\/\/www.gadlee.hk\/wp-content\/uploads\/2025\/06\/logo.png","width":1578,"height":327,"caption":"Gadlee"},"image":{"@id":"https:\/\/www.gadlee.hk\/ja\/#\/schema\/logo\/image\/"}}]}},"_links":{"self":[{"href":"https:\/\/www.gadlee.hk\/fr\/wp-json\/wp\/v2\/product\/3117","targetHints":{"allow":["GET"]}}],"collection":[{"href":"https:\/\/www.gadlee.hk\/fr\/wp-json\/wp\/v2\/product"}],"about":[{"href":"https:\/\/www.gadlee.hk\/fr\/wp-json\/wp\/v2\/types\/product"}],"version-history":[{"count":2,"href":"https:\/\/www.gadlee.hk\/fr\/wp-json\/wp\/v2\/product\/3117\/revisions"}],"predecessor-version":[{"id":4332,"href":"https:\/\/www.gadlee.hk\/fr\/wp-json\/wp\/v2\/product\/3117\/revisions\/4332"}],"wp:featuredmedia":[{"embeddable":true,"href":"https:\/\/www.gadlee.hk\/fr\/wp-json\/wp\/v2\/media\/3118"}],"wp:attachment":[{"href":"https:\/\/www.gadlee.hk\/fr\/wp-json\/wp\/v2\/media?parent=3117"}],"wp:term":[{"taxonomy":"product_brand","embeddable":true,"href":"https:\/\/www.gadlee.hk\/fr\/wp-json\/wp\/v2\/product_brand?post=3117"},{"taxonomy":"product_cat","embeddable":true,"href":"https:\/\/www.gadlee.hk\/fr\/wp-json\/wp\/v2\/product_cat?post=3117"},{"taxonomy":"product_tag","embeddable":true,"href":"https:\/\/www.gadlee.hk\/fr\/wp-json\/wp\/v2\/product_tag?post=3117"}],"curies":[{"name":"wp","href":"https:\/\/api.w.org\/{rel}","templated":true}]}}