{"id":4632,"date":"2025-08-03T04:17:00","date_gmt":"2025-08-03T04:17:00","guid":{"rendered":"https:\/\/gadlee.hk\/?post_type=product&#038;p=4632"},"modified":"2025-10-25T06:15:38","modified_gmt":"2025-10-25T06:15:38","slug":"gtc-210b","status":"publish","type":"product","link":"https:\/\/www.gadlee.hk\/fr\/produit\/gtc-210b\/","title":{"rendered":"GTC-210B"},"content":{"rendered":"<p>La Gadlee GTC-210B est con\u00e7ue pour l\u2019utilisateur : simple \u00e0 manipuler et \u00e9conomique. Avec un poids l\u00e9ger de seulement 2,3 kg et un design pratique, elle est id\u00e9ale pour nettoyer dans les zones o\u00f9 des m\u00e9thodes manuelles sont encore utilis\u00e9es.<\/p>\n<p>Elle est \u00e9quip\u00e9e d\u2019une poign\u00e9e ergonomique avec plusieurs fonctionnalit\u00e9s, telles que la longueur et l\u2019angle de l\u2019arbre r\u00e9glables. Sa batterie haute capacit\u00e9 offre jusqu\u2019\u00e0 4 heures d\u2019autonomie. Les brosses sont adapt\u00e9es aux zones difficiles d\u2019acc\u00e8s, coins et recoins. Elle poss\u00e8de \u00e9galement un syst\u00e8me de fixation rapide pour la t\u00eate de brossage, facilitant le remplacement.<\/p>","protected":false},"excerpt":{"rendered":"<p>Gadlee GTC-210B is designed with the user in mind, simple to handle and economical. The low weight 2.3 kgs and practical design makes it ideal for cleaning in areas where<\/p>","protected":false},"featured_media":4633,"template":"","meta":[],"product_brand":[],"product_cat":[136],"product_tag":[],"class_list":{"0":"post-4632","1":"product","2":"type-product","3":"status-publish","4":"has-post-thumbnail","6":"product_cat-mini-scrubbers","8":"first","9":"instock","10":"shipping-taxable","11":"product-type-simple"},"yoast_head":"<!-- This site is optimized with the Yoast SEO plugin v26.2 - https:\/\/yoast.com\/wordpress\/plugins\/seo\/ -->\n<title>GTC-210B - Gadlee<\/title>\n<meta name=\"description\" content=\"High-performance walk-behind sweeper perfect for commercial and industrial spaces.\" \/>\n<meta name=\"robots\" content=\"index, follow, max-snippet:-1, max-image-preview:large, max-video-preview:-1\" \/>\n<link rel=\"canonical\" href=\"https:\/\/www.gadlee.hk\/fr\/produit\/gtc-210b\/\" \/>\n<meta property=\"og:locale\" content=\"fr_FR\" \/>\n<meta property=\"og:type\" content=\"article\" \/>\n<meta property=\"og:title\" content=\"GTC-210B - Gadlee\" \/>\n<meta property=\"og:description\" content=\"High-performance walk-behind sweeper perfect for commercial and industrial spaces.\" \/>\n<meta property=\"og:url\" content=\"https:\/\/www.gadlee.hk\/fr\/produit\/gtc-210b\/\" \/>\n<meta property=\"og:site_name\" content=\"Gadlee\" \/>\n<meta property=\"article:modified_time\" content=\"2025-10-25T06:15:38+00:00\" \/>\n<meta property=\"og:image\" content=\"https:\/\/www.gadlee.hk\/wp-content\/uploads\/2025\/08\/GTC-210B-1.png\" \/>\n\t<meta property=\"og:image:width\" content=\"1200\" \/>\n\t<meta property=\"og:image:height\" content=\"800\" \/>\n\t<meta property=\"og:image:type\" content=\"image\/png\" \/>\n<meta name=\"twitter:card\" content=\"summary_large_image\" \/>\n<meta name=\"twitter:label1\" content=\"Est. reading time\" \/>\n\t<meta name=\"twitter:data1\" content=\"1 minute\" \/>\n<script type=\"application\/ld+json\" class=\"yoast-schema-graph\">{\"@context\":\"https:\/\/schema.org\",\"@graph\":[{\"@type\":\"WebPage\",\"@id\":\"https:\/\/www.gadlee.hk\/ja\/product\/gtc-210b\/\",\"url\":\"https:\/\/www.gadlee.hk\/ja\/product\/gtc-210b\/\",\"name\":\"GTC-210B - Gadlee\",\"isPartOf\":{\"@id\":\"https:\/\/www.gadlee.hk\/ja\/#website\"},\"primaryImageOfPage\":{\"@id\":\"https:\/\/www.gadlee.hk\/ja\/product\/gtc-210b\/#primaryimage\"},\"image\":{\"@id\":\"https:\/\/www.gadlee.hk\/ja\/product\/gtc-210b\/#primaryimage\"},\"thumbnailUrl\":\"https:\/\/www.gadlee.hk\/wp-content\/uploads\/2025\/08\/GTC-210B-1.png\",\"datePublished\":\"2025-08-03T04:17:00+00:00\",\"dateModified\":\"2025-10-25T06:15:38+00:00\",\"description\":\"High-performance walk-behind sweeper perfect for commercial and industrial spaces.\",\"breadcrumb\":{\"@id\":\"https:\/\/www.gadlee.hk\/ja\/product\/gtc-210b\/#breadcrumb\"},\"inLanguage\":\"fr-FR\",\"potentialAction\":[{\"@type\":\"ReadAction\",\"target\":[\"https:\/\/www.gadlee.hk\/ja\/product\/gtc-210b\/\"]}]},{\"@type\":\"ImageObject\",\"inLanguage\":\"fr-FR\",\"@id\":\"https:\/\/www.gadlee.hk\/ja\/product\/gtc-210b\/#primaryimage\",\"url\":\"https:\/\/www.gadlee.hk\/wp-content\/uploads\/2025\/08\/GTC-210B-1.png\",\"contentUrl\":\"https:\/\/www.gadlee.hk\/wp-content\/uploads\/2025\/08\/GTC-210B-1.png\",\"width\":1200,\"height\":800},{\"@type\":\"BreadcrumbList\",\"@id\":\"https:\/\/www.gadlee.hk\/ja\/product\/gtc-210b\/#breadcrumb\",\"itemListElement\":[{\"@type\":\"ListItem\",\"position\":1,\"name\":\"Home\",\"item\":\"https:\/\/www.gadlee.hk\/fr\/\"},{\"@type\":\"ListItem\",\"position\":2,\"name\":\"Products\",\"item\":\"https:\/\/www.gadlee.hk\/fr\/boutique\/\"},{\"@type\":\"ListItem\",\"position\":3,\"name\":\"GTC-210B\"}]},{\"@type\":\"WebSite\",\"@id\":\"https:\/\/www.gadlee.hk\/ja\/#website\",\"url\":\"https:\/\/www.gadlee.hk\/ja\/\",\"name\":\"Gadlee\",\"description\":\"Asia&#039;s leading manufacturer of professional cleaning machines\",\"publisher\":{\"@id\":\"https:\/\/www.gadlee.hk\/ja\/#organization\"},\"potentialAction\":[{\"@type\":\"SearchAction\",\"target\":{\"@type\":\"EntryPoint\",\"urlTemplate\":\"https:\/\/www.gadlee.hk\/ja\/?s={search_term_string}\"},\"query-input\":{\"@type\":\"PropertyValueSpecification\",\"valueRequired\":true,\"valueName\":\"search_term_string\"}}],\"inLanguage\":\"fr-FR\"},{\"@type\":\"Organization\",\"@id\":\"https:\/\/www.gadlee.hk\/ja\/#organization\",\"name\":\"Gadlee\",\"url\":\"https:\/\/www.gadlee.hk\/ja\/\",\"logo\":{\"@type\":\"ImageObject\",\"inLanguage\":\"fr-FR\",\"@id\":\"https:\/\/www.gadlee.hk\/ja\/#\/schema\/logo\/image\/\",\"url\":\"https:\/\/www.gadlee.hk\/wp-content\/uploads\/2025\/06\/logo.png\",\"contentUrl\":\"https:\/\/www.gadlee.hk\/wp-content\/uploads\/2025\/06\/logo.png\",\"width\":1578,\"height\":327,\"caption\":\"Gadlee\"},\"image\":{\"@id\":\"https:\/\/www.gadlee.hk\/ja\/#\/schema\/logo\/image\/\"}}]}<\/script>\n<!-- \/ Yoast SEO plugin. -->","yoast_head_json":{"title":"GTC-210B - Gadlee","description":"High-performance walk-behind sweeper perfect for commercial and industrial spaces.","robots":{"index":"index","follow":"follow","max-snippet":"max-snippet:-1","max-image-preview":"max-image-preview:large","max-video-preview":"max-video-preview:-1"},"canonical":"https:\/\/www.gadlee.hk\/fr\/produit\/gtc-210b\/","og_locale":"fr_FR","og_type":"article","og_title":"GTC-210B - Gadlee","og_description":"High-performance walk-behind sweeper perfect for commercial and industrial spaces.","og_url":"https:\/\/www.gadlee.hk\/fr\/produit\/gtc-210b\/","og_site_name":"Gadlee","article_modified_time":"2025-10-25T06:15:38+00:00","og_image":[{"width":1200,"height":800,"url":"https:\/\/www.gadlee.hk\/wp-content\/uploads\/2025\/08\/GTC-210B-1.png","type":"image\/png"}],"twitter_card":"summary_large_image","twitter_misc":{"Est. reading time":"1 minute"},"schema":{"@context":"https:\/\/schema.org","@graph":[{"@type":"WebPage","@id":"https:\/\/www.gadlee.hk\/ja\/product\/gtc-210b\/","url":"https:\/\/www.gadlee.hk\/ja\/product\/gtc-210b\/","name":"GTC-210B - Gadlee","isPartOf":{"@id":"https:\/\/www.gadlee.hk\/ja\/#website"},"primaryImageOfPage":{"@id":"https:\/\/www.gadlee.hk\/ja\/product\/gtc-210b\/#primaryimage"},"image":{"@id":"https:\/\/www.gadlee.hk\/ja\/product\/gtc-210b\/#primaryimage"},"thumbnailUrl":"https:\/\/www.gadlee.hk\/wp-content\/uploads\/2025\/08\/GTC-210B-1.png","datePublished":"2025-08-03T04:17:00+00:00","dateModified":"2025-10-25T06:15:38+00:00","description":"High-performance walk-behind sweeper perfect for commercial and industrial spaces.","breadcrumb":{"@id":"https:\/\/www.gadlee.hk\/ja\/product\/gtc-210b\/#breadcrumb"},"inLanguage":"fr-FR","potentialAction":[{"@type":"ReadAction","target":["https:\/\/www.gadlee.hk\/ja\/product\/gtc-210b\/"]}]},{"@type":"ImageObject","inLanguage":"fr-FR","@id":"https:\/\/www.gadlee.hk\/ja\/product\/gtc-210b\/#primaryimage","url":"https:\/\/www.gadlee.hk\/wp-content\/uploads\/2025\/08\/GTC-210B-1.png","contentUrl":"https:\/\/www.gadlee.hk\/wp-content\/uploads\/2025\/08\/GTC-210B-1.png","width":1200,"height":800},{"@type":"BreadcrumbList","@id":"https:\/\/www.gadlee.hk\/ja\/product\/gtc-210b\/#breadcrumb","itemListElement":[{"@type":"ListItem","position":1,"name":"Home","item":"https:\/\/www.gadlee.hk\/fr\/"},{"@type":"ListItem","position":2,"name":"Products","item":"https:\/\/www.gadlee.hk\/fr\/boutique\/"},{"@type":"ListItem","position":3,"name":"GTC-210B"}]},{"@type":"WebSite","@id":"https:\/\/www.gadlee.hk\/ja\/#website","url":"https:\/\/www.gadlee.hk\/ja\/","name":"Gadlee","description":"Asia&#039;s leading manufacturer of professional cleaning machines","publisher":{"@id":"https:\/\/www.gadlee.hk\/ja\/#organization"},"potentialAction":[{"@type":"SearchAction","target":{"@type":"EntryPoint","urlTemplate":"https:\/\/www.gadlee.hk\/ja\/?s={search_term_string}"},"query-input":{"@type":"PropertyValueSpecification","valueRequired":true,"valueName":"search_term_string"}}],"inLanguage":"fr-FR"},{"@type":"Organization","@id":"https:\/\/www.gadlee.hk\/ja\/#organization","name":"Gadlee","url":"https:\/\/www.gadlee.hk\/ja\/","logo":{"@type":"ImageObject","inLanguage":"fr-FR","@id":"https:\/\/www.gadlee.hk\/ja\/#\/schema\/logo\/image\/","url":"https:\/\/www.gadlee.hk\/wp-content\/uploads\/2025\/06\/logo.png","contentUrl":"https:\/\/www.gadlee.hk\/wp-content\/uploads\/2025\/06\/logo.png","width":1578,"height":327,"caption":"Gadlee"},"image":{"@id":"https:\/\/www.gadlee.hk\/ja\/#\/schema\/logo\/image\/"}}]}},"_links":{"self":[{"href":"https:\/\/www.gadlee.hk\/fr\/wp-json\/wp\/v2\/product\/4632","targetHints":{"allow":["GET"]}}],"collection":[{"href":"https:\/\/www.gadlee.hk\/fr\/wp-json\/wp\/v2\/product"}],"about":[{"href":"https:\/\/www.gadlee.hk\/fr\/wp-json\/wp\/v2\/types\/product"}],"version-history":[{"count":2,"href":"https:\/\/www.gadlee.hk\/fr\/wp-json\/wp\/v2\/product\/4632\/revisions"}],"predecessor-version":[{"id":5745,"href":"https:\/\/www.gadlee.hk\/fr\/wp-json\/wp\/v2\/product\/4632\/revisions\/5745"}],"wp:featuredmedia":[{"embeddable":true,"href":"https:\/\/www.gadlee.hk\/fr\/wp-json\/wp\/v2\/media\/4633"}],"wp:attachment":[{"href":"https:\/\/www.gadlee.hk\/fr\/wp-json\/wp\/v2\/media?parent=4632"}],"wp:term":[{"taxonomy":"product_brand","embeddable":true,"href":"https:\/\/www.gadlee.hk\/fr\/wp-json\/wp\/v2\/product_brand?post=4632"},{"taxonomy":"product_cat","embeddable":true,"href":"https:\/\/www.gadlee.hk\/fr\/wp-json\/wp\/v2\/product_cat?post=4632"},{"taxonomy":"product_tag","embeddable":true,"href":"https:\/\/www.gadlee.hk\/fr\/wp-json\/wp\/v2\/product_tag?post=4632"}],"curies":[{"name":"wp","href":"https:\/\/api.w.org\/{rel}","templated":true}]}}