{"id":4666,"date":"2025-08-03T09:18:37","date_gmt":"2025-08-03T09:18:37","guid":{"rendered":"https:\/\/gadlee.hk\/?post_type=product&#038;p=4666"},"modified":"2025-10-25T06:14:43","modified_gmt":"2025-10-25T06:14:43","slug":"102-savon-liquide-pour-les-mains","status":"publish","type":"product","link":"https:\/\/www.gadlee.hk\/fr\/produit\/102-savon-liquide-pour-les-mains\/","title":{"rendered":"102 Savon \u00e0 main liquide"},"content":{"rendered":"<p>Hydratation et excellente sensation dans la main. R\u00e9sultats de nettoyage impressionnants. Parfum agr\u00e9able. Aucun ingr\u00e9dient nocif. La mousse se rince facilement. Facile \u00e0 verser, il permet de gagner du temps en remplissant les distributeurs.<\/p>","protected":false},"excerpt":{"rendered":"<p>Contenu net : 500 mL \/ 0.13 gal<br \/>\nContenu net : 1 gal \/ 3.78 L<\/p>","protected":false},"featured_media":4668,"template":"","meta":[],"product_brand":[],"product_cat":[150],"product_tag":[],"class_list":{"0":"post-4666","1":"product","2":"type-product","3":"status-publish","4":"has-post-thumbnail","6":"product_cat-hand-sanitizer-series","8":"first","9":"instock","10":"shipping-taxable","11":"product-type-simple"},"yoast_head":"<!-- This site is optimized with the Yoast SEO plugin v26.2 - https:\/\/yoast.com\/wordpress\/plugins\/seo\/ -->\n<title>102 Liquid Handsoap - Gadlee<\/title>\n<meta name=\"description\" content=\"Mild liquid hand soap for effective and refreshing hand cleaning.\" \/>\n<meta name=\"robots\" content=\"index, follow, max-snippet:-1, max-image-preview:large, max-video-preview:-1\" \/>\n<link rel=\"canonical\" href=\"https:\/\/www.gadlee.hk\/fr\/produit\/102-savon-liquide-pour-les-mains\/\" \/>\n<meta property=\"og:locale\" content=\"fr_FR\" \/>\n<meta property=\"og:type\" content=\"article\" \/>\n<meta property=\"og:title\" content=\"102 Liquid Handsoap - Gadlee\" \/>\n<meta property=\"og:description\" content=\"Mild liquid hand soap for effective and refreshing hand cleaning.\" \/>\n<meta property=\"og:url\" content=\"https:\/\/www.gadlee.hk\/fr\/produit\/102-savon-liquide-pour-les-mains\/\" \/>\n<meta property=\"og:site_name\" content=\"Gadlee\" \/>\n<meta property=\"article:modified_time\" content=\"2025-10-25T06:14:43+00:00\" \/>\n<meta property=\"og:image\" content=\"https:\/\/www.gadlee.hk\/wp-content\/uploads\/2025\/08\/102-Liquid-Handsoap-2.png\" \/>\n\t<meta property=\"og:image:width\" content=\"1200\" \/>\n\t<meta property=\"og:image:height\" content=\"800\" \/>\n\t<meta property=\"og:image:type\" content=\"image\/png\" \/>\n<meta name=\"twitter:card\" content=\"summary_large_image\" \/>\n<meta name=\"twitter:label1\" content=\"Est. reading time\" \/>\n\t<meta name=\"twitter:data1\" content=\"1 minute\" \/>\n<script type=\"application\/ld+json\" class=\"yoast-schema-graph\">{\"@context\":\"https:\/\/schema.org\",\"@graph\":[{\"@type\":\"WebPage\",\"@id\":\"https:\/\/www.gadlee.hk\/ja\/product\/102-%e6%b6%b2%e4%bd%93%e3%83%8f%e3%83%b3%e3%83%89%e3%82%bd%e3%83%bc%e3%83%97\/\",\"url\":\"https:\/\/www.gadlee.hk\/ja\/product\/102-%e6%b6%b2%e4%bd%93%e3%83%8f%e3%83%b3%e3%83%89%e3%82%bd%e3%83%bc%e3%83%97\/\",\"name\":\"102 Liquid Handsoap - Gadlee\",\"isPartOf\":{\"@id\":\"https:\/\/www.gadlee.hk\/ja\/#website\"},\"primaryImageOfPage\":{\"@id\":\"https:\/\/www.gadlee.hk\/ja\/product\/102-%e6%b6%b2%e4%bd%93%e3%83%8f%e3%83%b3%e3%83%89%e3%82%bd%e3%83%bc%e3%83%97\/#primaryimage\"},\"image\":{\"@id\":\"https:\/\/www.gadlee.hk\/ja\/product\/102-%e6%b6%b2%e4%bd%93%e3%83%8f%e3%83%b3%e3%83%89%e3%82%bd%e3%83%bc%e3%83%97\/#primaryimage\"},\"thumbnailUrl\":\"https:\/\/www.gadlee.hk\/wp-content\/uploads\/2025\/08\/102-Liquid-Handsoap-2.png\",\"datePublished\":\"2025-08-03T09:18:37+00:00\",\"dateModified\":\"2025-10-25T06:14:43+00:00\",\"description\":\"Mild liquid hand soap for effective and refreshing hand cleaning.\",\"breadcrumb\":{\"@id\":\"https:\/\/www.gadlee.hk\/ja\/product\/102-%e6%b6%b2%e4%bd%93%e3%83%8f%e3%83%b3%e3%83%89%e3%82%bd%e3%83%bc%e3%83%97\/#breadcrumb\"},\"inLanguage\":\"fr-FR\",\"potentialAction\":[{\"@type\":\"ReadAction\",\"target\":[\"https:\/\/www.gadlee.hk\/ja\/product\/102-%e6%b6%b2%e4%bd%93%e3%83%8f%e3%83%b3%e3%83%89%e3%82%bd%e3%83%bc%e3%83%97\/\"]}]},{\"@type\":\"ImageObject\",\"inLanguage\":\"fr-FR\",\"@id\":\"https:\/\/www.gadlee.hk\/ja\/product\/102-%e6%b6%b2%e4%bd%93%e3%83%8f%e3%83%b3%e3%83%89%e3%82%bd%e3%83%bc%e3%83%97\/#primaryimage\",\"url\":\"https:\/\/www.gadlee.hk\/wp-content\/uploads\/2025\/08\/102-Liquid-Handsoap-2.png\",\"contentUrl\":\"https:\/\/www.gadlee.hk\/wp-content\/uploads\/2025\/08\/102-Liquid-Handsoap-2.png\",\"width\":1200,\"height\":800},{\"@type\":\"BreadcrumbList\",\"@id\":\"https:\/\/www.gadlee.hk\/ja\/product\/102-%e6%b6%b2%e4%bd%93%e3%83%8f%e3%83%b3%e3%83%89%e3%82%bd%e3%83%bc%e3%83%97\/#breadcrumb\",\"itemListElement\":[{\"@type\":\"ListItem\",\"position\":1,\"name\":\"Home\",\"item\":\"https:\/\/www.gadlee.hk\/fr\/\"},{\"@type\":\"ListItem\",\"position\":2,\"name\":\"Products\",\"item\":\"https:\/\/www.gadlee.hk\/fr\/boutique\/\"},{\"@type\":\"ListItem\",\"position\":3,\"name\":\"102 Liquid Handsoap\"}]},{\"@type\":\"WebSite\",\"@id\":\"https:\/\/www.gadlee.hk\/ja\/#website\",\"url\":\"https:\/\/www.gadlee.hk\/ja\/\",\"name\":\"Gadlee\",\"description\":\"Asia&#039;s leading manufacturer of professional cleaning machines\",\"publisher\":{\"@id\":\"https:\/\/www.gadlee.hk\/ja\/#organization\"},\"potentialAction\":[{\"@type\":\"SearchAction\",\"target\":{\"@type\":\"EntryPoint\",\"urlTemplate\":\"https:\/\/www.gadlee.hk\/ja\/?s={search_term_string}\"},\"query-input\":{\"@type\":\"PropertyValueSpecification\",\"valueRequired\":true,\"valueName\":\"search_term_string\"}}],\"inLanguage\":\"fr-FR\"},{\"@type\":\"Organization\",\"@id\":\"https:\/\/www.gadlee.hk\/ja\/#organization\",\"name\":\"Gadlee\",\"url\":\"https:\/\/www.gadlee.hk\/ja\/\",\"logo\":{\"@type\":\"ImageObject\",\"inLanguage\":\"fr-FR\",\"@id\":\"https:\/\/www.gadlee.hk\/ja\/#\/schema\/logo\/image\/\",\"url\":\"https:\/\/www.gadlee.hk\/wp-content\/uploads\/2025\/06\/logo.png\",\"contentUrl\":\"https:\/\/www.gadlee.hk\/wp-content\/uploads\/2025\/06\/logo.png\",\"width\":1578,\"height\":327,\"caption\":\"Gadlee\"},\"image\":{\"@id\":\"https:\/\/www.gadlee.hk\/ja\/#\/schema\/logo\/image\/\"}}]}<\/script>\n<!-- \/ Yoast SEO plugin. -->","yoast_head_json":{"title":"102 Liquid Handsoap - Gadlee","description":"Mild liquid hand soap for effective and refreshing hand cleaning.","robots":{"index":"index","follow":"follow","max-snippet":"max-snippet:-1","max-image-preview":"max-image-preview:large","max-video-preview":"max-video-preview:-1"},"canonical":"https:\/\/www.gadlee.hk\/fr\/produit\/102-savon-liquide-pour-les-mains\/","og_locale":"fr_FR","og_type":"article","og_title":"102 Liquid Handsoap - Gadlee","og_description":"Mild liquid hand soap for effective and refreshing hand cleaning.","og_url":"https:\/\/www.gadlee.hk\/fr\/produit\/102-savon-liquide-pour-les-mains\/","og_site_name":"Gadlee","article_modified_time":"2025-10-25T06:14:43+00:00","og_image":[{"width":1200,"height":800,"url":"https:\/\/www.gadlee.hk\/wp-content\/uploads\/2025\/08\/102-Liquid-Handsoap-2.png","type":"image\/png"}],"twitter_card":"summary_large_image","twitter_misc":{"Est. reading time":"1 minute"},"schema":{"@context":"https:\/\/schema.org","@graph":[{"@type":"WebPage","@id":"https:\/\/www.gadlee.hk\/ja\/product\/102-%e6%b6%b2%e4%bd%93%e3%83%8f%e3%83%b3%e3%83%89%e3%82%bd%e3%83%bc%e3%83%97\/","url":"https:\/\/www.gadlee.hk\/ja\/product\/102-%e6%b6%b2%e4%bd%93%e3%83%8f%e3%83%b3%e3%83%89%e3%82%bd%e3%83%bc%e3%83%97\/","name":"102 Liquid Handsoap - Gadlee","isPartOf":{"@id":"https:\/\/www.gadlee.hk\/ja\/#website"},"primaryImageOfPage":{"@id":"https:\/\/www.gadlee.hk\/ja\/product\/102-%e6%b6%b2%e4%bd%93%e3%83%8f%e3%83%b3%e3%83%89%e3%82%bd%e3%83%bc%e3%83%97\/#primaryimage"},"image":{"@id":"https:\/\/www.gadlee.hk\/ja\/product\/102-%e6%b6%b2%e4%bd%93%e3%83%8f%e3%83%b3%e3%83%89%e3%82%bd%e3%83%bc%e3%83%97\/#primaryimage"},"thumbnailUrl":"https:\/\/www.gadlee.hk\/wp-content\/uploads\/2025\/08\/102-Liquid-Handsoap-2.png","datePublished":"2025-08-03T09:18:37+00:00","dateModified":"2025-10-25T06:14:43+00:00","description":"Mild liquid hand soap for effective and refreshing hand cleaning.","breadcrumb":{"@id":"https:\/\/www.gadlee.hk\/ja\/product\/102-%e6%b6%b2%e4%bd%93%e3%83%8f%e3%83%b3%e3%83%89%e3%82%bd%e3%83%bc%e3%83%97\/#breadcrumb"},"inLanguage":"fr-FR","potentialAction":[{"@type":"ReadAction","target":["https:\/\/www.gadlee.hk\/ja\/product\/102-%e6%b6%b2%e4%bd%93%e3%83%8f%e3%83%b3%e3%83%89%e3%82%bd%e3%83%bc%e3%83%97\/"]}]},{"@type":"ImageObject","inLanguage":"fr-FR","@id":"https:\/\/www.gadlee.hk\/ja\/product\/102-%e6%b6%b2%e4%bd%93%e3%83%8f%e3%83%b3%e3%83%89%e3%82%bd%e3%83%bc%e3%83%97\/#primaryimage","url":"https:\/\/www.gadlee.hk\/wp-content\/uploads\/2025\/08\/102-Liquid-Handsoap-2.png","contentUrl":"https:\/\/www.gadlee.hk\/wp-content\/uploads\/2025\/08\/102-Liquid-Handsoap-2.png","width":1200,"height":800},{"@type":"BreadcrumbList","@id":"https:\/\/www.gadlee.hk\/ja\/product\/102-%e6%b6%b2%e4%bd%93%e3%83%8f%e3%83%b3%e3%83%89%e3%82%bd%e3%83%bc%e3%83%97\/#breadcrumb","itemListElement":[{"@type":"ListItem","position":1,"name":"Home","item":"https:\/\/www.gadlee.hk\/fr\/"},{"@type":"ListItem","position":2,"name":"Products","item":"https:\/\/www.gadlee.hk\/fr\/boutique\/"},{"@type":"ListItem","position":3,"name":"102 Liquid Handsoap"}]},{"@type":"WebSite","@id":"https:\/\/www.gadlee.hk\/ja\/#website","url":"https:\/\/www.gadlee.hk\/ja\/","name":"Gadlee","description":"Asia&#039;s leading manufacturer of professional cleaning machines","publisher":{"@id":"https:\/\/www.gadlee.hk\/ja\/#organization"},"potentialAction":[{"@type":"SearchAction","target":{"@type":"EntryPoint","urlTemplate":"https:\/\/www.gadlee.hk\/ja\/?s={search_term_string}"},"query-input":{"@type":"PropertyValueSpecification","valueRequired":true,"valueName":"search_term_string"}}],"inLanguage":"fr-FR"},{"@type":"Organization","@id":"https:\/\/www.gadlee.hk\/ja\/#organization","name":"Gadlee","url":"https:\/\/www.gadlee.hk\/ja\/","logo":{"@type":"ImageObject","inLanguage":"fr-FR","@id":"https:\/\/www.gadlee.hk\/ja\/#\/schema\/logo\/image\/","url":"https:\/\/www.gadlee.hk\/wp-content\/uploads\/2025\/06\/logo.png","contentUrl":"https:\/\/www.gadlee.hk\/wp-content\/uploads\/2025\/06\/logo.png","width":1578,"height":327,"caption":"Gadlee"},"image":{"@id":"https:\/\/www.gadlee.hk\/ja\/#\/schema\/logo\/image\/"}}]}},"_links":{"self":[{"href":"https:\/\/www.gadlee.hk\/fr\/wp-json\/wp\/v2\/product\/4666","targetHints":{"allow":["GET"]}}],"collection":[{"href":"https:\/\/www.gadlee.hk\/fr\/wp-json\/wp\/v2\/product"}],"about":[{"href":"https:\/\/www.gadlee.hk\/fr\/wp-json\/wp\/v2\/types\/product"}],"version-history":[{"count":3,"href":"https:\/\/www.gadlee.hk\/fr\/wp-json\/wp\/v2\/product\/4666\/revisions"}],"predecessor-version":[{"id":5170,"href":"https:\/\/www.gadlee.hk\/fr\/wp-json\/wp\/v2\/product\/4666\/revisions\/5170"}],"wp:featuredmedia":[{"embeddable":true,"href":"https:\/\/www.gadlee.hk\/fr\/wp-json\/wp\/v2\/media\/4668"}],"wp:attachment":[{"href":"https:\/\/www.gadlee.hk\/fr\/wp-json\/wp\/v2\/media?parent=4666"}],"wp:term":[{"taxonomy":"product_brand","embeddable":true,"href":"https:\/\/www.gadlee.hk\/fr\/wp-json\/wp\/v2\/product_brand?post=4666"},{"taxonomy":"product_cat","embeddable":true,"href":"https:\/\/www.gadlee.hk\/fr\/wp-json\/wp\/v2\/product_cat?post=4666"},{"taxonomy":"product_tag","embeddable":true,"href":"https:\/\/www.gadlee.hk\/fr\/wp-json\/wp\/v2\/product_tag?post=4666"}],"curies":[{"name":"wp","href":"https:\/\/api.w.org\/{rel}","templated":true}]}}