{"id":4680,"date":"2025-08-03T09:34:51","date_gmt":"2025-08-03T09:34:51","guid":{"rendered":"https:\/\/gadlee.hk\/?post_type=product&#038;p=4680"},"modified":"2025-10-25T06:13:52","modified_gmt":"2025-10-25T06:13:52","slug":"202-nettoyeur-de-tapis-a-faible-teneur-en-mousse","status":"publish","type":"product","link":"https:\/\/www.gadlee.hk\/fr\/produit\/202-nettoyeur-de-tapis-a-faible-teneur-en-mousse\/","title":{"rendered":"202 Nettoyant pour tapis \u00e0 faible teneur en mousse"},"content":{"rendered":"<p>Le nettoyant pour tapis \u00e0 faible teneur en mousse peut soulever et \u00e9liminer efficacement et en profondeur diff\u00e9rentes taches et contr\u00f4ler la croissance des bact\u00e9ries responsables des mauvaises odeurs sur les tapis. Ne contient pas d'antimousse, ne laisse pas de r\u00e9sidus collants lors d'une utilisation r\u00e9guli\u00e8re et r\u00e9siste plus longtemps aux salissures. Convient pour le nettoyage en profondeur de toutes sortes de tapis.<\/p>","protected":false},"excerpt":{"rendered":"<p>Contenu net : 1 \u00d7 1 gal \/ 3.78 L<\/p>","protected":false},"featured_media":4681,"template":"","meta":[],"product_brand":[],"product_cat":[151],"product_tag":[],"class_list":{"0":"post-4680","1":"product","2":"type-product","3":"status-publish","4":"has-post-thumbnail","6":"product_cat-carpet-cleaner-series","8":"first","9":"instock","10":"shipping-taxable","11":"product-type-simple"},"yoast_head":"<!-- This site is optimized with the Yoast SEO plugin v26.2 - https:\/\/yoast.com\/wordpress\/plugins\/seo\/ -->\n<title>202 Low foam Carpet Cleaner - Gadlee<\/title>\n<meta name=\"description\" content=\"Low-foam cleaner ideal for machine carpet cleaning and deep fiber care.\" \/>\n<meta name=\"robots\" content=\"index, follow, max-snippet:-1, max-image-preview:large, max-video-preview:-1\" \/>\n<link rel=\"canonical\" href=\"https:\/\/www.gadlee.hk\/fr\/produit\/202-nettoyeur-de-tapis-a-faible-teneur-en-mousse\/\" \/>\n<meta property=\"og:locale\" content=\"fr_FR\" \/>\n<meta property=\"og:type\" content=\"article\" \/>\n<meta property=\"og:title\" content=\"202 Low foam Carpet Cleaner - Gadlee\" \/>\n<meta property=\"og:description\" content=\"Low-foam cleaner ideal for machine carpet cleaning and deep fiber care.\" \/>\n<meta property=\"og:url\" content=\"https:\/\/www.gadlee.hk\/fr\/produit\/202-nettoyeur-de-tapis-a-faible-teneur-en-mousse\/\" \/>\n<meta property=\"og:site_name\" content=\"Gadlee\" \/>\n<meta property=\"article:modified_time\" content=\"2025-10-25T06:13:52+00:00\" \/>\n<meta property=\"og:image\" content=\"https:\/\/www.gadlee.hk\/wp-content\/uploads\/2025\/08\/202-Low-foam-Carpet-Cleaner.png\" \/>\n\t<meta property=\"og:image:width\" content=\"1200\" \/>\n\t<meta property=\"og:image:height\" content=\"800\" \/>\n\t<meta property=\"og:image:type\" content=\"image\/png\" \/>\n<meta name=\"twitter:card\" content=\"summary_large_image\" \/>\n<meta name=\"twitter:label1\" content=\"Est. reading time\" \/>\n\t<meta name=\"twitter:data1\" content=\"1 minute\" \/>\n<script type=\"application\/ld+json\" class=\"yoast-schema-graph\">{\"@context\":\"https:\/\/schema.org\",\"@graph\":[{\"@type\":\"WebPage\",\"@id\":\"https:\/\/www.gadlee.hk\/ja\/product\/202%e4%bd%8e%e7%99%ba%e6%b3%a1%e3%82%ab%e3%83%bc%e3%83%9a%e3%83%83%e3%83%88%e3%82%af%e3%83%aa%e3%83%bc%e3%83%8a%e3%83%bc\/\",\"url\":\"https:\/\/www.gadlee.hk\/ja\/product\/202%e4%bd%8e%e7%99%ba%e6%b3%a1%e3%82%ab%e3%83%bc%e3%83%9a%e3%83%83%e3%83%88%e3%82%af%e3%83%aa%e3%83%bc%e3%83%8a%e3%83%bc\/\",\"name\":\"202 Low foam Carpet Cleaner - Gadlee\",\"isPartOf\":{\"@id\":\"https:\/\/www.gadlee.hk\/ja\/#website\"},\"primaryImageOfPage\":{\"@id\":\"https:\/\/www.gadlee.hk\/ja\/product\/202%e4%bd%8e%e7%99%ba%e6%b3%a1%e3%82%ab%e3%83%bc%e3%83%9a%e3%83%83%e3%83%88%e3%82%af%e3%83%aa%e3%83%bc%e3%83%8a%e3%83%bc\/#primaryimage\"},\"image\":{\"@id\":\"https:\/\/www.gadlee.hk\/ja\/product\/202%e4%bd%8e%e7%99%ba%e6%b3%a1%e3%82%ab%e3%83%bc%e3%83%9a%e3%83%83%e3%83%88%e3%82%af%e3%83%aa%e3%83%bc%e3%83%8a%e3%83%bc\/#primaryimage\"},\"thumbnailUrl\":\"https:\/\/www.gadlee.hk\/wp-content\/uploads\/2025\/08\/202-Low-foam-Carpet-Cleaner.png\",\"datePublished\":\"2025-08-03T09:34:51+00:00\",\"dateModified\":\"2025-10-25T06:13:52+00:00\",\"description\":\"Low-foam cleaner ideal for machine carpet cleaning and deep fiber care.\",\"breadcrumb\":{\"@id\":\"https:\/\/www.gadlee.hk\/ja\/product\/202%e4%bd%8e%e7%99%ba%e6%b3%a1%e3%82%ab%e3%83%bc%e3%83%9a%e3%83%83%e3%83%88%e3%82%af%e3%83%aa%e3%83%bc%e3%83%8a%e3%83%bc\/#breadcrumb\"},\"inLanguage\":\"fr-FR\",\"potentialAction\":[{\"@type\":\"ReadAction\",\"target\":[\"https:\/\/www.gadlee.hk\/ja\/product\/202%e4%bd%8e%e7%99%ba%e6%b3%a1%e3%82%ab%e3%83%bc%e3%83%9a%e3%83%83%e3%83%88%e3%82%af%e3%83%aa%e3%83%bc%e3%83%8a%e3%83%bc\/\"]}]},{\"@type\":\"ImageObject\",\"inLanguage\":\"fr-FR\",\"@id\":\"https:\/\/www.gadlee.hk\/ja\/product\/202%e4%bd%8e%e7%99%ba%e6%b3%a1%e3%82%ab%e3%83%bc%e3%83%9a%e3%83%83%e3%83%88%e3%82%af%e3%83%aa%e3%83%bc%e3%83%8a%e3%83%bc\/#primaryimage\",\"url\":\"https:\/\/www.gadlee.hk\/wp-content\/uploads\/2025\/08\/202-Low-foam-Carpet-Cleaner.png\",\"contentUrl\":\"https:\/\/www.gadlee.hk\/wp-content\/uploads\/2025\/08\/202-Low-foam-Carpet-Cleaner.png\",\"width\":1200,\"height\":800},{\"@type\":\"BreadcrumbList\",\"@id\":\"https:\/\/www.gadlee.hk\/ja\/product\/202%e4%bd%8e%e7%99%ba%e6%b3%a1%e3%82%ab%e3%83%bc%e3%83%9a%e3%83%83%e3%83%88%e3%82%af%e3%83%aa%e3%83%bc%e3%83%8a%e3%83%bc\/#breadcrumb\",\"itemListElement\":[{\"@type\":\"ListItem\",\"position\":1,\"name\":\"Home\",\"item\":\"https:\/\/www.gadlee.hk\/fr\/\"},{\"@type\":\"ListItem\",\"position\":2,\"name\":\"Products\",\"item\":\"https:\/\/www.gadlee.hk\/fr\/boutique\/\"},{\"@type\":\"ListItem\",\"position\":3,\"name\":\"202 Low foam Carpet Cleaner\"}]},{\"@type\":\"WebSite\",\"@id\":\"https:\/\/www.gadlee.hk\/ja\/#website\",\"url\":\"https:\/\/www.gadlee.hk\/ja\/\",\"name\":\"Gadlee\",\"description\":\"Asia&#039;s leading manufacturer of professional cleaning machines\",\"publisher\":{\"@id\":\"https:\/\/www.gadlee.hk\/ja\/#organization\"},\"potentialAction\":[{\"@type\":\"SearchAction\",\"target\":{\"@type\":\"EntryPoint\",\"urlTemplate\":\"https:\/\/www.gadlee.hk\/ja\/?s={search_term_string}\"},\"query-input\":{\"@type\":\"PropertyValueSpecification\",\"valueRequired\":true,\"valueName\":\"search_term_string\"}}],\"inLanguage\":\"fr-FR\"},{\"@type\":\"Organization\",\"@id\":\"https:\/\/www.gadlee.hk\/ja\/#organization\",\"name\":\"Gadlee\",\"url\":\"https:\/\/www.gadlee.hk\/ja\/\",\"logo\":{\"@type\":\"ImageObject\",\"inLanguage\":\"fr-FR\",\"@id\":\"https:\/\/www.gadlee.hk\/ja\/#\/schema\/logo\/image\/\",\"url\":\"https:\/\/www.gadlee.hk\/wp-content\/uploads\/2025\/06\/logo.png\",\"contentUrl\":\"https:\/\/www.gadlee.hk\/wp-content\/uploads\/2025\/06\/logo.png\",\"width\":1578,\"height\":327,\"caption\":\"Gadlee\"},\"image\":{\"@id\":\"https:\/\/www.gadlee.hk\/ja\/#\/schema\/logo\/image\/\"}}]}<\/script>\n<!-- \/ Yoast SEO plugin. -->","yoast_head_json":{"title":"202 Low foam Carpet Cleaner - Gadlee","description":"Low-foam cleaner ideal for machine carpet cleaning and deep fiber care.","robots":{"index":"index","follow":"follow","max-snippet":"max-snippet:-1","max-image-preview":"max-image-preview:large","max-video-preview":"max-video-preview:-1"},"canonical":"https:\/\/www.gadlee.hk\/fr\/produit\/202-nettoyeur-de-tapis-a-faible-teneur-en-mousse\/","og_locale":"fr_FR","og_type":"article","og_title":"202 Low foam Carpet Cleaner - Gadlee","og_description":"Low-foam cleaner ideal for machine carpet cleaning and deep fiber care.","og_url":"https:\/\/www.gadlee.hk\/fr\/produit\/202-nettoyeur-de-tapis-a-faible-teneur-en-mousse\/","og_site_name":"Gadlee","article_modified_time":"2025-10-25T06:13:52+00:00","og_image":[{"width":1200,"height":800,"url":"https:\/\/www.gadlee.hk\/wp-content\/uploads\/2025\/08\/202-Low-foam-Carpet-Cleaner.png","type":"image\/png"}],"twitter_card":"summary_large_image","twitter_misc":{"Est. reading time":"1 minute"},"schema":{"@context":"https:\/\/schema.org","@graph":[{"@type":"WebPage","@id":"https:\/\/www.gadlee.hk\/ja\/product\/202%e4%bd%8e%e7%99%ba%e6%b3%a1%e3%82%ab%e3%83%bc%e3%83%9a%e3%83%83%e3%83%88%e3%82%af%e3%83%aa%e3%83%bc%e3%83%8a%e3%83%bc\/","url":"https:\/\/www.gadlee.hk\/ja\/product\/202%e4%bd%8e%e7%99%ba%e6%b3%a1%e3%82%ab%e3%83%bc%e3%83%9a%e3%83%83%e3%83%88%e3%82%af%e3%83%aa%e3%83%bc%e3%83%8a%e3%83%bc\/","name":"202 Low foam Carpet Cleaner - Gadlee","isPartOf":{"@id":"https:\/\/www.gadlee.hk\/ja\/#website"},"primaryImageOfPage":{"@id":"https:\/\/www.gadlee.hk\/ja\/product\/202%e4%bd%8e%e7%99%ba%e6%b3%a1%e3%82%ab%e3%83%bc%e3%83%9a%e3%83%83%e3%83%88%e3%82%af%e3%83%aa%e3%83%bc%e3%83%8a%e3%83%bc\/#primaryimage"},"image":{"@id":"https:\/\/www.gadlee.hk\/ja\/product\/202%e4%bd%8e%e7%99%ba%e6%b3%a1%e3%82%ab%e3%83%bc%e3%83%9a%e3%83%83%e3%83%88%e3%82%af%e3%83%aa%e3%83%bc%e3%83%8a%e3%83%bc\/#primaryimage"},"thumbnailUrl":"https:\/\/www.gadlee.hk\/wp-content\/uploads\/2025\/08\/202-Low-foam-Carpet-Cleaner.png","datePublished":"2025-08-03T09:34:51+00:00","dateModified":"2025-10-25T06:13:52+00:00","description":"Low-foam cleaner ideal for machine carpet cleaning and deep fiber care.","breadcrumb":{"@id":"https:\/\/www.gadlee.hk\/ja\/product\/202%e4%bd%8e%e7%99%ba%e6%b3%a1%e3%82%ab%e3%83%bc%e3%83%9a%e3%83%83%e3%83%88%e3%82%af%e3%83%aa%e3%83%bc%e3%83%8a%e3%83%bc\/#breadcrumb"},"inLanguage":"fr-FR","potentialAction":[{"@type":"ReadAction","target":["https:\/\/www.gadlee.hk\/ja\/product\/202%e4%bd%8e%e7%99%ba%e6%b3%a1%e3%82%ab%e3%83%bc%e3%83%9a%e3%83%83%e3%83%88%e3%82%af%e3%83%aa%e3%83%bc%e3%83%8a%e3%83%bc\/"]}]},{"@type":"ImageObject","inLanguage":"fr-FR","@id":"https:\/\/www.gadlee.hk\/ja\/product\/202%e4%bd%8e%e7%99%ba%e6%b3%a1%e3%82%ab%e3%83%bc%e3%83%9a%e3%83%83%e3%83%88%e3%82%af%e3%83%aa%e3%83%bc%e3%83%8a%e3%83%bc\/#primaryimage","url":"https:\/\/www.gadlee.hk\/wp-content\/uploads\/2025\/08\/202-Low-foam-Carpet-Cleaner.png","contentUrl":"https:\/\/www.gadlee.hk\/wp-content\/uploads\/2025\/08\/202-Low-foam-Carpet-Cleaner.png","width":1200,"height":800},{"@type":"BreadcrumbList","@id":"https:\/\/www.gadlee.hk\/ja\/product\/202%e4%bd%8e%e7%99%ba%e6%b3%a1%e3%82%ab%e3%83%bc%e3%83%9a%e3%83%83%e3%83%88%e3%82%af%e3%83%aa%e3%83%bc%e3%83%8a%e3%83%bc\/#breadcrumb","itemListElement":[{"@type":"ListItem","position":1,"name":"Home","item":"https:\/\/www.gadlee.hk\/fr\/"},{"@type":"ListItem","position":2,"name":"Products","item":"https:\/\/www.gadlee.hk\/fr\/boutique\/"},{"@type":"ListItem","position":3,"name":"202 Low foam Carpet Cleaner"}]},{"@type":"WebSite","@id":"https:\/\/www.gadlee.hk\/ja\/#website","url":"https:\/\/www.gadlee.hk\/ja\/","name":"Gadlee","description":"Asia&#039;s leading manufacturer of professional cleaning machines","publisher":{"@id":"https:\/\/www.gadlee.hk\/ja\/#organization"},"potentialAction":[{"@type":"SearchAction","target":{"@type":"EntryPoint","urlTemplate":"https:\/\/www.gadlee.hk\/ja\/?s={search_term_string}"},"query-input":{"@type":"PropertyValueSpecification","valueRequired":true,"valueName":"search_term_string"}}],"inLanguage":"fr-FR"},{"@type":"Organization","@id":"https:\/\/www.gadlee.hk\/ja\/#organization","name":"Gadlee","url":"https:\/\/www.gadlee.hk\/ja\/","logo":{"@type":"ImageObject","inLanguage":"fr-FR","@id":"https:\/\/www.gadlee.hk\/ja\/#\/schema\/logo\/image\/","url":"https:\/\/www.gadlee.hk\/wp-content\/uploads\/2025\/06\/logo.png","contentUrl":"https:\/\/www.gadlee.hk\/wp-content\/uploads\/2025\/06\/logo.png","width":1578,"height":327,"caption":"Gadlee"},"image":{"@id":"https:\/\/www.gadlee.hk\/ja\/#\/schema\/logo\/image\/"}}]}},"_links":{"self":[{"href":"https:\/\/www.gadlee.hk\/fr\/wp-json\/wp\/v2\/product\/4680","targetHints":{"allow":["GET"]}}],"collection":[{"href":"https:\/\/www.gadlee.hk\/fr\/wp-json\/wp\/v2\/product"}],"about":[{"href":"https:\/\/www.gadlee.hk\/fr\/wp-json\/wp\/v2\/types\/product"}],"version-history":[{"count":2,"href":"https:\/\/www.gadlee.hk\/fr\/wp-json\/wp\/v2\/product\/4680\/revisions"}],"predecessor-version":[{"id":5172,"href":"https:\/\/www.gadlee.hk\/fr\/wp-json\/wp\/v2\/product\/4680\/revisions\/5172"}],"wp:featuredmedia":[{"embeddable":true,"href":"https:\/\/www.gadlee.hk\/fr\/wp-json\/wp\/v2\/media\/4681"}],"wp:attachment":[{"href":"https:\/\/www.gadlee.hk\/fr\/wp-json\/wp\/v2\/media?parent=4680"}],"wp:term":[{"taxonomy":"product_brand","embeddable":true,"href":"https:\/\/www.gadlee.hk\/fr\/wp-json\/wp\/v2\/product_brand?post=4680"},{"taxonomy":"product_cat","embeddable":true,"href":"https:\/\/www.gadlee.hk\/fr\/wp-json\/wp\/v2\/product_cat?post=4680"},{"taxonomy":"product_tag","embeddable":true,"href":"https:\/\/www.gadlee.hk\/fr\/wp-json\/wp\/v2\/product_tag?post=4680"}],"curies":[{"name":"wp","href":"https:\/\/api.w.org\/{rel}","templated":true}]}}