{"id":4712,"date":"2025-08-03T09:55:17","date_gmt":"2025-08-03T09:55:17","guid":{"rendered":"https:\/\/gadlee.hk\/?post_type=product&#038;p=4712"},"modified":"2026-01-05T08:20:36","modified_gmt":"2026-01-05T08:20:36","slug":"303-zero-foam-degreaser","status":"publish","type":"product","link":"https:\/\/www.gadlee.hk\/fr\/produit\/303-zero-foam-degreaser\/","title":{"rendered":"303 Scrubber Dryer Degreaser"},"content":{"rendered":"<p>Le d\u00e9graissant pour autolaveuse est sp\u00e9cialement con\u00e7u pour les autolaveuses. Aucune mousse n'est g\u00e9n\u00e9r\u00e9e et ne p\u00e9n\u00e8tre dans le moteur d'aspiration lors de l'\u00e9limination des taches d'huile. Cela \u00e9vite l'utilisation de d\u00e9sinfectants, r\u00e9duisant ainsi les co\u00fbts de maintenance de l'autolaveuse.<\/p>","protected":false},"excerpt":{"rendered":"<p>Contenu net : 1 gal \/ 3.78 L<\/p>","protected":false},"featured_media":4716,"template":"","meta":[],"product_brand":[],"product_cat":[153],"product_tag":[],"class_list":{"0":"post-4712","1":"product","2":"type-product","3":"status-publish","4":"has-post-thumbnail","6":"product_cat-degreaser-series","8":"first","9":"instock","10":"shipping-taxable","11":"product-type-simple"},"yoast_head":"<!-- This site is optimized with the Yoast SEO plugin v26.2 - https:\/\/yoast.com\/wordpress\/plugins\/seo\/ -->\n<title>303 Scrubber Dryer Degreaser - Gadlee<\/title>\n<meta name=\"description\" content=\"Powerful, zero-foam degreaser for industrial and commercial use.\" \/>\n<meta name=\"robots\" content=\"index, follow, max-snippet:-1, max-image-preview:large, max-video-preview:-1\" \/>\n<link rel=\"canonical\" href=\"https:\/\/www.gadlee.hk\/fr\/produit\/303-zero-foam-degreaser\/\" \/>\n<meta property=\"og:locale\" content=\"fr_FR\" \/>\n<meta property=\"og:type\" content=\"article\" \/>\n<meta property=\"og:title\" content=\"303 Scrubber Dryer Degreaser - Gadlee\" \/>\n<meta property=\"og:description\" content=\"Powerful, zero-foam degreaser for industrial and commercial use.\" \/>\n<meta property=\"og:url\" content=\"https:\/\/www.gadlee.hk\/fr\/produit\/303-zero-foam-degreaser\/\" \/>\n<meta property=\"og:site_name\" content=\"Gadlee\" \/>\n<meta property=\"article:modified_time\" content=\"2026-01-05T08:20:36+00:00\" \/>\n<meta property=\"og:image\" content=\"https:\/\/www.gadlee.hk\/wp-content\/uploads\/2025\/08\/303-Zero-Foam-Degreaser.png\" \/>\n\t<meta property=\"og:image:width\" content=\"1200\" \/>\n\t<meta property=\"og:image:height\" content=\"800\" \/>\n\t<meta property=\"og:image:type\" content=\"image\/png\" \/>\n<meta name=\"twitter:card\" content=\"summary_large_image\" \/>\n<meta name=\"twitter:label1\" content=\"Est. reading time\" \/>\n\t<meta name=\"twitter:data1\" content=\"1 minute\" \/>\n<script type=\"application\/ld+json\" class=\"yoast-schema-graph\">{\"@context\":\"https:\/\/schema.org\",\"@graph\":[{\"@type\":\"WebPage\",\"@id\":\"https:\/\/www.gadlee.hk\/es\/producto\/303-zero-foam-degreaser\/\",\"url\":\"https:\/\/www.gadlee.hk\/es\/producto\/303-zero-foam-degreaser\/\",\"name\":\"303 Scrubber Dryer Degreaser - Gadlee\",\"isPartOf\":{\"@id\":\"https:\/\/www.gadlee.hk\/ja\/#website\"},\"primaryImageOfPage\":{\"@id\":\"https:\/\/www.gadlee.hk\/es\/producto\/303-zero-foam-degreaser\/#primaryimage\"},\"image\":{\"@id\":\"https:\/\/www.gadlee.hk\/es\/producto\/303-zero-foam-degreaser\/#primaryimage\"},\"thumbnailUrl\":\"https:\/\/www.gadlee.hk\/wp-content\/uploads\/2025\/08\/303-Zero-Foam-Degreaser.png\",\"datePublished\":\"2025-08-03T09:55:17+00:00\",\"dateModified\":\"2026-01-05T08:20:36+00:00\",\"description\":\"Powerful, zero-foam degreaser for industrial and commercial use.\",\"breadcrumb\":{\"@id\":\"https:\/\/www.gadlee.hk\/es\/producto\/303-zero-foam-degreaser\/#breadcrumb\"},\"inLanguage\":\"fr-FR\",\"potentialAction\":[{\"@type\":\"ReadAction\",\"target\":[\"https:\/\/www.gadlee.hk\/es\/producto\/303-zero-foam-degreaser\/\"]}]},{\"@type\":\"ImageObject\",\"inLanguage\":\"fr-FR\",\"@id\":\"https:\/\/www.gadlee.hk\/es\/producto\/303-zero-foam-degreaser\/#primaryimage\",\"url\":\"https:\/\/www.gadlee.hk\/wp-content\/uploads\/2025\/08\/303-Zero-Foam-Degreaser.png\",\"contentUrl\":\"https:\/\/www.gadlee.hk\/wp-content\/uploads\/2025\/08\/303-Zero-Foam-Degreaser.png\",\"width\":1200,\"height\":800},{\"@type\":\"BreadcrumbList\",\"@id\":\"https:\/\/www.gadlee.hk\/es\/producto\/303-zero-foam-degreaser\/#breadcrumb\",\"itemListElement\":[{\"@type\":\"ListItem\",\"position\":1,\"name\":\"Home\",\"item\":\"https:\/\/www.gadlee.hk\/fr\/\"},{\"@type\":\"ListItem\",\"position\":2,\"name\":\"Products\",\"item\":\"https:\/\/www.gadlee.hk\/fr\/boutique\/\"},{\"@type\":\"ListItem\",\"position\":3,\"name\":\"303 Scrubber Dryer Degreaser\"}]},{\"@type\":\"WebSite\",\"@id\":\"https:\/\/www.gadlee.hk\/ja\/#website\",\"url\":\"https:\/\/www.gadlee.hk\/ja\/\",\"name\":\"Gadlee\",\"description\":\"Asia&#039;s leading manufacturer of professional cleaning machines\",\"publisher\":{\"@id\":\"https:\/\/www.gadlee.hk\/ja\/#organization\"},\"potentialAction\":[{\"@type\":\"SearchAction\",\"target\":{\"@type\":\"EntryPoint\",\"urlTemplate\":\"https:\/\/www.gadlee.hk\/ja\/?s={search_term_string}\"},\"query-input\":{\"@type\":\"PropertyValueSpecification\",\"valueRequired\":true,\"valueName\":\"search_term_string\"}}],\"inLanguage\":\"fr-FR\"},{\"@type\":\"Organization\",\"@id\":\"https:\/\/www.gadlee.hk\/ja\/#organization\",\"name\":\"Gadlee\",\"url\":\"https:\/\/www.gadlee.hk\/ja\/\",\"logo\":{\"@type\":\"ImageObject\",\"inLanguage\":\"fr-FR\",\"@id\":\"https:\/\/www.gadlee.hk\/ja\/#\/schema\/logo\/image\/\",\"url\":\"https:\/\/www.gadlee.hk\/wp-content\/uploads\/2025\/06\/logo.png\",\"contentUrl\":\"https:\/\/www.gadlee.hk\/wp-content\/uploads\/2025\/06\/logo.png\",\"width\":1578,\"height\":327,\"caption\":\"Gadlee\"},\"image\":{\"@id\":\"https:\/\/www.gadlee.hk\/ja\/#\/schema\/logo\/image\/\"}}]}<\/script>\n<!-- \/ Yoast SEO plugin. -->","yoast_head_json":{"title":"303 Scrubber Dryer Degreaser - Gadlee","description":"Powerful, zero-foam degreaser for industrial and commercial use.","robots":{"index":"index","follow":"follow","max-snippet":"max-snippet:-1","max-image-preview":"max-image-preview:large","max-video-preview":"max-video-preview:-1"},"canonical":"https:\/\/www.gadlee.hk\/fr\/produit\/303-zero-foam-degreaser\/","og_locale":"fr_FR","og_type":"article","og_title":"303 Scrubber Dryer Degreaser - Gadlee","og_description":"Powerful, zero-foam degreaser for industrial and commercial use.","og_url":"https:\/\/www.gadlee.hk\/fr\/produit\/303-zero-foam-degreaser\/","og_site_name":"Gadlee","article_modified_time":"2026-01-05T08:20:36+00:00","og_image":[{"width":1200,"height":800,"url":"https:\/\/www.gadlee.hk\/wp-content\/uploads\/2025\/08\/303-Zero-Foam-Degreaser.png","type":"image\/png"}],"twitter_card":"summary_large_image","twitter_misc":{"Est. reading time":"1 minute"},"schema":{"@context":"https:\/\/schema.org","@graph":[{"@type":"WebPage","@id":"https:\/\/www.gadlee.hk\/es\/producto\/303-zero-foam-degreaser\/","url":"https:\/\/www.gadlee.hk\/es\/producto\/303-zero-foam-degreaser\/","name":"303 Scrubber Dryer Degreaser - Gadlee","isPartOf":{"@id":"https:\/\/www.gadlee.hk\/ja\/#website"},"primaryImageOfPage":{"@id":"https:\/\/www.gadlee.hk\/es\/producto\/303-zero-foam-degreaser\/#primaryimage"},"image":{"@id":"https:\/\/www.gadlee.hk\/es\/producto\/303-zero-foam-degreaser\/#primaryimage"},"thumbnailUrl":"https:\/\/www.gadlee.hk\/wp-content\/uploads\/2025\/08\/303-Zero-Foam-Degreaser.png","datePublished":"2025-08-03T09:55:17+00:00","dateModified":"2026-01-05T08:20:36+00:00","description":"Powerful, zero-foam degreaser for industrial and commercial use.","breadcrumb":{"@id":"https:\/\/www.gadlee.hk\/es\/producto\/303-zero-foam-degreaser\/#breadcrumb"},"inLanguage":"fr-FR","potentialAction":[{"@type":"ReadAction","target":["https:\/\/www.gadlee.hk\/es\/producto\/303-zero-foam-degreaser\/"]}]},{"@type":"ImageObject","inLanguage":"fr-FR","@id":"https:\/\/www.gadlee.hk\/es\/producto\/303-zero-foam-degreaser\/#primaryimage","url":"https:\/\/www.gadlee.hk\/wp-content\/uploads\/2025\/08\/303-Zero-Foam-Degreaser.png","contentUrl":"https:\/\/www.gadlee.hk\/wp-content\/uploads\/2025\/08\/303-Zero-Foam-Degreaser.png","width":1200,"height":800},{"@type":"BreadcrumbList","@id":"https:\/\/www.gadlee.hk\/es\/producto\/303-zero-foam-degreaser\/#breadcrumb","itemListElement":[{"@type":"ListItem","position":1,"name":"Home","item":"https:\/\/www.gadlee.hk\/fr\/"},{"@type":"ListItem","position":2,"name":"Products","item":"https:\/\/www.gadlee.hk\/fr\/boutique\/"},{"@type":"ListItem","position":3,"name":"303 Scrubber Dryer Degreaser"}]},{"@type":"WebSite","@id":"https:\/\/www.gadlee.hk\/ja\/#website","url":"https:\/\/www.gadlee.hk\/ja\/","name":"Gadlee","description":"Asia&#039;s leading manufacturer of professional cleaning machines","publisher":{"@id":"https:\/\/www.gadlee.hk\/ja\/#organization"},"potentialAction":[{"@type":"SearchAction","target":{"@type":"EntryPoint","urlTemplate":"https:\/\/www.gadlee.hk\/ja\/?s={search_term_string}"},"query-input":{"@type":"PropertyValueSpecification","valueRequired":true,"valueName":"search_term_string"}}],"inLanguage":"fr-FR"},{"@type":"Organization","@id":"https:\/\/www.gadlee.hk\/ja\/#organization","name":"Gadlee","url":"https:\/\/www.gadlee.hk\/ja\/","logo":{"@type":"ImageObject","inLanguage":"fr-FR","@id":"https:\/\/www.gadlee.hk\/ja\/#\/schema\/logo\/image\/","url":"https:\/\/www.gadlee.hk\/wp-content\/uploads\/2025\/06\/logo.png","contentUrl":"https:\/\/www.gadlee.hk\/wp-content\/uploads\/2025\/06\/logo.png","width":1578,"height":327,"caption":"Gadlee"},"image":{"@id":"https:\/\/www.gadlee.hk\/ja\/#\/schema\/logo\/image\/"}}]}},"_links":{"self":[{"href":"https:\/\/www.gadlee.hk\/fr\/wp-json\/wp\/v2\/product\/4712","targetHints":{"allow":["GET"]}}],"collection":[{"href":"https:\/\/www.gadlee.hk\/fr\/wp-json\/wp\/v2\/product"}],"about":[{"href":"https:\/\/www.gadlee.hk\/fr\/wp-json\/wp\/v2\/types\/product"}],"version-history":[{"count":3,"href":"https:\/\/www.gadlee.hk\/fr\/wp-json\/wp\/v2\/product\/4712\/revisions"}],"predecessor-version":[{"id":6177,"href":"https:\/\/www.gadlee.hk\/fr\/wp-json\/wp\/v2\/product\/4712\/revisions\/6177"}],"wp:featuredmedia":[{"embeddable":true,"href":"https:\/\/www.gadlee.hk\/fr\/wp-json\/wp\/v2\/media\/4716"}],"wp:attachment":[{"href":"https:\/\/www.gadlee.hk\/fr\/wp-json\/wp\/v2\/media?parent=4712"}],"wp:term":[{"taxonomy":"product_brand","embeddable":true,"href":"https:\/\/www.gadlee.hk\/fr\/wp-json\/wp\/v2\/product_brand?post=4712"},{"taxonomy":"product_cat","embeddable":true,"href":"https:\/\/www.gadlee.hk\/fr\/wp-json\/wp\/v2\/product_cat?post=4712"},{"taxonomy":"product_tag","embeddable":true,"href":"https:\/\/www.gadlee.hk\/fr\/wp-json\/wp\/v2\/product_tag?post=4712"}],"curies":[{"name":"wp","href":"https:\/\/api.w.org\/{rel}","templated":true}]}}