{"id":4763,"date":"2025-08-03T10:18:54","date_gmt":"2025-08-03T10:18:54","guid":{"rendered":"https:\/\/gadlee.hk\/?post_type=product&#038;p=4763"},"modified":"2025-10-25T06:04:24","modified_gmt":"2025-10-25T06:04:24","slug":"406-disinfectant-cleaner","status":"publish","type":"product","link":"https:\/\/www.gadlee.hk\/fr\/produit\/406-disinfectant-cleaner\/","title":{"rendered":"406 Nettoyant d\u00e9sinfectant"},"content":{"rendered":"<p>Le nettoyant d\u00e9sinfectant 406 est un bact\u00e9ricide concentr\u00e9 \u00e0 base d'ammonium quaternaire avec fonction de nettoyage. Il ne contient pas d'alcool, a un effet nettoyant sur la salet\u00e9 et peut \u00eatre st\u00e9rilis\u00e9 en toute s\u00e9curit\u00e9. Il peut \u00eatre utilis\u00e9 avec des pulv\u00e9risateurs et des \u00e9purateurs. Il convient au nettoyage et \u00e0 la st\u00e9rilisation des h\u00f4pitaux, des usines alimentaires, des restaurants, des centres commerciaux, des h\u00f4tels et d'autres lieux.<\/p>","protected":false},"excerpt":{"rendered":"<p>Contenu net : 1 gal \/ 3.78 L<\/p>","protected":false},"featured_media":4764,"template":"","meta":[],"product_brand":[],"product_cat":[152],"product_tag":[],"class_list":{"0":"post-4763","1":"product","2":"type-product","3":"status-publish","4":"has-post-thumbnail","6":"product_cat-disinfect","8":"first","9":"instock","10":"shipping-taxable","11":"product-type-simple"},"yoast_head":"<!-- This site is optimized with the Yoast SEO plugin v26.2 - https:\/\/yoast.com\/wordpress\/plugins\/seo\/ -->\n<title>406 Disinfectant Cleaner - Gadlee<\/title>\n<meta name=\"description\" content=\"Cleans and disinfects surfaces to maintain a hygienic environment.\" \/>\n<meta name=\"robots\" content=\"index, follow, max-snippet:-1, max-image-preview:large, max-video-preview:-1\" \/>\n<link rel=\"canonical\" href=\"https:\/\/www.gadlee.hk\/fr\/produit\/406-disinfectant-cleaner\/\" \/>\n<meta property=\"og:locale\" content=\"fr_FR\" \/>\n<meta property=\"og:type\" content=\"article\" \/>\n<meta property=\"og:title\" content=\"406 Disinfectant Cleaner - Gadlee\" \/>\n<meta property=\"og:description\" content=\"Cleans and disinfects surfaces to maintain a hygienic environment.\" \/>\n<meta property=\"og:url\" content=\"https:\/\/www.gadlee.hk\/fr\/produit\/406-disinfectant-cleaner\/\" \/>\n<meta property=\"og:site_name\" content=\"Gadlee\" \/>\n<meta property=\"article:modified_time\" content=\"2025-10-25T06:04:24+00:00\" \/>\n<meta property=\"og:image\" content=\"https:\/\/www.gadlee.hk\/wp-content\/uploads\/2025\/08\/406-Disinfectant-Cleaner.png\" \/>\n\t<meta property=\"og:image:width\" content=\"1200\" \/>\n\t<meta property=\"og:image:height\" content=\"800\" \/>\n\t<meta property=\"og:image:type\" content=\"image\/png\" \/>\n<meta name=\"twitter:card\" content=\"summary_large_image\" \/>\n<meta name=\"twitter:label1\" content=\"Est. reading time\" \/>\n\t<meta name=\"twitter:data1\" content=\"1 minute\" \/>\n<script type=\"application\/ld+json\" class=\"yoast-schema-graph\">{\"@context\":\"https:\/\/schema.org\",\"@graph\":[{\"@type\":\"WebPage\",\"@id\":\"https:\/\/www.gadlee.hk\/ja\/product\/406-%e6%b6%88%e6%af%92%e3%82%af%e3%83%aa%e3%83%bc%e3%83%8a%e3%83%bc\/\",\"url\":\"https:\/\/www.gadlee.hk\/ja\/product\/406-%e6%b6%88%e6%af%92%e3%82%af%e3%83%aa%e3%83%bc%e3%83%8a%e3%83%bc\/\",\"name\":\"406 Disinfectant Cleaner - Gadlee\",\"isPartOf\":{\"@id\":\"https:\/\/www.gadlee.hk\/ja\/#website\"},\"primaryImageOfPage\":{\"@id\":\"https:\/\/www.gadlee.hk\/ja\/product\/406-%e6%b6%88%e6%af%92%e3%82%af%e3%83%aa%e3%83%bc%e3%83%8a%e3%83%bc\/#primaryimage\"},\"image\":{\"@id\":\"https:\/\/www.gadlee.hk\/ja\/product\/406-%e6%b6%88%e6%af%92%e3%82%af%e3%83%aa%e3%83%bc%e3%83%8a%e3%83%bc\/#primaryimage\"},\"thumbnailUrl\":\"https:\/\/www.gadlee.hk\/wp-content\/uploads\/2025\/08\/406-Disinfectant-Cleaner.png\",\"datePublished\":\"2025-08-03T10:18:54+00:00\",\"dateModified\":\"2025-10-25T06:04:24+00:00\",\"description\":\"Cleans and disinfects surfaces to maintain a hygienic environment.\",\"breadcrumb\":{\"@id\":\"https:\/\/www.gadlee.hk\/ja\/product\/406-%e6%b6%88%e6%af%92%e3%82%af%e3%83%aa%e3%83%bc%e3%83%8a%e3%83%bc\/#breadcrumb\"},\"inLanguage\":\"fr-FR\",\"potentialAction\":[{\"@type\":\"ReadAction\",\"target\":[\"https:\/\/www.gadlee.hk\/ja\/product\/406-%e6%b6%88%e6%af%92%e3%82%af%e3%83%aa%e3%83%bc%e3%83%8a%e3%83%bc\/\"]}]},{\"@type\":\"ImageObject\",\"inLanguage\":\"fr-FR\",\"@id\":\"https:\/\/www.gadlee.hk\/ja\/product\/406-%e6%b6%88%e6%af%92%e3%82%af%e3%83%aa%e3%83%bc%e3%83%8a%e3%83%bc\/#primaryimage\",\"url\":\"https:\/\/www.gadlee.hk\/wp-content\/uploads\/2025\/08\/406-Disinfectant-Cleaner.png\",\"contentUrl\":\"https:\/\/www.gadlee.hk\/wp-content\/uploads\/2025\/08\/406-Disinfectant-Cleaner.png\",\"width\":1200,\"height\":800},{\"@type\":\"BreadcrumbList\",\"@id\":\"https:\/\/www.gadlee.hk\/ja\/product\/406-%e6%b6%88%e6%af%92%e3%82%af%e3%83%aa%e3%83%bc%e3%83%8a%e3%83%bc\/#breadcrumb\",\"itemListElement\":[{\"@type\":\"ListItem\",\"position\":1,\"name\":\"Home\",\"item\":\"https:\/\/www.gadlee.hk\/fr\/\"},{\"@type\":\"ListItem\",\"position\":2,\"name\":\"Products\",\"item\":\"https:\/\/www.gadlee.hk\/fr\/boutique\/\"},{\"@type\":\"ListItem\",\"position\":3,\"name\":\"406 Disinfectant Cleaner\"}]},{\"@type\":\"WebSite\",\"@id\":\"https:\/\/www.gadlee.hk\/ja\/#website\",\"url\":\"https:\/\/www.gadlee.hk\/ja\/\",\"name\":\"Gadlee\",\"description\":\"Asia&#039;s leading manufacturer of professional cleaning machines\",\"publisher\":{\"@id\":\"https:\/\/www.gadlee.hk\/ja\/#organization\"},\"potentialAction\":[{\"@type\":\"SearchAction\",\"target\":{\"@type\":\"EntryPoint\",\"urlTemplate\":\"https:\/\/www.gadlee.hk\/ja\/?s={search_term_string}\"},\"query-input\":{\"@type\":\"PropertyValueSpecification\",\"valueRequired\":true,\"valueName\":\"search_term_string\"}}],\"inLanguage\":\"fr-FR\"},{\"@type\":\"Organization\",\"@id\":\"https:\/\/www.gadlee.hk\/ja\/#organization\",\"name\":\"Gadlee\",\"url\":\"https:\/\/www.gadlee.hk\/ja\/\",\"logo\":{\"@type\":\"ImageObject\",\"inLanguage\":\"fr-FR\",\"@id\":\"https:\/\/www.gadlee.hk\/ja\/#\/schema\/logo\/image\/\",\"url\":\"https:\/\/www.gadlee.hk\/wp-content\/uploads\/2025\/06\/logo.png\",\"contentUrl\":\"https:\/\/www.gadlee.hk\/wp-content\/uploads\/2025\/06\/logo.png\",\"width\":1578,\"height\":327,\"caption\":\"Gadlee\"},\"image\":{\"@id\":\"https:\/\/www.gadlee.hk\/ja\/#\/schema\/logo\/image\/\"}}]}<\/script>\n<!-- \/ Yoast SEO plugin. -->","yoast_head_json":{"title":"406 Disinfectant Cleaner - Gadlee","description":"Cleans and disinfects surfaces to maintain a hygienic environment.","robots":{"index":"index","follow":"follow","max-snippet":"max-snippet:-1","max-image-preview":"max-image-preview:large","max-video-preview":"max-video-preview:-1"},"canonical":"https:\/\/www.gadlee.hk\/fr\/produit\/406-disinfectant-cleaner\/","og_locale":"fr_FR","og_type":"article","og_title":"406 Disinfectant Cleaner - Gadlee","og_description":"Cleans and disinfects surfaces to maintain a hygienic environment.","og_url":"https:\/\/www.gadlee.hk\/fr\/produit\/406-disinfectant-cleaner\/","og_site_name":"Gadlee","article_modified_time":"2025-10-25T06:04:24+00:00","og_image":[{"width":1200,"height":800,"url":"https:\/\/www.gadlee.hk\/wp-content\/uploads\/2025\/08\/406-Disinfectant-Cleaner.png","type":"image\/png"}],"twitter_card":"summary_large_image","twitter_misc":{"Est. reading time":"1 minute"},"schema":{"@context":"https:\/\/schema.org","@graph":[{"@type":"WebPage","@id":"https:\/\/www.gadlee.hk\/ja\/product\/406-%e6%b6%88%e6%af%92%e3%82%af%e3%83%aa%e3%83%bc%e3%83%8a%e3%83%bc\/","url":"https:\/\/www.gadlee.hk\/ja\/product\/406-%e6%b6%88%e6%af%92%e3%82%af%e3%83%aa%e3%83%bc%e3%83%8a%e3%83%bc\/","name":"406 Disinfectant Cleaner - Gadlee","isPartOf":{"@id":"https:\/\/www.gadlee.hk\/ja\/#website"},"primaryImageOfPage":{"@id":"https:\/\/www.gadlee.hk\/ja\/product\/406-%e6%b6%88%e6%af%92%e3%82%af%e3%83%aa%e3%83%bc%e3%83%8a%e3%83%bc\/#primaryimage"},"image":{"@id":"https:\/\/www.gadlee.hk\/ja\/product\/406-%e6%b6%88%e6%af%92%e3%82%af%e3%83%aa%e3%83%bc%e3%83%8a%e3%83%bc\/#primaryimage"},"thumbnailUrl":"https:\/\/www.gadlee.hk\/wp-content\/uploads\/2025\/08\/406-Disinfectant-Cleaner.png","datePublished":"2025-08-03T10:18:54+00:00","dateModified":"2025-10-25T06:04:24+00:00","description":"Cleans and disinfects surfaces to maintain a hygienic environment.","breadcrumb":{"@id":"https:\/\/www.gadlee.hk\/ja\/product\/406-%e6%b6%88%e6%af%92%e3%82%af%e3%83%aa%e3%83%bc%e3%83%8a%e3%83%bc\/#breadcrumb"},"inLanguage":"fr-FR","potentialAction":[{"@type":"ReadAction","target":["https:\/\/www.gadlee.hk\/ja\/product\/406-%e6%b6%88%e6%af%92%e3%82%af%e3%83%aa%e3%83%bc%e3%83%8a%e3%83%bc\/"]}]},{"@type":"ImageObject","inLanguage":"fr-FR","@id":"https:\/\/www.gadlee.hk\/ja\/product\/406-%e6%b6%88%e6%af%92%e3%82%af%e3%83%aa%e3%83%bc%e3%83%8a%e3%83%bc\/#primaryimage","url":"https:\/\/www.gadlee.hk\/wp-content\/uploads\/2025\/08\/406-Disinfectant-Cleaner.png","contentUrl":"https:\/\/www.gadlee.hk\/wp-content\/uploads\/2025\/08\/406-Disinfectant-Cleaner.png","width":1200,"height":800},{"@type":"BreadcrumbList","@id":"https:\/\/www.gadlee.hk\/ja\/product\/406-%e6%b6%88%e6%af%92%e3%82%af%e3%83%aa%e3%83%bc%e3%83%8a%e3%83%bc\/#breadcrumb","itemListElement":[{"@type":"ListItem","position":1,"name":"Home","item":"https:\/\/www.gadlee.hk\/fr\/"},{"@type":"ListItem","position":2,"name":"Products","item":"https:\/\/www.gadlee.hk\/fr\/boutique\/"},{"@type":"ListItem","position":3,"name":"406 Disinfectant Cleaner"}]},{"@type":"WebSite","@id":"https:\/\/www.gadlee.hk\/ja\/#website","url":"https:\/\/www.gadlee.hk\/ja\/","name":"Gadlee","description":"Asia&#039;s leading manufacturer of professional cleaning machines","publisher":{"@id":"https:\/\/www.gadlee.hk\/ja\/#organization"},"potentialAction":[{"@type":"SearchAction","target":{"@type":"EntryPoint","urlTemplate":"https:\/\/www.gadlee.hk\/ja\/?s={search_term_string}"},"query-input":{"@type":"PropertyValueSpecification","valueRequired":true,"valueName":"search_term_string"}}],"inLanguage":"fr-FR"},{"@type":"Organization","@id":"https:\/\/www.gadlee.hk\/ja\/#organization","name":"Gadlee","url":"https:\/\/www.gadlee.hk\/ja\/","logo":{"@type":"ImageObject","inLanguage":"fr-FR","@id":"https:\/\/www.gadlee.hk\/ja\/#\/schema\/logo\/image\/","url":"https:\/\/www.gadlee.hk\/wp-content\/uploads\/2025\/06\/logo.png","contentUrl":"https:\/\/www.gadlee.hk\/wp-content\/uploads\/2025\/06\/logo.png","width":1578,"height":327,"caption":"Gadlee"},"image":{"@id":"https:\/\/www.gadlee.hk\/ja\/#\/schema\/logo\/image\/"}}]}},"_links":{"self":[{"href":"https:\/\/www.gadlee.hk\/fr\/wp-json\/wp\/v2\/product\/4763","targetHints":{"allow":["GET"]}}],"collection":[{"href":"https:\/\/www.gadlee.hk\/fr\/wp-json\/wp\/v2\/product"}],"about":[{"href":"https:\/\/www.gadlee.hk\/fr\/wp-json\/wp\/v2\/types\/product"}],"version-history":[{"count":2,"href":"https:\/\/www.gadlee.hk\/fr\/wp-json\/wp\/v2\/product\/4763\/revisions"}],"predecessor-version":[{"id":5182,"href":"https:\/\/www.gadlee.hk\/fr\/wp-json\/wp\/v2\/product\/4763\/revisions\/5182"}],"wp:featuredmedia":[{"embeddable":true,"href":"https:\/\/www.gadlee.hk\/fr\/wp-json\/wp\/v2\/media\/4764"}],"wp:attachment":[{"href":"https:\/\/www.gadlee.hk\/fr\/wp-json\/wp\/v2\/media?parent=4763"}],"wp:term":[{"taxonomy":"product_brand","embeddable":true,"href":"https:\/\/www.gadlee.hk\/fr\/wp-json\/wp\/v2\/product_brand?post=4763"},{"taxonomy":"product_cat","embeddable":true,"href":"https:\/\/www.gadlee.hk\/fr\/wp-json\/wp\/v2\/product_cat?post=4763"},{"taxonomy":"product_tag","embeddable":true,"href":"https:\/\/www.gadlee.hk\/fr\/wp-json\/wp\/v2\/product_tag?post=4763"}],"curies":[{"name":"wp","href":"https:\/\/api.w.org\/{rel}","templated":true}]}}