{"id":4779,"date":"2025-08-03T14:23:16","date_gmt":"2025-08-03T14:23:16","guid":{"rendered":"https:\/\/gadlee.hk\/?post_type=product&#038;p=4779"},"modified":"2025-10-25T06:03:58","modified_gmt":"2025-10-25T06:03:58","slug":"603-super-gloss-wax","status":"publish","type":"product","link":"https:\/\/www.gadlee.hk\/fr\/produit\/603-super-gloss-wax\/","title":{"rendered":"603 Cire super brillante"},"content":{"rendered":"<p>Gr\u00e2ce \u00e0 une \u00e9mulsion de polym\u00e8res \u00e0 l'\u00e9chelle nanom\u00e9trique et \u00e0 une r\u00e9sine r\u00e9sistante \u00e0 l'usure, ce produit offre une odeur ultra-faible et une forte adh\u00e9rence, ainsi que de la rigidit\u00e9 et de la brillance, pour un effet mouill\u00e9 sur le sol. La surface de cire, dure et durable, r\u00e9siste aux \u00e9raflures et aux rayures. Son s\u00e9chage rapide et sa facilit\u00e9 d'entretien permettent de r\u00e9duire les co\u00fbts. Il est particuli\u00e8rement adapt\u00e9 aux h\u00f4pitaux et aux \u00e9coles.<\/p>","protected":false},"excerpt":{"rendered":"<p>Contenu net : 1 gal \/ 3.78 L<\/p>","protected":false},"featured_media":4780,"template":"","meta":[],"product_brand":[],"product_cat":[155],"product_tag":[],"class_list":{"0":"post-4779","1":"product","2":"type-product","3":"status-publish","4":"has-post-thumbnail","6":"product_cat-wax-series","8":"first","9":"instock","10":"shipping-taxable","11":"product-type-simple"},"yoast_head":"<!-- This site is optimized with the Yoast SEO plugin v26.2 - https:\/\/yoast.com\/wordpress\/plugins\/seo\/ -->\n<title>603 Super Gloss Wax - Gadlee<\/title>\n<meta name=\"description\" content=\"Provides brilliant shine and long-lasting protection for floors.\" \/>\n<meta name=\"robots\" content=\"index, follow, max-snippet:-1, max-image-preview:large, max-video-preview:-1\" \/>\n<link rel=\"canonical\" href=\"https:\/\/www.gadlee.hk\/fr\/produit\/603-super-gloss-wax\/\" \/>\n<meta property=\"og:locale\" content=\"fr_FR\" \/>\n<meta property=\"og:type\" content=\"article\" \/>\n<meta property=\"og:title\" content=\"603 Super Gloss Wax - Gadlee\" \/>\n<meta property=\"og:description\" content=\"Provides brilliant shine and long-lasting protection for floors.\" \/>\n<meta property=\"og:url\" content=\"https:\/\/www.gadlee.hk\/fr\/produit\/603-super-gloss-wax\/\" \/>\n<meta property=\"og:site_name\" content=\"Gadlee\" \/>\n<meta property=\"article:modified_time\" content=\"2025-10-25T06:03:58+00:00\" \/>\n<meta property=\"og:image\" content=\"https:\/\/www.gadlee.hk\/wp-content\/uploads\/2025\/08\/603-Super-Gloss-Wax.png\" \/>\n\t<meta property=\"og:image:width\" content=\"1200\" \/>\n\t<meta property=\"og:image:height\" content=\"800\" \/>\n\t<meta property=\"og:image:type\" content=\"image\/png\" \/>\n<meta name=\"twitter:card\" content=\"summary_large_image\" \/>\n<meta name=\"twitter:label1\" content=\"Est. reading time\" \/>\n\t<meta name=\"twitter:data1\" content=\"1 minute\" \/>\n<script type=\"application\/ld+json\" class=\"yoast-schema-graph\">{\"@context\":\"https:\/\/schema.org\",\"@graph\":[{\"@type\":\"WebPage\",\"@id\":\"https:\/\/www.gadlee.hk\/fr\/produit\/603-super-gloss-wax\/\",\"url\":\"https:\/\/www.gadlee.hk\/fr\/produit\/603-super-gloss-wax\/\",\"name\":\"603 Super Gloss Wax - Gadlee\",\"isPartOf\":{\"@id\":\"https:\/\/www.gadlee.hk\/ja\/#website\"},\"primaryImageOfPage\":{\"@id\":\"https:\/\/www.gadlee.hk\/fr\/produit\/603-super-gloss-wax\/#primaryimage\"},\"image\":{\"@id\":\"https:\/\/www.gadlee.hk\/fr\/produit\/603-super-gloss-wax\/#primaryimage\"},\"thumbnailUrl\":\"https:\/\/www.gadlee.hk\/wp-content\/uploads\/2025\/08\/603-Super-Gloss-Wax.png\",\"datePublished\":\"2025-08-03T14:23:16+00:00\",\"dateModified\":\"2025-10-25T06:03:58+00:00\",\"description\":\"Provides brilliant shine and long-lasting protection for floors.\",\"breadcrumb\":{\"@id\":\"https:\/\/www.gadlee.hk\/fr\/produit\/603-super-gloss-wax\/#breadcrumb\"},\"inLanguage\":\"fr-FR\",\"potentialAction\":[{\"@type\":\"ReadAction\",\"target\":[\"https:\/\/www.gadlee.hk\/fr\/produit\/603-super-gloss-wax\/\"]}]},{\"@type\":\"ImageObject\",\"inLanguage\":\"fr-FR\",\"@id\":\"https:\/\/www.gadlee.hk\/fr\/produit\/603-super-gloss-wax\/#primaryimage\",\"url\":\"https:\/\/www.gadlee.hk\/wp-content\/uploads\/2025\/08\/603-Super-Gloss-Wax.png\",\"contentUrl\":\"https:\/\/www.gadlee.hk\/wp-content\/uploads\/2025\/08\/603-Super-Gloss-Wax.png\",\"width\":1200,\"height\":800},{\"@type\":\"BreadcrumbList\",\"@id\":\"https:\/\/www.gadlee.hk\/fr\/produit\/603-super-gloss-wax\/#breadcrumb\",\"itemListElement\":[{\"@type\":\"ListItem\",\"position\":1,\"name\":\"Home\",\"item\":\"https:\/\/www.gadlee.hk\/fr\/\"},{\"@type\":\"ListItem\",\"position\":2,\"name\":\"Products\",\"item\":\"https:\/\/www.gadlee.hk\/fr\/boutique\/\"},{\"@type\":\"ListItem\",\"position\":3,\"name\":\"603 Super Gloss Wax\"}]},{\"@type\":\"WebSite\",\"@id\":\"https:\/\/www.gadlee.hk\/ja\/#website\",\"url\":\"https:\/\/www.gadlee.hk\/ja\/\",\"name\":\"Gadlee\",\"description\":\"Asia&#039;s leading manufacturer of professional cleaning machines\",\"publisher\":{\"@id\":\"https:\/\/www.gadlee.hk\/ja\/#organization\"},\"potentialAction\":[{\"@type\":\"SearchAction\",\"target\":{\"@type\":\"EntryPoint\",\"urlTemplate\":\"https:\/\/www.gadlee.hk\/ja\/?s={search_term_string}\"},\"query-input\":{\"@type\":\"PropertyValueSpecification\",\"valueRequired\":true,\"valueName\":\"search_term_string\"}}],\"inLanguage\":\"fr-FR\"},{\"@type\":\"Organization\",\"@id\":\"https:\/\/www.gadlee.hk\/ja\/#organization\",\"name\":\"Gadlee\",\"url\":\"https:\/\/www.gadlee.hk\/ja\/\",\"logo\":{\"@type\":\"ImageObject\",\"inLanguage\":\"fr-FR\",\"@id\":\"https:\/\/www.gadlee.hk\/ja\/#\/schema\/logo\/image\/\",\"url\":\"https:\/\/www.gadlee.hk\/wp-content\/uploads\/2025\/06\/logo.png\",\"contentUrl\":\"https:\/\/www.gadlee.hk\/wp-content\/uploads\/2025\/06\/logo.png\",\"width\":1578,\"height\":327,\"caption\":\"Gadlee\"},\"image\":{\"@id\":\"https:\/\/www.gadlee.hk\/ja\/#\/schema\/logo\/image\/\"}}]}<\/script>\n<!-- \/ Yoast SEO plugin. -->","yoast_head_json":{"title":"603 Super Gloss Wax - Gadlee","description":"Provides brilliant shine and long-lasting protection for floors.","robots":{"index":"index","follow":"follow","max-snippet":"max-snippet:-1","max-image-preview":"max-image-preview:large","max-video-preview":"max-video-preview:-1"},"canonical":"https:\/\/www.gadlee.hk\/fr\/produit\/603-super-gloss-wax\/","og_locale":"fr_FR","og_type":"article","og_title":"603 Super Gloss Wax - Gadlee","og_description":"Provides brilliant shine and long-lasting protection for floors.","og_url":"https:\/\/www.gadlee.hk\/fr\/produit\/603-super-gloss-wax\/","og_site_name":"Gadlee","article_modified_time":"2025-10-25T06:03:58+00:00","og_image":[{"width":1200,"height":800,"url":"https:\/\/www.gadlee.hk\/wp-content\/uploads\/2025\/08\/603-Super-Gloss-Wax.png","type":"image\/png"}],"twitter_card":"summary_large_image","twitter_misc":{"Est. reading time":"1 minute"},"schema":{"@context":"https:\/\/schema.org","@graph":[{"@type":"WebPage","@id":"https:\/\/www.gadlee.hk\/fr\/produit\/603-super-gloss-wax\/","url":"https:\/\/www.gadlee.hk\/fr\/produit\/603-super-gloss-wax\/","name":"603 Super Gloss Wax - Gadlee","isPartOf":{"@id":"https:\/\/www.gadlee.hk\/ja\/#website"},"primaryImageOfPage":{"@id":"https:\/\/www.gadlee.hk\/fr\/produit\/603-super-gloss-wax\/#primaryimage"},"image":{"@id":"https:\/\/www.gadlee.hk\/fr\/produit\/603-super-gloss-wax\/#primaryimage"},"thumbnailUrl":"https:\/\/www.gadlee.hk\/wp-content\/uploads\/2025\/08\/603-Super-Gloss-Wax.png","datePublished":"2025-08-03T14:23:16+00:00","dateModified":"2025-10-25T06:03:58+00:00","description":"Provides brilliant shine and long-lasting protection for floors.","breadcrumb":{"@id":"https:\/\/www.gadlee.hk\/fr\/produit\/603-super-gloss-wax\/#breadcrumb"},"inLanguage":"fr-FR","potentialAction":[{"@type":"ReadAction","target":["https:\/\/www.gadlee.hk\/fr\/produit\/603-super-gloss-wax\/"]}]},{"@type":"ImageObject","inLanguage":"fr-FR","@id":"https:\/\/www.gadlee.hk\/fr\/produit\/603-super-gloss-wax\/#primaryimage","url":"https:\/\/www.gadlee.hk\/wp-content\/uploads\/2025\/08\/603-Super-Gloss-Wax.png","contentUrl":"https:\/\/www.gadlee.hk\/wp-content\/uploads\/2025\/08\/603-Super-Gloss-Wax.png","width":1200,"height":800},{"@type":"BreadcrumbList","@id":"https:\/\/www.gadlee.hk\/fr\/produit\/603-super-gloss-wax\/#breadcrumb","itemListElement":[{"@type":"ListItem","position":1,"name":"Home","item":"https:\/\/www.gadlee.hk\/fr\/"},{"@type":"ListItem","position":2,"name":"Products","item":"https:\/\/www.gadlee.hk\/fr\/boutique\/"},{"@type":"ListItem","position":3,"name":"603 Super Gloss Wax"}]},{"@type":"WebSite","@id":"https:\/\/www.gadlee.hk\/ja\/#website","url":"https:\/\/www.gadlee.hk\/ja\/","name":"Gadlee","description":"Asia&#039;s leading manufacturer of professional cleaning machines","publisher":{"@id":"https:\/\/www.gadlee.hk\/ja\/#organization"},"potentialAction":[{"@type":"SearchAction","target":{"@type":"EntryPoint","urlTemplate":"https:\/\/www.gadlee.hk\/ja\/?s={search_term_string}"},"query-input":{"@type":"PropertyValueSpecification","valueRequired":true,"valueName":"search_term_string"}}],"inLanguage":"fr-FR"},{"@type":"Organization","@id":"https:\/\/www.gadlee.hk\/ja\/#organization","name":"Gadlee","url":"https:\/\/www.gadlee.hk\/ja\/","logo":{"@type":"ImageObject","inLanguage":"fr-FR","@id":"https:\/\/www.gadlee.hk\/ja\/#\/schema\/logo\/image\/","url":"https:\/\/www.gadlee.hk\/wp-content\/uploads\/2025\/06\/logo.png","contentUrl":"https:\/\/www.gadlee.hk\/wp-content\/uploads\/2025\/06\/logo.png","width":1578,"height":327,"caption":"Gadlee"},"image":{"@id":"https:\/\/www.gadlee.hk\/ja\/#\/schema\/logo\/image\/"}}]}},"_links":{"self":[{"href":"https:\/\/www.gadlee.hk\/fr\/wp-json\/wp\/v2\/product\/4779","targetHints":{"allow":["GET"]}}],"collection":[{"href":"https:\/\/www.gadlee.hk\/fr\/wp-json\/wp\/v2\/product"}],"about":[{"href":"https:\/\/www.gadlee.hk\/fr\/wp-json\/wp\/v2\/types\/product"}],"version-history":[{"count":2,"href":"https:\/\/www.gadlee.hk\/fr\/wp-json\/wp\/v2\/product\/4779\/revisions"}],"predecessor-version":[{"id":5185,"href":"https:\/\/www.gadlee.hk\/fr\/wp-json\/wp\/v2\/product\/4779\/revisions\/5185"}],"wp:featuredmedia":[{"embeddable":true,"href":"https:\/\/www.gadlee.hk\/fr\/wp-json\/wp\/v2\/media\/4780"}],"wp:attachment":[{"href":"https:\/\/www.gadlee.hk\/fr\/wp-json\/wp\/v2\/media?parent=4779"}],"wp:term":[{"taxonomy":"product_brand","embeddable":true,"href":"https:\/\/www.gadlee.hk\/fr\/wp-json\/wp\/v2\/product_brand?post=4779"},{"taxonomy":"product_cat","embeddable":true,"href":"https:\/\/www.gadlee.hk\/fr\/wp-json\/wp\/v2\/product_cat?post=4779"},{"taxonomy":"product_tag","embeddable":true,"href":"https:\/\/www.gadlee.hk\/fr\/wp-json\/wp\/v2\/product_tag?post=4779"}],"curies":[{"name":"wp","href":"https:\/\/api.w.org\/{rel}","templated":true}]}}