{"id":4831,"date":"2025-08-03T15:03:07","date_gmt":"2025-08-03T15:03:07","guid":{"rendered":"https:\/\/gadlee.hk\/?post_type=product&#038;p=4831"},"modified":"2025-10-25T04:10:47","modified_gmt":"2025-10-25T04:10:47","slug":"901-waste-deodorizer","status":"publish","type":"product","link":"https:\/\/www.gadlee.hk\/fr\/produit\/901-waste-deodorizer\/","title":{"rendered":"901 D\u00e9sodorisant de d\u00e9chets"},"content":{"rendered":"<p>Waste Deodorizer est id\u00e9al pour \u00e9liminer les odeurs tenaces des squats et des sols avoisinants, des drains, des coins troubles difficiles \u00e0 nettoyer, des tas de d\u00e9chets, des poubelles, des chariots \u00e0 d\u00e9chets, des bassins \u00e0 d\u00e9chets et des sols malodorants.<\/p>","protected":false},"excerpt":{"rendered":"<p>Contenu net : 650 mL \/ 0.17 gal<br \/>\nContenu net : 1 gal \/ 3.78 L<\/p>","protected":false},"featured_media":4832,"template":"","meta":[],"product_brand":[],"product_cat":[158],"product_tag":[],"class_list":{"0":"post-4831","1":"product","2":"type-product","3":"status-publish","4":"has-post-thumbnail","6":"product_cat-odour-control-series","8":"first","9":"instock","10":"shipping-taxable","11":"product-type-simple"},"yoast_head":"<!-- This site is optimized with the Yoast SEO plugin v26.2 - https:\/\/yoast.com\/wordpress\/plugins\/seo\/ -->\n<title>901 Waste Deodorizer - Gadlee<\/title>\n<meta name=\"description\" content=\"Eliminates unpleasant odours in waste bins and collection areas.\" \/>\n<meta name=\"robots\" content=\"index, follow, max-snippet:-1, max-image-preview:large, max-video-preview:-1\" \/>\n<link rel=\"canonical\" href=\"https:\/\/www.gadlee.hk\/fr\/produit\/901-waste-deodorizer\/\" \/>\n<meta property=\"og:locale\" content=\"fr_FR\" \/>\n<meta property=\"og:type\" content=\"article\" \/>\n<meta property=\"og:title\" content=\"901 Waste Deodorizer - Gadlee\" \/>\n<meta property=\"og:description\" content=\"Eliminates unpleasant odours in waste bins and collection areas.\" \/>\n<meta property=\"og:url\" content=\"https:\/\/www.gadlee.hk\/fr\/produit\/901-waste-deodorizer\/\" \/>\n<meta property=\"og:site_name\" content=\"Gadlee\" \/>\n<meta property=\"article:modified_time\" content=\"2025-10-25T04:10:47+00:00\" \/>\n<meta property=\"og:image\" content=\"https:\/\/www.gadlee.hk\/wp-content\/uploads\/2025\/08\/901-Waste-Deodorizer.png\" \/>\n\t<meta property=\"og:image:width\" content=\"1200\" \/>\n\t<meta property=\"og:image:height\" content=\"800\" \/>\n\t<meta property=\"og:image:type\" content=\"image\/png\" \/>\n<meta name=\"twitter:card\" content=\"summary_large_image\" \/>\n<meta name=\"twitter:label1\" content=\"Est. reading time\" \/>\n\t<meta name=\"twitter:data1\" content=\"1 minute\" \/>\n<script type=\"application\/ld+json\" class=\"yoast-schema-graph\">{\"@context\":\"https:\/\/schema.org\",\"@graph\":[{\"@type\":\"WebPage\",\"@id\":\"https:\/\/www.gadlee.hk\/ja\/product\/901%e5%bb%83%e6%a3%84%e7%89%a9%e8%84%b1%e8%87%ad%e8%a3%85%e7%bd%ae\/\",\"url\":\"https:\/\/www.gadlee.hk\/ja\/product\/901%e5%bb%83%e6%a3%84%e7%89%a9%e8%84%b1%e8%87%ad%e8%a3%85%e7%bd%ae\/\",\"name\":\"901 Waste Deodorizer - Gadlee\",\"isPartOf\":{\"@id\":\"https:\/\/www.gadlee.hk\/ja\/#website\"},\"primaryImageOfPage\":{\"@id\":\"https:\/\/www.gadlee.hk\/ja\/product\/901%e5%bb%83%e6%a3%84%e7%89%a9%e8%84%b1%e8%87%ad%e8%a3%85%e7%bd%ae\/#primaryimage\"},\"image\":{\"@id\":\"https:\/\/www.gadlee.hk\/ja\/product\/901%e5%bb%83%e6%a3%84%e7%89%a9%e8%84%b1%e8%87%ad%e8%a3%85%e7%bd%ae\/#primaryimage\"},\"thumbnailUrl\":\"https:\/\/www.gadlee.hk\/wp-content\/uploads\/2025\/08\/901-Waste-Deodorizer.png\",\"datePublished\":\"2025-08-03T15:03:07+00:00\",\"dateModified\":\"2025-10-25T04:10:47+00:00\",\"description\":\"Eliminates unpleasant odours in waste bins and collection areas.\",\"breadcrumb\":{\"@id\":\"https:\/\/www.gadlee.hk\/ja\/product\/901%e5%bb%83%e6%a3%84%e7%89%a9%e8%84%b1%e8%87%ad%e8%a3%85%e7%bd%ae\/#breadcrumb\"},\"inLanguage\":\"fr-FR\",\"potentialAction\":[{\"@type\":\"ReadAction\",\"target\":[\"https:\/\/www.gadlee.hk\/ja\/product\/901%e5%bb%83%e6%a3%84%e7%89%a9%e8%84%b1%e8%87%ad%e8%a3%85%e7%bd%ae\/\"]}]},{\"@type\":\"ImageObject\",\"inLanguage\":\"fr-FR\",\"@id\":\"https:\/\/www.gadlee.hk\/ja\/product\/901%e5%bb%83%e6%a3%84%e7%89%a9%e8%84%b1%e8%87%ad%e8%a3%85%e7%bd%ae\/#primaryimage\",\"url\":\"https:\/\/www.gadlee.hk\/wp-content\/uploads\/2025\/08\/901-Waste-Deodorizer.png\",\"contentUrl\":\"https:\/\/www.gadlee.hk\/wp-content\/uploads\/2025\/08\/901-Waste-Deodorizer.png\",\"width\":1200,\"height\":800},{\"@type\":\"BreadcrumbList\",\"@id\":\"https:\/\/www.gadlee.hk\/ja\/product\/901%e5%bb%83%e6%a3%84%e7%89%a9%e8%84%b1%e8%87%ad%e8%a3%85%e7%bd%ae\/#breadcrumb\",\"itemListElement\":[{\"@type\":\"ListItem\",\"position\":1,\"name\":\"Home\",\"item\":\"https:\/\/www.gadlee.hk\/fr\/\"},{\"@type\":\"ListItem\",\"position\":2,\"name\":\"Products\",\"item\":\"https:\/\/www.gadlee.hk\/fr\/boutique\/\"},{\"@type\":\"ListItem\",\"position\":3,\"name\":\"901 Waste Deodorizer\"}]},{\"@type\":\"WebSite\",\"@id\":\"https:\/\/www.gadlee.hk\/ja\/#website\",\"url\":\"https:\/\/www.gadlee.hk\/ja\/\",\"name\":\"Gadlee\",\"description\":\"Asia&#039;s leading manufacturer of professional cleaning machines\",\"publisher\":{\"@id\":\"https:\/\/www.gadlee.hk\/ja\/#organization\"},\"potentialAction\":[{\"@type\":\"SearchAction\",\"target\":{\"@type\":\"EntryPoint\",\"urlTemplate\":\"https:\/\/www.gadlee.hk\/ja\/?s={search_term_string}\"},\"query-input\":{\"@type\":\"PropertyValueSpecification\",\"valueRequired\":true,\"valueName\":\"search_term_string\"}}],\"inLanguage\":\"fr-FR\"},{\"@type\":\"Organization\",\"@id\":\"https:\/\/www.gadlee.hk\/ja\/#organization\",\"name\":\"Gadlee\",\"url\":\"https:\/\/www.gadlee.hk\/ja\/\",\"logo\":{\"@type\":\"ImageObject\",\"inLanguage\":\"fr-FR\",\"@id\":\"https:\/\/www.gadlee.hk\/ja\/#\/schema\/logo\/image\/\",\"url\":\"https:\/\/www.gadlee.hk\/wp-content\/uploads\/2025\/06\/logo.png\",\"contentUrl\":\"https:\/\/www.gadlee.hk\/wp-content\/uploads\/2025\/06\/logo.png\",\"width\":1578,\"height\":327,\"caption\":\"Gadlee\"},\"image\":{\"@id\":\"https:\/\/www.gadlee.hk\/ja\/#\/schema\/logo\/image\/\"}}]}<\/script>\n<!-- \/ Yoast SEO plugin. -->","yoast_head_json":{"title":"901 Waste Deodorizer - Gadlee","description":"Eliminates unpleasant odours in waste bins and collection areas.","robots":{"index":"index","follow":"follow","max-snippet":"max-snippet:-1","max-image-preview":"max-image-preview:large","max-video-preview":"max-video-preview:-1"},"canonical":"https:\/\/www.gadlee.hk\/fr\/produit\/901-waste-deodorizer\/","og_locale":"fr_FR","og_type":"article","og_title":"901 Waste Deodorizer - Gadlee","og_description":"Eliminates unpleasant odours in waste bins and collection areas.","og_url":"https:\/\/www.gadlee.hk\/fr\/produit\/901-waste-deodorizer\/","og_site_name":"Gadlee","article_modified_time":"2025-10-25T04:10:47+00:00","og_image":[{"width":1200,"height":800,"url":"https:\/\/www.gadlee.hk\/wp-content\/uploads\/2025\/08\/901-Waste-Deodorizer.png","type":"image\/png"}],"twitter_card":"summary_large_image","twitter_misc":{"Est. reading time":"1 minute"},"schema":{"@context":"https:\/\/schema.org","@graph":[{"@type":"WebPage","@id":"https:\/\/www.gadlee.hk\/ja\/product\/901%e5%bb%83%e6%a3%84%e7%89%a9%e8%84%b1%e8%87%ad%e8%a3%85%e7%bd%ae\/","url":"https:\/\/www.gadlee.hk\/ja\/product\/901%e5%bb%83%e6%a3%84%e7%89%a9%e8%84%b1%e8%87%ad%e8%a3%85%e7%bd%ae\/","name":"901 Waste Deodorizer - Gadlee","isPartOf":{"@id":"https:\/\/www.gadlee.hk\/ja\/#website"},"primaryImageOfPage":{"@id":"https:\/\/www.gadlee.hk\/ja\/product\/901%e5%bb%83%e6%a3%84%e7%89%a9%e8%84%b1%e8%87%ad%e8%a3%85%e7%bd%ae\/#primaryimage"},"image":{"@id":"https:\/\/www.gadlee.hk\/ja\/product\/901%e5%bb%83%e6%a3%84%e7%89%a9%e8%84%b1%e8%87%ad%e8%a3%85%e7%bd%ae\/#primaryimage"},"thumbnailUrl":"https:\/\/www.gadlee.hk\/wp-content\/uploads\/2025\/08\/901-Waste-Deodorizer.png","datePublished":"2025-08-03T15:03:07+00:00","dateModified":"2025-10-25T04:10:47+00:00","description":"Eliminates unpleasant odours in waste bins and collection areas.","breadcrumb":{"@id":"https:\/\/www.gadlee.hk\/ja\/product\/901%e5%bb%83%e6%a3%84%e7%89%a9%e8%84%b1%e8%87%ad%e8%a3%85%e7%bd%ae\/#breadcrumb"},"inLanguage":"fr-FR","potentialAction":[{"@type":"ReadAction","target":["https:\/\/www.gadlee.hk\/ja\/product\/901%e5%bb%83%e6%a3%84%e7%89%a9%e8%84%b1%e8%87%ad%e8%a3%85%e7%bd%ae\/"]}]},{"@type":"ImageObject","inLanguage":"fr-FR","@id":"https:\/\/www.gadlee.hk\/ja\/product\/901%e5%bb%83%e6%a3%84%e7%89%a9%e8%84%b1%e8%87%ad%e8%a3%85%e7%bd%ae\/#primaryimage","url":"https:\/\/www.gadlee.hk\/wp-content\/uploads\/2025\/08\/901-Waste-Deodorizer.png","contentUrl":"https:\/\/www.gadlee.hk\/wp-content\/uploads\/2025\/08\/901-Waste-Deodorizer.png","width":1200,"height":800},{"@type":"BreadcrumbList","@id":"https:\/\/www.gadlee.hk\/ja\/product\/901%e5%bb%83%e6%a3%84%e7%89%a9%e8%84%b1%e8%87%ad%e8%a3%85%e7%bd%ae\/#breadcrumb","itemListElement":[{"@type":"ListItem","position":1,"name":"Home","item":"https:\/\/www.gadlee.hk\/fr\/"},{"@type":"ListItem","position":2,"name":"Products","item":"https:\/\/www.gadlee.hk\/fr\/boutique\/"},{"@type":"ListItem","position":3,"name":"901 Waste Deodorizer"}]},{"@type":"WebSite","@id":"https:\/\/www.gadlee.hk\/ja\/#website","url":"https:\/\/www.gadlee.hk\/ja\/","name":"Gadlee","description":"Asia&#039;s leading manufacturer of professional cleaning machines","publisher":{"@id":"https:\/\/www.gadlee.hk\/ja\/#organization"},"potentialAction":[{"@type":"SearchAction","target":{"@type":"EntryPoint","urlTemplate":"https:\/\/www.gadlee.hk\/ja\/?s={search_term_string}"},"query-input":{"@type":"PropertyValueSpecification","valueRequired":true,"valueName":"search_term_string"}}],"inLanguage":"fr-FR"},{"@type":"Organization","@id":"https:\/\/www.gadlee.hk\/ja\/#organization","name":"Gadlee","url":"https:\/\/www.gadlee.hk\/ja\/","logo":{"@type":"ImageObject","inLanguage":"fr-FR","@id":"https:\/\/www.gadlee.hk\/ja\/#\/schema\/logo\/image\/","url":"https:\/\/www.gadlee.hk\/wp-content\/uploads\/2025\/06\/logo.png","contentUrl":"https:\/\/www.gadlee.hk\/wp-content\/uploads\/2025\/06\/logo.png","width":1578,"height":327,"caption":"Gadlee"},"image":{"@id":"https:\/\/www.gadlee.hk\/ja\/#\/schema\/logo\/image\/"}}]}},"_links":{"self":[{"href":"https:\/\/www.gadlee.hk\/fr\/wp-json\/wp\/v2\/product\/4831","targetHints":{"allow":["GET"]}}],"collection":[{"href":"https:\/\/www.gadlee.hk\/fr\/wp-json\/wp\/v2\/product"}],"about":[{"href":"https:\/\/www.gadlee.hk\/fr\/wp-json\/wp\/v2\/types\/product"}],"version-history":[{"count":3,"href":"https:\/\/www.gadlee.hk\/fr\/wp-json\/wp\/v2\/product\/4831\/revisions"}],"predecessor-version":[{"id":5456,"href":"https:\/\/www.gadlee.hk\/fr\/wp-json\/wp\/v2\/product\/4831\/revisions\/5456"}],"wp:featuredmedia":[{"embeddable":true,"href":"https:\/\/www.gadlee.hk\/fr\/wp-json\/wp\/v2\/media\/4832"}],"wp:attachment":[{"href":"https:\/\/www.gadlee.hk\/fr\/wp-json\/wp\/v2\/media?parent=4831"}],"wp:term":[{"taxonomy":"product_brand","embeddable":true,"href":"https:\/\/www.gadlee.hk\/fr\/wp-json\/wp\/v2\/product_brand?post=4831"},{"taxonomy":"product_cat","embeddable":true,"href":"https:\/\/www.gadlee.hk\/fr\/wp-json\/wp\/v2\/product_cat?post=4831"},{"taxonomy":"product_tag","embeddable":true,"href":"https:\/\/www.gadlee.hk\/fr\/wp-json\/wp\/v2\/product_tag?post=4831"}],"curies":[{"name":"wp","href":"https:\/\/api.w.org\/{rel}","templated":true}]}}