{"id":4891,"date":"2025-08-03T15:27:26","date_gmt":"2025-08-03T15:27:26","guid":{"rendered":"https:\/\/gadlee.hk\/?post_type=product&#038;p=4891"},"modified":"2025-10-25T04:01:33","modified_gmt":"2025-10-25T04:01:33","slug":"f107-tile-glazing-agent","status":"publish","type":"product","link":"https:\/\/www.gadlee.hk\/fr\/produit\/f107-tile-glazing-agent\/","title":{"rendered":"F107 Agent de vitrification des carreaux"},"content":{"rendered":"<p>Nouvelle formule pour le plexiglas. R\u00e9paration \u00e0 l'aide d'une polisseuse \u00e0 disque unique pour remplir l'\u00e9mail du carreau. Forme une couche brillante r\u00e9sistante \u00e0 l'abrasion. Lorsque la pierre de quartz artificielle est utilis\u00e9e pour sceller la gla\u00e7ure, elle est utilis\u00e9e avec une petite quantit\u00e9 de poudre de cristal pour une performance l\u00e9g\u00e8re.<\/p>","protected":false},"excerpt":{"rendered":"<p>Contenu net : 1 \u00d7 1 gal \/ 3.78 L<\/p>","protected":false},"featured_media":4892,"template":"","meta":[],"product_brand":[],"product_cat":[159],"product_tag":[],"class_list":{"0":"post-4891","1":"product","2":"type-product","3":"status-publish","4":"has-post-thumbnail","6":"product_cat-stone-care-series","8":"first","9":"instock","10":"shipping-taxable","11":"product-type-simple"},"yoast_head":"<!-- This site is optimized with the Yoast SEO plugin v26.2 - https:\/\/yoast.com\/wordpress\/plugins\/seo\/ -->\n<title>F107 Tile Glazing Agent - Gadlee<\/title>\n<meta name=\"description\" content=\"Restores tile gloss and provides durable surface protection.\" \/>\n<meta name=\"robots\" content=\"index, follow, max-snippet:-1, max-image-preview:large, max-video-preview:-1\" \/>\n<link rel=\"canonical\" href=\"https:\/\/www.gadlee.hk\/fr\/produit\/f107-tile-glazing-agent\/\" \/>\n<meta property=\"og:locale\" content=\"fr_FR\" \/>\n<meta property=\"og:type\" content=\"article\" \/>\n<meta property=\"og:title\" content=\"F107 Tile Glazing Agent - Gadlee\" \/>\n<meta property=\"og:description\" content=\"Restores tile gloss and provides durable surface protection.\" \/>\n<meta property=\"og:url\" content=\"https:\/\/www.gadlee.hk\/fr\/produit\/f107-tile-glazing-agent\/\" \/>\n<meta property=\"og:site_name\" content=\"Gadlee\" \/>\n<meta property=\"article:modified_time\" content=\"2025-10-25T04:01:33+00:00\" \/>\n<meta property=\"og:image\" content=\"https:\/\/www.gadlee.hk\/wp-content\/uploads\/2025\/08\/F107-Tile-Glazing-Agent.png\" \/>\n\t<meta property=\"og:image:width\" content=\"1200\" \/>\n\t<meta property=\"og:image:height\" content=\"800\" \/>\n\t<meta property=\"og:image:type\" content=\"image\/png\" \/>\n<meta name=\"twitter:card\" content=\"summary_large_image\" \/>\n<meta name=\"twitter:label1\" content=\"Est. reading time\" \/>\n\t<meta name=\"twitter:data1\" content=\"1 minute\" \/>\n<script type=\"application\/ld+json\" class=\"yoast-schema-graph\">{\"@context\":\"https:\/\/schema.org\",\"@graph\":[{\"@type\":\"WebPage\",\"@id\":\"https:\/\/www.gadlee.hk\/ja\/product\/f107-%e3%82%bf%e3%82%a4%e3%83%ab%e8%89%b6%e5%87%ba%e3%81%97%e5%89%a4\/\",\"url\":\"https:\/\/www.gadlee.hk\/ja\/product\/f107-%e3%82%bf%e3%82%a4%e3%83%ab%e8%89%b6%e5%87%ba%e3%81%97%e5%89%a4\/\",\"name\":\"F107 Tile Glazing Agent - Gadlee\",\"isPartOf\":{\"@id\":\"https:\/\/www.gadlee.hk\/ja\/#website\"},\"primaryImageOfPage\":{\"@id\":\"https:\/\/www.gadlee.hk\/ja\/product\/f107-%e3%82%bf%e3%82%a4%e3%83%ab%e8%89%b6%e5%87%ba%e3%81%97%e5%89%a4\/#primaryimage\"},\"image\":{\"@id\":\"https:\/\/www.gadlee.hk\/ja\/product\/f107-%e3%82%bf%e3%82%a4%e3%83%ab%e8%89%b6%e5%87%ba%e3%81%97%e5%89%a4\/#primaryimage\"},\"thumbnailUrl\":\"https:\/\/www.gadlee.hk\/wp-content\/uploads\/2025\/08\/F107-Tile-Glazing-Agent.png\",\"datePublished\":\"2025-08-03T15:27:26+00:00\",\"dateModified\":\"2025-10-25T04:01:33+00:00\",\"description\":\"Restores tile gloss and provides durable surface protection.\",\"breadcrumb\":{\"@id\":\"https:\/\/www.gadlee.hk\/ja\/product\/f107-%e3%82%bf%e3%82%a4%e3%83%ab%e8%89%b6%e5%87%ba%e3%81%97%e5%89%a4\/#breadcrumb\"},\"inLanguage\":\"fr-FR\",\"potentialAction\":[{\"@type\":\"ReadAction\",\"target\":[\"https:\/\/www.gadlee.hk\/ja\/product\/f107-%e3%82%bf%e3%82%a4%e3%83%ab%e8%89%b6%e5%87%ba%e3%81%97%e5%89%a4\/\"]}]},{\"@type\":\"ImageObject\",\"inLanguage\":\"fr-FR\",\"@id\":\"https:\/\/www.gadlee.hk\/ja\/product\/f107-%e3%82%bf%e3%82%a4%e3%83%ab%e8%89%b6%e5%87%ba%e3%81%97%e5%89%a4\/#primaryimage\",\"url\":\"https:\/\/www.gadlee.hk\/wp-content\/uploads\/2025\/08\/F107-Tile-Glazing-Agent.png\",\"contentUrl\":\"https:\/\/www.gadlee.hk\/wp-content\/uploads\/2025\/08\/F107-Tile-Glazing-Agent.png\",\"width\":1200,\"height\":800},{\"@type\":\"BreadcrumbList\",\"@id\":\"https:\/\/www.gadlee.hk\/ja\/product\/f107-%e3%82%bf%e3%82%a4%e3%83%ab%e8%89%b6%e5%87%ba%e3%81%97%e5%89%a4\/#breadcrumb\",\"itemListElement\":[{\"@type\":\"ListItem\",\"position\":1,\"name\":\"Home\",\"item\":\"https:\/\/www.gadlee.hk\/fr\/\"},{\"@type\":\"ListItem\",\"position\":2,\"name\":\"Products\",\"item\":\"https:\/\/www.gadlee.hk\/fr\/boutique\/\"},{\"@type\":\"ListItem\",\"position\":3,\"name\":\"F107 Tile Glazing Agent\"}]},{\"@type\":\"WebSite\",\"@id\":\"https:\/\/www.gadlee.hk\/ja\/#website\",\"url\":\"https:\/\/www.gadlee.hk\/ja\/\",\"name\":\"Gadlee\",\"description\":\"Asia&#039;s leading manufacturer of professional cleaning machines\",\"publisher\":{\"@id\":\"https:\/\/www.gadlee.hk\/ja\/#organization\"},\"potentialAction\":[{\"@type\":\"SearchAction\",\"target\":{\"@type\":\"EntryPoint\",\"urlTemplate\":\"https:\/\/www.gadlee.hk\/ja\/?s={search_term_string}\"},\"query-input\":{\"@type\":\"PropertyValueSpecification\",\"valueRequired\":true,\"valueName\":\"search_term_string\"}}],\"inLanguage\":\"fr-FR\"},{\"@type\":\"Organization\",\"@id\":\"https:\/\/www.gadlee.hk\/ja\/#organization\",\"name\":\"Gadlee\",\"url\":\"https:\/\/www.gadlee.hk\/ja\/\",\"logo\":{\"@type\":\"ImageObject\",\"inLanguage\":\"fr-FR\",\"@id\":\"https:\/\/www.gadlee.hk\/ja\/#\/schema\/logo\/image\/\",\"url\":\"https:\/\/www.gadlee.hk\/wp-content\/uploads\/2025\/06\/logo.png\",\"contentUrl\":\"https:\/\/www.gadlee.hk\/wp-content\/uploads\/2025\/06\/logo.png\",\"width\":1578,\"height\":327,\"caption\":\"Gadlee\"},\"image\":{\"@id\":\"https:\/\/www.gadlee.hk\/ja\/#\/schema\/logo\/image\/\"}}]}<\/script>\n<!-- \/ Yoast SEO plugin. -->","yoast_head_json":{"title":"F107 Tile Glazing Agent - Gadlee","description":"Restores tile gloss and provides durable surface protection.","robots":{"index":"index","follow":"follow","max-snippet":"max-snippet:-1","max-image-preview":"max-image-preview:large","max-video-preview":"max-video-preview:-1"},"canonical":"https:\/\/www.gadlee.hk\/fr\/produit\/f107-tile-glazing-agent\/","og_locale":"fr_FR","og_type":"article","og_title":"F107 Tile Glazing Agent - Gadlee","og_description":"Restores tile gloss and provides durable surface protection.","og_url":"https:\/\/www.gadlee.hk\/fr\/produit\/f107-tile-glazing-agent\/","og_site_name":"Gadlee","article_modified_time":"2025-10-25T04:01:33+00:00","og_image":[{"width":1200,"height":800,"url":"https:\/\/www.gadlee.hk\/wp-content\/uploads\/2025\/08\/F107-Tile-Glazing-Agent.png","type":"image\/png"}],"twitter_card":"summary_large_image","twitter_misc":{"Est. reading time":"1 minute"},"schema":{"@context":"https:\/\/schema.org","@graph":[{"@type":"WebPage","@id":"https:\/\/www.gadlee.hk\/ja\/product\/f107-%e3%82%bf%e3%82%a4%e3%83%ab%e8%89%b6%e5%87%ba%e3%81%97%e5%89%a4\/","url":"https:\/\/www.gadlee.hk\/ja\/product\/f107-%e3%82%bf%e3%82%a4%e3%83%ab%e8%89%b6%e5%87%ba%e3%81%97%e5%89%a4\/","name":"F107 Tile Glazing Agent - Gadlee","isPartOf":{"@id":"https:\/\/www.gadlee.hk\/ja\/#website"},"primaryImageOfPage":{"@id":"https:\/\/www.gadlee.hk\/ja\/product\/f107-%e3%82%bf%e3%82%a4%e3%83%ab%e8%89%b6%e5%87%ba%e3%81%97%e5%89%a4\/#primaryimage"},"image":{"@id":"https:\/\/www.gadlee.hk\/ja\/product\/f107-%e3%82%bf%e3%82%a4%e3%83%ab%e8%89%b6%e5%87%ba%e3%81%97%e5%89%a4\/#primaryimage"},"thumbnailUrl":"https:\/\/www.gadlee.hk\/wp-content\/uploads\/2025\/08\/F107-Tile-Glazing-Agent.png","datePublished":"2025-08-03T15:27:26+00:00","dateModified":"2025-10-25T04:01:33+00:00","description":"Restores tile gloss and provides durable surface protection.","breadcrumb":{"@id":"https:\/\/www.gadlee.hk\/ja\/product\/f107-%e3%82%bf%e3%82%a4%e3%83%ab%e8%89%b6%e5%87%ba%e3%81%97%e5%89%a4\/#breadcrumb"},"inLanguage":"fr-FR","potentialAction":[{"@type":"ReadAction","target":["https:\/\/www.gadlee.hk\/ja\/product\/f107-%e3%82%bf%e3%82%a4%e3%83%ab%e8%89%b6%e5%87%ba%e3%81%97%e5%89%a4\/"]}]},{"@type":"ImageObject","inLanguage":"fr-FR","@id":"https:\/\/www.gadlee.hk\/ja\/product\/f107-%e3%82%bf%e3%82%a4%e3%83%ab%e8%89%b6%e5%87%ba%e3%81%97%e5%89%a4\/#primaryimage","url":"https:\/\/www.gadlee.hk\/wp-content\/uploads\/2025\/08\/F107-Tile-Glazing-Agent.png","contentUrl":"https:\/\/www.gadlee.hk\/wp-content\/uploads\/2025\/08\/F107-Tile-Glazing-Agent.png","width":1200,"height":800},{"@type":"BreadcrumbList","@id":"https:\/\/www.gadlee.hk\/ja\/product\/f107-%e3%82%bf%e3%82%a4%e3%83%ab%e8%89%b6%e5%87%ba%e3%81%97%e5%89%a4\/#breadcrumb","itemListElement":[{"@type":"ListItem","position":1,"name":"Home","item":"https:\/\/www.gadlee.hk\/fr\/"},{"@type":"ListItem","position":2,"name":"Products","item":"https:\/\/www.gadlee.hk\/fr\/boutique\/"},{"@type":"ListItem","position":3,"name":"F107 Tile Glazing Agent"}]},{"@type":"WebSite","@id":"https:\/\/www.gadlee.hk\/ja\/#website","url":"https:\/\/www.gadlee.hk\/ja\/","name":"Gadlee","description":"Asia&#039;s leading manufacturer of professional cleaning machines","publisher":{"@id":"https:\/\/www.gadlee.hk\/ja\/#organization"},"potentialAction":[{"@type":"SearchAction","target":{"@type":"EntryPoint","urlTemplate":"https:\/\/www.gadlee.hk\/ja\/?s={search_term_string}"},"query-input":{"@type":"PropertyValueSpecification","valueRequired":true,"valueName":"search_term_string"}}],"inLanguage":"fr-FR"},{"@type":"Organization","@id":"https:\/\/www.gadlee.hk\/ja\/#organization","name":"Gadlee","url":"https:\/\/www.gadlee.hk\/ja\/","logo":{"@type":"ImageObject","inLanguage":"fr-FR","@id":"https:\/\/www.gadlee.hk\/ja\/#\/schema\/logo\/image\/","url":"https:\/\/www.gadlee.hk\/wp-content\/uploads\/2025\/06\/logo.png","contentUrl":"https:\/\/www.gadlee.hk\/wp-content\/uploads\/2025\/06\/logo.png","width":1578,"height":327,"caption":"Gadlee"},"image":{"@id":"https:\/\/www.gadlee.hk\/ja\/#\/schema\/logo\/image\/"}}]}},"_links":{"self":[{"href":"https:\/\/www.gadlee.hk\/fr\/wp-json\/wp\/v2\/product\/4891","targetHints":{"allow":["GET"]}}],"collection":[{"href":"https:\/\/www.gadlee.hk\/fr\/wp-json\/wp\/v2\/product"}],"about":[{"href":"https:\/\/www.gadlee.hk\/fr\/wp-json\/wp\/v2\/types\/product"}],"version-history":[{"count":3,"href":"https:\/\/www.gadlee.hk\/fr\/wp-json\/wp\/v2\/product\/4891\/revisions"}],"predecessor-version":[{"id":5592,"href":"https:\/\/www.gadlee.hk\/fr\/wp-json\/wp\/v2\/product\/4891\/revisions\/5592"}],"wp:featuredmedia":[{"embeddable":true,"href":"https:\/\/www.gadlee.hk\/fr\/wp-json\/wp\/v2\/media\/4892"}],"wp:attachment":[{"href":"https:\/\/www.gadlee.hk\/fr\/wp-json\/wp\/v2\/media?parent=4891"}],"wp:term":[{"taxonomy":"product_brand","embeddable":true,"href":"https:\/\/www.gadlee.hk\/fr\/wp-json\/wp\/v2\/product_brand?post=4891"},{"taxonomy":"product_cat","embeddable":true,"href":"https:\/\/www.gadlee.hk\/fr\/wp-json\/wp\/v2\/product_cat?post=4891"},{"taxonomy":"product_tag","embeddable":true,"href":"https:\/\/www.gadlee.hk\/fr\/wp-json\/wp\/v2\/product_tag?post=4891"}],"curies":[{"name":"wp","href":"https:\/\/api.w.org\/{rel}","templated":true}]}}