{"id":4919,"date":"2025-08-03T15:46:21","date_gmt":"2025-08-03T15:46:21","guid":{"rendered":"https:\/\/gadlee.hk\/?post_type=product&#038;p=4919"},"modified":"2025-10-25T03:58:57","modified_gmt":"2025-10-25T03:58:57","slug":"jt-t20-aerosol-dispenser","status":"publish","type":"product","link":"https:\/\/www.gadlee.hk\/fr\/produit\/jt-t20-aerosol-dispenser\/","title":{"rendered":"JT-T20 G\u00e9n\u00e9rateur d'a\u00e9rosol"},"content":{"rendered":"<p>Flacon tout-en-un de conception unique pour une installation et une utilisation faciles. Il est dot\u00e9 d'une atomisation de niveau nanom\u00e9trique pour un parfum plus durable et uniform\u00e9ment dispers\u00e9. Le flacon de grande capacit\u00e9 de 200 ml est \u00e9quip\u00e9 d'un syst\u00e8me anti-oxydation pour pr\u00e9server la qualit\u00e9 du liquide. Le distributeur mural utilise un support encliquetable pour une installation sans outil - aucune vis n'est n\u00e9cessaire. Compatible avec le neutralisateur d'odeurs naturel 902.<\/p>","protected":false},"excerpt":{"rendered":"<p>Uniquely designed all-in-one bottle for easy installation and use. Features nano level atomization for longer lasting, evenly dispersed fragrance. The 200ml large capacity bottle is equipped with an anti-oxidation design<\/p>","protected":false},"featured_media":4920,"template":"","meta":[],"product_brand":[],"product_cat":[161],"product_tag":[],"class_list":{"0":"post-4919","1":"product","2":"type-product","3":"status-publish","4":"has-post-thumbnail","6":"product_cat-device-series","8":"first","9":"instock","10":"shipping-taxable","11":"product-type-simple"},"yoast_head":"<!-- This site is optimized with the Yoast SEO plugin v26.2 - https:\/\/yoast.com\/wordpress\/plugins\/seo\/ -->\n<title>JT-T20 Aerosol Dispenser - Gadlee<\/title>\n<meta name=\"description\" content=\"Smart aerosol dispenser for consistent fragrance and odour control.\" \/>\n<meta name=\"robots\" content=\"index, follow, max-snippet:-1, max-image-preview:large, max-video-preview:-1\" \/>\n<link rel=\"canonical\" href=\"https:\/\/www.gadlee.hk\/fr\/produit\/jt-t20-aerosol-dispenser\/\" \/>\n<meta property=\"og:locale\" content=\"fr_FR\" \/>\n<meta property=\"og:type\" content=\"article\" \/>\n<meta property=\"og:title\" content=\"JT-T20 Aerosol Dispenser - Gadlee\" \/>\n<meta property=\"og:description\" content=\"Smart aerosol dispenser for consistent fragrance and odour control.\" \/>\n<meta property=\"og:url\" content=\"https:\/\/www.gadlee.hk\/fr\/produit\/jt-t20-aerosol-dispenser\/\" \/>\n<meta property=\"og:site_name\" content=\"Gadlee\" \/>\n<meta property=\"article:modified_time\" content=\"2025-10-25T03:58:57+00:00\" \/>\n<meta property=\"og:image\" content=\"https:\/\/www.gadlee.hk\/wp-content\/uploads\/2025\/08\/JT-T20-Aerosol-Dispenser.png\" \/>\n\t<meta property=\"og:image:width\" content=\"1200\" \/>\n\t<meta property=\"og:image:height\" content=\"800\" \/>\n\t<meta property=\"og:image:type\" content=\"image\/png\" \/>\n<meta name=\"twitter:card\" content=\"summary_large_image\" \/>\n<meta name=\"twitter:label1\" content=\"Est. reading time\" \/>\n\t<meta name=\"twitter:data1\" content=\"1 minute\" \/>\n<script type=\"application\/ld+json\" class=\"yoast-schema-graph\">{\"@context\":\"https:\/\/schema.org\",\"@graph\":[{\"@type\":\"WebPage\",\"@id\":\"https:\/\/www.gadlee.hk\/zh-hk\/product\/jt-t20-aerosol-dispenser\/\",\"url\":\"https:\/\/www.gadlee.hk\/zh-hk\/product\/jt-t20-aerosol-dispenser\/\",\"name\":\"JT-T20 Aerosol Dispenser - Gadlee\",\"isPartOf\":{\"@id\":\"https:\/\/www.gadlee.hk\/ja\/#website\"},\"primaryImageOfPage\":{\"@id\":\"https:\/\/www.gadlee.hk\/zh-hk\/product\/jt-t20-aerosol-dispenser\/#primaryimage\"},\"image\":{\"@id\":\"https:\/\/www.gadlee.hk\/zh-hk\/product\/jt-t20-aerosol-dispenser\/#primaryimage\"},\"thumbnailUrl\":\"https:\/\/www.gadlee.hk\/wp-content\/uploads\/2025\/08\/JT-T20-Aerosol-Dispenser.png\",\"datePublished\":\"2025-08-03T15:46:21+00:00\",\"dateModified\":\"2025-10-25T03:58:57+00:00\",\"description\":\"Smart aerosol dispenser for consistent fragrance and odour control.\",\"breadcrumb\":{\"@id\":\"https:\/\/www.gadlee.hk\/zh-hk\/product\/jt-t20-aerosol-dispenser\/#breadcrumb\"},\"inLanguage\":\"fr-FR\",\"potentialAction\":[{\"@type\":\"ReadAction\",\"target\":[\"https:\/\/www.gadlee.hk\/zh-hk\/product\/jt-t20-aerosol-dispenser\/\"]}]},{\"@type\":\"ImageObject\",\"inLanguage\":\"fr-FR\",\"@id\":\"https:\/\/www.gadlee.hk\/zh-hk\/product\/jt-t20-aerosol-dispenser\/#primaryimage\",\"url\":\"https:\/\/www.gadlee.hk\/wp-content\/uploads\/2025\/08\/JT-T20-Aerosol-Dispenser.png\",\"contentUrl\":\"https:\/\/www.gadlee.hk\/wp-content\/uploads\/2025\/08\/JT-T20-Aerosol-Dispenser.png\",\"width\":1200,\"height\":800},{\"@type\":\"BreadcrumbList\",\"@id\":\"https:\/\/www.gadlee.hk\/zh-hk\/product\/jt-t20-aerosol-dispenser\/#breadcrumb\",\"itemListElement\":[{\"@type\":\"ListItem\",\"position\":1,\"name\":\"Home\",\"item\":\"https:\/\/www.gadlee.hk\/fr\/\"},{\"@type\":\"ListItem\",\"position\":2,\"name\":\"Products\",\"item\":\"https:\/\/www.gadlee.hk\/fr\/boutique\/\"},{\"@type\":\"ListItem\",\"position\":3,\"name\":\"JT-T20 Aerosol Dispenser\"}]},{\"@type\":\"WebSite\",\"@id\":\"https:\/\/www.gadlee.hk\/ja\/#website\",\"url\":\"https:\/\/www.gadlee.hk\/ja\/\",\"name\":\"Gadlee\",\"description\":\"Asia&#039;s leading manufacturer of professional cleaning machines\",\"publisher\":{\"@id\":\"https:\/\/www.gadlee.hk\/ja\/#organization\"},\"potentialAction\":[{\"@type\":\"SearchAction\",\"target\":{\"@type\":\"EntryPoint\",\"urlTemplate\":\"https:\/\/www.gadlee.hk\/ja\/?s={search_term_string}\"},\"query-input\":{\"@type\":\"PropertyValueSpecification\",\"valueRequired\":true,\"valueName\":\"search_term_string\"}}],\"inLanguage\":\"fr-FR\"},{\"@type\":\"Organization\",\"@id\":\"https:\/\/www.gadlee.hk\/ja\/#organization\",\"name\":\"Gadlee\",\"url\":\"https:\/\/www.gadlee.hk\/ja\/\",\"logo\":{\"@type\":\"ImageObject\",\"inLanguage\":\"fr-FR\",\"@id\":\"https:\/\/www.gadlee.hk\/ja\/#\/schema\/logo\/image\/\",\"url\":\"https:\/\/www.gadlee.hk\/wp-content\/uploads\/2025\/06\/logo.png\",\"contentUrl\":\"https:\/\/www.gadlee.hk\/wp-content\/uploads\/2025\/06\/logo.png\",\"width\":1578,\"height\":327,\"caption\":\"Gadlee\"},\"image\":{\"@id\":\"https:\/\/www.gadlee.hk\/ja\/#\/schema\/logo\/image\/\"}}]}<\/script>\n<!-- \/ Yoast SEO plugin. -->","yoast_head_json":{"title":"JT-T20 Aerosol Dispenser - Gadlee","description":"Smart aerosol dispenser for consistent fragrance and odour control.","robots":{"index":"index","follow":"follow","max-snippet":"max-snippet:-1","max-image-preview":"max-image-preview:large","max-video-preview":"max-video-preview:-1"},"canonical":"https:\/\/www.gadlee.hk\/fr\/produit\/jt-t20-aerosol-dispenser\/","og_locale":"fr_FR","og_type":"article","og_title":"JT-T20 Aerosol Dispenser - Gadlee","og_description":"Smart aerosol dispenser for consistent fragrance and odour control.","og_url":"https:\/\/www.gadlee.hk\/fr\/produit\/jt-t20-aerosol-dispenser\/","og_site_name":"Gadlee","article_modified_time":"2025-10-25T03:58:57+00:00","og_image":[{"width":1200,"height":800,"url":"https:\/\/www.gadlee.hk\/wp-content\/uploads\/2025\/08\/JT-T20-Aerosol-Dispenser.png","type":"image\/png"}],"twitter_card":"summary_large_image","twitter_misc":{"Est. reading time":"1 minute"},"schema":{"@context":"https:\/\/schema.org","@graph":[{"@type":"WebPage","@id":"https:\/\/www.gadlee.hk\/zh-hk\/product\/jt-t20-aerosol-dispenser\/","url":"https:\/\/www.gadlee.hk\/zh-hk\/product\/jt-t20-aerosol-dispenser\/","name":"JT-T20 Aerosol Dispenser - Gadlee","isPartOf":{"@id":"https:\/\/www.gadlee.hk\/ja\/#website"},"primaryImageOfPage":{"@id":"https:\/\/www.gadlee.hk\/zh-hk\/product\/jt-t20-aerosol-dispenser\/#primaryimage"},"image":{"@id":"https:\/\/www.gadlee.hk\/zh-hk\/product\/jt-t20-aerosol-dispenser\/#primaryimage"},"thumbnailUrl":"https:\/\/www.gadlee.hk\/wp-content\/uploads\/2025\/08\/JT-T20-Aerosol-Dispenser.png","datePublished":"2025-08-03T15:46:21+00:00","dateModified":"2025-10-25T03:58:57+00:00","description":"Smart aerosol dispenser for consistent fragrance and odour control.","breadcrumb":{"@id":"https:\/\/www.gadlee.hk\/zh-hk\/product\/jt-t20-aerosol-dispenser\/#breadcrumb"},"inLanguage":"fr-FR","potentialAction":[{"@type":"ReadAction","target":["https:\/\/www.gadlee.hk\/zh-hk\/product\/jt-t20-aerosol-dispenser\/"]}]},{"@type":"ImageObject","inLanguage":"fr-FR","@id":"https:\/\/www.gadlee.hk\/zh-hk\/product\/jt-t20-aerosol-dispenser\/#primaryimage","url":"https:\/\/www.gadlee.hk\/wp-content\/uploads\/2025\/08\/JT-T20-Aerosol-Dispenser.png","contentUrl":"https:\/\/www.gadlee.hk\/wp-content\/uploads\/2025\/08\/JT-T20-Aerosol-Dispenser.png","width":1200,"height":800},{"@type":"BreadcrumbList","@id":"https:\/\/www.gadlee.hk\/zh-hk\/product\/jt-t20-aerosol-dispenser\/#breadcrumb","itemListElement":[{"@type":"ListItem","position":1,"name":"Home","item":"https:\/\/www.gadlee.hk\/fr\/"},{"@type":"ListItem","position":2,"name":"Products","item":"https:\/\/www.gadlee.hk\/fr\/boutique\/"},{"@type":"ListItem","position":3,"name":"JT-T20 Aerosol Dispenser"}]},{"@type":"WebSite","@id":"https:\/\/www.gadlee.hk\/ja\/#website","url":"https:\/\/www.gadlee.hk\/ja\/","name":"Gadlee","description":"Asia&#039;s leading manufacturer of professional cleaning machines","publisher":{"@id":"https:\/\/www.gadlee.hk\/ja\/#organization"},"potentialAction":[{"@type":"SearchAction","target":{"@type":"EntryPoint","urlTemplate":"https:\/\/www.gadlee.hk\/ja\/?s={search_term_string}"},"query-input":{"@type":"PropertyValueSpecification","valueRequired":true,"valueName":"search_term_string"}}],"inLanguage":"fr-FR"},{"@type":"Organization","@id":"https:\/\/www.gadlee.hk\/ja\/#organization","name":"Gadlee","url":"https:\/\/www.gadlee.hk\/ja\/","logo":{"@type":"ImageObject","inLanguage":"fr-FR","@id":"https:\/\/www.gadlee.hk\/ja\/#\/schema\/logo\/image\/","url":"https:\/\/www.gadlee.hk\/wp-content\/uploads\/2025\/06\/logo.png","contentUrl":"https:\/\/www.gadlee.hk\/wp-content\/uploads\/2025\/06\/logo.png","width":1578,"height":327,"caption":"Gadlee"},"image":{"@id":"https:\/\/www.gadlee.hk\/ja\/#\/schema\/logo\/image\/"}}]}},"_links":{"self":[{"href":"https:\/\/www.gadlee.hk\/fr\/wp-json\/wp\/v2\/product\/4919","targetHints":{"allow":["GET"]}}],"collection":[{"href":"https:\/\/www.gadlee.hk\/fr\/wp-json\/wp\/v2\/product"}],"about":[{"href":"https:\/\/www.gadlee.hk\/fr\/wp-json\/wp\/v2\/types\/product"}],"version-history":[{"count":3,"href":"https:\/\/www.gadlee.hk\/fr\/wp-json\/wp\/v2\/product\/4919\/revisions"}],"predecessor-version":[{"id":5733,"href":"https:\/\/www.gadlee.hk\/fr\/wp-json\/wp\/v2\/product\/4919\/revisions\/5733"}],"wp:featuredmedia":[{"embeddable":true,"href":"https:\/\/www.gadlee.hk\/fr\/wp-json\/wp\/v2\/media\/4920"}],"wp:attachment":[{"href":"https:\/\/www.gadlee.hk\/fr\/wp-json\/wp\/v2\/media?parent=4919"}],"wp:term":[{"taxonomy":"product_brand","embeddable":true,"href":"https:\/\/www.gadlee.hk\/fr\/wp-json\/wp\/v2\/product_brand?post=4919"},{"taxonomy":"product_cat","embeddable":true,"href":"https:\/\/www.gadlee.hk\/fr\/wp-json\/wp\/v2\/product_cat?post=4919"},{"taxonomy":"product_tag","embeddable":true,"href":"https:\/\/www.gadlee.hk\/fr\/wp-json\/wp\/v2\/product_tag?post=4919"}],"curies":[{"name":"wp","href":"https:\/\/api.w.org\/{rel}","templated":true}]}}