{"id":6189,"date":"2026-01-15T08:51:27","date_gmt":"2026-01-15T08:51:27","guid":{"rendered":"https:\/\/www.gadlee.hk\/"},"modified":"2026-01-15T17:40:01","modified_gmt":"2026-01-15T17:40:01","slug":"gt50-autolaveuse-a-conducteur-marchant","status":"publish","type":"product","link":"https:\/\/www.gadlee.hk\/fr\/produit\/gt50-autolaveuse-a-conducteur-marchant\/","title":{"rendered":"GT50 Autolaveuse \u00e0 conducteur marchant"},"content":{"rendered":"<p class=\" translation-block\">Le GT50 combine performance, robustesse, fiabilit\u00e9 et facilit\u00e9 d'utilisation dans une machine compacte et bien con\u00e7ue.\r\nGT50 est la solution id\u00e9ale pour le nettoyage des sols durs commerciaux tels que les supermarch\u00e9s et les a\u00e9roports, ainsi que pour toutes les applications industrielles telles que les ateliers, les entrep\u00f4ts et les centres logistiques.\r\nLa rentabilit\u00e9 est une valeur ajout\u00e9e de ce mod\u00e8le, elle est combin\u00e9e \u00e0 une construction solide : un ch\u00e2ssis en acier robuste et compact, une conception rotative optimis\u00e9e. Tous les composants ont \u00e9t\u00e9 s\u00e9lectionn\u00e9s pour les environnements industriels, et la structure a \u00e9t\u00e9 d\u00e9velopp\u00e9e pour assurer une ergonomie maximale \u00e0 l'op\u00e9rateur.<\/p>\n<p>Caract\u00e9ristiques principales :<\/p>\n<ul>\n<li>Des versions avec batterie et c\u00e2ble sont disponibles sur demande.<\/li>\n<li>\u00c9quip\u00e9e d\u2019un capteur d\u2019eau assurant une protection optimale de la brosse et du syst\u00e8me d\u2019aspiration.<\/li>\n<li>Acc\u00e8s facile aux r\u00e9servoirs et aux batteries pour le nettoyage et la maintenance, sans outil pour acc\u00e9der au plateau de brossage.<\/li>\n<\/ul>","protected":false},"excerpt":{"rendered":"<p>Avez-vous besoin d'aide ?<\/p>","protected":false},"featured_media":2439,"template":"","meta":[],"product_brand":[],"product_cat":[124,130],"product_tag":[],"class_list":{"0":"post-6189","1":"product","2":"type-product","3":"status-publish","4":"has-post-thumbnail","6":"product_cat-scrubber-dryers","7":"product_cat-walk-behind-scrubber-dryer","9":"first","10":"instock","11":"shipping-taxable","12":"product-type-simple"},"yoast_head":"<!-- This site is optimized with the Yoast SEO plugin v26.2 - https:\/\/yoast.com\/wordpress\/plugins\/seo\/ -->\n<title>GT50 Walk-behind Scrubber Dryer<\/title>\n<meta name=\"description\" content=\"Clean commercial and industrial floors with ease using the GT50. Ideal for supermarkets, warehouses, and logistics centers. Efficient, durable, and easy to use!\" \/>\n<meta name=\"robots\" content=\"index, follow, max-snippet:-1, max-image-preview:large, max-video-preview:-1\" \/>\n<link rel=\"canonical\" href=\"https:\/\/www.gadlee.hk\/fr\/produit\/gt50-autolaveuse-a-conducteur-marchant\/\" \/>\n<meta property=\"og:locale\" content=\"fr_FR\" \/>\n<meta property=\"og:type\" content=\"article\" \/>\n<meta property=\"og:title\" content=\"GT50 Walk-behind Scrubber Dryer\" \/>\n<meta property=\"og:description\" content=\"Clean commercial and industrial floors with ease using the GT50. Ideal for supermarkets, warehouses, and logistics centers. Efficient, durable, and easy to use!\" \/>\n<meta property=\"og:url\" content=\"https:\/\/www.gadlee.hk\/fr\/produit\/gt50-autolaveuse-a-conducteur-marchant\/\" \/>\n<meta property=\"og:site_name\" content=\"Gadlee\" \/>\n<meta property=\"article:modified_time\" content=\"2026-01-15T17:40:01+00:00\" \/>\n<meta property=\"og:image\" content=\"https:\/\/www.gadlee.hk\/wp-content\/uploads\/2025\/06\/GT50-1.png\" \/>\n\t<meta property=\"og:image:width\" content=\"1200\" \/>\n\t<meta property=\"og:image:height\" content=\"800\" \/>\n\t<meta property=\"og:image:type\" content=\"image\/png\" \/>\n<meta name=\"twitter:card\" content=\"summary_large_image\" \/>\n<meta name=\"twitter:label1\" content=\"Est. reading time\" \/>\n\t<meta name=\"twitter:data1\" content=\"1 minute\" \/>\n<script type=\"application\/ld+json\" class=\"yoast-schema-graph\">{\"@context\":\"https:\/\/schema.org\",\"@graph\":[{\"@type\":\"WebPage\",\"@id\":\"https:\/\/www.gadlee.hk\/product\/gt50-walk-behind-scrubber-dryer\/\",\"url\":\"https:\/\/www.gadlee.hk\/product\/gt50-walk-behind-scrubber-dryer\/\",\"name\":\"GT50 Walk-behind Scrubber Dryer\",\"isPartOf\":{\"@id\":\"https:\/\/www.gadlee.hk\/ja\/#website\"},\"primaryImageOfPage\":{\"@id\":\"https:\/\/www.gadlee.hk\/product\/gt50-walk-behind-scrubber-dryer\/#primaryimage\"},\"image\":{\"@id\":\"https:\/\/www.gadlee.hk\/product\/gt50-walk-behind-scrubber-dryer\/#primaryimage\"},\"thumbnailUrl\":\"https:\/\/www.gadlee.hk\/wp-content\/uploads\/2025\/06\/GT50-1.png\",\"datePublished\":\"2026-01-15T08:51:27+00:00\",\"dateModified\":\"2026-01-15T17:40:01+00:00\",\"description\":\"Clean commercial and industrial floors with ease using the GT50. Ideal for supermarkets, warehouses, and logistics centers. Efficient, durable, and easy to use!\",\"breadcrumb\":{\"@id\":\"https:\/\/www.gadlee.hk\/product\/gt50-walk-behind-scrubber-dryer\/#breadcrumb\"},\"inLanguage\":\"fr-FR\",\"potentialAction\":[{\"@type\":\"ReadAction\",\"target\":[\"https:\/\/www.gadlee.hk\/product\/gt50-walk-behind-scrubber-dryer\/\"]}]},{\"@type\":\"ImageObject\",\"inLanguage\":\"fr-FR\",\"@id\":\"https:\/\/www.gadlee.hk\/product\/gt50-walk-behind-scrubber-dryer\/#primaryimage\",\"url\":\"https:\/\/www.gadlee.hk\/wp-content\/uploads\/2025\/06\/GT50-1.png\",\"contentUrl\":\"https:\/\/www.gadlee.hk\/wp-content\/uploads\/2025\/06\/GT50-1.png\",\"width\":1200,\"height\":800,\"caption\":\"Scrubber Dryer GT50\"},{\"@type\":\"BreadcrumbList\",\"@id\":\"https:\/\/www.gadlee.hk\/product\/gt50-walk-behind-scrubber-dryer\/#breadcrumb\",\"itemListElement\":[{\"@type\":\"ListItem\",\"position\":1,\"name\":\"Home\",\"item\":\"https:\/\/www.gadlee.hk\/fr\/\"},{\"@type\":\"ListItem\",\"position\":2,\"name\":\"Products\",\"item\":\"https:\/\/www.gadlee.hk\/fr\/boutique\/\"},{\"@type\":\"ListItem\",\"position\":3,\"name\":\"GT50 Walk-Behind Scrubber Dryer\"}]},{\"@type\":\"WebSite\",\"@id\":\"https:\/\/www.gadlee.hk\/ja\/#website\",\"url\":\"https:\/\/www.gadlee.hk\/ja\/\",\"name\":\"Gadlee\",\"description\":\"Asia&#039;s leading manufacturer of professional cleaning machines\",\"publisher\":{\"@id\":\"https:\/\/www.gadlee.hk\/ja\/#organization\"},\"potentialAction\":[{\"@type\":\"SearchAction\",\"target\":{\"@type\":\"EntryPoint\",\"urlTemplate\":\"https:\/\/www.gadlee.hk\/ja\/?s={search_term_string}\"},\"query-input\":{\"@type\":\"PropertyValueSpecification\",\"valueRequired\":true,\"valueName\":\"search_term_string\"}}],\"inLanguage\":\"fr-FR\"},{\"@type\":\"Organization\",\"@id\":\"https:\/\/www.gadlee.hk\/ja\/#organization\",\"name\":\"Gadlee\",\"url\":\"https:\/\/www.gadlee.hk\/ja\/\",\"logo\":{\"@type\":\"ImageObject\",\"inLanguage\":\"fr-FR\",\"@id\":\"https:\/\/www.gadlee.hk\/ja\/#\/schema\/logo\/image\/\",\"url\":\"https:\/\/www.gadlee.hk\/wp-content\/uploads\/2025\/06\/logo.png\",\"contentUrl\":\"https:\/\/www.gadlee.hk\/wp-content\/uploads\/2025\/06\/logo.png\",\"width\":1578,\"height\":327,\"caption\":\"Gadlee\"},\"image\":{\"@id\":\"https:\/\/www.gadlee.hk\/ja\/#\/schema\/logo\/image\/\"}}]}<\/script>\n<!-- \/ Yoast SEO plugin. -->","yoast_head_json":{"title":"GT50 Walk-behind Scrubber Dryer","description":"Clean commercial and industrial floors with ease using the GT50. Ideal for supermarkets, warehouses, and logistics centers. Efficient, durable, and easy to use!","robots":{"index":"index","follow":"follow","max-snippet":"max-snippet:-1","max-image-preview":"max-image-preview:large","max-video-preview":"max-video-preview:-1"},"canonical":"https:\/\/www.gadlee.hk\/fr\/produit\/gt50-autolaveuse-a-conducteur-marchant\/","og_locale":"fr_FR","og_type":"article","og_title":"GT50 Walk-behind Scrubber Dryer","og_description":"Clean commercial and industrial floors with ease using the GT50. Ideal for supermarkets, warehouses, and logistics centers. Efficient, durable, and easy to use!","og_url":"https:\/\/www.gadlee.hk\/fr\/produit\/gt50-autolaveuse-a-conducteur-marchant\/","og_site_name":"Gadlee","article_modified_time":"2026-01-15T17:40:01+00:00","og_image":[{"width":1200,"height":800,"url":"https:\/\/www.gadlee.hk\/wp-content\/uploads\/2025\/06\/GT50-1.png","type":"image\/png"}],"twitter_card":"summary_large_image","twitter_misc":{"Est. reading time":"1 minute"},"schema":{"@context":"https:\/\/schema.org","@graph":[{"@type":"WebPage","@id":"https:\/\/www.gadlee.hk\/product\/gt50-walk-behind-scrubber-dryer\/","url":"https:\/\/www.gadlee.hk\/product\/gt50-walk-behind-scrubber-dryer\/","name":"GT50 Walk-behind Scrubber Dryer","isPartOf":{"@id":"https:\/\/www.gadlee.hk\/ja\/#website"},"primaryImageOfPage":{"@id":"https:\/\/www.gadlee.hk\/product\/gt50-walk-behind-scrubber-dryer\/#primaryimage"},"image":{"@id":"https:\/\/www.gadlee.hk\/product\/gt50-walk-behind-scrubber-dryer\/#primaryimage"},"thumbnailUrl":"https:\/\/www.gadlee.hk\/wp-content\/uploads\/2025\/06\/GT50-1.png","datePublished":"2026-01-15T08:51:27+00:00","dateModified":"2026-01-15T17:40:01+00:00","description":"Clean commercial and industrial floors with ease using the GT50. Ideal for supermarkets, warehouses, and logistics centers. Efficient, durable, and easy to use!","breadcrumb":{"@id":"https:\/\/www.gadlee.hk\/product\/gt50-walk-behind-scrubber-dryer\/#breadcrumb"},"inLanguage":"fr-FR","potentialAction":[{"@type":"ReadAction","target":["https:\/\/www.gadlee.hk\/product\/gt50-walk-behind-scrubber-dryer\/"]}]},{"@type":"ImageObject","inLanguage":"fr-FR","@id":"https:\/\/www.gadlee.hk\/product\/gt50-walk-behind-scrubber-dryer\/#primaryimage","url":"https:\/\/www.gadlee.hk\/wp-content\/uploads\/2025\/06\/GT50-1.png","contentUrl":"https:\/\/www.gadlee.hk\/wp-content\/uploads\/2025\/06\/GT50-1.png","width":1200,"height":800,"caption":"Scrubber Dryer GT50"},{"@type":"BreadcrumbList","@id":"https:\/\/www.gadlee.hk\/product\/gt50-walk-behind-scrubber-dryer\/#breadcrumb","itemListElement":[{"@type":"ListItem","position":1,"name":"Home","item":"https:\/\/www.gadlee.hk\/fr\/"},{"@type":"ListItem","position":2,"name":"Products","item":"https:\/\/www.gadlee.hk\/fr\/boutique\/"},{"@type":"ListItem","position":3,"name":"GT50 Walk-Behind Scrubber Dryer"}]},{"@type":"WebSite","@id":"https:\/\/www.gadlee.hk\/ja\/#website","url":"https:\/\/www.gadlee.hk\/ja\/","name":"Gadlee","description":"Asia&#039;s leading manufacturer of professional cleaning machines","publisher":{"@id":"https:\/\/www.gadlee.hk\/ja\/#organization"},"potentialAction":[{"@type":"SearchAction","target":{"@type":"EntryPoint","urlTemplate":"https:\/\/www.gadlee.hk\/ja\/?s={search_term_string}"},"query-input":{"@type":"PropertyValueSpecification","valueRequired":true,"valueName":"search_term_string"}}],"inLanguage":"fr-FR"},{"@type":"Organization","@id":"https:\/\/www.gadlee.hk\/ja\/#organization","name":"Gadlee","url":"https:\/\/www.gadlee.hk\/ja\/","logo":{"@type":"ImageObject","inLanguage":"fr-FR","@id":"https:\/\/www.gadlee.hk\/ja\/#\/schema\/logo\/image\/","url":"https:\/\/www.gadlee.hk\/wp-content\/uploads\/2025\/06\/logo.png","contentUrl":"https:\/\/www.gadlee.hk\/wp-content\/uploads\/2025\/06\/logo.png","width":1578,"height":327,"caption":"Gadlee"},"image":{"@id":"https:\/\/www.gadlee.hk\/ja\/#\/schema\/logo\/image\/"}}]}},"_links":{"self":[{"href":"https:\/\/www.gadlee.hk\/fr\/wp-json\/wp\/v2\/product\/6189","targetHints":{"allow":["GET"]}}],"collection":[{"href":"https:\/\/www.gadlee.hk\/fr\/wp-json\/wp\/v2\/product"}],"about":[{"href":"https:\/\/www.gadlee.hk\/fr\/wp-json\/wp\/v2\/types\/product"}],"version-history":[{"count":1,"href":"https:\/\/www.gadlee.hk\/fr\/wp-json\/wp\/v2\/product\/6189\/revisions"}],"predecessor-version":[{"id":6190,"href":"https:\/\/www.gadlee.hk\/fr\/wp-json\/wp\/v2\/product\/6189\/revisions\/6190"}],"wp:featuredmedia":[{"embeddable":true,"href":"https:\/\/www.gadlee.hk\/fr\/wp-json\/wp\/v2\/media\/2439"}],"wp:attachment":[{"href":"https:\/\/www.gadlee.hk\/fr\/wp-json\/wp\/v2\/media?parent=6189"}],"wp:term":[{"taxonomy":"product_brand","embeddable":true,"href":"https:\/\/www.gadlee.hk\/fr\/wp-json\/wp\/v2\/product_brand?post=6189"},{"taxonomy":"product_cat","embeddable":true,"href":"https:\/\/www.gadlee.hk\/fr\/wp-json\/wp\/v2\/product_cat?post=6189"},{"taxonomy":"product_tag","embeddable":true,"href":"https:\/\/www.gadlee.hk\/fr\/wp-json\/wp\/v2\/product_tag?post=6189"}],"curies":[{"name":"wp","href":"https:\/\/api.w.org\/{rel}","templated":true}]}}