{"id":6224,"date":"2026-02-14T07:49:22","date_gmt":"2026-02-14T07:49:22","guid":{"rendered":"https:\/\/www.gadlee.hk\/"},"modified":"2026-03-06T13:34:56","modified_gmt":"2026-03-06T13:34:56","slug":"gt50-walk-behind-scrubber-dryer-2","status":"publish","type":"product","link":"https:\/\/www.gadlee.hk\/fr\/produit\/gt50-walk-behind-scrubber-dryer-2\/","title":{"rendered":"GT50+ Autolaveuse \u00e0 conducteur marchant"},"content":{"rendered":"<p class=\" translation-block\"><strong>SIMPLE, FIABLE, \u00c9CONOMIQUE<\/strong><br>\nL\u2019autolaveuse accompagn\u00e9e GT50+ est con\u00e7ue pour am\u00e9liorer la productivit\u00e9 et r\u00e9duire vos co\u00fbts totaux de nettoyage. Les avantages du GT50+ r\u00e9sultent d\u2019une grande facilit\u00e9 d\u2019utilisation et d\u2019un ensemble de fonctionnalit\u00e9s permettant le nettoyage en journ\u00e9e et l\u2019utilisation la plus efficace de l\u2019eau et du d\u00e9tergent.<br>\nLa GT50+ est une autolaveuse simple, fiable et \u00e9conomique, repr\u00e9sentant un choix professionnel pour les entreprises de propret\u00e9, h\u00f4pitaux, \u00e9coles, bureaux, supermarch\u00e9s, commerces, centres sportifs, restaurants, h\u00f4tels et zones de production.<\/p>\n<p>Caract\u00e9ristiques principales :<\/p>\n<ul>\n<li>Utilisation simple gr\u00e2ce au syst\u00e8me ONE-KEY START permettant d\u2019activer toutes les fonctions de lavage.<\/li>\n<li>Syst\u00e8me ECO Mode : autonomie jusqu\u2019\u00e0 5 heures, optimisation de la consommation d\u2019\u00e9nergie et prolongation des cycles de travail.<\/li>\n<li>Syst\u00e8me EASE DOSE (en option) \u00e9vitant le surdosage de produits chimiques \u2013 pr\u00e9serve l\u2019environnement et r\u00e9duit le co\u00fbt global de nettoyage.<\/li>\n<li>Syst\u00e8me de traction puissant. Vitesse variable en marche avant et arri\u00e8re (version BT).<\/li>\n<li>\u00c9quip\u00e9e d\u2019un capteur d\u2019eau assurant une protection optimale de la brosse et du syst\u00e8me d\u2019aspiration.<\/li>\n<li>Acc\u00e8s facile aux r\u00e9servoirs et aux batteries pour le nettoyage et la maintenance, sans outil pour acc\u00e9der au plateau de brossage.<\/li>\n<\/ul>","protected":false},"excerpt":{"rendered":"<p>Avez-vous besoin d'aide ?<\/p>","protected":false},"featured_media":6248,"template":"","meta":[],"product_brand":[],"product_cat":[124,130],"product_tag":[],"class_list":{"0":"post-6224","1":"product","2":"type-product","3":"status-publish","4":"has-post-thumbnail","6":"product_cat-scrubber-dryers","7":"product_cat-walk-behind-scrubber-dryer","9":"first","10":"instock","11":"shipping-taxable","12":"product-type-simple"},"yoast_head":"<!-- This site is optimized with the Yoast SEO plugin v26.2 - https:\/\/yoast.com\/wordpress\/plugins\/seo\/ -->\n<title>GT50+ Walk-Behind Scrubber Dryer - Gadlee<\/title>\n<meta name=\"description\" content=\"Do you need help?\" \/>\n<meta name=\"robots\" content=\"index, follow, max-snippet:-1, max-image-preview:large, max-video-preview:-1\" \/>\n<link rel=\"canonical\" href=\"https:\/\/www.gadlee.hk\/fr\/produit\/gt50-walk-behind-scrubber-dryer-2\/\" \/>\n<meta property=\"og:locale\" content=\"fr_FR\" \/>\n<meta property=\"og:type\" content=\"article\" \/>\n<meta property=\"og:title\" content=\"GT50+ Walk-Behind Scrubber Dryer - Gadlee\" \/>\n<meta property=\"og:description\" content=\"Do you need help?\" \/>\n<meta property=\"og:url\" content=\"https:\/\/www.gadlee.hk\/fr\/produit\/gt50-walk-behind-scrubber-dryer-2\/\" \/>\n<meta property=\"og:site_name\" content=\"Gadlee\" \/>\n<meta property=\"article:modified_time\" content=\"2026-03-06T13:34:56+00:00\" \/>\n<meta property=\"og:image\" content=\"https:\/\/www.gadlee.hk\/wp-content\/uploads\/2026\/02\/GT50-1-1.png\" \/>\n\t<meta property=\"og:image:width\" content=\"1200\" \/>\n\t<meta property=\"og:image:height\" content=\"800\" \/>\n\t<meta property=\"og:image:type\" content=\"image\/png\" \/>\n<meta name=\"twitter:card\" content=\"summary_large_image\" \/>\n<meta name=\"twitter:label1\" content=\"Est. reading time\" \/>\n\t<meta name=\"twitter:data1\" content=\"1 minute\" \/>\n<script type=\"application\/ld+json\" class=\"yoast-schema-graph\">{\"@context\":\"https:\/\/schema.org\",\"@graph\":[{\"@type\":\"WebPage\",\"@id\":\"https:\/\/www.gadlee.hk\/es\/producto\/gt50-walk-behind-scrubber-dryer-2\/\",\"url\":\"https:\/\/www.gadlee.hk\/es\/producto\/gt50-walk-behind-scrubber-dryer-2\/\",\"name\":\"GT50+ Walk-Behind Scrubber Dryer - Gadlee\",\"isPartOf\":{\"@id\":\"https:\/\/www.gadlee.hk\/ja\/#website\"},\"primaryImageOfPage\":{\"@id\":\"https:\/\/www.gadlee.hk\/es\/producto\/gt50-walk-behind-scrubber-dryer-2\/#primaryimage\"},\"image\":{\"@id\":\"https:\/\/www.gadlee.hk\/es\/producto\/gt50-walk-behind-scrubber-dryer-2\/#primaryimage\"},\"thumbnailUrl\":\"https:\/\/www.gadlee.hk\/wp-content\/uploads\/2026\/02\/GT50-1-1.png\",\"datePublished\":\"2026-02-14T07:49:22+00:00\",\"dateModified\":\"2026-03-06T13:34:56+00:00\",\"description\":\"Do you need help?\",\"breadcrumb\":{\"@id\":\"https:\/\/www.gadlee.hk\/es\/producto\/gt50-walk-behind-scrubber-dryer-2\/#breadcrumb\"},\"inLanguage\":\"fr-FR\",\"potentialAction\":[{\"@type\":\"ReadAction\",\"target\":[\"https:\/\/www.gadlee.hk\/es\/producto\/gt50-walk-behind-scrubber-dryer-2\/\"]}]},{\"@type\":\"ImageObject\",\"inLanguage\":\"fr-FR\",\"@id\":\"https:\/\/www.gadlee.hk\/es\/producto\/gt50-walk-behind-scrubber-dryer-2\/#primaryimage\",\"url\":\"https:\/\/www.gadlee.hk\/wp-content\/uploads\/2026\/02\/GT50-1-1.png\",\"contentUrl\":\"https:\/\/www.gadlee.hk\/wp-content\/uploads\/2026\/02\/GT50-1-1.png\",\"width\":1200,\"height\":800},{\"@type\":\"BreadcrumbList\",\"@id\":\"https:\/\/www.gadlee.hk\/es\/producto\/gt50-walk-behind-scrubber-dryer-2\/#breadcrumb\",\"itemListElement\":[{\"@type\":\"ListItem\",\"position\":1,\"name\":\"Home\",\"item\":\"https:\/\/www.gadlee.hk\/fr\/\"},{\"@type\":\"ListItem\",\"position\":2,\"name\":\"Products\",\"item\":\"https:\/\/www.gadlee.hk\/fr\/boutique\/\"},{\"@type\":\"ListItem\",\"position\":3,\"name\":\"GT50+ Walk-Behind Scrubber Dryer\"}]},{\"@type\":\"WebSite\",\"@id\":\"https:\/\/www.gadlee.hk\/ja\/#website\",\"url\":\"https:\/\/www.gadlee.hk\/ja\/\",\"name\":\"Gadlee\",\"description\":\"Asia&#039;s leading manufacturer of professional cleaning machines\",\"publisher\":{\"@id\":\"https:\/\/www.gadlee.hk\/ja\/#organization\"},\"potentialAction\":[{\"@type\":\"SearchAction\",\"target\":{\"@type\":\"EntryPoint\",\"urlTemplate\":\"https:\/\/www.gadlee.hk\/ja\/?s={search_term_string}\"},\"query-input\":{\"@type\":\"PropertyValueSpecification\",\"valueRequired\":true,\"valueName\":\"search_term_string\"}}],\"inLanguage\":\"fr-FR\"},{\"@type\":\"Organization\",\"@id\":\"https:\/\/www.gadlee.hk\/ja\/#organization\",\"name\":\"Gadlee\",\"url\":\"https:\/\/www.gadlee.hk\/ja\/\",\"logo\":{\"@type\":\"ImageObject\",\"inLanguage\":\"fr-FR\",\"@id\":\"https:\/\/www.gadlee.hk\/ja\/#\/schema\/logo\/image\/\",\"url\":\"https:\/\/www.gadlee.hk\/wp-content\/uploads\/2025\/06\/logo.png\",\"contentUrl\":\"https:\/\/www.gadlee.hk\/wp-content\/uploads\/2025\/06\/logo.png\",\"width\":1578,\"height\":327,\"caption\":\"Gadlee\"},\"image\":{\"@id\":\"https:\/\/www.gadlee.hk\/ja\/#\/schema\/logo\/image\/\"}}]}<\/script>\n<!-- \/ Yoast SEO plugin. -->","yoast_head_json":{"title":"GT50+ Walk-Behind Scrubber Dryer - Gadlee","description":"Avez-vous besoin d'aide ?","robots":{"index":"index","follow":"follow","max-snippet":"max-snippet:-1","max-image-preview":"max-image-preview:large","max-video-preview":"max-video-preview:-1"},"canonical":"https:\/\/www.gadlee.hk\/fr\/produit\/gt50-walk-behind-scrubber-dryer-2\/","og_locale":"fr_FR","og_type":"article","og_title":"GT50+ Walk-Behind Scrubber Dryer - Gadlee","og_description":"Do you need help?","og_url":"https:\/\/www.gadlee.hk\/fr\/produit\/gt50-walk-behind-scrubber-dryer-2\/","og_site_name":"Gadlee","article_modified_time":"2026-03-06T13:34:56+00:00","og_image":[{"width":1200,"height":800,"url":"https:\/\/www.gadlee.hk\/wp-content\/uploads\/2026\/02\/GT50-1-1.png","type":"image\/png"}],"twitter_card":"summary_large_image","twitter_misc":{"Est. reading time":"1 minute"},"schema":{"@context":"https:\/\/schema.org","@graph":[{"@type":"WebPage","@id":"https:\/\/www.gadlee.hk\/es\/producto\/gt50-walk-behind-scrubber-dryer-2\/","url":"https:\/\/www.gadlee.hk\/es\/producto\/gt50-walk-behind-scrubber-dryer-2\/","name":"GT50+ Walk-Behind Scrubber Dryer - Gadlee","isPartOf":{"@id":"https:\/\/www.gadlee.hk\/ja\/#website"},"primaryImageOfPage":{"@id":"https:\/\/www.gadlee.hk\/es\/producto\/gt50-walk-behind-scrubber-dryer-2\/#primaryimage"},"image":{"@id":"https:\/\/www.gadlee.hk\/es\/producto\/gt50-walk-behind-scrubber-dryer-2\/#primaryimage"},"thumbnailUrl":"https:\/\/www.gadlee.hk\/wp-content\/uploads\/2026\/02\/GT50-1-1.png","datePublished":"2026-02-14T07:49:22+00:00","dateModified":"2026-03-06T13:34:56+00:00","description":"Avez-vous besoin d'aide ?","breadcrumb":{"@id":"https:\/\/www.gadlee.hk\/es\/producto\/gt50-walk-behind-scrubber-dryer-2\/#breadcrumb"},"inLanguage":"fr-FR","potentialAction":[{"@type":"ReadAction","target":["https:\/\/www.gadlee.hk\/es\/producto\/gt50-walk-behind-scrubber-dryer-2\/"]}]},{"@type":"ImageObject","inLanguage":"fr-FR","@id":"https:\/\/www.gadlee.hk\/es\/producto\/gt50-walk-behind-scrubber-dryer-2\/#primaryimage","url":"https:\/\/www.gadlee.hk\/wp-content\/uploads\/2026\/02\/GT50-1-1.png","contentUrl":"https:\/\/www.gadlee.hk\/wp-content\/uploads\/2026\/02\/GT50-1-1.png","width":1200,"height":800},{"@type":"BreadcrumbList","@id":"https:\/\/www.gadlee.hk\/es\/producto\/gt50-walk-behind-scrubber-dryer-2\/#breadcrumb","itemListElement":[{"@type":"ListItem","position":1,"name":"Home","item":"https:\/\/www.gadlee.hk\/fr\/"},{"@type":"ListItem","position":2,"name":"Products","item":"https:\/\/www.gadlee.hk\/fr\/boutique\/"},{"@type":"ListItem","position":3,"name":"GT50+ Walk-Behind Scrubber Dryer"}]},{"@type":"WebSite","@id":"https:\/\/www.gadlee.hk\/ja\/#website","url":"https:\/\/www.gadlee.hk\/ja\/","name":"Gadlee","description":"Asia&#039;s leading manufacturer of professional cleaning machines","publisher":{"@id":"https:\/\/www.gadlee.hk\/ja\/#organization"},"potentialAction":[{"@type":"SearchAction","target":{"@type":"EntryPoint","urlTemplate":"https:\/\/www.gadlee.hk\/ja\/?s={search_term_string}"},"query-input":{"@type":"PropertyValueSpecification","valueRequired":true,"valueName":"search_term_string"}}],"inLanguage":"fr-FR"},{"@type":"Organization","@id":"https:\/\/www.gadlee.hk\/ja\/#organization","name":"Gadlee","url":"https:\/\/www.gadlee.hk\/ja\/","logo":{"@type":"ImageObject","inLanguage":"fr-FR","@id":"https:\/\/www.gadlee.hk\/ja\/#\/schema\/logo\/image\/","url":"https:\/\/www.gadlee.hk\/wp-content\/uploads\/2025\/06\/logo.png","contentUrl":"https:\/\/www.gadlee.hk\/wp-content\/uploads\/2025\/06\/logo.png","width":1578,"height":327,"caption":"Gadlee"},"image":{"@id":"https:\/\/www.gadlee.hk\/ja\/#\/schema\/logo\/image\/"}}]}},"_links":{"self":[{"href":"https:\/\/www.gadlee.hk\/fr\/wp-json\/wp\/v2\/product\/6224","targetHints":{"allow":["GET"]}}],"collection":[{"href":"https:\/\/www.gadlee.hk\/fr\/wp-json\/wp\/v2\/product"}],"about":[{"href":"https:\/\/www.gadlee.hk\/fr\/wp-json\/wp\/v2\/types\/product"}],"version-history":[{"count":3,"href":"https:\/\/www.gadlee.hk\/fr\/wp-json\/wp\/v2\/product\/6224\/revisions"}],"predecessor-version":[{"id":6236,"href":"https:\/\/www.gadlee.hk\/fr\/wp-json\/wp\/v2\/product\/6224\/revisions\/6236"}],"wp:featuredmedia":[{"embeddable":true,"href":"https:\/\/www.gadlee.hk\/fr\/wp-json\/wp\/v2\/media\/6248"}],"wp:attachment":[{"href":"https:\/\/www.gadlee.hk\/fr\/wp-json\/wp\/v2\/media?parent=6224"}],"wp:term":[{"taxonomy":"product_brand","embeddable":true,"href":"https:\/\/www.gadlee.hk\/fr\/wp-json\/wp\/v2\/product_brand?post=6224"},{"taxonomy":"product_cat","embeddable":true,"href":"https:\/\/www.gadlee.hk\/fr\/wp-json\/wp\/v2\/product_cat?post=6224"},{"taxonomy":"product_tag","embeddable":true,"href":"https:\/\/www.gadlee.hk\/fr\/wp-json\/wp\/v2\/product_tag?post=6224"}],"curies":[{"name":"wp","href":"https:\/\/api.w.org\/{rel}","templated":true}]}}